{"id":131,"date":"2016-12-05T22:43:05","date_gmt":"2016-12-05T21:43:05","guid":{"rendered":"http:\/\/www.imperiumsuite.it\/home\/"},"modified":"2026-04-03T12:22:43","modified_gmt":"2026-04-03T10:22:43","slug":"home","status":"publish","type":"page","link":"https:\/\/www.imperiumsuite.it\/de\/","title":{"rendered":"Imperium Suite"},"content":{"rendered":"<p>Willkommen im Imperium Suite Trevi und Imperium Suite Navona, wo Luxus und Komfort im Herzen Roms aufeinandertreffen. Unsere eleganten Zimmer, in der N\u00e4he der bekanntesten Sehensw\u00fcrdigkeiten gelegen, bieten einen stilvollen und unabh\u00e4ngigen Aufenthalt und vereinen Privatsph\u00e4re, Eleganz und die perfekte Lage f\u00fcr Ihr Rom-Erlebnis.<\/p>\n","protected":false},"excerpt":{"rendered":"<p>Entdecken Sie Rom durch seine \u00e4ltesten Stra\u00dfen. Lassen Sie sich jeden Morgen \u00fcberraschen.<\/p>\n","protected":false},"author":2,"featured_media":33,"parent":0,"menu_order":0,"comment_status":"closed","ping_status":"closed","template":"templates\/tpl-front-page.php","meta":{"footnotes":""},"class_list":["post-131","page","type-page","status-publish","has-post-thumbnail","hentry"],"yoast_head":"<!-- This site is optimized with the Yoast SEO plugin v27.2 - https:\/\/yoast.com\/product\/yoast-seo-wordpress\/ -->\n<title>Imperium Suite - Imperium Suite Navona<\/title>\n<meta name=\"robots\" content=\"index, follow, max-snippet:-1, max-image-preview:large, max-video-preview:-1\" \/>\n<link rel=\"canonical\" href=\"https:\/\/www.imperiumsuite.it\/de\/\" \/>\n<meta property=\"og:locale\" content=\"de_DE\" \/>\n<meta property=\"og:type\" content=\"article\" \/>\n<meta property=\"og:title\" content=\"Imperium Suite - Imperium Suite Navona\" \/>\n<meta property=\"og:description\" content=\"Entdecken Sie Rom durch seine \u00e4ltesten Stra\u00dfen. Lassen Sie sich jeden Morgen \u00fcberraschen.\" \/>\n<meta property=\"og:url\" content=\"https:\/\/www.imperiumsuite.it\/de\/\" \/>\n<meta property=\"og:site_name\" content=\"Imperium Suite Navona\" \/>\n<meta property=\"article:modified_time\" content=\"2026-04-03T10:22:43+00:00\" \/>\n<meta property=\"og:image\" content=\"https:\/\/www.imperiumsuite.it\/wp-content\/uploads\/2016\/12\/imperium-suite-navona.jpg\" \/>\n\t<meta property=\"og:image:width\" content=\"1500\" \/>\n\t<meta property=\"og:image:height\" content=\"1015\" \/>\n\t<meta property=\"og:image:type\" content=\"image\/jpeg\" \/>\n<meta name=\"twitter:card\" content=\"summary_large_image\" \/>\n<meta name=\"twitter:label1\" content=\"Est. reading time\" \/>\n\t<meta name=\"twitter:data1\" content=\"1 minute\" \/>\n<script type=\"application\/ld+json\" class=\"yoast-schema-graph\">{\"@context\":\"https:\/\/schema.org\",\"@graph\":[{\"@type\":\"WebPage\",\"@id\":\"https:\/\/www.imperiumsuite.it\/de\/\",\"url\":\"https:\/\/www.imperiumsuite.it\/de\/\",\"name\":\"Imperium Suite - Imperium Suite Navona\",\"isPartOf\":{\"@id\":\"https:\/\/www.imperiumsuite.it\/#website\"},\"primaryImageOfPage\":{\"@id\":\"https:\/\/www.imperiumsuite.it\/de\/#primaryimage\"},\"image\":{\"@id\":\"https:\/\/www.imperiumsuite.it\/de\/#primaryimage\"},\"thumbnailUrl\":\"https:\/\/www.imperiumsuite.it\/wp-content\/uploads\/2016\/12\/imperium-suite-navona.jpg\",\"datePublished\":\"2016-12-05T21:43:05+00:00\",\"dateModified\":\"2026-04-03T10:22:43+00:00\",\"breadcrumb\":{\"@id\":\"https:\/\/www.imperiumsuite.it\/de\/#breadcrumb\"},\"inLanguage\":\"de-DE\",\"potentialAction\":[{\"@type\":\"ReadAction\",\"target\":[\"https:\/\/www.imperiumsuite.it\/de\/\"]}]},{\"@type\":\"ImageObject\",\"inLanguage\":\"de-DE\",\"@id\":\"https:\/\/www.imperiumsuite.it\/de\/#primaryimage\",\"url\":\"https:\/\/www.imperiumsuite.it\/wp-content\/uploads\/2016\/12\/imperium-suite-navona.jpg\",\"contentUrl\":\"https:\/\/www.imperiumsuite.it\/wp-content\/uploads\/2016\/12\/imperium-suite-navona.jpg\",\"width\":1500,\"height\":1015,\"caption\":\"imperium-suite-navona\"},{\"@type\":\"BreadcrumbList\",\"@id\":\"https:\/\/www.imperiumsuite.it\/de\/#breadcrumb\",\"itemListElement\":[{\"@type\":\"ListItem\",\"position\":1,\"name\":\"Home\",\"item\":\"https:\/\/www.imperiumsuite.it\/de\/\"},{\"@type\":\"ListItem\",\"position\":2,\"name\":\"Imperium Suite\"}]},{\"@type\":\"WebSite\",\"@id\":\"https:\/\/www.imperiumsuite.it\/#website\",\"url\":\"https:\/\/www.imperiumsuite.it\/\",\"name\":\"Imperium Suite Navona\",\"description\":\"Elegant townhouse in the Rome centre\",\"potentialAction\":[{\"@type\":\"SearchAction\",\"target\":{\"@type\":\"EntryPoint\",\"urlTemplate\":\"https:\/\/www.imperiumsuite.it\/?s={search_term_string}\"},\"query-input\":{\"@type\":\"PropertyValueSpecification\",\"valueRequired\":true,\"valueName\":\"search_term_string\"}}],\"inLanguage\":\"de-DE\"}]}<\/script>\n<!-- \/ Yoast SEO plugin. -->","yoast_head_json":{"title":"Imperium Suite - Imperium Suite Navona","robots":{"index":"index","follow":"follow","max-snippet":"max-snippet:-1","max-image-preview":"max-image-preview:large","max-video-preview":"max-video-preview:-1"},"canonical":"https:\/\/www.imperiumsuite.it\/de\/","og_locale":"de_DE","og_type":"article","og_title":"Imperium Suite - Imperium Suite Navona","og_description":"Entdecken Sie Rom durch seine \u00e4ltesten Stra\u00dfen. Lassen Sie sich jeden Morgen \u00fcberraschen.","og_url":"https:\/\/www.imperiumsuite.it\/de\/","og_site_name":"Imperium Suite Navona","article_modified_time":"2026-04-03T10:22:43+00:00","og_image":[{"width":1500,"height":1015,"url":"https:\/\/www.imperiumsuite.it\/wp-content\/uploads\/2016\/12\/imperium-suite-navona.jpg","type":"image\/jpeg"}],"twitter_card":"summary_large_image","twitter_misc":{"Est. reading time":"1 minute"},"schema":{"@context":"https:\/\/schema.org","@graph":[{"@type":"WebPage","@id":"https:\/\/www.imperiumsuite.it\/de\/","url":"https:\/\/www.imperiumsuite.it\/de\/","name":"Imperium Suite - Imperium Suite Navona","isPartOf":{"@id":"https:\/\/www.imperiumsuite.it\/#website"},"primaryImageOfPage":{"@id":"https:\/\/www.imperiumsuite.it\/de\/#primaryimage"},"image":{"@id":"https:\/\/www.imperiumsuite.it\/de\/#primaryimage"},"thumbnailUrl":"https:\/\/www.imperiumsuite.it\/wp-content\/uploads\/2016\/12\/imperium-suite-navona.jpg","datePublished":"2016-12-05T21:43:05+00:00","dateModified":"2026-04-03T10:22:43+00:00","breadcrumb":{"@id":"https:\/\/www.imperiumsuite.it\/de\/#breadcrumb"},"inLanguage":"de-DE","potentialAction":[{"@type":"ReadAction","target":["https:\/\/www.imperiumsuite.it\/de\/"]}]},{"@type":"ImageObject","inLanguage":"de-DE","@id":"https:\/\/www.imperiumsuite.it\/de\/#primaryimage","url":"https:\/\/www.imperiumsuite.it\/wp-content\/uploads\/2016\/12\/imperium-suite-navona.jpg","contentUrl":"https:\/\/www.imperiumsuite.it\/wp-content\/uploads\/2016\/12\/imperium-suite-navona.jpg","width":1500,"height":1015,"caption":"imperium-suite-navona"},{"@type":"BreadcrumbList","@id":"https:\/\/www.imperiumsuite.it\/de\/#breadcrumb","itemListElement":[{"@type":"ListItem","position":1,"name":"Home","item":"https:\/\/www.imperiumsuite.it\/de\/"},{"@type":"ListItem","position":2,"name":"Imperium Suite"}]},{"@type":"WebSite","@id":"https:\/\/www.imperiumsuite.it\/#website","url":"https:\/\/www.imperiumsuite.it\/","name":"Imperium Suite Navona","description":"Elegant townhouse in the Rome centre","potentialAction":[{"@type":"SearchAction","target":{"@type":"EntryPoint","urlTemplate":"https:\/\/www.imperiumsuite.it\/?s={search_term_string}"},"query-input":{"@type":"PropertyValueSpecification","valueRequired":true,"valueName":"search_term_string"}}],"inLanguage":"de-DE"}]}},"_links":{"self":[{"href":"https:\/\/www.imperiumsuite.it\/de\/wp-json\/wp\/v2\/pages\/131","targetHints":{"allow":["GET"]}}],"collection":[{"href":"https:\/\/www.imperiumsuite.it\/de\/wp-json\/wp\/v2\/pages"}],"about":[{"href":"https:\/\/www.imperiumsuite.it\/de\/wp-json\/wp\/v2\/types\/page"}],"author":[{"embeddable":true,"href":"https:\/\/www.imperiumsuite.it\/de\/wp-json\/wp\/v2\/users\/2"}],"replies":[{"embeddable":true,"href":"https:\/\/www.imperiumsuite.it\/de\/wp-json\/wp\/v2\/comments?post=131"}],"version-history":[{"count":0,"href":"https:\/\/www.imperiumsuite.it\/de\/wp-json\/wp\/v2\/pages\/131\/revisions"}],"wp:featuredmedia":[{"embeddable":true,"href":"https:\/\/www.imperiumsuite.it\/de\/wp-json\/wp\/v2\/media\/33"}],"wp:attachment":[{"href":"https:\/\/www.imperiumsuite.it\/de\/wp-json\/wp\/v2\/media?parent=131"}],"curies":[{"name":"wp","href":"https:\/\/api.w.org\/{rel}","templated":true}]}}