{"id":135,"date":"2017-01-17T18:25:37","date_gmt":"2017-01-17T17:25:37","guid":{"rendered":"http:\/\/www.imperiumsuite.it\/hotel\/"},"modified":"2025-09-13T11:48:30","modified_gmt":"2025-09-13T09:48:30","slug":"bed-and-breakfast","status":"publish","type":"page","link":"https:\/\/www.imperiumsuite.it\/de\/bed-and-breakfast\/","title":{"rendered":"Unsere Zimmer"},"content":{"rendered":"<p><span style=\"font-size: 24px;\">Imperium Suite: Eleganz und Komfort f\u00fcr deinen Aufenthalt in Rom.<\/span><\/p>\n<p>mperium Suite ist seit 2008 eine feste Gr\u00f6\u00dfe in der Gastfreundschaft im historischen Zentrum von Rom. Es ist der perfekte Ort f\u00fcr alle, die die Stadt in vollen Z\u00fcgen erleben, ihre Monumente entdecken, durch die historischen Stra\u00dfen schlendern und einen angenehmen und erholsamen Aufenthalt genie\u00dfen m\u00f6chten.<\/p>\n<p>Imperium Suite w\u00e4chst st\u00e4ndig und setzt sich kontinuierlich daf\u00fcr ein, den h\u00f6chsten Komfort f\u00fcr unsere G\u00e4ste zu gew\u00e4hrleisten. Mit jahrelanger Erfahrung in der Hotellerie bieten wir einen aufmerksamen, professionellen und pers\u00f6nlichen Service. Jedes Detail wird mit Sorgfalt behandelt, um einen hochwertigen Aufenthalt in einer eleganten und einladenden Umgebung zu garantieren.<\/p>\n","protected":false},"excerpt":{"rendered":"<p>Nove camere e un appartamento sono gli spazi che l&#8217;Imperium Suite Navona mette a disposizione degli ospiti per un soggiorno nel centro storico di Roma<\/p>\n","protected":false},"author":2,"featured_media":0,"parent":0,"menu_order":0,"comment_status":"closed","ping_status":"closed","template":"","meta":{"footnotes":""},"class_list":["post-135","page","type-page","status-publish","hentry"],"yoast_head":"<!-- This site is optimized with the Yoast SEO plugin v27.2 - https:\/\/yoast.com\/product\/yoast-seo-wordpress\/ -->\n<title>Unsere Zimmer - Imperium Suite Navona<\/title>\n<meta name=\"robots\" content=\"index, follow, max-snippet:-1, max-image-preview:large, max-video-preview:-1\" \/>\n<link rel=\"canonical\" href=\"https:\/\/www.imperiumsuite.it\/de\/bed-and-breakfast\/\" \/>\n<meta property=\"og:locale\" content=\"de_DE\" \/>\n<meta property=\"og:type\" content=\"article\" \/>\n<meta property=\"og:title\" content=\"Unsere Zimmer - Imperium Suite Navona\" \/>\n<meta property=\"og:description\" content=\"Nove camere e un appartamento sono gli spazi che l&#039;Imperium Suite Navona mette a disposizione degli ospiti per un soggiorno nel centro storico di Roma\" \/>\n<meta property=\"og:url\" content=\"https:\/\/www.imperiumsuite.it\/de\/bed-and-breakfast\/\" \/>\n<meta property=\"og:site_name\" content=\"Imperium Suite Navona\" \/>\n<meta property=\"article:modified_time\" content=\"2025-09-13T09:48:30+00:00\" \/>\n<meta name=\"twitter:card\" content=\"summary_large_image\" \/>\n<meta name=\"twitter:label1\" content=\"Est. reading time\" \/>\n\t<meta name=\"twitter:data1\" content=\"1 minute\" \/>\n<script type=\"application\/ld+json\" class=\"yoast-schema-graph\">{\"@context\":\"https:\/\/schema.org\",\"@graph\":[{\"@type\":\"WebPage\",\"@id\":\"https:\/\/www.imperiumsuite.it\/de\/bed-and-breakfast\/\",\"url\":\"https:\/\/www.imperiumsuite.it\/de\/bed-and-breakfast\/\",\"name\":\"Unsere Zimmer - Imperium Suite Navona\",\"isPartOf\":{\"@id\":\"https:\/\/www.imperiumsuite.it\/#website\"},\"datePublished\":\"2017-01-17T17:25:37+00:00\",\"dateModified\":\"2025-09-13T09:48:30+00:00\",\"breadcrumb\":{\"@id\":\"https:\/\/www.imperiumsuite.it\/de\/bed-and-breakfast\/#breadcrumb\"},\"inLanguage\":\"de-DE\",\"potentialAction\":[{\"@type\":\"ReadAction\",\"target\":[\"https:\/\/www.imperiumsuite.it\/de\/bed-and-breakfast\/\"]}]},{\"@type\":\"BreadcrumbList\",\"@id\":\"https:\/\/www.imperiumsuite.it\/de\/bed-and-breakfast\/#breadcrumb\",\"itemListElement\":[{\"@type\":\"ListItem\",\"position\":1,\"name\":\"Home\",\"item\":\"https:\/\/www.imperiumsuite.it\/de\/\"},{\"@type\":\"ListItem\",\"position\":2,\"name\":\"Unsere Zimmer\"}]},{\"@type\":\"WebSite\",\"@id\":\"https:\/\/www.imperiumsuite.it\/#website\",\"url\":\"https:\/\/www.imperiumsuite.it\/\",\"name\":\"Imperium Suite Navona\",\"description\":\"Elegant townhouse in the Rome centre\",\"potentialAction\":[{\"@type\":\"SearchAction\",\"target\":{\"@type\":\"EntryPoint\",\"urlTemplate\":\"https:\/\/www.imperiumsuite.it\/?s={search_term_string}\"},\"query-input\":{\"@type\":\"PropertyValueSpecification\",\"valueRequired\":true,\"valueName\":\"search_term_string\"}}],\"inLanguage\":\"de-DE\"}]}<\/script>\n<!-- \/ Yoast SEO plugin. -->","yoast_head_json":{"title":"Unsere Zimmer - Imperium Suite Navona","robots":{"index":"index","follow":"follow","max-snippet":"max-snippet:-1","max-image-preview":"max-image-preview:large","max-video-preview":"max-video-preview:-1"},"canonical":"https:\/\/www.imperiumsuite.it\/de\/bed-and-breakfast\/","og_locale":"de_DE","og_type":"article","og_title":"Unsere Zimmer - Imperium Suite Navona","og_description":"Nove camere e un appartamento sono gli spazi che l'Imperium Suite Navona mette a disposizione degli ospiti per un soggiorno nel centro storico di Roma","og_url":"https:\/\/www.imperiumsuite.it\/de\/bed-and-breakfast\/","og_site_name":"Imperium Suite Navona","article_modified_time":"2025-09-13T09:48:30+00:00","twitter_card":"summary_large_image","twitter_misc":{"Est. reading time":"1 minute"},"schema":{"@context":"https:\/\/schema.org","@graph":[{"@type":"WebPage","@id":"https:\/\/www.imperiumsuite.it\/de\/bed-and-breakfast\/","url":"https:\/\/www.imperiumsuite.it\/de\/bed-and-breakfast\/","name":"Unsere Zimmer - Imperium Suite Navona","isPartOf":{"@id":"https:\/\/www.imperiumsuite.it\/#website"},"datePublished":"2017-01-17T17:25:37+00:00","dateModified":"2025-09-13T09:48:30+00:00","breadcrumb":{"@id":"https:\/\/www.imperiumsuite.it\/de\/bed-and-breakfast\/#breadcrumb"},"inLanguage":"de-DE","potentialAction":[{"@type":"ReadAction","target":["https:\/\/www.imperiumsuite.it\/de\/bed-and-breakfast\/"]}]},{"@type":"BreadcrumbList","@id":"https:\/\/www.imperiumsuite.it\/de\/bed-and-breakfast\/#breadcrumb","itemListElement":[{"@type":"ListItem","position":1,"name":"Home","item":"https:\/\/www.imperiumsuite.it\/de\/"},{"@type":"ListItem","position":2,"name":"Unsere Zimmer"}]},{"@type":"WebSite","@id":"https:\/\/www.imperiumsuite.it\/#website","url":"https:\/\/www.imperiumsuite.it\/","name":"Imperium Suite Navona","description":"Elegant townhouse in the Rome centre","potentialAction":[{"@type":"SearchAction","target":{"@type":"EntryPoint","urlTemplate":"https:\/\/www.imperiumsuite.it\/?s={search_term_string}"},"query-input":{"@type":"PropertyValueSpecification","valueRequired":true,"valueName":"search_term_string"}}],"inLanguage":"de-DE"}]}},"_links":{"self":[{"href":"https:\/\/www.imperiumsuite.it\/de\/wp-json\/wp\/v2\/pages\/135","targetHints":{"allow":["GET"]}}],"collection":[{"href":"https:\/\/www.imperiumsuite.it\/de\/wp-json\/wp\/v2\/pages"}],"about":[{"href":"https:\/\/www.imperiumsuite.it\/de\/wp-json\/wp\/v2\/types\/page"}],"author":[{"embeddable":true,"href":"https:\/\/www.imperiumsuite.it\/de\/wp-json\/wp\/v2\/users\/2"}],"replies":[{"embeddable":true,"href":"https:\/\/www.imperiumsuite.it\/de\/wp-json\/wp\/v2\/comments?post=135"}],"version-history":[{"count":0,"href":"https:\/\/www.imperiumsuite.it\/de\/wp-json\/wp\/v2\/pages\/135\/revisions"}],"wp:attachment":[{"href":"https:\/\/www.imperiumsuite.it\/de\/wp-json\/wp\/v2\/media?parent=135"}],"curies":[{"name":"wp","href":"https:\/\/api.w.org\/{rel}","templated":true}]}}