{"id":156,"date":"2017-01-23T12:38:05","date_gmt":"2017-01-23T11:38:05","guid":{"rendered":"http:\/\/www.imperiumsuite.it\/?page_id=156\/"},"modified":"2017-01-23T12:44:44","modified_gmt":"2017-01-23T11:44:44","slug":"156-2","status":"publish","type":"page","link":"https:\/\/www.imperiumsuite.it\/de\/bed-and-breakfast\/156-2\/","title":{"rendered":"Lage"},"content":{"rendered":"<p>Imperium Suite Navona, elegante Stadthaus im historischen Zentrum von Rom, vereint Komfort, typisch f\u00fcr die B &amp; B, die Atmosph\u00e4re eines repr\u00e4sentativen Standort, aber zugleich gem\u00fctlich und angenehm. Das Geb\u00e4ude, das aus dem sp\u00e4ten neunzehnten Jahrhundert, eine kleine Fu\u00dfg\u00e4ngergasse mit Blick auf und genie\u00dft eine sehr ruhige Lage, w\u00e4hrend im Herzen von Rom, und dann von den wichtigsten Monumenten und Sehensw\u00fcrdigkeiten der Stadt umgeben.<\/p>\n<p>Imperium Suite Navona, insbesondere ist sehr nah an der ber\u00fchmten Bear Street, ist aber auch nur ein paar Minuten zu Fu\u00df vom Campo de &#8216;Fiori, dem Vatikan, Engelsburg und Piazza di Spagna. Es wird 200 Meter von einem der wichtigsten und charakteristischen Sehensw\u00fcrdigkeiten der Hauptstadt, Piazza Navona, sein, die seinen Namen: das Stadthaus eine ideale Wahl f\u00fcr diejenigen, die ein paar Tage in Rom verbringen m\u00f6chten und entdecken Sie die Wunder der Ewigen Stadt, tauchen in seiner einzigartigen Atmosph\u00e4re, einkaufen gehen, die wichtigsten Museen besuchen und einen Anschlag in den bekanntesten Restaurants der Stadt zu machen.<\/p>\n<p>Der gro\u00dfe Gastfreundschaft, die typisch f\u00fcr die italienische Tradition, es bietet auch die Imperium Suite Navona, die wirklich der Ort ist eine perfekte und unvergesslichen Aufenthalt in Rom zu genie\u00dfen.<\/p>\n","protected":false},"excerpt":{"rendered":"<p>Imperium Suite Navona, elegante Stadthaus im historischen Zentrum von Rom, kombiniert den typischen Komfort des B &#038; B, die Atmosph\u00e4re eines repr\u00e4sentativen Standort<\/p>\n","protected":false},"author":3,"featured_media":119,"parent":135,"menu_order":0,"comment_status":"closed","ping_status":"closed","template":"","meta":{"footnotes":""},"class_list":["post-156","page","type-page","status-publish","has-post-thumbnail","hentry"],"yoast_head":"<!-- This site is optimized with the Yoast SEO plugin v27.4 - https:\/\/yoast.com\/product\/yoast-seo-wordpress\/ -->\n<title>Lage - Imperium Suite Navona<\/title>\n<meta name=\"robots\" content=\"index, follow, max-snippet:-1, max-image-preview:large, max-video-preview:-1\" \/>\n<link rel=\"canonical\" href=\"https:\/\/www.imperiumsuite.it\/de\/bed-and-breakfast\/156-2\/\" \/>\n<meta property=\"og:locale\" content=\"de_DE\" \/>\n<meta property=\"og:type\" content=\"article\" \/>\n<meta property=\"og:title\" content=\"Lage - Imperium Suite Navona\" \/>\n<meta property=\"og:description\" content=\"Imperium Suite Navona, elegante Stadthaus im historischen Zentrum von Rom, kombiniert den typischen Komfort des B &amp; B, die Atmosph\u00e4re eines repr\u00e4sentativen Standort\" \/>\n<meta property=\"og:url\" content=\"https:\/\/www.imperiumsuite.it\/de\/bed-and-breakfast\/156-2\/\" \/>\n<meta property=\"og:site_name\" content=\"Imperium Suite Navona\" \/>\n<meta property=\"article:modified_time\" content=\"2017-01-23T11:44:44+00:00\" \/>\n<meta property=\"og:image\" content=\"https:\/\/www.imperiumsuite.it\/wp-content\/uploads\/2016\/12\/IMG_0371_light.jpg\" \/>\n\t<meta property=\"og:image:width\" content=\"1920\" \/>\n\t<meta property=\"og:image:height\" content=\"1280\" \/>\n\t<meta property=\"og:image:type\" content=\"image\/jpeg\" \/>\n<meta name=\"twitter:card\" content=\"summary_large_image\" \/>\n<meta name=\"twitter:label1\" content=\"Est. reading time\" \/>\n\t<meta name=\"twitter:data1\" content=\"1 minute\" \/>\n<script type=\"application\/ld+json\" class=\"yoast-schema-graph\">{\"@context\":\"https:\\\/\\\/schema.org\",\"@graph\":[{\"@type\":\"WebPage\",\"@id\":\"https:\\\/\\\/www.imperiumsuite.it\\\/de\\\/bed-and-breakfast\\\/156-2\\\/\",\"url\":\"https:\\\/\\\/www.imperiumsuite.it\\\/de\\\/bed-and-breakfast\\\/156-2\\\/\",\"name\":\"Lage - Imperium Suite Navona\",\"isPartOf\":{\"@id\":\"https:\\\/\\\/www.imperiumsuite.it\\\/#website\"},\"primaryImageOfPage\":{\"@id\":\"https:\\\/\\\/www.imperiumsuite.it\\\/de\\\/bed-and-breakfast\\\/156-2\\\/#primaryimage\"},\"image\":{\"@id\":\"https:\\\/\\\/www.imperiumsuite.it\\\/de\\\/bed-and-breakfast\\\/156-2\\\/#primaryimage\"},\"thumbnailUrl\":\"https:\\\/\\\/www.imperiumsuite.it\\\/wp-content\\\/uploads\\\/2016\\\/12\\\/IMG_0371_light.jpg\",\"datePublished\":\"2017-01-23T11:38:05+00:00\",\"dateModified\":\"2017-01-23T11:44:44+00:00\",\"breadcrumb\":{\"@id\":\"https:\\\/\\\/www.imperiumsuite.it\\\/de\\\/bed-and-breakfast\\\/156-2\\\/#breadcrumb\"},\"inLanguage\":\"de-DE\",\"potentialAction\":[{\"@type\":\"ReadAction\",\"target\":[\"https:\\\/\\\/www.imperiumsuite.it\\\/de\\\/bed-and-breakfast\\\/156-2\\\/\"]}]},{\"@type\":\"ImageObject\",\"inLanguage\":\"de-DE\",\"@id\":\"https:\\\/\\\/www.imperiumsuite.it\\\/de\\\/bed-and-breakfast\\\/156-2\\\/#primaryimage\",\"url\":\"https:\\\/\\\/www.imperiumsuite.it\\\/wp-content\\\/uploads\\\/2016\\\/12\\\/IMG_0371_light.jpg\",\"contentUrl\":\"https:\\\/\\\/www.imperiumsuite.it\\\/wp-content\\\/uploads\\\/2016\\\/12\\\/IMG_0371_light.jpg\",\"width\":1920,\"height\":1280},{\"@type\":\"BreadcrumbList\",\"@id\":\"https:\\\/\\\/www.imperiumsuite.it\\\/de\\\/bed-and-breakfast\\\/156-2\\\/#breadcrumb\",\"itemListElement\":[{\"@type\":\"ListItem\",\"position\":1,\"name\":\"Home\",\"item\":\"https:\\\/\\\/www.imperiumsuite.it\\\/de\\\/\"},{\"@type\":\"ListItem\",\"position\":2,\"name\":\"Unsere Zimmer\",\"item\":\"https:\\\/\\\/www.imperiumsuite.it\\\/de\\\/bed-and-breakfast\\\/\"},{\"@type\":\"ListItem\",\"position\":3,\"name\":\"Lage\"}]},{\"@type\":\"WebSite\",\"@id\":\"https:\\\/\\\/www.imperiumsuite.it\\\/#website\",\"url\":\"https:\\\/\\\/www.imperiumsuite.it\\\/\",\"name\":\"Imperium Suite Navona\",\"description\":\"Elegant townhouse in the Rome centre\",\"potentialAction\":[{\"@type\":\"SearchAction\",\"target\":{\"@type\":\"EntryPoint\",\"urlTemplate\":\"https:\\\/\\\/www.imperiumsuite.it\\\/?s={search_term_string}\"},\"query-input\":{\"@type\":\"PropertyValueSpecification\",\"valueRequired\":true,\"valueName\":\"search_term_string\"}}],\"inLanguage\":\"de-DE\"}]}<\/script>\n<!-- \/ Yoast SEO plugin. -->","yoast_head_json":{"title":"Lage - Imperium Suite Navona","robots":{"index":"index","follow":"follow","max-snippet":"max-snippet:-1","max-image-preview":"max-image-preview:large","max-video-preview":"max-video-preview:-1"},"canonical":"https:\/\/www.imperiumsuite.it\/de\/bed-and-breakfast\/156-2\/","og_locale":"de_DE","og_type":"article","og_title":"Lage - Imperium Suite Navona","og_description":"Imperium Suite Navona, elegante Stadthaus im historischen Zentrum von Rom, kombiniert den typischen Komfort des B & B, die Atmosph\u00e4re eines repr\u00e4sentativen Standort","og_url":"https:\/\/www.imperiumsuite.it\/de\/bed-and-breakfast\/156-2\/","og_site_name":"Imperium Suite Navona","article_modified_time":"2017-01-23T11:44:44+00:00","og_image":[{"width":1920,"height":1280,"url":"https:\/\/www.imperiumsuite.it\/wp-content\/uploads\/2016\/12\/IMG_0371_light.jpg","type":"image\/jpeg"}],"twitter_card":"summary_large_image","twitter_misc":{"Est. reading time":"1 minute"},"schema":{"@context":"https:\/\/schema.org","@graph":[{"@type":"WebPage","@id":"https:\/\/www.imperiumsuite.it\/de\/bed-and-breakfast\/156-2\/","url":"https:\/\/www.imperiumsuite.it\/de\/bed-and-breakfast\/156-2\/","name":"Lage - Imperium Suite Navona","isPartOf":{"@id":"https:\/\/www.imperiumsuite.it\/#website"},"primaryImageOfPage":{"@id":"https:\/\/www.imperiumsuite.it\/de\/bed-and-breakfast\/156-2\/#primaryimage"},"image":{"@id":"https:\/\/www.imperiumsuite.it\/de\/bed-and-breakfast\/156-2\/#primaryimage"},"thumbnailUrl":"https:\/\/www.imperiumsuite.it\/wp-content\/uploads\/2016\/12\/IMG_0371_light.jpg","datePublished":"2017-01-23T11:38:05+00:00","dateModified":"2017-01-23T11:44:44+00:00","breadcrumb":{"@id":"https:\/\/www.imperiumsuite.it\/de\/bed-and-breakfast\/156-2\/#breadcrumb"},"inLanguage":"de-DE","potentialAction":[{"@type":"ReadAction","target":["https:\/\/www.imperiumsuite.it\/de\/bed-and-breakfast\/156-2\/"]}]},{"@type":"ImageObject","inLanguage":"de-DE","@id":"https:\/\/www.imperiumsuite.it\/de\/bed-and-breakfast\/156-2\/#primaryimage","url":"https:\/\/www.imperiumsuite.it\/wp-content\/uploads\/2016\/12\/IMG_0371_light.jpg","contentUrl":"https:\/\/www.imperiumsuite.it\/wp-content\/uploads\/2016\/12\/IMG_0371_light.jpg","width":1920,"height":1280},{"@type":"BreadcrumbList","@id":"https:\/\/www.imperiumsuite.it\/de\/bed-and-breakfast\/156-2\/#breadcrumb","itemListElement":[{"@type":"ListItem","position":1,"name":"Home","item":"https:\/\/www.imperiumsuite.it\/de\/"},{"@type":"ListItem","position":2,"name":"Unsere Zimmer","item":"https:\/\/www.imperiumsuite.it\/de\/bed-and-breakfast\/"},{"@type":"ListItem","position":3,"name":"Lage"}]},{"@type":"WebSite","@id":"https:\/\/www.imperiumsuite.it\/#website","url":"https:\/\/www.imperiumsuite.it\/","name":"Imperium Suite Navona","description":"Elegant townhouse in the Rome centre","potentialAction":[{"@type":"SearchAction","target":{"@type":"EntryPoint","urlTemplate":"https:\/\/www.imperiumsuite.it\/?s={search_term_string}"},"query-input":{"@type":"PropertyValueSpecification","valueRequired":true,"valueName":"search_term_string"}}],"inLanguage":"de-DE"}]}},"_links":{"self":[{"href":"https:\/\/www.imperiumsuite.it\/de\/wp-json\/wp\/v2\/pages\/156","targetHints":{"allow":["GET"]}}],"collection":[{"href":"https:\/\/www.imperiumsuite.it\/de\/wp-json\/wp\/v2\/pages"}],"about":[{"href":"https:\/\/www.imperiumsuite.it\/de\/wp-json\/wp\/v2\/types\/page"}],"author":[{"embeddable":true,"href":"https:\/\/www.imperiumsuite.it\/de\/wp-json\/wp\/v2\/users\/3"}],"replies":[{"embeddable":true,"href":"https:\/\/www.imperiumsuite.it\/de\/wp-json\/wp\/v2\/comments?post=156"}],"version-history":[{"count":0,"href":"https:\/\/www.imperiumsuite.it\/de\/wp-json\/wp\/v2\/pages\/156\/revisions"}],"up":[{"embeddable":true,"href":"https:\/\/www.imperiumsuite.it\/de\/wp-json\/wp\/v2\/pages\/135"}],"wp:featuredmedia":[{"embeddable":true,"href":"https:\/\/www.imperiumsuite.it\/de\/wp-json\/wp\/v2\/media\/119"}],"wp:attachment":[{"href":"https:\/\/www.imperiumsuite.it\/de\/wp-json\/wp\/v2\/media?parent=156"}],"curies":[{"name":"wp","href":"https:\/\/api.w.org\/{rel}","templated":true}]}}