{"id":162,"date":"2017-01-24T09:38:43","date_gmt":"2017-01-24T08:38:43","guid":{"rendered":"http:\/\/www.imperiumsuite.it\/?page_id=162\/"},"modified":"2017-02-09T21:34:34","modified_gmt":"2017-02-09T20:34:34","slug":"personal","status":"publish","type":"page","link":"https:\/\/www.imperiumsuite.it\/de\/bed-and-breakfast\/personal\/","title":{"rendered":"Personal"},"content":{"rendered":"<p>Eine sorgf\u00e4ltige und lebendigen Team ist bereit, zu begr\u00fc\u00dfen und verw\u00f6hnen die G\u00e4ste Imperium Suite Navona w\u00e4hrend ihrer unvergesslichen Aufenthalt im Zentrum von Rom.<br \/>\n \u00a0<br \/>\n <img loading=\"lazy\" decoding=\"async\" class=\"alignnone size-medium wp-image-299\" src=\"http:\/\/www.imperiumsuite.it\/wp-content\/uploads\/2017\/01\/DSC_1649-300x225.jpg\" alt=\"\" width=\"300\" height=\"225\" srcset=\"https:\/\/www.imperiumsuite.it\/wp-content\/uploads\/2017\/01\/DSC_1649-300x225.jpg 300w, https:\/\/www.imperiumsuite.it\/wp-content\/uploads\/2017\/01\/DSC_1649-768x576.jpg 768w, https:\/\/www.imperiumsuite.it\/wp-content\/uploads\/2017\/01\/DSC_1649-1024x768.jpg 1024w, https:\/\/www.imperiumsuite.it\/wp-content\/uploads\/2017\/01\/DSC_1649-150x113.jpg 150w\" sizes=\"auto, (max-width: 300px) 100vw, 300px\" \/><strong>Luthfur, der Concierge<\/strong><br \/>\n Ich lebe seit zehn Jahren in Italien und das Imperium Suite Navona ist ein bisschen &#8220;wie es war mein Zuhause. Ich versuche, den Geschmack der Traditionen meines Landes, Bangladesh, mit der Notwendigkeit, zu kombinieren, alles &#8220;so bald wie m\u00f6glich&#8221;, typisch f\u00fcr die westliche Welt zu tun. Sie sind immer f\u00fcr die G\u00e4ste reservieren, Verkehrsinformationen, Reisetipps und vieles mehr &#8230;<br \/>\n \u00a0<br \/>\n <img loading=\"lazy\" decoding=\"async\" class=\"alignnone size-medium wp-image-375\" src=\"http:\/\/www.imperiumsuite.it\/wp-content\/uploads\/2017\/01\/DSC_1549-light-300x198.jpg\" alt=\"\" width=\"300\" height=\"198\" srcset=\"https:\/\/www.imperiumsuite.it\/wp-content\/uploads\/2017\/01\/DSC_1549-light-300x198.jpg 300w, https:\/\/www.imperiumsuite.it\/wp-content\/uploads\/2017\/01\/DSC_1549-light-768x506.jpg 768w, https:\/\/www.imperiumsuite.it\/wp-content\/uploads\/2017\/01\/DSC_1549-light-1024x675.jpg 1024w, https:\/\/www.imperiumsuite.it\/wp-content\/uploads\/2017\/01\/DSC_1549-light-150x99.jpg 150w\" sizes=\"auto, (max-width: 300px) 100vw, 300px\" \/><strong>Lucia, die Schulleiterin<\/strong><br \/>\n Ich habe auch seit einigen Jahren nun von Rom angenommen und ich diesen Job mit der gleichen Leidenschaft, die ich am ersten Tag hatte. Sie sind immer f\u00fcr die G\u00e4ste, ich versuche zu beantworten<br \/>\n jede Anfrage und ich sicherstellen, dass alles immer perfekt ist makellos Gastfreundschaft zu gew\u00e4hrleisten. Ich habe zwei gro\u00dfe Leidenschaften: stand in der Mitte der Natur mit meinem geliebten Hunden und zu essen. Sie sind daher die ideale Person, Beratung f\u00fcr diejenigen geben, die eine Roma weniger touristisch und charmanter entdecken m\u00f6chten, ein Rom Sie nicht erwarten, mit seinen sch\u00f6nen Parks und Naturr\u00e4ume in der Mitte der Stadt. Es ist auch eine Freude f\u00fcr mich, Tipps und Anregungen auf die richtigen Restaurants f\u00fcr diejenigen zu bieten, die in der Liebe mit den Aromen der traditionellen r\u00f6mischen K\u00fcche und italienische Gastfreundschaft an den Tisch fallen soll.<br \/>\n \u00a0<br \/>\n <img loading=\"lazy\" decoding=\"async\" class=\"alignnone size-medium wp-image-301\" src=\"http:\/\/www.imperiumsuite.it\/wp-content\/uploads\/2017\/01\/DSC_1653-300x225.jpg\" alt=\"\" width=\"300\" height=\"225\" srcset=\"https:\/\/www.imperiumsuite.it\/wp-content\/uploads\/2017\/01\/DSC_1653-300x225.jpg 300w, https:\/\/www.imperiumsuite.it\/wp-content\/uploads\/2017\/01\/DSC_1653-768x576.jpg 768w, https:\/\/www.imperiumsuite.it\/wp-content\/uploads\/2017\/01\/DSC_1653-1024x768.jpg 1024w, https:\/\/www.imperiumsuite.it\/wp-content\/uploads\/2017\/01\/DSC_1653-150x113.jpg 150w\" sizes=\"auto, (max-width: 300px) 100vw, 300px\" \/><strong>Harrol, das Faktotum<\/strong><br \/>\n Ich bin der neue Eintrag dieser kleinen Familie und ich jeden Morgen versuchen Sie Ihr Zimmer so einladend wie m\u00f6glich zu machen. Dar\u00fcber hinaus sind die richtige Person zu wenden, wenn Sie Hilfe ben\u00f6tigen, einige Probleme zu l\u00f6sen, und wenn zwei starke Arme f\u00fcr Koffer und Taschen ben\u00f6tigt werden.<br \/>\n \u00a0<br \/>\n <strong>Claudio, &#8220;der Chef&#8221;<\/strong><br \/>\n Ich wurde in einer Familie geboren und aufgewachsen, die immer in der Hotelbranche t\u00e4tig ist, und ich hoffe, dass diejenigen, die das Imperium Suite Navona k\u00f6nnen w\u00e4hlen, meine Leidenschaft in begr\u00fc\u00dfen Besucher aus der ganzen Welt zu erkennen und zu sch\u00e4tzen wissen. Aufmerksame Gastfreundschaft in einem famili\u00e4ren Umfeld, ist es meine Philosophie des Lebens und der Arbeit.<\/p>\n","protected":false},"excerpt":{"rendered":"<p>Eine sorgf\u00e4ltige und lebendigen Team ist bereit, zu begr\u00fc\u00dfen und verw\u00f6hnen die G\u00e4ste Imperium Suite Navona w\u00e4hrend ihrer unvergesslichen Aufenthalt im Zentrum von Rom.<\/p>\n","protected":false},"author":3,"featured_media":298,"parent":135,"menu_order":0,"comment_status":"closed","ping_status":"closed","template":"","meta":{"footnotes":""},"class_list":["post-162","page","type-page","status-publish","has-post-thumbnail","hentry"],"yoast_head":"<!-- This site is optimized with the Yoast SEO plugin v27.4 - https:\/\/yoast.com\/product\/yoast-seo-wordpress\/ -->\n<title>Personal - Imperium Suite Navona<\/title>\n<meta name=\"robots\" content=\"index, follow, max-snippet:-1, max-image-preview:large, max-video-preview:-1\" \/>\n<link rel=\"canonical\" href=\"https:\/\/www.imperiumsuite.it\/de\/bed-and-breakfast\/personal\/\" \/>\n<meta property=\"og:locale\" content=\"de_DE\" \/>\n<meta property=\"og:type\" content=\"article\" \/>\n<meta property=\"og:title\" content=\"Personal - Imperium Suite Navona\" \/>\n<meta property=\"og:description\" content=\"Eine sorgf\u00e4ltige und lebendigen Team ist bereit, zu begr\u00fc\u00dfen und verw\u00f6hnen die G\u00e4ste Imperium Suite Navona w\u00e4hrend ihrer unvergesslichen Aufenthalt im Zentrum von Rom.\" \/>\n<meta property=\"og:url\" content=\"https:\/\/www.imperiumsuite.it\/de\/bed-and-breakfast\/personal\/\" \/>\n<meta property=\"og:site_name\" content=\"Imperium Suite Navona\" \/>\n<meta property=\"article:modified_time\" content=\"2017-02-09T20:34:34+00:00\" \/>\n<meta property=\"og:image\" content=\"https:\/\/www.imperiumsuite.it\/wp-content\/uploads\/2017\/01\/DSC_1662-focus.jpg\" \/>\n\t<meta property=\"og:image:width\" content=\"3840\" \/>\n\t<meta property=\"og:image:height\" content=\"2022\" \/>\n\t<meta property=\"og:image:type\" content=\"image\/jpeg\" \/>\n<meta name=\"twitter:card\" content=\"summary_large_image\" \/>\n<meta name=\"twitter:label1\" content=\"Est. reading time\" \/>\n\t<meta name=\"twitter:data1\" content=\"2 minutes\" \/>\n<script type=\"application\/ld+json\" class=\"yoast-schema-graph\">{\"@context\":\"https:\\\/\\\/schema.org\",\"@graph\":[{\"@type\":\"WebPage\",\"@id\":\"https:\\\/\\\/www.imperiumsuite.it\\\/de\\\/bed-and-breakfast\\\/personal\\\/\",\"url\":\"https:\\\/\\\/www.imperiumsuite.it\\\/de\\\/bed-and-breakfast\\\/personal\\\/\",\"name\":\"Personal - Imperium Suite Navona\",\"isPartOf\":{\"@id\":\"https:\\\/\\\/www.imperiumsuite.it\\\/#website\"},\"primaryImageOfPage\":{\"@id\":\"https:\\\/\\\/www.imperiumsuite.it\\\/de\\\/bed-and-breakfast\\\/personal\\\/#primaryimage\"},\"image\":{\"@id\":\"https:\\\/\\\/www.imperiumsuite.it\\\/de\\\/bed-and-breakfast\\\/personal\\\/#primaryimage\"},\"thumbnailUrl\":\"https:\\\/\\\/www.imperiumsuite.it\\\/wp-content\\\/uploads\\\/2017\\\/01\\\/DSC_1662-focus.jpg\",\"datePublished\":\"2017-01-24T08:38:43+00:00\",\"dateModified\":\"2017-02-09T20:34:34+00:00\",\"breadcrumb\":{\"@id\":\"https:\\\/\\\/www.imperiumsuite.it\\\/de\\\/bed-and-breakfast\\\/personal\\\/#breadcrumb\"},\"inLanguage\":\"de-DE\",\"potentialAction\":[{\"@type\":\"ReadAction\",\"target\":[\"https:\\\/\\\/www.imperiumsuite.it\\\/de\\\/bed-and-breakfast\\\/personal\\\/\"]}]},{\"@type\":\"ImageObject\",\"inLanguage\":\"de-DE\",\"@id\":\"https:\\\/\\\/www.imperiumsuite.it\\\/de\\\/bed-and-breakfast\\\/personal\\\/#primaryimage\",\"url\":\"https:\\\/\\\/www.imperiumsuite.it\\\/wp-content\\\/uploads\\\/2017\\\/01\\\/DSC_1662-focus.jpg\",\"contentUrl\":\"https:\\\/\\\/www.imperiumsuite.it\\\/wp-content\\\/uploads\\\/2017\\\/01\\\/DSC_1662-focus.jpg\",\"width\":3840,\"height\":2022},{\"@type\":\"BreadcrumbList\",\"@id\":\"https:\\\/\\\/www.imperiumsuite.it\\\/de\\\/bed-and-breakfast\\\/personal\\\/#breadcrumb\",\"itemListElement\":[{\"@type\":\"ListItem\",\"position\":1,\"name\":\"Home\",\"item\":\"https:\\\/\\\/www.imperiumsuite.it\\\/de\\\/\"},{\"@type\":\"ListItem\",\"position\":2,\"name\":\"Unsere Zimmer\",\"item\":\"https:\\\/\\\/www.imperiumsuite.it\\\/de\\\/bed-and-breakfast\\\/\"},{\"@type\":\"ListItem\",\"position\":3,\"name\":\"Personal\"}]},{\"@type\":\"WebSite\",\"@id\":\"https:\\\/\\\/www.imperiumsuite.it\\\/#website\",\"url\":\"https:\\\/\\\/www.imperiumsuite.it\\\/\",\"name\":\"Imperium Suite Navona\",\"description\":\"Elegant townhouse in the Rome centre\",\"potentialAction\":[{\"@type\":\"SearchAction\",\"target\":{\"@type\":\"EntryPoint\",\"urlTemplate\":\"https:\\\/\\\/www.imperiumsuite.it\\\/?s={search_term_string}\"},\"query-input\":{\"@type\":\"PropertyValueSpecification\",\"valueRequired\":true,\"valueName\":\"search_term_string\"}}],\"inLanguage\":\"de-DE\"}]}<\/script>\n<!-- \/ Yoast SEO plugin. -->","yoast_head_json":{"title":"Personal - Imperium Suite Navona","robots":{"index":"index","follow":"follow","max-snippet":"max-snippet:-1","max-image-preview":"max-image-preview:large","max-video-preview":"max-video-preview:-1"},"canonical":"https:\/\/www.imperiumsuite.it\/de\/bed-and-breakfast\/personal\/","og_locale":"de_DE","og_type":"article","og_title":"Personal - Imperium Suite Navona","og_description":"Eine sorgf\u00e4ltige und lebendigen Team ist bereit, zu begr\u00fc\u00dfen und verw\u00f6hnen die G\u00e4ste Imperium Suite Navona w\u00e4hrend ihrer unvergesslichen Aufenthalt im Zentrum von Rom.","og_url":"https:\/\/www.imperiumsuite.it\/de\/bed-and-breakfast\/personal\/","og_site_name":"Imperium Suite Navona","article_modified_time":"2017-02-09T20:34:34+00:00","og_image":[{"width":3840,"height":2022,"url":"https:\/\/www.imperiumsuite.it\/wp-content\/uploads\/2017\/01\/DSC_1662-focus.jpg","type":"image\/jpeg"}],"twitter_card":"summary_large_image","twitter_misc":{"Est. reading time":"2 minutes"},"schema":{"@context":"https:\/\/schema.org","@graph":[{"@type":"WebPage","@id":"https:\/\/www.imperiumsuite.it\/de\/bed-and-breakfast\/personal\/","url":"https:\/\/www.imperiumsuite.it\/de\/bed-and-breakfast\/personal\/","name":"Personal - Imperium Suite Navona","isPartOf":{"@id":"https:\/\/www.imperiumsuite.it\/#website"},"primaryImageOfPage":{"@id":"https:\/\/www.imperiumsuite.it\/de\/bed-and-breakfast\/personal\/#primaryimage"},"image":{"@id":"https:\/\/www.imperiumsuite.it\/de\/bed-and-breakfast\/personal\/#primaryimage"},"thumbnailUrl":"https:\/\/www.imperiumsuite.it\/wp-content\/uploads\/2017\/01\/DSC_1662-focus.jpg","datePublished":"2017-01-24T08:38:43+00:00","dateModified":"2017-02-09T20:34:34+00:00","breadcrumb":{"@id":"https:\/\/www.imperiumsuite.it\/de\/bed-and-breakfast\/personal\/#breadcrumb"},"inLanguage":"de-DE","potentialAction":[{"@type":"ReadAction","target":["https:\/\/www.imperiumsuite.it\/de\/bed-and-breakfast\/personal\/"]}]},{"@type":"ImageObject","inLanguage":"de-DE","@id":"https:\/\/www.imperiumsuite.it\/de\/bed-and-breakfast\/personal\/#primaryimage","url":"https:\/\/www.imperiumsuite.it\/wp-content\/uploads\/2017\/01\/DSC_1662-focus.jpg","contentUrl":"https:\/\/www.imperiumsuite.it\/wp-content\/uploads\/2017\/01\/DSC_1662-focus.jpg","width":3840,"height":2022},{"@type":"BreadcrumbList","@id":"https:\/\/www.imperiumsuite.it\/de\/bed-and-breakfast\/personal\/#breadcrumb","itemListElement":[{"@type":"ListItem","position":1,"name":"Home","item":"https:\/\/www.imperiumsuite.it\/de\/"},{"@type":"ListItem","position":2,"name":"Unsere Zimmer","item":"https:\/\/www.imperiumsuite.it\/de\/bed-and-breakfast\/"},{"@type":"ListItem","position":3,"name":"Personal"}]},{"@type":"WebSite","@id":"https:\/\/www.imperiumsuite.it\/#website","url":"https:\/\/www.imperiumsuite.it\/","name":"Imperium Suite Navona","description":"Elegant townhouse in the Rome centre","potentialAction":[{"@type":"SearchAction","target":{"@type":"EntryPoint","urlTemplate":"https:\/\/www.imperiumsuite.it\/?s={search_term_string}"},"query-input":{"@type":"PropertyValueSpecification","valueRequired":true,"valueName":"search_term_string"}}],"inLanguage":"de-DE"}]}},"_links":{"self":[{"href":"https:\/\/www.imperiumsuite.it\/de\/wp-json\/wp\/v2\/pages\/162","targetHints":{"allow":["GET"]}}],"collection":[{"href":"https:\/\/www.imperiumsuite.it\/de\/wp-json\/wp\/v2\/pages"}],"about":[{"href":"https:\/\/www.imperiumsuite.it\/de\/wp-json\/wp\/v2\/types\/page"}],"author":[{"embeddable":true,"href":"https:\/\/www.imperiumsuite.it\/de\/wp-json\/wp\/v2\/users\/3"}],"replies":[{"embeddable":true,"href":"https:\/\/www.imperiumsuite.it\/de\/wp-json\/wp\/v2\/comments?post=162"}],"version-history":[{"count":0,"href":"https:\/\/www.imperiumsuite.it\/de\/wp-json\/wp\/v2\/pages\/162\/revisions"}],"up":[{"embeddable":true,"href":"https:\/\/www.imperiumsuite.it\/de\/wp-json\/wp\/v2\/pages\/135"}],"wp:featuredmedia":[{"embeddable":true,"href":"https:\/\/www.imperiumsuite.it\/de\/wp-json\/wp\/v2\/media\/298"}],"wp:attachment":[{"href":"https:\/\/www.imperiumsuite.it\/de\/wp-json\/wp\/v2\/media?parent=162"}],"curies":[{"name":"wp","href":"https:\/\/api.w.org\/{rel}","templated":true}]}}