{"id":167,"date":"2017-01-24T10:11:11","date_gmt":"2017-01-24T09:11:11","guid":{"rendered":"http:\/\/www.imperiumsuite.it\/?page_id=167\/"},"modified":"2017-01-24T10:11:11","modified_gmt":"2017-01-24T09:11:11","slug":"geschichte","status":"publish","type":"page","link":"https:\/\/www.imperiumsuite.it\/de\/bed-and-breakfast\/geschichte\/","title":{"rendered":"Geschichte"},"content":{"rendered":"<p>Imperium Suite Navona ist seit 2008 ein Incoming-Tourismus Wahrzeichen im historischen Zentrum von Rom. Struktur der Exzellenz, ist seit jeher beliebt bei denen, die die Stadt in vollen Z\u00fcgen genie\u00dfen wollen, die Wunder von Rom zu entdecken, besuchen Sie die Sehensw\u00fcrdigkeiten und die wichtigsten Sehensw\u00fcrdigkeiten, lange Spazierg\u00e4nge durch die Stra\u00dfen seiner Akropolis und verbringen Sie einen angenehmen und erholsamen Aufenthalt.<\/p>\n<p>Der Name bezieht sich auf seine wertvolle Eigenschaft des Wohnsitzes und auch die N\u00e4he zur Piazza Navona, die nur ein paar Schritte ist: gerade genug Zeit, Piazza Sant&#8217;Apollinare zu \u00fcberqueren, mit seiner Basilika, und hier \u00f6ffnet sich zu den ber\u00fchmten Blick auf den Brunnen Neptun. Und in der Tat, wie immer, diejenigen, die das Imperium Suite Navona bleiben, k\u00f6nnen sich in einer privilegierten Weise von dem Platz genie\u00dfen, von dem es seinen Namen, seine Atmosph\u00e4re, seine Architektur und seine Denkm\u00e4ler, Stra\u00dfenk\u00fcnstler nimmt die animieren und Kreuzungen von V\u00f6lkern, Kulturen und Sprachen, die dort jeden Tag leben.<\/p>\n","protected":false},"excerpt":{"rendered":"<p>Imperium Suite Navona ist seit 2008 ein Incoming-Tourismus Wahrzeichen im historischen Zentrum von Rom.<\/p>\n","protected":false},"author":3,"featured_media":123,"parent":135,"menu_order":0,"comment_status":"closed","ping_status":"closed","template":"","meta":{"footnotes":""},"class_list":["post-167","page","type-page","status-publish","has-post-thumbnail","hentry"],"yoast_head":"<!-- This site is optimized with the Yoast SEO plugin v27.4 - https:\/\/yoast.com\/product\/yoast-seo-wordpress\/ -->\n<title>Geschichte - Imperium Suite Navona<\/title>\n<meta name=\"robots\" content=\"index, follow, max-snippet:-1, max-image-preview:large, max-video-preview:-1\" \/>\n<link rel=\"canonical\" href=\"https:\/\/www.imperiumsuite.it\/de\/bed-and-breakfast\/geschichte\/\" \/>\n<meta property=\"og:locale\" content=\"de_DE\" \/>\n<meta property=\"og:type\" content=\"article\" \/>\n<meta property=\"og:title\" content=\"Geschichte - Imperium Suite Navona\" \/>\n<meta property=\"og:description\" content=\"Imperium Suite Navona ist seit 2008 ein Incoming-Tourismus Wahrzeichen im historischen Zentrum von Rom.\" \/>\n<meta property=\"og:url\" content=\"https:\/\/www.imperiumsuite.it\/de\/bed-and-breakfast\/geschichte\/\" \/>\n<meta property=\"og:site_name\" content=\"Imperium Suite Navona\" \/>\n<meta property=\"og:image\" content=\"https:\/\/www.imperiumsuite.it\/wp-content\/uploads\/2017\/01\/IMG_0299_light.jpg\" \/>\n\t<meta property=\"og:image:width\" content=\"1920\" \/>\n\t<meta property=\"og:image:height\" content=\"1280\" \/>\n\t<meta property=\"og:image:type\" content=\"image\/jpeg\" \/>\n<meta name=\"twitter:card\" content=\"summary_large_image\" \/>\n<meta name=\"twitter:label1\" content=\"Est. reading time\" \/>\n\t<meta name=\"twitter:data1\" content=\"1 minute\" \/>\n<script type=\"application\/ld+json\" class=\"yoast-schema-graph\">{\"@context\":\"https:\\\/\\\/schema.org\",\"@graph\":[{\"@type\":\"WebPage\",\"@id\":\"https:\\\/\\\/www.imperiumsuite.it\\\/de\\\/bed-and-breakfast\\\/geschichte\\\/\",\"url\":\"https:\\\/\\\/www.imperiumsuite.it\\\/de\\\/bed-and-breakfast\\\/geschichte\\\/\",\"name\":\"Geschichte - Imperium Suite Navona\",\"isPartOf\":{\"@id\":\"https:\\\/\\\/www.imperiumsuite.it\\\/#website\"},\"primaryImageOfPage\":{\"@id\":\"https:\\\/\\\/www.imperiumsuite.it\\\/de\\\/bed-and-breakfast\\\/geschichte\\\/#primaryimage\"},\"image\":{\"@id\":\"https:\\\/\\\/www.imperiumsuite.it\\\/de\\\/bed-and-breakfast\\\/geschichte\\\/#primaryimage\"},\"thumbnailUrl\":\"https:\\\/\\\/www.imperiumsuite.it\\\/wp-content\\\/uploads\\\/2017\\\/01\\\/IMG_0299_light.jpg\",\"datePublished\":\"2017-01-24T09:11:11+00:00\",\"breadcrumb\":{\"@id\":\"https:\\\/\\\/www.imperiumsuite.it\\\/de\\\/bed-and-breakfast\\\/geschichte\\\/#breadcrumb\"},\"inLanguage\":\"de-DE\",\"potentialAction\":[{\"@type\":\"ReadAction\",\"target\":[\"https:\\\/\\\/www.imperiumsuite.it\\\/de\\\/bed-and-breakfast\\\/geschichte\\\/\"]}]},{\"@type\":\"ImageObject\",\"inLanguage\":\"de-DE\",\"@id\":\"https:\\\/\\\/www.imperiumsuite.it\\\/de\\\/bed-and-breakfast\\\/geschichte\\\/#primaryimage\",\"url\":\"https:\\\/\\\/www.imperiumsuite.it\\\/wp-content\\\/uploads\\\/2017\\\/01\\\/IMG_0299_light.jpg\",\"contentUrl\":\"https:\\\/\\\/www.imperiumsuite.it\\\/wp-content\\\/uploads\\\/2017\\\/01\\\/IMG_0299_light.jpg\",\"width\":1920,\"height\":1280},{\"@type\":\"BreadcrumbList\",\"@id\":\"https:\\\/\\\/www.imperiumsuite.it\\\/de\\\/bed-and-breakfast\\\/geschichte\\\/#breadcrumb\",\"itemListElement\":[{\"@type\":\"ListItem\",\"position\":1,\"name\":\"Home\",\"item\":\"https:\\\/\\\/www.imperiumsuite.it\\\/de\\\/\"},{\"@type\":\"ListItem\",\"position\":2,\"name\":\"Unsere Zimmer\",\"item\":\"https:\\\/\\\/www.imperiumsuite.it\\\/de\\\/bed-and-breakfast\\\/\"},{\"@type\":\"ListItem\",\"position\":3,\"name\":\"Geschichte\"}]},{\"@type\":\"WebSite\",\"@id\":\"https:\\\/\\\/www.imperiumsuite.it\\\/#website\",\"url\":\"https:\\\/\\\/www.imperiumsuite.it\\\/\",\"name\":\"Imperium Suite Navona\",\"description\":\"Elegant townhouse in the Rome centre\",\"potentialAction\":[{\"@type\":\"SearchAction\",\"target\":{\"@type\":\"EntryPoint\",\"urlTemplate\":\"https:\\\/\\\/www.imperiumsuite.it\\\/?s={search_term_string}\"},\"query-input\":{\"@type\":\"PropertyValueSpecification\",\"valueRequired\":true,\"valueName\":\"search_term_string\"}}],\"inLanguage\":\"de-DE\"}]}<\/script>\n<!-- \/ Yoast SEO plugin. -->","yoast_head_json":{"title":"Geschichte - Imperium Suite Navona","robots":{"index":"index","follow":"follow","max-snippet":"max-snippet:-1","max-image-preview":"max-image-preview:large","max-video-preview":"max-video-preview:-1"},"canonical":"https:\/\/www.imperiumsuite.it\/de\/bed-and-breakfast\/geschichte\/","og_locale":"de_DE","og_type":"article","og_title":"Geschichte - Imperium Suite Navona","og_description":"Imperium Suite Navona ist seit 2008 ein Incoming-Tourismus Wahrzeichen im historischen Zentrum von Rom.","og_url":"https:\/\/www.imperiumsuite.it\/de\/bed-and-breakfast\/geschichte\/","og_site_name":"Imperium Suite Navona","og_image":[{"width":1920,"height":1280,"url":"https:\/\/www.imperiumsuite.it\/wp-content\/uploads\/2017\/01\/IMG_0299_light.jpg","type":"image\/jpeg"}],"twitter_card":"summary_large_image","twitter_misc":{"Est. reading time":"1 minute"},"schema":{"@context":"https:\/\/schema.org","@graph":[{"@type":"WebPage","@id":"https:\/\/www.imperiumsuite.it\/de\/bed-and-breakfast\/geschichte\/","url":"https:\/\/www.imperiumsuite.it\/de\/bed-and-breakfast\/geschichte\/","name":"Geschichte - Imperium Suite Navona","isPartOf":{"@id":"https:\/\/www.imperiumsuite.it\/#website"},"primaryImageOfPage":{"@id":"https:\/\/www.imperiumsuite.it\/de\/bed-and-breakfast\/geschichte\/#primaryimage"},"image":{"@id":"https:\/\/www.imperiumsuite.it\/de\/bed-and-breakfast\/geschichte\/#primaryimage"},"thumbnailUrl":"https:\/\/www.imperiumsuite.it\/wp-content\/uploads\/2017\/01\/IMG_0299_light.jpg","datePublished":"2017-01-24T09:11:11+00:00","breadcrumb":{"@id":"https:\/\/www.imperiumsuite.it\/de\/bed-and-breakfast\/geschichte\/#breadcrumb"},"inLanguage":"de-DE","potentialAction":[{"@type":"ReadAction","target":["https:\/\/www.imperiumsuite.it\/de\/bed-and-breakfast\/geschichte\/"]}]},{"@type":"ImageObject","inLanguage":"de-DE","@id":"https:\/\/www.imperiumsuite.it\/de\/bed-and-breakfast\/geschichte\/#primaryimage","url":"https:\/\/www.imperiumsuite.it\/wp-content\/uploads\/2017\/01\/IMG_0299_light.jpg","contentUrl":"https:\/\/www.imperiumsuite.it\/wp-content\/uploads\/2017\/01\/IMG_0299_light.jpg","width":1920,"height":1280},{"@type":"BreadcrumbList","@id":"https:\/\/www.imperiumsuite.it\/de\/bed-and-breakfast\/geschichte\/#breadcrumb","itemListElement":[{"@type":"ListItem","position":1,"name":"Home","item":"https:\/\/www.imperiumsuite.it\/de\/"},{"@type":"ListItem","position":2,"name":"Unsere Zimmer","item":"https:\/\/www.imperiumsuite.it\/de\/bed-and-breakfast\/"},{"@type":"ListItem","position":3,"name":"Geschichte"}]},{"@type":"WebSite","@id":"https:\/\/www.imperiumsuite.it\/#website","url":"https:\/\/www.imperiumsuite.it\/","name":"Imperium Suite Navona","description":"Elegant townhouse in the Rome centre","potentialAction":[{"@type":"SearchAction","target":{"@type":"EntryPoint","urlTemplate":"https:\/\/www.imperiumsuite.it\/?s={search_term_string}"},"query-input":{"@type":"PropertyValueSpecification","valueRequired":true,"valueName":"search_term_string"}}],"inLanguage":"de-DE"}]}},"_links":{"self":[{"href":"https:\/\/www.imperiumsuite.it\/de\/wp-json\/wp\/v2\/pages\/167","targetHints":{"allow":["GET"]}}],"collection":[{"href":"https:\/\/www.imperiumsuite.it\/de\/wp-json\/wp\/v2\/pages"}],"about":[{"href":"https:\/\/www.imperiumsuite.it\/de\/wp-json\/wp\/v2\/types\/page"}],"author":[{"embeddable":true,"href":"https:\/\/www.imperiumsuite.it\/de\/wp-json\/wp\/v2\/users\/3"}],"replies":[{"embeddable":true,"href":"https:\/\/www.imperiumsuite.it\/de\/wp-json\/wp\/v2\/comments?post=167"}],"version-history":[{"count":0,"href":"https:\/\/www.imperiumsuite.it\/de\/wp-json\/wp\/v2\/pages\/167\/revisions"}],"up":[{"embeddable":true,"href":"https:\/\/www.imperiumsuite.it\/de\/wp-json\/wp\/v2\/pages\/135"}],"wp:featuredmedia":[{"embeddable":true,"href":"https:\/\/www.imperiumsuite.it\/de\/wp-json\/wp\/v2\/media\/123"}],"wp:attachment":[{"href":"https:\/\/www.imperiumsuite.it\/de\/wp-json\/wp\/v2\/media?parent=167"}],"curies":[{"name":"wp","href":"https:\/\/api.w.org\/{rel}","templated":true}]}}