{"id":1827,"date":"2018-10-30T09:15:01","date_gmt":"2018-10-30T08:15:01","guid":{"rendered":"https:\/\/www.imperiumsuite.it\/info-utili\/"},"modified":"2026-04-08T08:38:40","modified_gmt":"2026-04-08T06:38:40","slug":"info-utili","status":"publish","type":"page","link":"https:\/\/www.imperiumsuite.it\/de\/info-utili\/","title":{"rendered":"N\u00fctzliche Infos"},"content":{"rendered":"<p>Unsere Rezeption ist t\u00e4glich von 08:00 bis 15:00 Uhr ge\u00f6ffnet.<\/p>\n<p>Der Check-in erfolgt an der Rezeption ab 14:00 Uhr, w\u00e4hrend der Check-out bis 10:00 Uhr vorgesehen ist.<br \/>\nAuf Anfrage ist ein Late Check-out m\u00f6glich.<\/p>\n<p>Sollte kein Personal anwesend sein, k\u00f6nnen Sie uns unter folgender Nummer kontaktieren: +39 345 1726218<\/p>\n<p>Um zu erfahren, wie Sie uns erreichen, klicken Sie hier.<\/p>\n<p>Haustiere sind erlaubt und herzlich willkommen!<\/p>\n<p>Die Kurtaxe betr\u00e4gt 6,00 \u20ac pro Person und Nacht f\u00fcr G\u00e4ste \u00fcber 10 Jahre.<\/p>\n","protected":false},"excerpt":{"rendered":"<p>Unsere Rezeption ist t\u00e4glich von 08:00 bis 15:00 Uhr ge\u00f6ffnet. Der Check-in erfolgt an der Rezeption ab 14:00 Uhr, w\u00e4hrend der Check-out bis 10:00 Uhr vorgesehen ist. Auf Anfrage ist ein Late Check-out m\u00f6glich. Sollte kein Personal anwesend sein, k\u00f6nnen Sie uns unter folgender Nummer kontaktieren: +39 345 1726218 Um zu erfahren, wie Sie uns [&hellip;]<\/p>\n","protected":false},"author":1,"featured_media":900,"parent":0,"menu_order":0,"comment_status":"closed","ping_status":"closed","template":"","meta":{"footnotes":""},"class_list":["post-1827","page","type-page","status-publish","has-post-thumbnail","hentry"],"yoast_head":"<!-- This site is optimized with the Yoast SEO plugin v27.2 - https:\/\/yoast.com\/product\/yoast-seo-wordpress\/ -->\n<title>N\u00fctzliche Infos - Imperium Suite Navona<\/title>\n<meta name=\"robots\" content=\"index, follow, max-snippet:-1, max-image-preview:large, max-video-preview:-1\" \/>\n<link rel=\"canonical\" href=\"https:\/\/www.imperiumsuite.it\/de\/info-utili\/\" \/>\n<meta property=\"og:locale\" content=\"de_DE\" \/>\n<meta property=\"og:type\" content=\"article\" \/>\n<meta property=\"og:title\" content=\"N\u00fctzliche Infos - Imperium Suite Navona\" \/>\n<meta property=\"og:description\" content=\"Unsere Rezeption ist t\u00e4glich von 08:00 bis 15:00 Uhr ge\u00f6ffnet. Der Check-in erfolgt an der Rezeption ab 14:00 Uhr, w\u00e4hrend der Check-out bis 10:00 Uhr vorgesehen ist. Auf Anfrage ist ein Late Check-out m\u00f6glich. Sollte kein Personal anwesend sein, k\u00f6nnen Sie uns unter folgender Nummer kontaktieren: +39 345 1726218 Um zu erfahren, wie Sie uns [&hellip;]\" \/>\n<meta property=\"og:url\" content=\"https:\/\/www.imperiumsuite.it\/de\/info-utili\/\" \/>\n<meta property=\"og:site_name\" content=\"Imperium Suite Navona\" \/>\n<meta property=\"article:modified_time\" content=\"2026-04-08T06:38:40+00:00\" \/>\n<meta property=\"og:image\" content=\"https:\/\/www.imperiumsuite.it\/wp-content\/uploads\/2025\/06\/11\/foto-header-2.jpg\" \/>\n\t<meta property=\"og:image:width\" content=\"1920\" \/>\n\t<meta property=\"og:image:height\" content=\"1020\" \/>\n\t<meta property=\"og:image:type\" content=\"image\/jpeg\" \/>\n<meta name=\"twitter:card\" content=\"summary_large_image\" \/>\n<meta name=\"twitter:label1\" content=\"Est. reading time\" \/>\n\t<meta name=\"twitter:data1\" content=\"1 minute\" \/>\n<script type=\"application\/ld+json\" class=\"yoast-schema-graph\">{\"@context\":\"https:\/\/schema.org\",\"@graph\":[{\"@type\":\"WebPage\",\"@id\":\"https:\/\/www.imperiumsuite.it\/de\/info-utili\/\",\"url\":\"https:\/\/www.imperiumsuite.it\/de\/info-utili\/\",\"name\":\"N\u00fctzliche Infos - Imperium Suite Navona\",\"isPartOf\":{\"@id\":\"https:\/\/www.imperiumsuite.it\/#website\"},\"primaryImageOfPage\":{\"@id\":\"https:\/\/www.imperiumsuite.it\/de\/info-utili\/#primaryimage\"},\"image\":{\"@id\":\"https:\/\/www.imperiumsuite.it\/de\/info-utili\/#primaryimage\"},\"thumbnailUrl\":\"https:\/\/www.imperiumsuite.it\/wp-content\/uploads\/2025\/06\/11\/foto-header-2.jpg\",\"datePublished\":\"2018-10-30T08:15:01+00:00\",\"dateModified\":\"2026-04-08T06:38:40+00:00\",\"breadcrumb\":{\"@id\":\"https:\/\/www.imperiumsuite.it\/de\/info-utili\/#breadcrumb\"},\"inLanguage\":\"de-DE\",\"potentialAction\":[{\"@type\":\"ReadAction\",\"target\":[\"https:\/\/www.imperiumsuite.it\/de\/info-utili\/\"]}]},{\"@type\":\"ImageObject\",\"inLanguage\":\"de-DE\",\"@id\":\"https:\/\/www.imperiumsuite.it\/de\/info-utili\/#primaryimage\",\"url\":\"https:\/\/www.imperiumsuite.it\/wp-content\/uploads\/2025\/06\/11\/foto-header-2.jpg\",\"contentUrl\":\"https:\/\/www.imperiumsuite.it\/wp-content\/uploads\/2025\/06\/11\/foto-header-2.jpg\",\"width\":1920,\"height\":1020},{\"@type\":\"BreadcrumbList\",\"@id\":\"https:\/\/www.imperiumsuite.it\/de\/info-utili\/#breadcrumb\",\"itemListElement\":[{\"@type\":\"ListItem\",\"position\":1,\"name\":\"Home\",\"item\":\"https:\/\/www.imperiumsuite.it\/de\/\"},{\"@type\":\"ListItem\",\"position\":2,\"name\":\"N\u00fctzliche Infos\"}]},{\"@type\":\"WebSite\",\"@id\":\"https:\/\/www.imperiumsuite.it\/#website\",\"url\":\"https:\/\/www.imperiumsuite.it\/\",\"name\":\"Imperium Suite Navona\",\"description\":\"Elegant townhouse in the Rome centre\",\"potentialAction\":[{\"@type\":\"SearchAction\",\"target\":{\"@type\":\"EntryPoint\",\"urlTemplate\":\"https:\/\/www.imperiumsuite.it\/?s={search_term_string}\"},\"query-input\":{\"@type\":\"PropertyValueSpecification\",\"valueRequired\":true,\"valueName\":\"search_term_string\"}}],\"inLanguage\":\"de-DE\"}]}<\/script>\n<!-- \/ Yoast SEO plugin. -->","yoast_head_json":{"title":"N\u00fctzliche Infos - Imperium Suite Navona","robots":{"index":"index","follow":"follow","max-snippet":"max-snippet:-1","max-image-preview":"max-image-preview:large","max-video-preview":"max-video-preview:-1"},"canonical":"https:\/\/www.imperiumsuite.it\/de\/info-utili\/","og_locale":"de_DE","og_type":"article","og_title":"N\u00fctzliche Infos - Imperium Suite Navona","og_description":"Unsere Rezeption ist t\u00e4glich von 08:00 bis 15:00 Uhr ge\u00f6ffnet. Der Check-in erfolgt an der Rezeption ab 14:00 Uhr, w\u00e4hrend der Check-out bis 10:00 Uhr vorgesehen ist. Auf Anfrage ist ein Late Check-out m\u00f6glich. Sollte kein Personal anwesend sein, k\u00f6nnen Sie uns unter folgender Nummer kontaktieren: +39 345 1726218 Um zu erfahren, wie Sie uns [&hellip;]","og_url":"https:\/\/www.imperiumsuite.it\/de\/info-utili\/","og_site_name":"Imperium Suite Navona","article_modified_time":"2026-04-08T06:38:40+00:00","og_image":[{"width":1920,"height":1020,"url":"https:\/\/www.imperiumsuite.it\/wp-content\/uploads\/2025\/06\/11\/foto-header-2.jpg","type":"image\/jpeg"}],"twitter_card":"summary_large_image","twitter_misc":{"Est. reading time":"1 minute"},"schema":{"@context":"https:\/\/schema.org","@graph":[{"@type":"WebPage","@id":"https:\/\/www.imperiumsuite.it\/de\/info-utili\/","url":"https:\/\/www.imperiumsuite.it\/de\/info-utili\/","name":"N\u00fctzliche Infos - Imperium Suite Navona","isPartOf":{"@id":"https:\/\/www.imperiumsuite.it\/#website"},"primaryImageOfPage":{"@id":"https:\/\/www.imperiumsuite.it\/de\/info-utili\/#primaryimage"},"image":{"@id":"https:\/\/www.imperiumsuite.it\/de\/info-utili\/#primaryimage"},"thumbnailUrl":"https:\/\/www.imperiumsuite.it\/wp-content\/uploads\/2025\/06\/11\/foto-header-2.jpg","datePublished":"2018-10-30T08:15:01+00:00","dateModified":"2026-04-08T06:38:40+00:00","breadcrumb":{"@id":"https:\/\/www.imperiumsuite.it\/de\/info-utili\/#breadcrumb"},"inLanguage":"de-DE","potentialAction":[{"@type":"ReadAction","target":["https:\/\/www.imperiumsuite.it\/de\/info-utili\/"]}]},{"@type":"ImageObject","inLanguage":"de-DE","@id":"https:\/\/www.imperiumsuite.it\/de\/info-utili\/#primaryimage","url":"https:\/\/www.imperiumsuite.it\/wp-content\/uploads\/2025\/06\/11\/foto-header-2.jpg","contentUrl":"https:\/\/www.imperiumsuite.it\/wp-content\/uploads\/2025\/06\/11\/foto-header-2.jpg","width":1920,"height":1020},{"@type":"BreadcrumbList","@id":"https:\/\/www.imperiumsuite.it\/de\/info-utili\/#breadcrumb","itemListElement":[{"@type":"ListItem","position":1,"name":"Home","item":"https:\/\/www.imperiumsuite.it\/de\/"},{"@type":"ListItem","position":2,"name":"N\u00fctzliche Infos"}]},{"@type":"WebSite","@id":"https:\/\/www.imperiumsuite.it\/#website","url":"https:\/\/www.imperiumsuite.it\/","name":"Imperium Suite Navona","description":"Elegant townhouse in the Rome centre","potentialAction":[{"@type":"SearchAction","target":{"@type":"EntryPoint","urlTemplate":"https:\/\/www.imperiumsuite.it\/?s={search_term_string}"},"query-input":{"@type":"PropertyValueSpecification","valueRequired":true,"valueName":"search_term_string"}}],"inLanguage":"de-DE"}]}},"_links":{"self":[{"href":"https:\/\/www.imperiumsuite.it\/de\/wp-json\/wp\/v2\/pages\/1827","targetHints":{"allow":["GET"]}}],"collection":[{"href":"https:\/\/www.imperiumsuite.it\/de\/wp-json\/wp\/v2\/pages"}],"about":[{"href":"https:\/\/www.imperiumsuite.it\/de\/wp-json\/wp\/v2\/types\/page"}],"author":[{"embeddable":true,"href":"https:\/\/www.imperiumsuite.it\/de\/wp-json\/wp\/v2\/users\/1"}],"replies":[{"embeddable":true,"href":"https:\/\/www.imperiumsuite.it\/de\/wp-json\/wp\/v2\/comments?post=1827"}],"version-history":[{"count":0,"href":"https:\/\/www.imperiumsuite.it\/de\/wp-json\/wp\/v2\/pages\/1827\/revisions"}],"wp:featuredmedia":[{"embeddable":true,"href":"https:\/\/www.imperiumsuite.it\/de\/wp-json\/wp\/v2\/media\/900"}],"wp:attachment":[{"href":"https:\/\/www.imperiumsuite.it\/de\/wp-json\/wp\/v2\/media?parent=1827"}],"curies":[{"name":"wp","href":"https:\/\/api.w.org\/{rel}","templated":true}]}}