{"id":184,"date":"2017-01-24T12:03:38","date_gmt":"2017-01-24T11:03:38","guid":{"rendered":"http:\/\/www.imperiumsuite.it\/?page_id=184\/"},"modified":"2017-01-24T12:15:10","modified_gmt":"2017-01-24T11:15:10","slug":"184-2","status":"publish","type":"page","link":"https:\/\/www.imperiumsuite.it\/de\/184-2\/","title":{"rendered":"Service"},"content":{"rendered":"<p>das Imperium Suite Navona bietet seinen Kunden zahlreiche Dienstleistungen, um sie verw\u00f6hnt zu f\u00fchlen und sie bestenfalls zu befriedigen. Die Anlage mit Klimaanlage , Kreditkarten ausgestattet, das Personal ist mehrsprachig, oder wenn Sie m\u00f6chten, k\u00f6nnen Sie die Gep\u00e4ckraumabdeckung verwenden.<br \/>\n Imperium Suite Navona bietet seinen Kunden einen Internet-Point und ein Fax und Internetzugang ist im WLAN im gesamten Hotel zur Verf\u00fcgung. Haustiere sind erlaubt und bleiben frei. Bei der Ankunft wird jeder Gast eine Karte von Rom, durch die gegebene Sie die Phasen ihres Aufenthalts programmieren k\u00f6nnen, um die Ewige Stadt zu erkunden.<br \/>\n F\u00fcr weitere Informationen und Anforderung k\u00f6nnen Sie auch den Concierge des Imperium Suite Navona fragen.<\/p>\n","protected":false},"excerpt":{"rendered":"<p>V\u00f6llig klimatisiert,Kreditkarten akzeptiert.Mehrsprachiges Team,Buchungen f\u00fcr Touren\/Museen\/ Ausfl\u00fcge,Gep\u00e4ckaufbewahrung, Kostenloser Stadtplan, Faxservice, Wi-Fi Internetanschlu\u00df, Internet Point, Haustiere werden auf vorheriger Anfrage kostenlos akzeptiert.<\/p>\n","protected":false},"author":3,"featured_media":58,"parent":0,"menu_order":0,"comment_status":"closed","ping_status":"closed","template":"templates\/tpl-services.php","meta":{"footnotes":""},"class_list":["post-184","page","type-page","status-publish","has-post-thumbnail","hentry"],"yoast_head":"<!-- This site is optimized with the Yoast SEO plugin v27.2 - https:\/\/yoast.com\/product\/yoast-seo-wordpress\/ -->\n<title>Service - Imperium Suite Navona<\/title>\n<meta name=\"robots\" content=\"index, follow, max-snippet:-1, max-image-preview:large, max-video-preview:-1\" \/>\n<link rel=\"canonical\" href=\"https:\/\/www.imperiumsuite.it\/servizi\/\" \/>\n<meta property=\"og:locale\" content=\"de_DE\" \/>\n<meta property=\"og:type\" content=\"article\" \/>\n<meta property=\"og:title\" content=\"Service - Imperium Suite Navona\" \/>\n<meta property=\"og:description\" content=\"V\u00f6llig klimatisiert,Kreditkarten akzeptiert.Mehrsprachiges Team,Buchungen f\u00fcr Touren\/Museen\/ Ausfl\u00fcge,Gep\u00e4ckaufbewahrung, Kostenloser Stadtplan, Faxservice, Wi-Fi Internetanschlu\u00df, Internet Point, Haustiere werden auf vorheriger Anfrage kostenlos akzeptiert.\" \/>\n<meta property=\"og:url\" content=\"https:\/\/www.imperiumsuite.it\/servizi\/\" \/>\n<meta property=\"og:site_name\" content=\"Imperium Suite Navona\" \/>\n<meta property=\"article:modified_time\" content=\"2017-01-24T11:15:10+00:00\" \/>\n<meta property=\"og:image\" content=\"https:\/\/www.imperiumsuite.it\/wp-content\/uploads\/2016\/12\/fiori.png\" \/>\n\t<meta property=\"og:image:width\" content=\"874\" \/>\n\t<meta property=\"og:image:height\" content=\"589\" \/>\n\t<meta property=\"og:image:type\" content=\"image\/png\" \/>\n<meta name=\"twitter:card\" content=\"summary_large_image\" \/>\n<meta name=\"twitter:label1\" content=\"Est. reading time\" \/>\n\t<meta name=\"twitter:data1\" content=\"1 minute\" \/>\n<script type=\"application\/ld+json\" class=\"yoast-schema-graph\">{\"@context\":\"https:\/\/schema.org\",\"@graph\":[{\"@type\":\"WebPage\",\"@id\":\"https:\/\/www.imperiumsuite.it\/servizi\/\",\"url\":\"https:\/\/www.imperiumsuite.it\/servizi\/\",\"name\":\"Service - Imperium Suite Navona\",\"isPartOf\":{\"@id\":\"https:\/\/www.imperiumsuite.it\/#website\"},\"primaryImageOfPage\":{\"@id\":\"https:\/\/www.imperiumsuite.it\/servizi\/#primaryimage\"},\"image\":{\"@id\":\"https:\/\/www.imperiumsuite.it\/servizi\/#primaryimage\"},\"thumbnailUrl\":\"https:\/\/www.imperiumsuite.it\/wp-content\/uploads\/2016\/12\/fiori.png\",\"datePublished\":\"2017-01-24T11:03:38+00:00\",\"dateModified\":\"2017-01-24T11:15:10+00:00\",\"breadcrumb\":{\"@id\":\"https:\/\/www.imperiumsuite.it\/servizi\/#breadcrumb\"},\"inLanguage\":\"de-DE\",\"potentialAction\":[{\"@type\":\"ReadAction\",\"target\":[\"https:\/\/www.imperiumsuite.it\/servizi\/\"]}]},{\"@type\":\"ImageObject\",\"inLanguage\":\"de-DE\",\"@id\":\"https:\/\/www.imperiumsuite.it\/servizi\/#primaryimage\",\"url\":\"https:\/\/www.imperiumsuite.it\/wp-content\/uploads\/2016\/12\/fiori.png\",\"contentUrl\":\"https:\/\/www.imperiumsuite.it\/wp-content\/uploads\/2016\/12\/fiori.png\",\"width\":874,\"height\":589,\"caption\":\"Imperium Suite Navona - Servizi\"},{\"@type\":\"BreadcrumbList\",\"@id\":\"https:\/\/www.imperiumsuite.it\/servizi\/#breadcrumb\",\"itemListElement\":[{\"@type\":\"ListItem\",\"position\":1,\"name\":\"Home\",\"item\":\"https:\/\/www.imperiumsuite.it\/de\/\"},{\"@type\":\"ListItem\",\"position\":2,\"name\":\"Service\"}]},{\"@type\":\"WebSite\",\"@id\":\"https:\/\/www.imperiumsuite.it\/#website\",\"url\":\"https:\/\/www.imperiumsuite.it\/\",\"name\":\"Imperium Suite Navona\",\"description\":\"Elegant townhouse in the Rome centre\",\"potentialAction\":[{\"@type\":\"SearchAction\",\"target\":{\"@type\":\"EntryPoint\",\"urlTemplate\":\"https:\/\/www.imperiumsuite.it\/?s={search_term_string}\"},\"query-input\":{\"@type\":\"PropertyValueSpecification\",\"valueRequired\":true,\"valueName\":\"search_term_string\"}}],\"inLanguage\":\"de-DE\"}]}<\/script>\n<!-- \/ Yoast SEO plugin. -->","yoast_head_json":{"title":"Service - Imperium Suite Navona","robots":{"index":"index","follow":"follow","max-snippet":"max-snippet:-1","max-image-preview":"max-image-preview:large","max-video-preview":"max-video-preview:-1"},"canonical":"https:\/\/www.imperiumsuite.it\/servizi\/","og_locale":"de_DE","og_type":"article","og_title":"Service - Imperium Suite Navona","og_description":"V\u00f6llig klimatisiert,Kreditkarten akzeptiert.Mehrsprachiges Team,Buchungen f\u00fcr Touren\/Museen\/ Ausfl\u00fcge,Gep\u00e4ckaufbewahrung, Kostenloser Stadtplan, Faxservice, Wi-Fi Internetanschlu\u00df, Internet Point, Haustiere werden auf vorheriger Anfrage kostenlos akzeptiert.","og_url":"https:\/\/www.imperiumsuite.it\/servizi\/","og_site_name":"Imperium Suite Navona","article_modified_time":"2017-01-24T11:15:10+00:00","og_image":[{"width":874,"height":589,"url":"https:\/\/www.imperiumsuite.it\/wp-content\/uploads\/2016\/12\/fiori.png","type":"image\/png"}],"twitter_card":"summary_large_image","twitter_misc":{"Est. reading time":"1 minute"},"schema":{"@context":"https:\/\/schema.org","@graph":[{"@type":"WebPage","@id":"https:\/\/www.imperiumsuite.it\/servizi\/","url":"https:\/\/www.imperiumsuite.it\/servizi\/","name":"Service - Imperium Suite Navona","isPartOf":{"@id":"https:\/\/www.imperiumsuite.it\/#website"},"primaryImageOfPage":{"@id":"https:\/\/www.imperiumsuite.it\/servizi\/#primaryimage"},"image":{"@id":"https:\/\/www.imperiumsuite.it\/servizi\/#primaryimage"},"thumbnailUrl":"https:\/\/www.imperiumsuite.it\/wp-content\/uploads\/2016\/12\/fiori.png","datePublished":"2017-01-24T11:03:38+00:00","dateModified":"2017-01-24T11:15:10+00:00","breadcrumb":{"@id":"https:\/\/www.imperiumsuite.it\/servizi\/#breadcrumb"},"inLanguage":"de-DE","potentialAction":[{"@type":"ReadAction","target":["https:\/\/www.imperiumsuite.it\/servizi\/"]}]},{"@type":"ImageObject","inLanguage":"de-DE","@id":"https:\/\/www.imperiumsuite.it\/servizi\/#primaryimage","url":"https:\/\/www.imperiumsuite.it\/wp-content\/uploads\/2016\/12\/fiori.png","contentUrl":"https:\/\/www.imperiumsuite.it\/wp-content\/uploads\/2016\/12\/fiori.png","width":874,"height":589,"caption":"Imperium Suite Navona - Servizi"},{"@type":"BreadcrumbList","@id":"https:\/\/www.imperiumsuite.it\/servizi\/#breadcrumb","itemListElement":[{"@type":"ListItem","position":1,"name":"Home","item":"https:\/\/www.imperiumsuite.it\/de\/"},{"@type":"ListItem","position":2,"name":"Service"}]},{"@type":"WebSite","@id":"https:\/\/www.imperiumsuite.it\/#website","url":"https:\/\/www.imperiumsuite.it\/","name":"Imperium Suite Navona","description":"Elegant townhouse in the Rome centre","potentialAction":[{"@type":"SearchAction","target":{"@type":"EntryPoint","urlTemplate":"https:\/\/www.imperiumsuite.it\/?s={search_term_string}"},"query-input":{"@type":"PropertyValueSpecification","valueRequired":true,"valueName":"search_term_string"}}],"inLanguage":"de-DE"}]}},"_links":{"self":[{"href":"https:\/\/www.imperiumsuite.it\/de\/wp-json\/wp\/v2\/pages\/184","targetHints":{"allow":["GET"]}}],"collection":[{"href":"https:\/\/www.imperiumsuite.it\/de\/wp-json\/wp\/v2\/pages"}],"about":[{"href":"https:\/\/www.imperiumsuite.it\/de\/wp-json\/wp\/v2\/types\/page"}],"author":[{"embeddable":true,"href":"https:\/\/www.imperiumsuite.it\/de\/wp-json\/wp\/v2\/users\/3"}],"replies":[{"embeddable":true,"href":"https:\/\/www.imperiumsuite.it\/de\/wp-json\/wp\/v2\/comments?post=184"}],"version-history":[{"count":0,"href":"https:\/\/www.imperiumsuite.it\/de\/wp-json\/wp\/v2\/pages\/184\/revisions"}],"wp:featuredmedia":[{"embeddable":true,"href":"https:\/\/www.imperiumsuite.it\/de\/wp-json\/wp\/v2\/media\/58"}],"wp:attachment":[{"href":"https:\/\/www.imperiumsuite.it\/de\/wp-json\/wp\/v2\/media?parent=184"}],"curies":[{"name":"wp","href":"https:\/\/api.w.org\/{rel}","templated":true}]}}