{"id":190,"date":"2017-01-24T12:23:14","date_gmt":"2017-01-24T11:23:14","guid":{"rendered":"http:\/\/www.imperiumsuite.it\/?page_id=190\/"},"modified":"2017-01-24T12:26:11","modified_gmt":"2017-01-24T11:26:11","slug":"concierge","status":"publish","type":"page","link":"https:\/\/www.imperiumsuite.it\/de\/184-2\/concierge\/","title":{"rendered":"Concierge"},"content":{"rendered":"<p>Das Personal des Hotels ist jederzeit verf\u00fcgbar, Informationen zu geben und die Anforderungen und Bed\u00fcrfnisse der G\u00e4ste erf\u00fcllen perfekt zu machen und im historischen Zentrum von Rom indimenticabileil bleiben.<br \/>\n Zu den angebotenen Dienstleistungen gibt es den Transfer zum und vom Flughafen mit dem eigenen Auto und pers\u00f6nlicher Fahrer: Sie k\u00f6nnen auch \u00fcber das Online-Formular auf dieser Sonderseite buchen.<br \/>\n Die Mitarbeiter k\u00f6nnen F\u00fchrungen buchen und Besuche in Museen und Denkm\u00e4ler mit vom Hotel abholen, Besuche in den Vatikan und die Teilnahme an der Papstaudienz. Sie k\u00f6nnen einen Express-W\u00e4scheservice im Laufe des Tages zugreifen. Vor allem aber nehmen unsere Kunden k\u00f6nnen die Vorteile der pers\u00f6nlichen Leidenschaft des Imperium Suite Navona in Rom, der Ewigen Stadt, und haben die besten Informationen zu entdecken und die Stadt in voller erleben. Tipps von den sch\u00f6nsten und interessantesten Orte zu besuchen, wie das gro\u00dfe Einkaufen zu genie\u00dfen, die Restaurants und das Recht auf den vollen Genuss der lokalen Aromen des Kapitals und seiner Weltlichkeit. Die G\u00e4ste werden auch alle logistischen und organisatorischen Informationen zu genie\u00dfen, wann und wie in Rom zu bewegen und Reservierungen f\u00fcr ihren Reisen f\u00fcr Shuttle behandeln.<\/p>\n","protected":false},"excerpt":{"rendered":"<p>Die Mitarbeiter k\u00f6nnen die Bewegungen der Besucher und Besichtigungen von Denkm\u00e4lern und Museen, und gibt Tipps zum Einkaufen, Essen und Unterhaltung zu planen.<\/p>\n","protected":false},"author":3,"featured_media":122,"parent":184,"menu_order":0,"comment_status":"closed","ping_status":"closed","template":"","meta":{"footnotes":""},"class_list":["post-190","page","type-page","status-publish","has-post-thumbnail","hentry"],"yoast_head":"<!-- This site is optimized with the Yoast SEO plugin v27.4 - https:\/\/yoast.com\/product\/yoast-seo-wordpress\/ -->\n<title>Concierge - Imperium Suite Navona<\/title>\n<meta name=\"robots\" content=\"index, follow, max-snippet:-1, max-image-preview:large, max-video-preview:-1\" \/>\n<link rel=\"canonical\" href=\"https:\/\/www.imperiumsuite.it\/?page_id=95\" \/>\n<meta property=\"og:locale\" content=\"de_DE\" \/>\n<meta property=\"og:type\" content=\"article\" \/>\n<meta property=\"og:title\" content=\"Concierge - Imperium Suite Navona\" \/>\n<meta property=\"og:description\" content=\"Die Mitarbeiter k\u00f6nnen die Bewegungen der Besucher und Besichtigungen von Denkm\u00e4lern und Museen, und gibt Tipps zum Einkaufen, Essen und Unterhaltung zu planen.\" \/>\n<meta property=\"og:url\" content=\"https:\/\/www.imperiumsuite.it\/?page_id=95\" \/>\n<meta property=\"og:site_name\" content=\"Imperium Suite Navona\" \/>\n<meta property=\"article:modified_time\" content=\"2017-01-24T11:26:11+00:00\" \/>\n<meta property=\"og:image\" content=\"https:\/\/www.imperiumsuite.it\/wp-content\/uploads\/2016\/12\/IMG_0327_light.jpg\" \/>\n\t<meta property=\"og:image:width\" content=\"1920\" \/>\n\t<meta property=\"og:image:height\" content=\"1280\" \/>\n\t<meta property=\"og:image:type\" content=\"image\/jpeg\" \/>\n<meta name=\"twitter:card\" content=\"summary_large_image\" \/>\n<meta name=\"twitter:label1\" content=\"Est. reading time\" \/>\n\t<meta name=\"twitter:data1\" content=\"1 minute\" \/>\n<script type=\"application\/ld+json\" class=\"yoast-schema-graph\">{\"@context\":\"https:\\\/\\\/schema.org\",\"@graph\":[{\"@type\":\"WebPage\",\"@id\":\"https:\\\/\\\/www.imperiumsuite.it\\\/?page_id=95\",\"url\":\"https:\\\/\\\/www.imperiumsuite.it\\\/?page_id=95\",\"name\":\"Concierge - Imperium Suite Navona\",\"isPartOf\":{\"@id\":\"https:\\\/\\\/www.imperiumsuite.it\\\/#website\"},\"primaryImageOfPage\":{\"@id\":\"https:\\\/\\\/www.imperiumsuite.it\\\/?page_id=95#primaryimage\"},\"image\":{\"@id\":\"https:\\\/\\\/www.imperiumsuite.it\\\/?page_id=95#primaryimage\"},\"thumbnailUrl\":\"https:\\\/\\\/www.imperiumsuite.it\\\/wp-content\\\/uploads\\\/2016\\\/12\\\/IMG_0327_light.jpg\",\"datePublished\":\"2017-01-24T11:23:14+00:00\",\"dateModified\":\"2017-01-24T11:26:11+00:00\",\"breadcrumb\":{\"@id\":\"https:\\\/\\\/www.imperiumsuite.it\\\/?page_id=95#breadcrumb\"},\"inLanguage\":\"de-DE\",\"potentialAction\":[{\"@type\":\"ReadAction\",\"target\":[\"https:\\\/\\\/www.imperiumsuite.it\\\/?page_id=95\"]}]},{\"@type\":\"ImageObject\",\"inLanguage\":\"de-DE\",\"@id\":\"https:\\\/\\\/www.imperiumsuite.it\\\/?page_id=95#primaryimage\",\"url\":\"https:\\\/\\\/www.imperiumsuite.it\\\/wp-content\\\/uploads\\\/2016\\\/12\\\/IMG_0327_light.jpg\",\"contentUrl\":\"https:\\\/\\\/www.imperiumsuite.it\\\/wp-content\\\/uploads\\\/2016\\\/12\\\/IMG_0327_light.jpg\",\"width\":1920,\"height\":1280},{\"@type\":\"BreadcrumbList\",\"@id\":\"https:\\\/\\\/www.imperiumsuite.it\\\/?page_id=95#breadcrumb\",\"itemListElement\":[{\"@type\":\"ListItem\",\"position\":1,\"name\":\"Home\",\"item\":\"https:\\\/\\\/www.imperiumsuite.it\\\/de\\\/\"},{\"@type\":\"ListItem\",\"position\":2,\"name\":\"Service\",\"item\":\"https:\\\/\\\/www.imperiumsuite.it\\\/servizi\\\/\"},{\"@type\":\"ListItem\",\"position\":3,\"name\":\"Concierge\"}]},{\"@type\":\"WebSite\",\"@id\":\"https:\\\/\\\/www.imperiumsuite.it\\\/#website\",\"url\":\"https:\\\/\\\/www.imperiumsuite.it\\\/\",\"name\":\"Imperium Suite Navona\",\"description\":\"Elegant townhouse in the Rome centre\",\"potentialAction\":[{\"@type\":\"SearchAction\",\"target\":{\"@type\":\"EntryPoint\",\"urlTemplate\":\"https:\\\/\\\/www.imperiumsuite.it\\\/?s={search_term_string}\"},\"query-input\":{\"@type\":\"PropertyValueSpecification\",\"valueRequired\":true,\"valueName\":\"search_term_string\"}}],\"inLanguage\":\"de-DE\"}]}<\/script>\n<!-- \/ Yoast SEO plugin. -->","yoast_head_json":{"title":"Concierge - Imperium Suite Navona","robots":{"index":"index","follow":"follow","max-snippet":"max-snippet:-1","max-image-preview":"max-image-preview:large","max-video-preview":"max-video-preview:-1"},"canonical":"https:\/\/www.imperiumsuite.it\/?page_id=95","og_locale":"de_DE","og_type":"article","og_title":"Concierge - Imperium Suite Navona","og_description":"Die Mitarbeiter k\u00f6nnen die Bewegungen der Besucher und Besichtigungen von Denkm\u00e4lern und Museen, und gibt Tipps zum Einkaufen, Essen und Unterhaltung zu planen.","og_url":"https:\/\/www.imperiumsuite.it\/?page_id=95","og_site_name":"Imperium Suite Navona","article_modified_time":"2017-01-24T11:26:11+00:00","og_image":[{"width":1920,"height":1280,"url":"https:\/\/www.imperiumsuite.it\/wp-content\/uploads\/2016\/12\/IMG_0327_light.jpg","type":"image\/jpeg"}],"twitter_card":"summary_large_image","twitter_misc":{"Est. reading time":"1 minute"},"schema":{"@context":"https:\/\/schema.org","@graph":[{"@type":"WebPage","@id":"https:\/\/www.imperiumsuite.it\/?page_id=95","url":"https:\/\/www.imperiumsuite.it\/?page_id=95","name":"Concierge - Imperium Suite Navona","isPartOf":{"@id":"https:\/\/www.imperiumsuite.it\/#website"},"primaryImageOfPage":{"@id":"https:\/\/www.imperiumsuite.it\/?page_id=95#primaryimage"},"image":{"@id":"https:\/\/www.imperiumsuite.it\/?page_id=95#primaryimage"},"thumbnailUrl":"https:\/\/www.imperiumsuite.it\/wp-content\/uploads\/2016\/12\/IMG_0327_light.jpg","datePublished":"2017-01-24T11:23:14+00:00","dateModified":"2017-01-24T11:26:11+00:00","breadcrumb":{"@id":"https:\/\/www.imperiumsuite.it\/?page_id=95#breadcrumb"},"inLanguage":"de-DE","potentialAction":[{"@type":"ReadAction","target":["https:\/\/www.imperiumsuite.it\/?page_id=95"]}]},{"@type":"ImageObject","inLanguage":"de-DE","@id":"https:\/\/www.imperiumsuite.it\/?page_id=95#primaryimage","url":"https:\/\/www.imperiumsuite.it\/wp-content\/uploads\/2016\/12\/IMG_0327_light.jpg","contentUrl":"https:\/\/www.imperiumsuite.it\/wp-content\/uploads\/2016\/12\/IMG_0327_light.jpg","width":1920,"height":1280},{"@type":"BreadcrumbList","@id":"https:\/\/www.imperiumsuite.it\/?page_id=95#breadcrumb","itemListElement":[{"@type":"ListItem","position":1,"name":"Home","item":"https:\/\/www.imperiumsuite.it\/de\/"},{"@type":"ListItem","position":2,"name":"Service","item":"https:\/\/www.imperiumsuite.it\/servizi\/"},{"@type":"ListItem","position":3,"name":"Concierge"}]},{"@type":"WebSite","@id":"https:\/\/www.imperiumsuite.it\/#website","url":"https:\/\/www.imperiumsuite.it\/","name":"Imperium Suite Navona","description":"Elegant townhouse in the Rome centre","potentialAction":[{"@type":"SearchAction","target":{"@type":"EntryPoint","urlTemplate":"https:\/\/www.imperiumsuite.it\/?s={search_term_string}"},"query-input":{"@type":"PropertyValueSpecification","valueRequired":true,"valueName":"search_term_string"}}],"inLanguage":"de-DE"}]}},"_links":{"self":[{"href":"https:\/\/www.imperiumsuite.it\/de\/wp-json\/wp\/v2\/pages\/190","targetHints":{"allow":["GET"]}}],"collection":[{"href":"https:\/\/www.imperiumsuite.it\/de\/wp-json\/wp\/v2\/pages"}],"about":[{"href":"https:\/\/www.imperiumsuite.it\/de\/wp-json\/wp\/v2\/types\/page"}],"author":[{"embeddable":true,"href":"https:\/\/www.imperiumsuite.it\/de\/wp-json\/wp\/v2\/users\/3"}],"replies":[{"embeddable":true,"href":"https:\/\/www.imperiumsuite.it\/de\/wp-json\/wp\/v2\/comments?post=190"}],"version-history":[{"count":0,"href":"https:\/\/www.imperiumsuite.it\/de\/wp-json\/wp\/v2\/pages\/190\/revisions"}],"up":[{"embeddable":true,"href":"https:\/\/www.imperiumsuite.it\/de\/wp-json\/wp\/v2\/pages\/184"}],"wp:featuredmedia":[{"embeddable":true,"href":"https:\/\/www.imperiumsuite.it\/de\/wp-json\/wp\/v2\/media\/122"}],"wp:attachment":[{"href":"https:\/\/www.imperiumsuite.it\/de\/wp-json\/wp\/v2\/media?parent=190"}],"curies":[{"name":"wp","href":"https:\/\/api.w.org\/{rel}","templated":true}]}}