{"id":194,"date":"2017-01-24T12:35:45","date_gmt":"2017-01-24T11:35:45","guid":{"rendered":"http:\/\/www.imperiumsuite.it\/?page_id=194\/"},"modified":"2017-01-24T12:35:45","modified_gmt":"2017-01-24T11:35:45","slug":"fruehstueck","status":"publish","type":"page","link":"https:\/\/www.imperiumsuite.it\/de\/184-2\/fruehstueck\/","title":{"rendered":"Fr\u00fchst\u00fcck"},"content":{"rendered":"<p>Das reichhaltige Fr\u00fch Imperium Suite Navona ist typisch italienischen Stil wird jeden Morgen auf dem Zimmer serviert und kann im Zimmer f\u00fcr ein paar Momente der Entspannung genie\u00dfen.<br \/>\nEs gibt Geb\u00e4ck, frisches Brot, Joghurt, Fruchts\u00e4fte , Eier, Marmelade, Schokolade, Honig, Butter. Die Mitarbeiter des Imperium Suite Navona ist auch ein &#8220;Men\u00fc&#8221; anders und angepasst zu w\u00e4hlen diejenigen, die besondere Bed\u00fcrfnisse haben zu dienen.<\/p>\n<p>Geb\u00e4ck, Joghurt, Fruchts\u00e4fte , Eier, Marmelade, Schokolade: Ein italienisches Fr\u00fchst\u00fcck wird jeden Morgen auf dem Zimmer serviert wird<\/p>\n","protected":false},"excerpt":{"rendered":"<p>Geb\u00e4ck, Joghurt, Fruchts\u00e4fte , Eier, Marmelade, Schokolade: Ein italienisches Fr\u00fchst\u00fcck wird jeden Morgen auf dem Zimmer serviert wird<\/p>\n","protected":false},"author":3,"featured_media":0,"parent":184,"menu_order":0,"comment_status":"closed","ping_status":"closed","template":"","meta":{"footnotes":""},"class_list":["post-194","page","type-page","status-publish","hentry"],"yoast_head":"<!-- This site is optimized with the Yoast SEO plugin v27.4 - https:\/\/yoast.com\/product\/yoast-seo-wordpress\/ -->\n<title>Fr\u00fchst\u00fcck - Imperium Suite Navona<\/title>\n<meta name=\"robots\" content=\"index, follow, max-snippet:-1, max-image-preview:large, max-video-preview:-1\" \/>\n<link rel=\"canonical\" href=\"https:\/\/www.imperiumsuite.it\/?page_id=59\" \/>\n<meta property=\"og:locale\" content=\"de_DE\" \/>\n<meta property=\"og:type\" content=\"article\" \/>\n<meta property=\"og:title\" content=\"Fr\u00fchst\u00fcck - Imperium Suite Navona\" \/>\n<meta property=\"og:description\" content=\"Geb\u00e4ck, Joghurt, Fruchts\u00e4fte , Eier, Marmelade, Schokolade: Ein italienisches Fr\u00fchst\u00fcck wird jeden Morgen auf dem Zimmer serviert wird\" \/>\n<meta property=\"og:url\" content=\"https:\/\/www.imperiumsuite.it\/?page_id=59\" \/>\n<meta property=\"og:site_name\" content=\"Imperium Suite Navona\" \/>\n<meta name=\"twitter:card\" content=\"summary_large_image\" \/>\n<script type=\"application\/ld+json\" class=\"yoast-schema-graph\">{\"@context\":\"https:\\\/\\\/schema.org\",\"@graph\":[{\"@type\":\"WebPage\",\"@id\":\"https:\\\/\\\/www.imperiumsuite.it\\\/?page_id=59\",\"url\":\"https:\\\/\\\/www.imperiumsuite.it\\\/?page_id=59\",\"name\":\"Fr\u00fchst\u00fcck - Imperium Suite Navona\",\"isPartOf\":{\"@id\":\"https:\\\/\\\/www.imperiumsuite.it\\\/#website\"},\"datePublished\":\"2017-01-24T11:35:45+00:00\",\"breadcrumb\":{\"@id\":\"https:\\\/\\\/www.imperiumsuite.it\\\/?page_id=59#breadcrumb\"},\"inLanguage\":\"de-DE\",\"potentialAction\":[{\"@type\":\"ReadAction\",\"target\":[\"https:\\\/\\\/www.imperiumsuite.it\\\/?page_id=59\"]}]},{\"@type\":\"BreadcrumbList\",\"@id\":\"https:\\\/\\\/www.imperiumsuite.it\\\/?page_id=59#breadcrumb\",\"itemListElement\":[{\"@type\":\"ListItem\",\"position\":1,\"name\":\"Home\",\"item\":\"https:\\\/\\\/www.imperiumsuite.it\\\/de\\\/\"},{\"@type\":\"ListItem\",\"position\":2,\"name\":\"Service\",\"item\":\"https:\\\/\\\/www.imperiumsuite.it\\\/servizi\\\/\"},{\"@type\":\"ListItem\",\"position\":3,\"name\":\"Fr\u00fchst\u00fcck\"}]},{\"@type\":\"WebSite\",\"@id\":\"https:\\\/\\\/www.imperiumsuite.it\\\/#website\",\"url\":\"https:\\\/\\\/www.imperiumsuite.it\\\/\",\"name\":\"Imperium Suite Navona\",\"description\":\"Elegant townhouse in the Rome centre\",\"potentialAction\":[{\"@type\":\"SearchAction\",\"target\":{\"@type\":\"EntryPoint\",\"urlTemplate\":\"https:\\\/\\\/www.imperiumsuite.it\\\/?s={search_term_string}\"},\"query-input\":{\"@type\":\"PropertyValueSpecification\",\"valueRequired\":true,\"valueName\":\"search_term_string\"}}],\"inLanguage\":\"de-DE\"}]}<\/script>\n<!-- \/ Yoast SEO plugin. -->","yoast_head_json":{"title":"Fr\u00fchst\u00fcck - Imperium Suite Navona","robots":{"index":"index","follow":"follow","max-snippet":"max-snippet:-1","max-image-preview":"max-image-preview:large","max-video-preview":"max-video-preview:-1"},"canonical":"https:\/\/www.imperiumsuite.it\/?page_id=59","og_locale":"de_DE","og_type":"article","og_title":"Fr\u00fchst\u00fcck - Imperium Suite Navona","og_description":"Geb\u00e4ck, Joghurt, Fruchts\u00e4fte , Eier, Marmelade, Schokolade: Ein italienisches Fr\u00fchst\u00fcck wird jeden Morgen auf dem Zimmer serviert wird","og_url":"https:\/\/www.imperiumsuite.it\/?page_id=59","og_site_name":"Imperium Suite Navona","twitter_card":"summary_large_image","schema":{"@context":"https:\/\/schema.org","@graph":[{"@type":"WebPage","@id":"https:\/\/www.imperiumsuite.it\/?page_id=59","url":"https:\/\/www.imperiumsuite.it\/?page_id=59","name":"Fr\u00fchst\u00fcck - Imperium Suite Navona","isPartOf":{"@id":"https:\/\/www.imperiumsuite.it\/#website"},"datePublished":"2017-01-24T11:35:45+00:00","breadcrumb":{"@id":"https:\/\/www.imperiumsuite.it\/?page_id=59#breadcrumb"},"inLanguage":"de-DE","potentialAction":[{"@type":"ReadAction","target":["https:\/\/www.imperiumsuite.it\/?page_id=59"]}]},{"@type":"BreadcrumbList","@id":"https:\/\/www.imperiumsuite.it\/?page_id=59#breadcrumb","itemListElement":[{"@type":"ListItem","position":1,"name":"Home","item":"https:\/\/www.imperiumsuite.it\/de\/"},{"@type":"ListItem","position":2,"name":"Service","item":"https:\/\/www.imperiumsuite.it\/servizi\/"},{"@type":"ListItem","position":3,"name":"Fr\u00fchst\u00fcck"}]},{"@type":"WebSite","@id":"https:\/\/www.imperiumsuite.it\/#website","url":"https:\/\/www.imperiumsuite.it\/","name":"Imperium Suite Navona","description":"Elegant townhouse in the Rome centre","potentialAction":[{"@type":"SearchAction","target":{"@type":"EntryPoint","urlTemplate":"https:\/\/www.imperiumsuite.it\/?s={search_term_string}"},"query-input":{"@type":"PropertyValueSpecification","valueRequired":true,"valueName":"search_term_string"}}],"inLanguage":"de-DE"}]}},"_links":{"self":[{"href":"https:\/\/www.imperiumsuite.it\/de\/wp-json\/wp\/v2\/pages\/194","targetHints":{"allow":["GET"]}}],"collection":[{"href":"https:\/\/www.imperiumsuite.it\/de\/wp-json\/wp\/v2\/pages"}],"about":[{"href":"https:\/\/www.imperiumsuite.it\/de\/wp-json\/wp\/v2\/types\/page"}],"author":[{"embeddable":true,"href":"https:\/\/www.imperiumsuite.it\/de\/wp-json\/wp\/v2\/users\/3"}],"replies":[{"embeddable":true,"href":"https:\/\/www.imperiumsuite.it\/de\/wp-json\/wp\/v2\/comments?post=194"}],"version-history":[{"count":0,"href":"https:\/\/www.imperiumsuite.it\/de\/wp-json\/wp\/v2\/pages\/194\/revisions"}],"up":[{"embeddable":true,"href":"https:\/\/www.imperiumsuite.it\/de\/wp-json\/wp\/v2\/pages\/184"}],"wp:attachment":[{"href":"https:\/\/www.imperiumsuite.it\/de\/wp-json\/wp\/v2\/media?parent=194"}],"curies":[{"name":"wp","href":"https:\/\/api.w.org\/{rel}","templated":true}]}}