{"id":197,"date":"2017-01-24T12:45:51","date_gmt":"2017-01-24T11:45:51","guid":{"rendered":"http:\/\/www.imperiumsuite.it\/?page_id=197\/"},"modified":"2017-01-24T12:45:51","modified_gmt":"2017-01-24T11:45:51","slug":"cookies","status":"publish","type":"page","link":"https:\/\/www.imperiumsuite.it\/de\/cookies\/","title":{"rendered":"Cookies"},"content":{"rendered":"<h2>Cookies<\/h2>\n<p>Damit dieses Internetportal ordnungsgem\u00e4\u00df funktioniert, legen wir manchmal kleine Dateien \u2013 sogenannte Cookies \u2013 auf Ihrem Ger\u00e4t ab. Das ist bei den meisten gro\u00dfen Websites \u00fcblich.<\/p>\n<h3>Was sind Cookies?<\/h3>\n<p>Ein Cookie ist eine kleine Textdatei, die ein Webportal auf Ihrem Rechner, Tablet-Computer oder Smartphone hinterl\u00e4sst, wenn Sie es besuchen. So kann sich das Portal bestimmte Eingaben und Einstellungen (z. B. Login, Sprache, Schriftgr\u00f6\u00dfe und andere Anzeigepr\u00e4ferenzen) \u00fcber einen bestimmten Zeitraum \u201emerken\u201c, und Sie brauchen diese nicht bei jedem weiteren Besuch und beim Navigieren im Portal erneut vorzunehmen.<\/p>\n<h3>Wie setzen wir Cookies ein?<\/h3>\n<div class=\"alert\">\n<p><em>Adjust this part of the page according to your needs.\u00a0Explain which cookies you usein plain, jargon-free language. In particular:<\/em><\/p>\n<ul>\n<li><em>their purpose and the reason why they are being used, (e.g. to remember users&#8217; actions, to identify the user, for online behavioural advertising)<\/em><\/li>\n<li><em>if they are essential for the website or a given functionality to work or if they aim to enhance the performance of the website<\/em><\/li>\n<li><em>the types of cookies used (e.g. session or permanent, first or third-party)<\/em><\/li>\n<li><em>who controls\/accesses the cookie-related information (website or third party)<\/em><\/li>\n<li><em>that the cookie will not be used for any purpose other than the one stated<\/em><\/li>\n<li><em>how consent can be withdrawn.<\/em><\/li>\n<\/ul>\n<h3>\u00a0<\/h3>\n<div class=\"alert alert-info\">\u00a0<\/div>\n<\/div>\n<h3>Kontrolle \u00fcber Cookies<\/h3>\n<p>Sie k\u00f6nnen Cookies nach Belieben steuern und\/oder l\u00f6schen. Wie, erfahren Sie hier: <a href=\"http:\/\/www.aboutcookies.org\/\" rel=\"nofollow\">aboutcookies.org<\/a>. Sie k\u00f6nnen alle auf Ihrem Rechner abgelegten Cookies l\u00f6schen und die meisten Browser so einstellen, dass die Ablage von Cookies verhindert wird. Dann m\u00fcssen Sie aber m\u00f6glicherweise einige Einstellungen bei jedem Besuch einer Seite manuell vornehmen und die Beeintr\u00e4chtigung mancher Funktionen in Kauf nehmen.<\/p>\n","protected":false},"excerpt":{"rendered":"<p>Cookies Damit dieses Internetportal ordnungsgem\u00e4\u00df funktioniert, legen wir manchmal kleine Dateien \u2013 sogenannte Cookies \u2013 auf Ihrem Ger\u00e4t ab. Das ist bei den meisten gro\u00dfen Websites \u00fcblich. Was sind Cookies? Ein Cookie ist eine kleine Textdatei, die ein Webportal auf Ihrem Rechner, Tablet-Computer oder Smartphone hinterl\u00e4sst, wenn Sie es besuchen. So kann sich das Portal [&hellip;]<\/p>\n","protected":false},"author":3,"featured_media":0,"parent":0,"menu_order":0,"comment_status":"closed","ping_status":"closed","template":"","meta":{"footnotes":""},"class_list":["post-197","page","type-page","status-publish","hentry"],"yoast_head":"<!-- This site is optimized with the Yoast SEO plugin v27.2 - https:\/\/yoast.com\/product\/yoast-seo-wordpress\/ -->\n<title>Cookies - Imperium Suite Navona<\/title>\n<meta name=\"robots\" content=\"index, follow, max-snippet:-1, max-image-preview:large, max-video-preview:-1\" \/>\n<link rel=\"canonical\" href=\"https:\/\/www.imperiumsuite.it\/cookie-policy\/\" \/>\n<meta property=\"og:locale\" content=\"de_DE\" \/>\n<meta property=\"og:type\" content=\"article\" \/>\n<meta property=\"og:title\" content=\"Cookies - Imperium Suite Navona\" \/>\n<meta property=\"og:description\" content=\"Cookies Damit dieses Internetportal ordnungsgem\u00e4\u00df funktioniert, legen wir manchmal kleine Dateien \u2013 sogenannte Cookies \u2013 auf Ihrem Ger\u00e4t ab. Das ist bei den meisten gro\u00dfen Websites \u00fcblich. Was sind Cookies? Ein Cookie ist eine kleine Textdatei, die ein Webportal auf Ihrem Rechner, Tablet-Computer oder Smartphone hinterl\u00e4sst, wenn Sie es besuchen. So kann sich das Portal [&hellip;]\" \/>\n<meta property=\"og:url\" content=\"https:\/\/www.imperiumsuite.it\/cookie-policy\/\" \/>\n<meta property=\"og:site_name\" content=\"Imperium Suite Navona\" \/>\n<meta name=\"twitter:card\" content=\"summary_large_image\" \/>\n<meta name=\"twitter:label1\" content=\"Est. reading time\" \/>\n\t<meta name=\"twitter:data1\" content=\"1 minute\" \/>\n<script type=\"application\/ld+json\" class=\"yoast-schema-graph\">{\"@context\":\"https:\/\/schema.org\",\"@graph\":[{\"@type\":\"WebPage\",\"@id\":\"https:\/\/www.imperiumsuite.it\/cookie-policy\/\",\"url\":\"https:\/\/www.imperiumsuite.it\/cookie-policy\/\",\"name\":\"Cookies - Imperium Suite Navona\",\"isPartOf\":{\"@id\":\"https:\/\/www.imperiumsuite.it\/#website\"},\"datePublished\":\"2017-01-24T11:45:51+00:00\",\"breadcrumb\":{\"@id\":\"https:\/\/www.imperiumsuite.it\/cookie-policy\/#breadcrumb\"},\"inLanguage\":\"de-DE\",\"potentialAction\":[{\"@type\":\"ReadAction\",\"target\":[\"https:\/\/www.imperiumsuite.it\/cookie-policy\/\"]}]},{\"@type\":\"BreadcrumbList\",\"@id\":\"https:\/\/www.imperiumsuite.it\/cookie-policy\/#breadcrumb\",\"itemListElement\":[{\"@type\":\"ListItem\",\"position\":1,\"name\":\"Home\",\"item\":\"https:\/\/www.imperiumsuite.it\/de\/\"},{\"@type\":\"ListItem\",\"position\":2,\"name\":\"Cookies\"}]},{\"@type\":\"WebSite\",\"@id\":\"https:\/\/www.imperiumsuite.it\/#website\",\"url\":\"https:\/\/www.imperiumsuite.it\/\",\"name\":\"Imperium Suite Navona\",\"description\":\"Elegant townhouse in the Rome centre\",\"potentialAction\":[{\"@type\":\"SearchAction\",\"target\":{\"@type\":\"EntryPoint\",\"urlTemplate\":\"https:\/\/www.imperiumsuite.it\/?s={search_term_string}\"},\"query-input\":{\"@type\":\"PropertyValueSpecification\",\"valueRequired\":true,\"valueName\":\"search_term_string\"}}],\"inLanguage\":\"de-DE\"}]}<\/script>\n<!-- \/ Yoast SEO plugin. -->","yoast_head_json":{"title":"Cookies - Imperium Suite Navona","robots":{"index":"index","follow":"follow","max-snippet":"max-snippet:-1","max-image-preview":"max-image-preview:large","max-video-preview":"max-video-preview:-1"},"canonical":"https:\/\/www.imperiumsuite.it\/cookie-policy\/","og_locale":"de_DE","og_type":"article","og_title":"Cookies - Imperium Suite Navona","og_description":"Cookies Damit dieses Internetportal ordnungsgem\u00e4\u00df funktioniert, legen wir manchmal kleine Dateien \u2013 sogenannte Cookies \u2013 auf Ihrem Ger\u00e4t ab. Das ist bei den meisten gro\u00dfen Websites \u00fcblich. Was sind Cookies? Ein Cookie ist eine kleine Textdatei, die ein Webportal auf Ihrem Rechner, Tablet-Computer oder Smartphone hinterl\u00e4sst, wenn Sie es besuchen. So kann sich das Portal [&hellip;]","og_url":"https:\/\/www.imperiumsuite.it\/cookie-policy\/","og_site_name":"Imperium Suite Navona","twitter_card":"summary_large_image","twitter_misc":{"Est. reading time":"1 minute"},"schema":{"@context":"https:\/\/schema.org","@graph":[{"@type":"WebPage","@id":"https:\/\/www.imperiumsuite.it\/cookie-policy\/","url":"https:\/\/www.imperiumsuite.it\/cookie-policy\/","name":"Cookies - Imperium Suite Navona","isPartOf":{"@id":"https:\/\/www.imperiumsuite.it\/#website"},"datePublished":"2017-01-24T11:45:51+00:00","breadcrumb":{"@id":"https:\/\/www.imperiumsuite.it\/cookie-policy\/#breadcrumb"},"inLanguage":"de-DE","potentialAction":[{"@type":"ReadAction","target":["https:\/\/www.imperiumsuite.it\/cookie-policy\/"]}]},{"@type":"BreadcrumbList","@id":"https:\/\/www.imperiumsuite.it\/cookie-policy\/#breadcrumb","itemListElement":[{"@type":"ListItem","position":1,"name":"Home","item":"https:\/\/www.imperiumsuite.it\/de\/"},{"@type":"ListItem","position":2,"name":"Cookies"}]},{"@type":"WebSite","@id":"https:\/\/www.imperiumsuite.it\/#website","url":"https:\/\/www.imperiumsuite.it\/","name":"Imperium Suite Navona","description":"Elegant townhouse in the Rome centre","potentialAction":[{"@type":"SearchAction","target":{"@type":"EntryPoint","urlTemplate":"https:\/\/www.imperiumsuite.it\/?s={search_term_string}"},"query-input":{"@type":"PropertyValueSpecification","valueRequired":true,"valueName":"search_term_string"}}],"inLanguage":"de-DE"}]}},"_links":{"self":[{"href":"https:\/\/www.imperiumsuite.it\/de\/wp-json\/wp\/v2\/pages\/197","targetHints":{"allow":["GET"]}}],"collection":[{"href":"https:\/\/www.imperiumsuite.it\/de\/wp-json\/wp\/v2\/pages"}],"about":[{"href":"https:\/\/www.imperiumsuite.it\/de\/wp-json\/wp\/v2\/types\/page"}],"author":[{"embeddable":true,"href":"https:\/\/www.imperiumsuite.it\/de\/wp-json\/wp\/v2\/users\/3"}],"replies":[{"embeddable":true,"href":"https:\/\/www.imperiumsuite.it\/de\/wp-json\/wp\/v2\/comments?post=197"}],"version-history":[{"count":0,"href":"https:\/\/www.imperiumsuite.it\/de\/wp-json\/wp\/v2\/pages\/197\/revisions"}],"wp:attachment":[{"href":"https:\/\/www.imperiumsuite.it\/de\/wp-json\/wp\/v2\/media?parent=197"}],"curies":[{"name":"wp","href":"https:\/\/api.w.org\/{rel}","templated":true}]}}