{"id":208,"date":"2017-01-25T11:45:11","date_gmt":"2017-01-25T10:45:11","guid":{"rendered":"http:\/\/www.imperiumsuite.it\/?page_id=208\/"},"modified":"2018-08-30T09:55:29","modified_gmt":"2018-08-30T07:55:29","slug":"angebote","status":"publish","type":"page","link":"https:\/\/www.imperiumsuite.it\/de\/angebote\/","title":{"rendered":"Angebote"},"content":{"rendered":"<div>w\u00e4hlen Sie das beste Angebot f\u00fcr Ihren Aufenthalt im\u00a0<strong>Imperium Suite Navona<\/strong><\/div>\n<div>\u00a0<\/div>\n<div><b>BUCH VON UNSERER WEBSITE<\/b>\u00a0<\/div>\n<div>Buch von unserer Website und einen Rabatt von 15% das ganze Jahr \u00fcber erhalten<\/div>\n<div>\u00a0<\/div>\n<div><strong>ADVANCED BOOKING<\/strong><\/div>\n<div>Reservieren Sie innerhalb von 15 Tagen vor Ihrer Ankunft und haben einen 35% Rabatt auf den Gesamtbetrag! Zahlung wenn Sie reservieren, nicht r\u00fcckverg\u00fctbar.<\/div>\n<div>\u00a0<\/div>\n<div><strong>MINIMUM STAY 3 NIGHTS<\/strong><\/div>\n<div>Bleiben Sie mit uns f\u00fcr 3 oder mehr N\u00e4chte und haben einen 25% Rabatt auf den Gesamtbetrag! Sie k\u00f6nnen bei der Abreise bezahlen und Sie k\u00f6nnen innerhalb unserer Stornierungsbedingungen stornieren.<\/div>\n<div>\u00a0<\/div>\n<div><strong>MINIMUM STAY 4 NIGHTS<\/strong><\/div>\n<div>Bleiben Sie mit uns f\u00fcr 4 oder mehr N\u00e4chte und haben einen 30% Rabatt auf den Gesamtbetrag! Sie k\u00f6nnen bei der Abreise bezahlen und Sie k\u00f6nnen innerhalb unserer Stornierungsbedingungen stornieren.<\/div>\n<div>\u00a0<\/div>\n<div><strong>ROME IN LOVE<\/strong><\/div>\n<div>Ein romantisches Wochenende in einer der romantischsten St\u00e4dte der Welt. Unser Romantisches Aufenthalt Paket erlaubt Paare in der Liebe diesen Traum zu verwirklichen. Das Paket beinhaltet: zwei \u00dcbernachtungen im Standard-Doppelzimmer mit der M\u00f6glichkeit, ein kostenloses Upgrade auf ein Deluxe oder Superior-Flasche Champagner auf dem Zimmer bei der Ankunft, Fr\u00fchst\u00fcck im Bett und Abendessen bei Kerzenlicht im Restaurant &#8220;Osteria dei Cappellari&#8221;, in dem Rahmen, einzigartig und wunderbar, dem Campo de &#8216;Fiori (enth\u00e4lt das Men\u00fc Vorspeise, erster Gang, Hauptgang und Dessert, nicht enthalten Getr\u00e4nke). Die Gesamtkosten betr\u00e4gt 350 Euro.<\/div>\n<div><strong>GIFT BOX<\/strong><\/div>\n<div>Rom ist das perfekte Geschenk f\u00fcr die Menschen, die Sie lieben! Kontaktieren Sie das Hotel, und wir werden das richtige Paket f\u00fcr Sie erstellen<\/div>\n","protected":false},"excerpt":{"rendered":"<p>Viele Angebote f\u00fcr einen unvergesslichen Aufenthalt in der eleganten Imperium Suite Navona im Zentrum von Rom zu verbringen,<\/p>\n","protected":false},"author":3,"featured_media":888,"parent":0,"menu_order":0,"comment_status":"closed","ping_status":"closed","template":"templates\/tpl-offers.php","meta":{"footnotes":""},"class_list":["post-208","page","type-page","status-publish","has-post-thumbnail","hentry"],"yoast_head":"<!-- This site is optimized with the Yoast SEO plugin v27.2 - https:\/\/yoast.com\/product\/yoast-seo-wordpress\/ -->\n<title>Angebote - Imperium Suite Navona<\/title>\n<meta name=\"robots\" content=\"index, follow, max-snippet:-1, max-image-preview:large, max-video-preview:-1\" \/>\n<link rel=\"canonical\" href=\"https:\/\/www.imperiumsuite.it\/?page_id=17\" \/>\n<meta property=\"og:locale\" content=\"de_DE\" \/>\n<meta property=\"og:type\" content=\"article\" \/>\n<meta property=\"og:title\" content=\"Angebote - Imperium Suite Navona\" \/>\n<meta property=\"og:description\" content=\"Viele Angebote f\u00fcr einen unvergesslichen Aufenthalt in der eleganten Imperium Suite Navona im Zentrum von Rom zu verbringen,\" \/>\n<meta property=\"og:url\" content=\"https:\/\/www.imperiumsuite.it\/?page_id=17\" \/>\n<meta property=\"og:site_name\" content=\"Imperium Suite Navona\" \/>\n<meta property=\"article:modified_time\" content=\"2018-08-30T07:55:29+00:00\" \/>\n<meta property=\"og:image\" content=\"https:\/\/www.imperiumsuite.it\/wp-content\/uploads\/2016\/12\/DSC_9281.jpg\" \/>\n\t<meta property=\"og:image:width\" content=\"3840\" \/>\n\t<meta property=\"og:image:height\" content=\"2550\" \/>\n\t<meta property=\"og:image:type\" content=\"image\/jpeg\" \/>\n<meta name=\"twitter:card\" content=\"summary_large_image\" \/>\n<meta name=\"twitter:label1\" content=\"Est. reading time\" \/>\n\t<meta name=\"twitter:data1\" content=\"1 minute\" \/>\n<script type=\"application\/ld+json\" class=\"yoast-schema-graph\">{\"@context\":\"https:\/\/schema.org\",\"@graph\":[{\"@type\":\"WebPage\",\"@id\":\"https:\/\/www.imperiumsuite.it\/?page_id=17\",\"url\":\"https:\/\/www.imperiumsuite.it\/?page_id=17\",\"name\":\"Angebote - Imperium Suite Navona\",\"isPartOf\":{\"@id\":\"https:\/\/www.imperiumsuite.it\/#website\"},\"primaryImageOfPage\":{\"@id\":\"https:\/\/www.imperiumsuite.it\/?page_id=17#primaryimage\"},\"image\":{\"@id\":\"https:\/\/www.imperiumsuite.it\/?page_id=17#primaryimage\"},\"thumbnailUrl\":\"https:\/\/www.imperiumsuite.it\/wp-content\/uploads\/2016\/12\/DSC_9281.jpg\",\"datePublished\":\"2017-01-25T10:45:11+00:00\",\"dateModified\":\"2018-08-30T07:55:29+00:00\",\"breadcrumb\":{\"@id\":\"https:\/\/www.imperiumsuite.it\/?page_id=17#breadcrumb\"},\"inLanguage\":\"de-DE\",\"potentialAction\":[{\"@type\":\"ReadAction\",\"target\":[\"https:\/\/www.imperiumsuite.it\/?page_id=17\"]}]},{\"@type\":\"ImageObject\",\"inLanguage\":\"de-DE\",\"@id\":\"https:\/\/www.imperiumsuite.it\/?page_id=17#primaryimage\",\"url\":\"https:\/\/www.imperiumsuite.it\/wp-content\/uploads\/2016\/12\/DSC_9281.jpg\",\"contentUrl\":\"https:\/\/www.imperiumsuite.it\/wp-content\/uploads\/2016\/12\/DSC_9281.jpg\",\"width\":3840,\"height\":2550},{\"@type\":\"BreadcrumbList\",\"@id\":\"https:\/\/www.imperiumsuite.it\/?page_id=17#breadcrumb\",\"itemListElement\":[{\"@type\":\"ListItem\",\"position\":1,\"name\":\"Home\",\"item\":\"https:\/\/www.imperiumsuite.it\/de\/\"},{\"@type\":\"ListItem\",\"position\":2,\"name\":\"Angebote\"}]},{\"@type\":\"WebSite\",\"@id\":\"https:\/\/www.imperiumsuite.it\/#website\",\"url\":\"https:\/\/www.imperiumsuite.it\/\",\"name\":\"Imperium Suite Navona\",\"description\":\"Elegant townhouse in the Rome centre\",\"potentialAction\":[{\"@type\":\"SearchAction\",\"target\":{\"@type\":\"EntryPoint\",\"urlTemplate\":\"https:\/\/www.imperiumsuite.it\/?s={search_term_string}\"},\"query-input\":{\"@type\":\"PropertyValueSpecification\",\"valueRequired\":true,\"valueName\":\"search_term_string\"}}],\"inLanguage\":\"de-DE\"}]}<\/script>\n<!-- \/ Yoast SEO plugin. -->","yoast_head_json":{"title":"Angebote - Imperium Suite Navona","robots":{"index":"index","follow":"follow","max-snippet":"max-snippet:-1","max-image-preview":"max-image-preview:large","max-video-preview":"max-video-preview:-1"},"canonical":"https:\/\/www.imperiumsuite.it\/?page_id=17","og_locale":"de_DE","og_type":"article","og_title":"Angebote - Imperium Suite Navona","og_description":"Viele Angebote f\u00fcr einen unvergesslichen Aufenthalt in der eleganten Imperium Suite Navona im Zentrum von Rom zu verbringen,","og_url":"https:\/\/www.imperiumsuite.it\/?page_id=17","og_site_name":"Imperium Suite Navona","article_modified_time":"2018-08-30T07:55:29+00:00","og_image":[{"width":3840,"height":2550,"url":"https:\/\/www.imperiumsuite.it\/wp-content\/uploads\/2016\/12\/DSC_9281.jpg","type":"image\/jpeg"}],"twitter_card":"summary_large_image","twitter_misc":{"Est. reading time":"1 minute"},"schema":{"@context":"https:\/\/schema.org","@graph":[{"@type":"WebPage","@id":"https:\/\/www.imperiumsuite.it\/?page_id=17","url":"https:\/\/www.imperiumsuite.it\/?page_id=17","name":"Angebote - Imperium Suite Navona","isPartOf":{"@id":"https:\/\/www.imperiumsuite.it\/#website"},"primaryImageOfPage":{"@id":"https:\/\/www.imperiumsuite.it\/?page_id=17#primaryimage"},"image":{"@id":"https:\/\/www.imperiumsuite.it\/?page_id=17#primaryimage"},"thumbnailUrl":"https:\/\/www.imperiumsuite.it\/wp-content\/uploads\/2016\/12\/DSC_9281.jpg","datePublished":"2017-01-25T10:45:11+00:00","dateModified":"2018-08-30T07:55:29+00:00","breadcrumb":{"@id":"https:\/\/www.imperiumsuite.it\/?page_id=17#breadcrumb"},"inLanguage":"de-DE","potentialAction":[{"@type":"ReadAction","target":["https:\/\/www.imperiumsuite.it\/?page_id=17"]}]},{"@type":"ImageObject","inLanguage":"de-DE","@id":"https:\/\/www.imperiumsuite.it\/?page_id=17#primaryimage","url":"https:\/\/www.imperiumsuite.it\/wp-content\/uploads\/2016\/12\/DSC_9281.jpg","contentUrl":"https:\/\/www.imperiumsuite.it\/wp-content\/uploads\/2016\/12\/DSC_9281.jpg","width":3840,"height":2550},{"@type":"BreadcrumbList","@id":"https:\/\/www.imperiumsuite.it\/?page_id=17#breadcrumb","itemListElement":[{"@type":"ListItem","position":1,"name":"Home","item":"https:\/\/www.imperiumsuite.it\/de\/"},{"@type":"ListItem","position":2,"name":"Angebote"}]},{"@type":"WebSite","@id":"https:\/\/www.imperiumsuite.it\/#website","url":"https:\/\/www.imperiumsuite.it\/","name":"Imperium Suite Navona","description":"Elegant townhouse in the Rome centre","potentialAction":[{"@type":"SearchAction","target":{"@type":"EntryPoint","urlTemplate":"https:\/\/www.imperiumsuite.it\/?s={search_term_string}"},"query-input":{"@type":"PropertyValueSpecification","valueRequired":true,"valueName":"search_term_string"}}],"inLanguage":"de-DE"}]}},"_links":{"self":[{"href":"https:\/\/www.imperiumsuite.it\/de\/wp-json\/wp\/v2\/pages\/208","targetHints":{"allow":["GET"]}}],"collection":[{"href":"https:\/\/www.imperiumsuite.it\/de\/wp-json\/wp\/v2\/pages"}],"about":[{"href":"https:\/\/www.imperiumsuite.it\/de\/wp-json\/wp\/v2\/types\/page"}],"author":[{"embeddable":true,"href":"https:\/\/www.imperiumsuite.it\/de\/wp-json\/wp\/v2\/users\/3"}],"replies":[{"embeddable":true,"href":"https:\/\/www.imperiumsuite.it\/de\/wp-json\/wp\/v2\/comments?post=208"}],"version-history":[{"count":0,"href":"https:\/\/www.imperiumsuite.it\/de\/wp-json\/wp\/v2\/pages\/208\/revisions"}],"wp:featuredmedia":[{"embeddable":true,"href":"https:\/\/www.imperiumsuite.it\/de\/wp-json\/wp\/v2\/media\/888"}],"wp:attachment":[{"href":"https:\/\/www.imperiumsuite.it\/de\/wp-json\/wp\/v2\/media?parent=208"}],"curies":[{"name":"wp","href":"https:\/\/api.w.org\/{rel}","templated":true}]}}