{"id":232,"date":"2016-12-05T23:10:40","date_gmt":"2016-12-05T22:10:40","guid":{"rendered":"http:\/\/www.imperiumsuite.it\/nei-dintorni\/"},"modified":"2017-02-10T10:12:52","modified_gmt":"2017-02-10T09:12:52","slug":"in-der-umgebung","status":"publish","type":"page","link":"https:\/\/www.imperiumsuite.it\/de\/in-der-umgebung\/","title":{"rendered":"In der Umgebung"},"content":{"rendered":"<p>Rom ist eine der sch\u00f6nsten St\u00e4dte der Welt. Sie verf\u00fcgt \u00fcber eine immense k\u00fcnstlerische, kulturelle, historische und monumentale und das historische Zentrum hat 25.000 Punkte von arch\u00e4ologischem Interesse. Rund um das Zentrum von Rom anerkannt, ein Weltkulturerbe der Unesco seit 1980.<\/p>\n<p>Selbst diejenigen, die in Rom leben, sagt es unm\u00f6glich ist, es zu wissen alle: Die R\u00f6mer in der Tat sagen, dass ein Leben nicht ausreicht, die ganze Stadt zu besuchen. Jede Stra\u00dfe, jede Ecke, jeder Teil der Fl\u00e4che zwischen den W\u00e4nden der Tat einzigartig, wertvoll, mit einer Geschichte zu erz\u00e4hlen. Imperium Suite Navona ist daher die beste Wahl f\u00fcr diejenigen, die so viel wie m\u00f6glich nach Rom zu finden wollen und wen er das Beste aus seiner Atmosph\u00e4re genie\u00dfen: im historischen Zentrum liegt in unmittelbarer N\u00e4he zu den wichtigsten Sehensw\u00fcrdigkeiten und den wichtigsten und charakteristischsten der Ewigen Stadt.<\/p>\n","protected":false},"excerpt":{"rendered":"<p>Rom ist eine der sch\u00f6nsten St\u00e4dte der Welt. Imperium Suite Navona Es ist in der N\u00e4he von Piazza Navona, Pantheon, Fontana di Tevi, Piazza di Spagna, Pantheon, campo de&#8217; fiori.<\/p>\n","protected":false},"author":2,"featured_media":0,"parent":0,"menu_order":0,"comment_status":"closed","ping_status":"closed","template":"templates\/tpl-around.php","meta":{"footnotes":""},"class_list":["post-232","page","type-page","status-publish","hentry"],"yoast_head":"<!-- This site is optimized with the Yoast SEO plugin v27.2 - https:\/\/yoast.com\/product\/yoast-seo-wordpress\/ -->\n<title>In der Umgebung - Imperium Suite Navona<\/title>\n<meta name=\"robots\" content=\"index, follow, max-snippet:-1, max-image-preview:large, max-video-preview:-1\" \/>\n<link rel=\"canonical\" href=\"https:\/\/www.imperiumsuite.it\/nei-dintorni\/\" \/>\n<meta property=\"og:locale\" content=\"de_DE\" \/>\n<meta property=\"og:type\" content=\"article\" \/>\n<meta property=\"og:title\" content=\"In der Umgebung - Imperium Suite Navona\" \/>\n<meta property=\"og:description\" content=\"Rom ist eine der sch\u00f6nsten St\u00e4dte der Welt. Imperium Suite Navona Es ist in der N\u00e4he von Piazza Navona, Pantheon, Fontana di Tevi, Piazza di Spagna, Pantheon, campo de&#039; fiori.\" \/>\n<meta property=\"og:url\" content=\"https:\/\/www.imperiumsuite.it\/nei-dintorni\/\" \/>\n<meta property=\"og:site_name\" content=\"Imperium Suite Navona\" \/>\n<meta property=\"article:modified_time\" content=\"2017-02-10T09:12:52+00:00\" \/>\n<meta name=\"twitter:card\" content=\"summary_large_image\" \/>\n<meta name=\"twitter:label1\" content=\"Est. reading time\" \/>\n\t<meta name=\"twitter:data1\" content=\"1 minute\" \/>\n<script type=\"application\/ld+json\" class=\"yoast-schema-graph\">{\"@context\":\"https:\/\/schema.org\",\"@graph\":[{\"@type\":\"WebPage\",\"@id\":\"https:\/\/www.imperiumsuite.it\/nei-dintorni\/\",\"url\":\"https:\/\/www.imperiumsuite.it\/nei-dintorni\/\",\"name\":\"In der Umgebung - Imperium Suite Navona\",\"isPartOf\":{\"@id\":\"https:\/\/www.imperiumsuite.it\/#website\"},\"datePublished\":\"2016-12-05T22:10:40+00:00\",\"dateModified\":\"2017-02-10T09:12:52+00:00\",\"breadcrumb\":{\"@id\":\"https:\/\/www.imperiumsuite.it\/nei-dintorni\/#breadcrumb\"},\"inLanguage\":\"de-DE\",\"potentialAction\":[{\"@type\":\"ReadAction\",\"target\":[\"https:\/\/www.imperiumsuite.it\/nei-dintorni\/\"]}]},{\"@type\":\"BreadcrumbList\",\"@id\":\"https:\/\/www.imperiumsuite.it\/nei-dintorni\/#breadcrumb\",\"itemListElement\":[{\"@type\":\"ListItem\",\"position\":1,\"name\":\"Home\",\"item\":\"https:\/\/www.imperiumsuite.it\/de\/\"},{\"@type\":\"ListItem\",\"position\":2,\"name\":\"In der Umgebung\"}]},{\"@type\":\"WebSite\",\"@id\":\"https:\/\/www.imperiumsuite.it\/#website\",\"url\":\"https:\/\/www.imperiumsuite.it\/\",\"name\":\"Imperium Suite Navona\",\"description\":\"Elegant townhouse in the Rome centre\",\"potentialAction\":[{\"@type\":\"SearchAction\",\"target\":{\"@type\":\"EntryPoint\",\"urlTemplate\":\"https:\/\/www.imperiumsuite.it\/?s={search_term_string}\"},\"query-input\":{\"@type\":\"PropertyValueSpecification\",\"valueRequired\":true,\"valueName\":\"search_term_string\"}}],\"inLanguage\":\"de-DE\"}]}<\/script>\n<!-- \/ Yoast SEO plugin. -->","yoast_head_json":{"title":"In der Umgebung - Imperium Suite Navona","robots":{"index":"index","follow":"follow","max-snippet":"max-snippet:-1","max-image-preview":"max-image-preview:large","max-video-preview":"max-video-preview:-1"},"canonical":"https:\/\/www.imperiumsuite.it\/nei-dintorni\/","og_locale":"de_DE","og_type":"article","og_title":"In der Umgebung - Imperium Suite Navona","og_description":"Rom ist eine der sch\u00f6nsten St\u00e4dte der Welt. Imperium Suite Navona Es ist in der N\u00e4he von Piazza Navona, Pantheon, Fontana di Tevi, Piazza di Spagna, Pantheon, campo de' fiori.","og_url":"https:\/\/www.imperiumsuite.it\/nei-dintorni\/","og_site_name":"Imperium Suite Navona","article_modified_time":"2017-02-10T09:12:52+00:00","twitter_card":"summary_large_image","twitter_misc":{"Est. reading time":"1 minute"},"schema":{"@context":"https:\/\/schema.org","@graph":[{"@type":"WebPage","@id":"https:\/\/www.imperiumsuite.it\/nei-dintorni\/","url":"https:\/\/www.imperiumsuite.it\/nei-dintorni\/","name":"In der Umgebung - Imperium Suite Navona","isPartOf":{"@id":"https:\/\/www.imperiumsuite.it\/#website"},"datePublished":"2016-12-05T22:10:40+00:00","dateModified":"2017-02-10T09:12:52+00:00","breadcrumb":{"@id":"https:\/\/www.imperiumsuite.it\/nei-dintorni\/#breadcrumb"},"inLanguage":"de-DE","potentialAction":[{"@type":"ReadAction","target":["https:\/\/www.imperiumsuite.it\/nei-dintorni\/"]}]},{"@type":"BreadcrumbList","@id":"https:\/\/www.imperiumsuite.it\/nei-dintorni\/#breadcrumb","itemListElement":[{"@type":"ListItem","position":1,"name":"Home","item":"https:\/\/www.imperiumsuite.it\/de\/"},{"@type":"ListItem","position":2,"name":"In der Umgebung"}]},{"@type":"WebSite","@id":"https:\/\/www.imperiumsuite.it\/#website","url":"https:\/\/www.imperiumsuite.it\/","name":"Imperium Suite Navona","description":"Elegant townhouse in the Rome centre","potentialAction":[{"@type":"SearchAction","target":{"@type":"EntryPoint","urlTemplate":"https:\/\/www.imperiumsuite.it\/?s={search_term_string}"},"query-input":{"@type":"PropertyValueSpecification","valueRequired":true,"valueName":"search_term_string"}}],"inLanguage":"de-DE"}]}},"_links":{"self":[{"href":"https:\/\/www.imperiumsuite.it\/de\/wp-json\/wp\/v2\/pages\/232","targetHints":{"allow":["GET"]}}],"collection":[{"href":"https:\/\/www.imperiumsuite.it\/de\/wp-json\/wp\/v2\/pages"}],"about":[{"href":"https:\/\/www.imperiumsuite.it\/de\/wp-json\/wp\/v2\/types\/page"}],"author":[{"embeddable":true,"href":"https:\/\/www.imperiumsuite.it\/de\/wp-json\/wp\/v2\/users\/2"}],"replies":[{"embeddable":true,"href":"https:\/\/www.imperiumsuite.it\/de\/wp-json\/wp\/v2\/comments?post=232"}],"version-history":[{"count":0,"href":"https:\/\/www.imperiumsuite.it\/de\/wp-json\/wp\/v2\/pages\/232\/revisions"}],"wp:attachment":[{"href":"https:\/\/www.imperiumsuite.it\/de\/wp-json\/wp\/v2\/media?parent=232"}],"curies":[{"name":"wp","href":"https:\/\/api.w.org\/{rel}","templated":true}]}}