{"id":136,"date":"2017-01-17T18:25:37","date_gmt":"2017-01-17T17:25:37","guid":{"rendered":"http:\/\/www.imperiumsuite.it\/hotel\/"},"modified":"2025-08-24T11:07:40","modified_gmt":"2025-08-24T09:07:40","slug":"strutture","status":"publish","type":"page","link":"https:\/\/www.imperiumsuite.it\/es\/strutture\/","title":{"rendered":"Nuestros Alojamientos"},"content":{"rendered":"<h2>Imperium Suite: Elegancia y confort para tu estancia romana<\/h2>\n<p>Imperium Suite es un referente en la hospitalidad del centro hist\u00f3rico de Roma desde 2008. Es el lugar perfecto para quienes desean disfrutar de la ciudad, descubrir sus monumentos, pasear por sus calles hist\u00f3ricas y vivir una estancia placentera y relajante.<\/p>\n<p>En constante crecimiento, Imperium Suite se dedica a ofrecer el m\u00e1ximo confort a sus hu\u00e9spedes. Con a\u00f1os de experiencia en el sector hotelero, ofrecemos un servicio atento, profesional y personalizado. Cada detalle est\u00e1 cuidadosamente pensado para garantizar una estancia de calidad en un ambiente elegante y acogedor<\/p>\n","protected":false},"excerpt":{"rendered":"<p>Imperium Suite\u00a0costituisce, dal 2008, un punto di riferimento dell\u2019accoglienza turistica del\u00a0centro storico di Roma. Struttura d\u2019eccellenza, \u00e8 da sempre frequentata da chi vuole vivere appieno la citt\u00e0, scoprire le meraviglie di Roma e trascorrere un soggiorno piacevole e rilassante.<\/p>\n","protected":false},"author":2,"featured_media":1615,"parent":0,"menu_order":0,"comment_status":"closed","ping_status":"closed","template":"","meta":{"footnotes":""},"class_list":["post-136","page","type-page","status-publish","has-post-thumbnail","hentry"],"yoast_head":"<!-- This site is optimized with the Yoast SEO plugin v27.2 - https:\/\/yoast.com\/product\/yoast-seo-wordpress\/ -->\n<title>Nuestros Alojamientos - Imperium Suite Navona<\/title>\n<meta name=\"robots\" content=\"index, follow, max-snippet:-1, max-image-preview:large, max-video-preview:-1\" \/>\n<link rel=\"canonical\" href=\"https:\/\/www.imperiumsuite.it\/es\/strutture\/\" \/>\n<meta property=\"og:locale\" content=\"es_ES\" \/>\n<meta property=\"og:type\" content=\"article\" \/>\n<meta property=\"og:title\" content=\"Nuestros Alojamientos - Imperium Suite Navona\" \/>\n<meta property=\"og:description\" content=\"Imperium Suite\u00a0costituisce, dal 2008, un punto di riferimento dell\u2019accoglienza turistica del\u00a0centro storico di Roma. Struttura d\u2019eccellenza, \u00e8 da sempre frequentata da chi vuole vivere appieno la citt\u00e0, scoprire le meraviglie di Roma e trascorrere un soggiorno piacevole e rilassante.\" \/>\n<meta property=\"og:url\" content=\"https:\/\/www.imperiumsuite.it\/es\/strutture\/\" \/>\n<meta property=\"og:site_name\" content=\"Imperium Suite Navona\" \/>\n<meta property=\"article:modified_time\" content=\"2025-08-24T09:07:40+00:00\" \/>\n<meta property=\"og:image\" content=\"https:\/\/www.imperiumsuite.it\/wp-content\/uploads\/2025\/07\/25\/DSC_2098.jpg\" \/>\n\t<meta property=\"og:image:width\" content=\"1920\" \/>\n\t<meta property=\"og:image:height\" content=\"1277\" \/>\n\t<meta property=\"og:image:type\" content=\"image\/jpeg\" \/>\n<meta name=\"twitter:card\" content=\"summary_large_image\" \/>\n<meta name=\"twitter:label1\" content=\"Est. reading time\" \/>\n\t<meta name=\"twitter:data1\" content=\"1 minute\" \/>\n<script type=\"application\/ld+json\" class=\"yoast-schema-graph\">{\"@context\":\"https:\/\/schema.org\",\"@graph\":[{\"@type\":\"WebPage\",\"@id\":\"https:\/\/www.imperiumsuite.it\/es\/strutture\/\",\"url\":\"https:\/\/www.imperiumsuite.it\/es\/strutture\/\",\"name\":\"Nuestros Alojamientos - Imperium Suite Navona\",\"isPartOf\":{\"@id\":\"https:\/\/www.imperiumsuite.it\/#website\"},\"primaryImageOfPage\":{\"@id\":\"https:\/\/www.imperiumsuite.it\/es\/strutture\/#primaryimage\"},\"image\":{\"@id\":\"https:\/\/www.imperiumsuite.it\/es\/strutture\/#primaryimage\"},\"thumbnailUrl\":\"https:\/\/www.imperiumsuite.it\/wp-content\/uploads\/2025\/07\/25\/DSC_2098.jpg\",\"datePublished\":\"2017-01-17T17:25:37+00:00\",\"dateModified\":\"2025-08-24T09:07:40+00:00\",\"breadcrumb\":{\"@id\":\"https:\/\/www.imperiumsuite.it\/es\/strutture\/#breadcrumb\"},\"inLanguage\":\"es-ES\",\"potentialAction\":[{\"@type\":\"ReadAction\",\"target\":[\"https:\/\/www.imperiumsuite.it\/es\/strutture\/\"]}]},{\"@type\":\"ImageObject\",\"inLanguage\":\"es-ES\",\"@id\":\"https:\/\/www.imperiumsuite.it\/es\/strutture\/#primaryimage\",\"url\":\"https:\/\/www.imperiumsuite.it\/wp-content\/uploads\/2025\/07\/25\/DSC_2098.jpg\",\"contentUrl\":\"https:\/\/www.imperiumsuite.it\/wp-content\/uploads\/2025\/07\/25\/DSC_2098.jpg\",\"width\":1920,\"height\":1277},{\"@type\":\"BreadcrumbList\",\"@id\":\"https:\/\/www.imperiumsuite.it\/es\/strutture\/#breadcrumb\",\"itemListElement\":[{\"@type\":\"ListItem\",\"position\":1,\"name\":\"Home\",\"item\":\"https:\/\/www.imperiumsuite.it\/es\/\"},{\"@type\":\"ListItem\",\"position\":2,\"name\":\"Nuestros Alojamientos\"}]},{\"@type\":\"WebSite\",\"@id\":\"https:\/\/www.imperiumsuite.it\/#website\",\"url\":\"https:\/\/www.imperiumsuite.it\/\",\"name\":\"Imperium Suite Navona\",\"description\":\"Elegant townhouse in the Rome centre\",\"potentialAction\":[{\"@type\":\"SearchAction\",\"target\":{\"@type\":\"EntryPoint\",\"urlTemplate\":\"https:\/\/www.imperiumsuite.it\/?s={search_term_string}\"},\"query-input\":{\"@type\":\"PropertyValueSpecification\",\"valueRequired\":true,\"valueName\":\"search_term_string\"}}],\"inLanguage\":\"es-ES\"}]}<\/script>\n<!-- \/ Yoast SEO plugin. -->","yoast_head_json":{"title":"Nuestros Alojamientos - Imperium Suite Navona","robots":{"index":"index","follow":"follow","max-snippet":"max-snippet:-1","max-image-preview":"max-image-preview:large","max-video-preview":"max-video-preview:-1"},"canonical":"https:\/\/www.imperiumsuite.it\/es\/strutture\/","og_locale":"es_ES","og_type":"article","og_title":"Nuestros Alojamientos - Imperium Suite Navona","og_description":"Imperium Suite\u00a0costituisce, dal 2008, un punto di riferimento dell\u2019accoglienza turistica del\u00a0centro storico di Roma. Struttura d\u2019eccellenza, \u00e8 da sempre frequentata da chi vuole vivere appieno la citt\u00e0, scoprire le meraviglie di Roma e trascorrere un soggiorno piacevole e rilassante.","og_url":"https:\/\/www.imperiumsuite.it\/es\/strutture\/","og_site_name":"Imperium Suite Navona","article_modified_time":"2025-08-24T09:07:40+00:00","og_image":[{"width":1920,"height":1277,"url":"https:\/\/www.imperiumsuite.it\/wp-content\/uploads\/2025\/07\/25\/DSC_2098.jpg","type":"image\/jpeg"}],"twitter_card":"summary_large_image","twitter_misc":{"Est. reading time":"1 minute"},"schema":{"@context":"https:\/\/schema.org","@graph":[{"@type":"WebPage","@id":"https:\/\/www.imperiumsuite.it\/es\/strutture\/","url":"https:\/\/www.imperiumsuite.it\/es\/strutture\/","name":"Nuestros Alojamientos - Imperium Suite Navona","isPartOf":{"@id":"https:\/\/www.imperiumsuite.it\/#website"},"primaryImageOfPage":{"@id":"https:\/\/www.imperiumsuite.it\/es\/strutture\/#primaryimage"},"image":{"@id":"https:\/\/www.imperiumsuite.it\/es\/strutture\/#primaryimage"},"thumbnailUrl":"https:\/\/www.imperiumsuite.it\/wp-content\/uploads\/2025\/07\/25\/DSC_2098.jpg","datePublished":"2017-01-17T17:25:37+00:00","dateModified":"2025-08-24T09:07:40+00:00","breadcrumb":{"@id":"https:\/\/www.imperiumsuite.it\/es\/strutture\/#breadcrumb"},"inLanguage":"es-ES","potentialAction":[{"@type":"ReadAction","target":["https:\/\/www.imperiumsuite.it\/es\/strutture\/"]}]},{"@type":"ImageObject","inLanguage":"es-ES","@id":"https:\/\/www.imperiumsuite.it\/es\/strutture\/#primaryimage","url":"https:\/\/www.imperiumsuite.it\/wp-content\/uploads\/2025\/07\/25\/DSC_2098.jpg","contentUrl":"https:\/\/www.imperiumsuite.it\/wp-content\/uploads\/2025\/07\/25\/DSC_2098.jpg","width":1920,"height":1277},{"@type":"BreadcrumbList","@id":"https:\/\/www.imperiumsuite.it\/es\/strutture\/#breadcrumb","itemListElement":[{"@type":"ListItem","position":1,"name":"Home","item":"https:\/\/www.imperiumsuite.it\/es\/"},{"@type":"ListItem","position":2,"name":"Nuestros Alojamientos"}]},{"@type":"WebSite","@id":"https:\/\/www.imperiumsuite.it\/#website","url":"https:\/\/www.imperiumsuite.it\/","name":"Imperium Suite Navona","description":"Elegant townhouse in the Rome centre","potentialAction":[{"@type":"SearchAction","target":{"@type":"EntryPoint","urlTemplate":"https:\/\/www.imperiumsuite.it\/?s={search_term_string}"},"query-input":{"@type":"PropertyValueSpecification","valueRequired":true,"valueName":"search_term_string"}}],"inLanguage":"es-ES"}]}},"_links":{"self":[{"href":"https:\/\/www.imperiumsuite.it\/es\/wp-json\/wp\/v2\/pages\/136","targetHints":{"allow":["GET"]}}],"collection":[{"href":"https:\/\/www.imperiumsuite.it\/es\/wp-json\/wp\/v2\/pages"}],"about":[{"href":"https:\/\/www.imperiumsuite.it\/es\/wp-json\/wp\/v2\/types\/page"}],"author":[{"embeddable":true,"href":"https:\/\/www.imperiumsuite.it\/es\/wp-json\/wp\/v2\/users\/2"}],"replies":[{"embeddable":true,"href":"https:\/\/www.imperiumsuite.it\/es\/wp-json\/wp\/v2\/comments?post=136"}],"version-history":[{"count":0,"href":"https:\/\/www.imperiumsuite.it\/es\/wp-json\/wp\/v2\/pages\/136\/revisions"}],"wp:featuredmedia":[{"embeddable":true,"href":"https:\/\/www.imperiumsuite.it\/es\/wp-json\/wp\/v2\/media\/1615"}],"wp:attachment":[{"href":"https:\/\/www.imperiumsuite.it\/es\/wp-json\/wp\/v2\/media?parent=136"}],"curies":[{"name":"wp","href":"https:\/\/api.w.org\/{rel}","templated":true}]}}