{"id":142,"date":"2017-01-23T11:47:50","date_gmt":"2017-01-23T10:47:50","guid":{"rendered":"http:\/\/www.imperiumsuite.it\/?page_id=142\/"},"modified":"2025-08-26T11:45:33","modified_gmt":"2025-08-26T09:45:33","slug":"ubicacic","status":"publish","type":"page","link":"https:\/\/www.imperiumsuite.it\/es\/ubicacic\/","title":{"rendered":"Ubicaci\u00e7"},"content":{"rendered":"<p>&nbsp;<\/p>\n<div style=\"text-align: center;\">\u00a0<\/div>\n<div style=\"text-align: center;\"><strong>Imperium Suite Navona<\/strong><\/div>\n<div style=\"text-align: center;\">\u00a0<\/div>\n<div style=\"text-align: center;\">Vicolo della Palomba, 19<\/div>\n<div style=\"text-align: center;\">00186\u00a0&#8211; Roma<\/div>\n<div style=\"text-align: center;\">\u00a0<\/div>\n<div style=\"text-align: center;\"><strong>Telef\u00f2no<\/strong>:\u00a0<a href=\"tel:+39%2006%206821%200701\" target=\"_blank\" rel=\"noopener\">+39 06 6821 0701<\/a><\/div>\n<div style=\"text-align: center;\">\u00a0<\/div>\n<div style=\"text-align: center;\"><strong>Fax<\/strong>:\u00a0<a href=\"tel:+39%2006%206821%200701\" target=\"_blank\" rel=\"noopener\">+39 06 68210701<\/a><\/div>\n<div style=\"text-align: center;\">\u00a0<\/div>\n<div style=\"text-align: center;\"><a href=\"mailto:info@imperiumsuitenavona.com\" target=\"_blank\" rel=\"noopener\">info@imperiumsuitenavona.com<\/a><\/div>\n<div style=\"text-align: center;\">\u00a0<\/div>\n<div style=\"text-align: center;\">\u00a0<\/div>\n<div style=\"text-align: center;\"><strong>Coordenadas GPS:<\/strong><\/div>\n<div style=\"text-align: center;\">\u00a0<\/div>\n<div style=\"text-align: center;\">Lat. 41.9014825<\/div>\n<div style=\"text-align: center;\">Long. 12.473591499999998<\/div>\n<div style=\"text-align: center;\">\u00a0<\/div>\n<div style=\"text-align: center;\">N 41\u00b054&#8217;5.337&#8243;<\/div>\n<div style=\"text-align: center;\">E 12\u00b028&#8217;24.929&#8243;<\/div>\n<div style=\"text-align: center;\">\u00a0<\/div>\n<div style=\"text-align: center;\">\u00a0<\/div>\n<div style=\"text-align: center;\"><strong>Como llegar:<\/strong><\/div>\n<p>Desde el Aeropuerto Fiumicino, situado a 35 Km de Roma, usted puede llegar al Imperium Suites Navona:<\/p>\n<ul>\n<li>por el Tren Especial Leonardo Express<br \/>\nEl Tren \u201cLeonardo Express\u201d parte todos los d\u00edas desde la estaci\u00f3n del aeropuerto de Fiumicino cada 30 minutos, no realiza ninguna parada intermedia y llega a la estaci\u00f3n Termini.<\/li>\n<\/ul>\n<p>\nDesde el Aeropuerto Ciampino, situado a 25 Km de Roma, usted puede llegar al Town House:<\/p>\n<ul>\n<li>por COTRAL bus + Tren (Estaci\u00f3n de Trenes de Ciampino)<br \/>\nDe frente al pasillo de llegadas del aeropuerto estan los autobuses de Acotral para la estaci\u00f3n de trenes de Ciampino. Desde la estaci\u00f3n del ferrocaril parten los trenes para la estaci\u00f3n de Roma-Termini cada 15 minutos.<\/li>\n<\/ul>\n<ul>\n<li>por COTRAL bus + Metro<br \/>\nDe frente al pasillo de llegadas del aeropuerto estan los autobuses de Acotral para la estaci\u00f3n del Metro de &#8220;Anagnina&#8221;. Una vez en el Metro Anagnina (Linea A), usted toma la direcci\u00f3n Battistini y baja en la estaci\u00f3n Termini.<\/li>\n<\/ul>\n<p>\nDesde la estaci\u00f3n Termini, ubicada a 2 Km del Imperium Suites Navona, usted puede arribar al Town House:<\/p>\n<ul>\n<li>por Bus (ATAC)<br \/>\nFuera de la estaci\u00f3n Termini estan los autob\u00fases de ATAC. Usted puede tomar el autob\u00fas n.64 o n. 40 Express.<\/li>\n<\/ul>\n<p>\nLa estaci\u00f3n m\u00e1s cercana del Metro es Colosseo (linea B) ubicado a 1,5 km y Barberini (linea A) ubicado a 2 Km del Imperium Suites Navona.<\/p>\n","protected":false},"excerpt":{"rendered":"<p>Vicolo della Palomba, 19 tel\/ fax +39 06 682 107 01 info@imperiumsuitenavona.com<\/p>\n","protected":false},"author":3,"featured_media":52,"parent":0,"menu_order":0,"comment_status":"closed","ping_status":"closed","template":"templates\/tpl-contact-us.php","meta":{"footnotes":""},"class_list":["post-142","page","type-page","status-publish","has-post-thumbnail","hentry"],"yoast_head":"<!-- This site is optimized with the Yoast SEO plugin v27.2 - https:\/\/yoast.com\/product\/yoast-seo-wordpress\/ -->\n<title>Ubicaci\u00e7 - Imperium Suite Navona<\/title>\n<meta name=\"robots\" content=\"index, follow, max-snippet:-1, max-image-preview:large, max-video-preview:-1\" \/>\n<link rel=\"canonical\" href=\"https:\/\/www.imperiumsuite.it\/es\/ubicacic\/\" \/>\n<meta property=\"og:locale\" content=\"es_ES\" \/>\n<meta property=\"og:type\" content=\"article\" \/>\n<meta property=\"og:title\" content=\"Ubicaci\u00e7 - Imperium Suite Navona\" \/>\n<meta property=\"og:description\" content=\"Vicolo della Palomba, 19 tel\/ fax +39 06 682 107 01 info@imperiumsuitenavona.com\" \/>\n<meta property=\"og:url\" content=\"https:\/\/www.imperiumsuite.it\/es\/ubicacic\/\" \/>\n<meta property=\"og:site_name\" content=\"Imperium Suite Navona\" \/>\n<meta property=\"article:modified_time\" content=\"2025-08-26T09:45:33+00:00\" \/>\n<meta property=\"og:image\" content=\"https:\/\/www.imperiumsuite.it\/wp-content\/uploads\/2016\/12\/IMG_0320.jpg\" \/>\n\t<meta property=\"og:image:width\" content=\"2500\" \/>\n\t<meta property=\"og:image:height\" content=\"1667\" \/>\n\t<meta property=\"og:image:type\" content=\"image\/jpeg\" \/>\n<meta name=\"twitter:card\" content=\"summary_large_image\" \/>\n<meta name=\"twitter:label1\" content=\"Est. reading time\" \/>\n\t<meta name=\"twitter:data1\" content=\"2 minutes\" \/>\n<script type=\"application\/ld+json\" class=\"yoast-schema-graph\">{\"@context\":\"https:\/\/schema.org\",\"@graph\":[{\"@type\":\"WebPage\",\"@id\":\"https:\/\/www.imperiumsuite.it\/es\/ubicacic\/\",\"url\":\"https:\/\/www.imperiumsuite.it\/es\/ubicacic\/\",\"name\":\"Ubicaci\u00e7 - Imperium Suite Navona\",\"isPartOf\":{\"@id\":\"https:\/\/www.imperiumsuite.it\/#website\"},\"primaryImageOfPage\":{\"@id\":\"https:\/\/www.imperiumsuite.it\/es\/ubicacic\/#primaryimage\"},\"image\":{\"@id\":\"https:\/\/www.imperiumsuite.it\/es\/ubicacic\/#primaryimage\"},\"thumbnailUrl\":\"https:\/\/www.imperiumsuite.it\/wp-content\/uploads\/2016\/12\/IMG_0320.jpg\",\"datePublished\":\"2017-01-23T10:47:50+00:00\",\"dateModified\":\"2025-08-26T09:45:33+00:00\",\"breadcrumb\":{\"@id\":\"https:\/\/www.imperiumsuite.it\/es\/ubicacic\/#breadcrumb\"},\"inLanguage\":\"es-ES\",\"potentialAction\":[{\"@type\":\"ReadAction\",\"target\":[\"https:\/\/www.imperiumsuite.it\/es\/ubicacic\/\"]}]},{\"@type\":\"ImageObject\",\"inLanguage\":\"es-ES\",\"@id\":\"https:\/\/www.imperiumsuite.it\/es\/ubicacic\/#primaryimage\",\"url\":\"https:\/\/www.imperiumsuite.it\/wp-content\/uploads\/2016\/12\/IMG_0320.jpg\",\"contentUrl\":\"https:\/\/www.imperiumsuite.it\/wp-content\/uploads\/2016\/12\/IMG_0320.jpg\",\"width\":2500,\"height\":1667},{\"@type\":\"BreadcrumbList\",\"@id\":\"https:\/\/www.imperiumsuite.it\/es\/ubicacic\/#breadcrumb\",\"itemListElement\":[{\"@type\":\"ListItem\",\"position\":1,\"name\":\"Home\",\"item\":\"https:\/\/www.imperiumsuite.it\/es\/\"},{\"@type\":\"ListItem\",\"position\":2,\"name\":\"Ubicaci\u00e7\"}]},{\"@type\":\"WebSite\",\"@id\":\"https:\/\/www.imperiumsuite.it\/#website\",\"url\":\"https:\/\/www.imperiumsuite.it\/\",\"name\":\"Imperium Suite Navona\",\"description\":\"Elegant townhouse in the Rome centre\",\"potentialAction\":[{\"@type\":\"SearchAction\",\"target\":{\"@type\":\"EntryPoint\",\"urlTemplate\":\"https:\/\/www.imperiumsuite.it\/?s={search_term_string}\"},\"query-input\":{\"@type\":\"PropertyValueSpecification\",\"valueRequired\":true,\"valueName\":\"search_term_string\"}}],\"inLanguage\":\"es-ES\"}]}<\/script>\n<!-- \/ Yoast SEO plugin. -->","yoast_head_json":{"title":"Ubicaci\u00e7 - Imperium Suite Navona","robots":{"index":"index","follow":"follow","max-snippet":"max-snippet:-1","max-image-preview":"max-image-preview:large","max-video-preview":"max-video-preview:-1"},"canonical":"https:\/\/www.imperiumsuite.it\/es\/ubicacic\/","og_locale":"es_ES","og_type":"article","og_title":"Ubicaci\u00e7 - Imperium Suite Navona","og_description":"Vicolo della Palomba, 19 tel\/ fax +39 06 682 107 01 info@imperiumsuitenavona.com","og_url":"https:\/\/www.imperiumsuite.it\/es\/ubicacic\/","og_site_name":"Imperium Suite Navona","article_modified_time":"2025-08-26T09:45:33+00:00","og_image":[{"width":2500,"height":1667,"url":"https:\/\/www.imperiumsuite.it\/wp-content\/uploads\/2016\/12\/IMG_0320.jpg","type":"image\/jpeg"}],"twitter_card":"summary_large_image","twitter_misc":{"Est. reading time":"2 minutes"},"schema":{"@context":"https:\/\/schema.org","@graph":[{"@type":"WebPage","@id":"https:\/\/www.imperiumsuite.it\/es\/ubicacic\/","url":"https:\/\/www.imperiumsuite.it\/es\/ubicacic\/","name":"Ubicaci\u00e7 - Imperium Suite Navona","isPartOf":{"@id":"https:\/\/www.imperiumsuite.it\/#website"},"primaryImageOfPage":{"@id":"https:\/\/www.imperiumsuite.it\/es\/ubicacic\/#primaryimage"},"image":{"@id":"https:\/\/www.imperiumsuite.it\/es\/ubicacic\/#primaryimage"},"thumbnailUrl":"https:\/\/www.imperiumsuite.it\/wp-content\/uploads\/2016\/12\/IMG_0320.jpg","datePublished":"2017-01-23T10:47:50+00:00","dateModified":"2025-08-26T09:45:33+00:00","breadcrumb":{"@id":"https:\/\/www.imperiumsuite.it\/es\/ubicacic\/#breadcrumb"},"inLanguage":"es-ES","potentialAction":[{"@type":"ReadAction","target":["https:\/\/www.imperiumsuite.it\/es\/ubicacic\/"]}]},{"@type":"ImageObject","inLanguage":"es-ES","@id":"https:\/\/www.imperiumsuite.it\/es\/ubicacic\/#primaryimage","url":"https:\/\/www.imperiumsuite.it\/wp-content\/uploads\/2016\/12\/IMG_0320.jpg","contentUrl":"https:\/\/www.imperiumsuite.it\/wp-content\/uploads\/2016\/12\/IMG_0320.jpg","width":2500,"height":1667},{"@type":"BreadcrumbList","@id":"https:\/\/www.imperiumsuite.it\/es\/ubicacic\/#breadcrumb","itemListElement":[{"@type":"ListItem","position":1,"name":"Home","item":"https:\/\/www.imperiumsuite.it\/es\/"},{"@type":"ListItem","position":2,"name":"Ubicaci\u00e7"}]},{"@type":"WebSite","@id":"https:\/\/www.imperiumsuite.it\/#website","url":"https:\/\/www.imperiumsuite.it\/","name":"Imperium Suite Navona","description":"Elegant townhouse in the Rome centre","potentialAction":[{"@type":"SearchAction","target":{"@type":"EntryPoint","urlTemplate":"https:\/\/www.imperiumsuite.it\/?s={search_term_string}"},"query-input":{"@type":"PropertyValueSpecification","valueRequired":true,"valueName":"search_term_string"}}],"inLanguage":"es-ES"}]}},"_links":{"self":[{"href":"https:\/\/www.imperiumsuite.it\/es\/wp-json\/wp\/v2\/pages\/142","targetHints":{"allow":["GET"]}}],"collection":[{"href":"https:\/\/www.imperiumsuite.it\/es\/wp-json\/wp\/v2\/pages"}],"about":[{"href":"https:\/\/www.imperiumsuite.it\/es\/wp-json\/wp\/v2\/types\/page"}],"author":[{"embeddable":true,"href":"https:\/\/www.imperiumsuite.it\/es\/wp-json\/wp\/v2\/users\/3"}],"replies":[{"embeddable":true,"href":"https:\/\/www.imperiumsuite.it\/es\/wp-json\/wp\/v2\/comments?post=142"}],"version-history":[{"count":0,"href":"https:\/\/www.imperiumsuite.it\/es\/wp-json\/wp\/v2\/pages\/142\/revisions"}],"wp:featuredmedia":[{"embeddable":true,"href":"https:\/\/www.imperiumsuite.it\/es\/wp-json\/wp\/v2\/media\/52"}],"wp:attachment":[{"href":"https:\/\/www.imperiumsuite.it\/es\/wp-json\/wp\/v2\/media?parent=142"}],"curies":[{"name":"wp","href":"https:\/\/api.w.org\/{rel}","templated":true}]}}