{"id":152,"date":"2017-01-23T12:29:27","date_gmt":"2017-01-23T11:29:27","guid":{"rendered":"http:\/\/www.imperiumsuite.it\/?page_id=152\/"},"modified":"2017-01-23T12:29:27","modified_gmt":"2017-01-23T11:29:27","slug":"ubicacion","status":"publish","type":"page","link":"https:\/\/www.imperiumsuite.it\/es\/ubicacion\/","title":{"rendered":"Ubicaci\u00f3n"},"content":{"rendered":"<p>Como llegar:<\/p>\n<p>Desde el Aeropuerto Fiumicino, situado a 35 Km de Roma, usted puede llegar al Imperium Suites Navona:<\/p>\n<ul>\n<li>por el Tren Especial Leonardo Express<br \/>\nEl Tren \u201cLeonardo Express\u201d parte todos los d\u00edas desde la estaci\u00f3n del aeropuerto de Fiumicino cada 30 minutos, no realiza ninguna parada intermedia y llega a la estaci\u00f3n Termini.<\/li>\n<\/ul>\n<p>\nDesde el Aeropuerto Ciampino, situado a 25 Km de Roma, usted puede llegar al Town House:<\/p>\n<ul>\n<li>por COTRAL bus + Tren (Estaci\u00f3n de Trenes de Ciampino)<br \/>\nDe frente al pasillo de llegadas del aeropuerto estan los autobuses de Acotral para la estaci\u00f3n de trenes de Ciampino. Desde la estaci\u00f3n del ferrocaril parten los trenes para la estaci\u00f3n de Roma-Termini cada 15 minutos.<\/li>\n<\/ul>\n<ul>\n<li>por COTRAL bus + Metro<br \/>\nDe frente al pasillo de llegadas del aeropuerto estan los autobuses de Acotral para la estaci\u00f3n del Metro de &#8220;Anagnina&#8221;. Una vez en el Metro Anagnina (Linea A), usted toma la direcci\u00f3n Battistini y baja en la estaci\u00f3n Termini.<\/li>\n<\/ul>\n<p>\nDesde la estaci\u00f3n Termini, ubicada a 2 Km del Imperium Suites Navona, usted puede arribar al Town House:<\/p>\n<ul>\n<li>por Bus (ATAC)<br \/>\nFuera de la estaci\u00f3n Termini estan los autob\u00fases de ATAC. Usted puede tomar el autob\u00fas n.64 o n. 40 Express.<\/li>\n<\/ul>\n<p>\nLa estaci\u00f3n m\u00e1s cercana del Metro es Colosseo (linea B) ubicado a 1,5 km y Barberini (linea A) ubicado a 2 Km del Imperium Suites Navona.<\/p>\n","protected":false},"excerpt":{"rendered":"<p>Estamos en el centro de Roma, a tiro de piedra de la Piazza Navona (Vicolo della Palomba, 19). Las paradas de metro m\u00e1s cercanas son Coliseo y Barberini<\/p>\n","protected":false},"author":3,"featured_media":0,"parent":0,"menu_order":0,"comment_status":"closed","ping_status":"closed","template":"","meta":{"footnotes":""},"class_list":["post-152","page","type-page","status-publish","hentry"],"yoast_head":"<!-- This site is optimized with the Yoast SEO plugin v27.2 - https:\/\/yoast.com\/product\/yoast-seo-wordpress\/ -->\n<title>Ubicaci\u00f3n - Imperium Suite Navona<\/title>\n<meta name=\"robots\" content=\"index, follow, max-snippet:-1, max-image-preview:large, max-video-preview:-1\" \/>\n<link rel=\"canonical\" href=\"https:\/\/www.imperiumsuite.it\/dove-siamo\/\" \/>\n<meta property=\"og:locale\" content=\"es_ES\" \/>\n<meta property=\"og:type\" content=\"article\" \/>\n<meta property=\"og:title\" content=\"Ubicaci\u00f3n - Imperium Suite Navona\" \/>\n<meta property=\"og:description\" content=\"Estamos en el centro de Roma, a tiro de piedra de la Piazza Navona (Vicolo della Palomba, 19). Las paradas de metro m\u00e1s cercanas son Coliseo y Barberini\" \/>\n<meta property=\"og:url\" content=\"https:\/\/www.imperiumsuite.it\/dove-siamo\/\" \/>\n<meta property=\"og:site_name\" content=\"Imperium Suite Navona\" \/>\n<meta name=\"twitter:card\" content=\"summary_large_image\" \/>\n<meta name=\"twitter:label1\" content=\"Est. reading time\" \/>\n\t<meta name=\"twitter:data1\" content=\"1 minute\" \/>\n<script type=\"application\/ld+json\" class=\"yoast-schema-graph\">{\"@context\":\"https:\/\/schema.org\",\"@graph\":[{\"@type\":\"WebPage\",\"@id\":\"https:\/\/www.imperiumsuite.it\/dove-siamo\/\",\"url\":\"https:\/\/www.imperiumsuite.it\/dove-siamo\/\",\"name\":\"Ubicaci\u00f3n - Imperium Suite Navona\",\"isPartOf\":{\"@id\":\"https:\/\/www.imperiumsuite.it\/#website\"},\"datePublished\":\"2017-01-23T11:29:27+00:00\",\"breadcrumb\":{\"@id\":\"https:\/\/www.imperiumsuite.it\/dove-siamo\/#breadcrumb\"},\"inLanguage\":\"es-ES\",\"potentialAction\":[{\"@type\":\"ReadAction\",\"target\":[\"https:\/\/www.imperiumsuite.it\/dove-siamo\/\"]}]},{\"@type\":\"BreadcrumbList\",\"@id\":\"https:\/\/www.imperiumsuite.it\/dove-siamo\/#breadcrumb\",\"itemListElement\":[{\"@type\":\"ListItem\",\"position\":1,\"name\":\"Home\",\"item\":\"https:\/\/www.imperiumsuite.it\/es\/\"},{\"@type\":\"ListItem\",\"position\":2,\"name\":\"Ubicaci\u00f3n\"}]},{\"@type\":\"WebSite\",\"@id\":\"https:\/\/www.imperiumsuite.it\/#website\",\"url\":\"https:\/\/www.imperiumsuite.it\/\",\"name\":\"Imperium Suite Navona\",\"description\":\"Elegant townhouse in the Rome centre\",\"potentialAction\":[{\"@type\":\"SearchAction\",\"target\":{\"@type\":\"EntryPoint\",\"urlTemplate\":\"https:\/\/www.imperiumsuite.it\/?s={search_term_string}\"},\"query-input\":{\"@type\":\"PropertyValueSpecification\",\"valueRequired\":true,\"valueName\":\"search_term_string\"}}],\"inLanguage\":\"es-ES\"}]}<\/script>\n<!-- \/ Yoast SEO plugin. -->","yoast_head_json":{"title":"Ubicaci\u00f3n - Imperium Suite Navona","robots":{"index":"index","follow":"follow","max-snippet":"max-snippet:-1","max-image-preview":"max-image-preview:large","max-video-preview":"max-video-preview:-1"},"canonical":"https:\/\/www.imperiumsuite.it\/dove-siamo\/","og_locale":"es_ES","og_type":"article","og_title":"Ubicaci\u00f3n - Imperium Suite Navona","og_description":"Estamos en el centro de Roma, a tiro de piedra de la Piazza Navona (Vicolo della Palomba, 19). Las paradas de metro m\u00e1s cercanas son Coliseo y Barberini","og_url":"https:\/\/www.imperiumsuite.it\/dove-siamo\/","og_site_name":"Imperium Suite Navona","twitter_card":"summary_large_image","twitter_misc":{"Est. reading time":"1 minute"},"schema":{"@context":"https:\/\/schema.org","@graph":[{"@type":"WebPage","@id":"https:\/\/www.imperiumsuite.it\/dove-siamo\/","url":"https:\/\/www.imperiumsuite.it\/dove-siamo\/","name":"Ubicaci\u00f3n - Imperium Suite Navona","isPartOf":{"@id":"https:\/\/www.imperiumsuite.it\/#website"},"datePublished":"2017-01-23T11:29:27+00:00","breadcrumb":{"@id":"https:\/\/www.imperiumsuite.it\/dove-siamo\/#breadcrumb"},"inLanguage":"es-ES","potentialAction":[{"@type":"ReadAction","target":["https:\/\/www.imperiumsuite.it\/dove-siamo\/"]}]},{"@type":"BreadcrumbList","@id":"https:\/\/www.imperiumsuite.it\/dove-siamo\/#breadcrumb","itemListElement":[{"@type":"ListItem","position":1,"name":"Home","item":"https:\/\/www.imperiumsuite.it\/es\/"},{"@type":"ListItem","position":2,"name":"Ubicaci\u00f3n"}]},{"@type":"WebSite","@id":"https:\/\/www.imperiumsuite.it\/#website","url":"https:\/\/www.imperiumsuite.it\/","name":"Imperium Suite Navona","description":"Elegant townhouse in the Rome centre","potentialAction":[{"@type":"SearchAction","target":{"@type":"EntryPoint","urlTemplate":"https:\/\/www.imperiumsuite.it\/?s={search_term_string}"},"query-input":{"@type":"PropertyValueSpecification","valueRequired":true,"valueName":"search_term_string"}}],"inLanguage":"es-ES"}]}},"_links":{"self":[{"href":"https:\/\/www.imperiumsuite.it\/es\/wp-json\/wp\/v2\/pages\/152","targetHints":{"allow":["GET"]}}],"collection":[{"href":"https:\/\/www.imperiumsuite.it\/es\/wp-json\/wp\/v2\/pages"}],"about":[{"href":"https:\/\/www.imperiumsuite.it\/es\/wp-json\/wp\/v2\/types\/page"}],"author":[{"embeddable":true,"href":"https:\/\/www.imperiumsuite.it\/es\/wp-json\/wp\/v2\/users\/3"}],"replies":[{"embeddable":true,"href":"https:\/\/www.imperiumsuite.it\/es\/wp-json\/wp\/v2\/comments?post=152"}],"version-history":[{"count":0,"href":"https:\/\/www.imperiumsuite.it\/es\/wp-json\/wp\/v2\/pages\/152\/revisions"}],"wp:attachment":[{"href":"https:\/\/www.imperiumsuite.it\/es\/wp-json\/wp\/v2\/media?parent=152"}],"curies":[{"name":"wp","href":"https:\/\/api.w.org\/{rel}","templated":true}]}}