{"id":157,"date":"2017-01-23T12:38:26","date_gmt":"2017-01-23T11:38:26","guid":{"rendered":"http:\/\/www.imperiumsuite.it\/?page_id=157\/"},"modified":"2017-01-23T12:41:25","modified_gmt":"2017-01-23T11:41:25","slug":"157-2","status":"publish","type":"page","link":"https:\/\/www.imperiumsuite.it\/es\/strutture\/157-2\/","title":{"rendered":"Ubicaci\u00f3n"},"content":{"rendered":"<p>Imperium Suite Navona, elegante casa unifamiliar en el centro hist\u00f3rico de Roma, combina la comodidad, t\u00edpico de la B &amp; B, la atm\u00f3sfera de un lugar de prestigio, pero al mismo tiempo acogedor y agradable. El edificio, que data de finales del siglo XIX, con vistas a un peque\u00f1o callej\u00f3n peatonal, y goza de una ubicaci\u00f3n muy tranquila, mientras que estar en el coraz\u00f3n de Roma, y \u200b\u200bluego rodeado de los principales monumentos y puntos de inter\u00e9s de la ciudad.<\/p>\n<p>Imperium Suite Navona, en particular, est\u00e1 muy cerca de la famosa calle del oso, pero est\u00e1 a s\u00f3lo unos minutos a pie de Campo de &#8216;Fiori, el Vaticano, Castel Sant&#8217;Angelo y la plaza de Espa\u00f1a. Ser\u00e1 a 200 metros de uno de los lugares m\u00e1s importantes y caracter\u00edsticos de la capital, la Piazza Navona, que toma su nombre: la casa de la ciudad es una opci\u00f3n ideal para aquellos que quieran pasar unos d\u00edas en Roma y descubrir las maravillas de la Ciudad Eterna, buceo en su ambiente \u00fanico, ir de compras, puede visitar los principales museos y hacer una parada en los restaurantes m\u00e1s famosos de la ciudad.<\/p>\n<p>La gran hospitalidad, t\u00edpico de la tradici\u00f3n italiana, que tambi\u00e9n cuenta con el Imperium Suite Navona, que es realmente el lugar para disfrutar de una estancia perfecta y memorable en Roma.<\/p>\n","protected":false},"excerpt":{"rendered":"<p>Imperium Suite Navona, elegante casa unifamiliar en el centro hist\u00f3rico de Roma, combina la comodidad, t\u00edpico de la B &#038; B, la atm\u00f3sfera de un lugar de prestigio<\/p>\n","protected":false},"author":3,"featured_media":0,"parent":136,"menu_order":0,"comment_status":"closed","ping_status":"closed","template":"","meta":{"footnotes":""},"class_list":["post-157","page","type-page","status-publish","hentry"],"yoast_head":"<!-- This site is optimized with the Yoast SEO plugin v27.4 - https:\/\/yoast.com\/product\/yoast-seo-wordpress\/ -->\n<title>Ubicaci\u00f3n - Imperium Suite Navona<\/title>\n<meta name=\"robots\" content=\"index, follow, max-snippet:-1, max-image-preview:large, max-video-preview:-1\" \/>\n<link rel=\"canonical\" href=\"https:\/\/www.imperiumsuite.it\/es\/strutture\/157-2\/\" \/>\n<meta property=\"og:locale\" content=\"es_ES\" \/>\n<meta property=\"og:type\" content=\"article\" \/>\n<meta property=\"og:title\" content=\"Ubicaci\u00f3n - Imperium Suite Navona\" \/>\n<meta property=\"og:description\" content=\"Imperium Suite Navona, elegante casa unifamiliar en el centro hist\u00f3rico de Roma, combina la comodidad, t\u00edpico de la B &amp; B, la atm\u00f3sfera de un lugar de prestigio\" \/>\n<meta property=\"og:url\" content=\"https:\/\/www.imperiumsuite.it\/es\/strutture\/157-2\/\" \/>\n<meta property=\"og:site_name\" content=\"Imperium Suite Navona\" \/>\n<meta property=\"article:modified_time\" content=\"2017-01-23T11:41:25+00:00\" \/>\n<meta name=\"twitter:card\" content=\"summary_large_image\" \/>\n<meta name=\"twitter:label1\" content=\"Est. reading time\" \/>\n\t<meta name=\"twitter:data1\" content=\"1 minute\" \/>\n<script type=\"application\/ld+json\" class=\"yoast-schema-graph\">{\"@context\":\"https:\\\/\\\/schema.org\",\"@graph\":[{\"@type\":\"WebPage\",\"@id\":\"https:\\\/\\\/www.imperiumsuite.it\\\/es\\\/strutture\\\/157-2\\\/\",\"url\":\"https:\\\/\\\/www.imperiumsuite.it\\\/es\\\/strutture\\\/157-2\\\/\",\"name\":\"Ubicaci\u00f3n - Imperium Suite Navona\",\"isPartOf\":{\"@id\":\"https:\\\/\\\/www.imperiumsuite.it\\\/#website\"},\"datePublished\":\"2017-01-23T11:38:26+00:00\",\"dateModified\":\"2017-01-23T11:41:25+00:00\",\"breadcrumb\":{\"@id\":\"https:\\\/\\\/www.imperiumsuite.it\\\/es\\\/strutture\\\/157-2\\\/#breadcrumb\"},\"inLanguage\":\"es-ES\",\"potentialAction\":[{\"@type\":\"ReadAction\",\"target\":[\"https:\\\/\\\/www.imperiumsuite.it\\\/es\\\/strutture\\\/157-2\\\/\"]}]},{\"@type\":\"BreadcrumbList\",\"@id\":\"https:\\\/\\\/www.imperiumsuite.it\\\/es\\\/strutture\\\/157-2\\\/#breadcrumb\",\"itemListElement\":[{\"@type\":\"ListItem\",\"position\":1,\"name\":\"Home\",\"item\":\"https:\\\/\\\/www.imperiumsuite.it\\\/es\\\/\"},{\"@type\":\"ListItem\",\"position\":2,\"name\":\"Nuestros Alojamientos\",\"item\":\"https:\\\/\\\/www.imperiumsuite.it\\\/es\\\/strutture\\\/\"},{\"@type\":\"ListItem\",\"position\":3,\"name\":\"Ubicaci\u00f3n\"}]},{\"@type\":\"WebSite\",\"@id\":\"https:\\\/\\\/www.imperiumsuite.it\\\/#website\",\"url\":\"https:\\\/\\\/www.imperiumsuite.it\\\/\",\"name\":\"Imperium Suite Navona\",\"description\":\"Elegant townhouse in the Rome centre\",\"potentialAction\":[{\"@type\":\"SearchAction\",\"target\":{\"@type\":\"EntryPoint\",\"urlTemplate\":\"https:\\\/\\\/www.imperiumsuite.it\\\/?s={search_term_string}\"},\"query-input\":{\"@type\":\"PropertyValueSpecification\",\"valueRequired\":true,\"valueName\":\"search_term_string\"}}],\"inLanguage\":\"es-ES\"}]}<\/script>\n<!-- \/ Yoast SEO plugin. -->","yoast_head_json":{"title":"Ubicaci\u00f3n - Imperium Suite Navona","robots":{"index":"index","follow":"follow","max-snippet":"max-snippet:-1","max-image-preview":"max-image-preview:large","max-video-preview":"max-video-preview:-1"},"canonical":"https:\/\/www.imperiumsuite.it\/es\/strutture\/157-2\/","og_locale":"es_ES","og_type":"article","og_title":"Ubicaci\u00f3n - Imperium Suite Navona","og_description":"Imperium Suite Navona, elegante casa unifamiliar en el centro hist\u00f3rico de Roma, combina la comodidad, t\u00edpico de la B & B, la atm\u00f3sfera de un lugar de prestigio","og_url":"https:\/\/www.imperiumsuite.it\/es\/strutture\/157-2\/","og_site_name":"Imperium Suite Navona","article_modified_time":"2017-01-23T11:41:25+00:00","twitter_card":"summary_large_image","twitter_misc":{"Est. reading time":"1 minute"},"schema":{"@context":"https:\/\/schema.org","@graph":[{"@type":"WebPage","@id":"https:\/\/www.imperiumsuite.it\/es\/strutture\/157-2\/","url":"https:\/\/www.imperiumsuite.it\/es\/strutture\/157-2\/","name":"Ubicaci\u00f3n - Imperium Suite Navona","isPartOf":{"@id":"https:\/\/www.imperiumsuite.it\/#website"},"datePublished":"2017-01-23T11:38:26+00:00","dateModified":"2017-01-23T11:41:25+00:00","breadcrumb":{"@id":"https:\/\/www.imperiumsuite.it\/es\/strutture\/157-2\/#breadcrumb"},"inLanguage":"es-ES","potentialAction":[{"@type":"ReadAction","target":["https:\/\/www.imperiumsuite.it\/es\/strutture\/157-2\/"]}]},{"@type":"BreadcrumbList","@id":"https:\/\/www.imperiumsuite.it\/es\/strutture\/157-2\/#breadcrumb","itemListElement":[{"@type":"ListItem","position":1,"name":"Home","item":"https:\/\/www.imperiumsuite.it\/es\/"},{"@type":"ListItem","position":2,"name":"Nuestros Alojamientos","item":"https:\/\/www.imperiumsuite.it\/es\/strutture\/"},{"@type":"ListItem","position":3,"name":"Ubicaci\u00f3n"}]},{"@type":"WebSite","@id":"https:\/\/www.imperiumsuite.it\/#website","url":"https:\/\/www.imperiumsuite.it\/","name":"Imperium Suite Navona","description":"Elegant townhouse in the Rome centre","potentialAction":[{"@type":"SearchAction","target":{"@type":"EntryPoint","urlTemplate":"https:\/\/www.imperiumsuite.it\/?s={search_term_string}"},"query-input":{"@type":"PropertyValueSpecification","valueRequired":true,"valueName":"search_term_string"}}],"inLanguage":"es-ES"}]}},"_links":{"self":[{"href":"https:\/\/www.imperiumsuite.it\/es\/wp-json\/wp\/v2\/pages\/157","targetHints":{"allow":["GET"]}}],"collection":[{"href":"https:\/\/www.imperiumsuite.it\/es\/wp-json\/wp\/v2\/pages"}],"about":[{"href":"https:\/\/www.imperiumsuite.it\/es\/wp-json\/wp\/v2\/types\/page"}],"author":[{"embeddable":true,"href":"https:\/\/www.imperiumsuite.it\/es\/wp-json\/wp\/v2\/users\/3"}],"replies":[{"embeddable":true,"href":"https:\/\/www.imperiumsuite.it\/es\/wp-json\/wp\/v2\/comments?post=157"}],"version-history":[{"count":0,"href":"https:\/\/www.imperiumsuite.it\/es\/wp-json\/wp\/v2\/pages\/157\/revisions"}],"up":[{"embeddable":true,"href":"https:\/\/www.imperiumsuite.it\/es\/wp-json\/wp\/v2\/pages\/136"}],"wp:attachment":[{"href":"https:\/\/www.imperiumsuite.it\/es\/wp-json\/wp\/v2\/media?parent=157"}],"curies":[{"name":"wp","href":"https:\/\/api.w.org\/{rel}","templated":true}]}}