{"id":160,"date":"2017-01-24T09:36:06","date_gmt":"2017-01-24T08:36:06","guid":{"rendered":"http:\/\/www.imperiumsuite.it\/?page_id=160\/"},"modified":"2017-02-09T21:34:55","modified_gmt":"2017-02-09T20:34:55","slug":"personal","status":"publish","type":"page","link":"https:\/\/www.imperiumsuite.it\/es\/strutture\/personal\/","title":{"rendered":"Personal"},"content":{"rendered":"<p>Un equipo de cuidado y animado est\u00e1 listo para acoger y mimar a los hu\u00e9spedes Imperium Suite Navona durante su estancia inolvidable en el centro de Roma.<br \/>\n \u00a0<br \/>\n \u00a0<br \/>\n <img loading=\"lazy\" decoding=\"async\" class=\"alignnone size-medium wp-image-299\" src=\"http:\/\/www.imperiumsuite.it\/wp-content\/uploads\/2017\/01\/DSC_1649-300x225.jpg\" alt=\"\" width=\"300\" height=\"225\" srcset=\"https:\/\/www.imperiumsuite.it\/wp-content\/uploads\/2017\/01\/DSC_1649-300x225.jpg 300w, https:\/\/www.imperiumsuite.it\/wp-content\/uploads\/2017\/01\/DSC_1649-768x576.jpg 768w, https:\/\/www.imperiumsuite.it\/wp-content\/uploads\/2017\/01\/DSC_1649-1024x768.jpg 1024w, https:\/\/www.imperiumsuite.it\/wp-content\/uploads\/2017\/01\/DSC_1649-150x113.jpg 150w\" sizes=\"auto, (max-width: 300px) 100vw, 300px\" \/><strong>Luthfur, el conserje<\/strong><br \/>\n Yo vivo en Italia desde hace diez a\u00f1os y el Imperium Suite Navona es un poco como si fuera mi casa. Trato de combinar el sabor de las tradiciones de mi pa\u00eds, Bangladesh, con la necesidad de hacer todo &#8220;tan pronto como sea posible&#8221;, t\u00edpica del mundo occidental. Siempre est\u00e1n disponibles para los hu\u00e9spedes para hacer reservas, el transporte de informaci\u00f3n, consejos de sus conciertos y m\u00e1s &#8230;<br \/>\n \u00a0<br \/>\n <img loading=\"lazy\" decoding=\"async\" class=\"alignnone size-medium wp-image-375\" src=\"http:\/\/www.imperiumsuite.it\/wp-content\/uploads\/2017\/01\/DSC_1549-light-300x198.jpg\" alt=\"\" width=\"300\" height=\"198\" srcset=\"https:\/\/www.imperiumsuite.it\/wp-content\/uploads\/2017\/01\/DSC_1549-light-300x198.jpg 300w, https:\/\/www.imperiumsuite.it\/wp-content\/uploads\/2017\/01\/DSC_1549-light-768x506.jpg 768w, https:\/\/www.imperiumsuite.it\/wp-content\/uploads\/2017\/01\/DSC_1549-light-1024x675.jpg 1024w, https:\/\/www.imperiumsuite.it\/wp-content\/uploads\/2017\/01\/DSC_1549-light-150x99.jpg 150w\" sizes=\"auto, (max-width: 300px) 100vw, 300px\" \/><strong>Luc\u00eda, la directora<\/strong><br \/>\n Tambi\u00e9n he sido adoptada por Roma desde hace algunos a\u00f1os y yo hacer este trabajo con la misma pasi\u00f3n que ten\u00eda en el primer d\u00eda. Siempre est\u00e1n disponibles para los hu\u00e9spedes, trato de responder<br \/>\n cada petici\u00f3n y asegurarse de que todo es siempre perfecto para asegurar la hospitalidad impecable. Tengo dos grandes pasiones: de pie en medio de la naturaleza con mis queridos perros y comer. Son, por tanto, la persona ideal para dar consejos a aquellos que quieren descubrir una Roma menos tur\u00edstico y m\u00e1s encantador, una Roma que no esperan, con sus bellos parques y espacios naturales en el medio de la ciudad. Tambi\u00e9n es un placer para m\u00ed ofrecer consejos y sugerencias sobre los restaurantes adecuados para aquellos que quieren enamorarse de los sabores de la cocina tradicional romana y la hospitalidad italiana en la mesa.<br \/>\n \u00a0<br \/>\n <img loading=\"lazy\" decoding=\"async\" class=\"alignnone size-medium wp-image-301\" src=\"http:\/\/www.imperiumsuite.it\/wp-content\/uploads\/2017\/01\/DSC_1653-300x225.jpg\" alt=\"\" width=\"300\" height=\"225\" srcset=\"https:\/\/www.imperiumsuite.it\/wp-content\/uploads\/2017\/01\/DSC_1653-300x225.jpg 300w, https:\/\/www.imperiumsuite.it\/wp-content\/uploads\/2017\/01\/DSC_1653-768x576.jpg 768w, https:\/\/www.imperiumsuite.it\/wp-content\/uploads\/2017\/01\/DSC_1653-1024x768.jpg 1024w, https:\/\/www.imperiumsuite.it\/wp-content\/uploads\/2017\/01\/DSC_1653-150x113.jpg 150w\" sizes=\"auto, (max-width: 300px) 100vw, 300px\" \/><strong>Harrol, el fact\u00f3tum<\/strong><br \/>\n Soy la nueva entrada de esta peque\u00f1a familia y todas las ma\u00f1anas trato de hacer que sus habitaciones lo m\u00e1s acogedora posible. Adem\u00e1s son la persona adecuada para acudir si necesita ayuda para resolver algunos problemas y cuando se necesitan dos brazos fuertes para maletas y bolsas.<br \/>\n \u00a0<br \/>\n <strong>Claudio, &#8220;el jefe&#8221;<\/strong><br \/>\n Nac\u00ed y crec\u00ed en una familia que siempre ha participado en la industria hotelera y espero que los que optan por el Imperium Suite Navona puede reconocer y apreciar mi pasi\u00f3n para dar la bienvenida a visitantes de todo el mundo. La c\u00e1lida hospitalidad en un ambiente familiar, es mi filosof\u00eda de vida y de trabajo.<\/p>\n","protected":false},"excerpt":{"rendered":"<p>Un equipo de cuidado y animado est\u00e1 listo para acoger y mimar a los hu\u00e9spedes Imperium Suite Navona durante su estancia inolvidable en el centro de Roma.<\/p>\n","protected":false},"author":3,"featured_media":298,"parent":136,"menu_order":0,"comment_status":"closed","ping_status":"closed","template":"","meta":{"footnotes":""},"class_list":["post-160","page","type-page","status-publish","has-post-thumbnail","hentry"],"yoast_head":"<!-- This site is optimized with the Yoast SEO plugin v27.4 - https:\/\/yoast.com\/product\/yoast-seo-wordpress\/ -->\n<title>Personal - Imperium Suite Navona<\/title>\n<meta name=\"robots\" content=\"index, follow, max-snippet:-1, max-image-preview:large, max-video-preview:-1\" \/>\n<link rel=\"canonical\" href=\"https:\/\/www.imperiumsuite.it\/es\/strutture\/personal\/\" \/>\n<meta property=\"og:locale\" content=\"es_ES\" \/>\n<meta property=\"og:type\" content=\"article\" \/>\n<meta property=\"og:title\" content=\"Personal - Imperium Suite Navona\" \/>\n<meta property=\"og:description\" content=\"Un equipo de cuidado y animado est\u00e1 listo para acoger y mimar a los hu\u00e9spedes Imperium Suite Navona durante su estancia inolvidable en el centro de Roma.\" \/>\n<meta property=\"og:url\" content=\"https:\/\/www.imperiumsuite.it\/es\/strutture\/personal\/\" \/>\n<meta property=\"og:site_name\" content=\"Imperium Suite Navona\" \/>\n<meta property=\"article:modified_time\" content=\"2017-02-09T20:34:55+00:00\" \/>\n<meta property=\"og:image\" content=\"https:\/\/www.imperiumsuite.it\/wp-content\/uploads\/2017\/01\/DSC_1662-focus.jpg\" \/>\n\t<meta property=\"og:image:width\" content=\"3840\" \/>\n\t<meta property=\"og:image:height\" content=\"2022\" \/>\n\t<meta property=\"og:image:type\" content=\"image\/jpeg\" \/>\n<meta name=\"twitter:card\" content=\"summary_large_image\" \/>\n<meta name=\"twitter:label1\" content=\"Est. reading time\" \/>\n\t<meta name=\"twitter:data1\" content=\"2 minutes\" \/>\n<script type=\"application\/ld+json\" class=\"yoast-schema-graph\">{\"@context\":\"https:\\\/\\\/schema.org\",\"@graph\":[{\"@type\":\"WebPage\",\"@id\":\"https:\\\/\\\/www.imperiumsuite.it\\\/es\\\/strutture\\\/personal\\\/\",\"url\":\"https:\\\/\\\/www.imperiumsuite.it\\\/es\\\/strutture\\\/personal\\\/\",\"name\":\"Personal - Imperium Suite Navona\",\"isPartOf\":{\"@id\":\"https:\\\/\\\/www.imperiumsuite.it\\\/#website\"},\"primaryImageOfPage\":{\"@id\":\"https:\\\/\\\/www.imperiumsuite.it\\\/es\\\/strutture\\\/personal\\\/#primaryimage\"},\"image\":{\"@id\":\"https:\\\/\\\/www.imperiumsuite.it\\\/es\\\/strutture\\\/personal\\\/#primaryimage\"},\"thumbnailUrl\":\"https:\\\/\\\/www.imperiumsuite.it\\\/wp-content\\\/uploads\\\/2017\\\/01\\\/DSC_1662-focus.jpg\",\"datePublished\":\"2017-01-24T08:36:06+00:00\",\"dateModified\":\"2017-02-09T20:34:55+00:00\",\"breadcrumb\":{\"@id\":\"https:\\\/\\\/www.imperiumsuite.it\\\/es\\\/strutture\\\/personal\\\/#breadcrumb\"},\"inLanguage\":\"es-ES\",\"potentialAction\":[{\"@type\":\"ReadAction\",\"target\":[\"https:\\\/\\\/www.imperiumsuite.it\\\/es\\\/strutture\\\/personal\\\/\"]}]},{\"@type\":\"ImageObject\",\"inLanguage\":\"es-ES\",\"@id\":\"https:\\\/\\\/www.imperiumsuite.it\\\/es\\\/strutture\\\/personal\\\/#primaryimage\",\"url\":\"https:\\\/\\\/www.imperiumsuite.it\\\/wp-content\\\/uploads\\\/2017\\\/01\\\/DSC_1662-focus.jpg\",\"contentUrl\":\"https:\\\/\\\/www.imperiumsuite.it\\\/wp-content\\\/uploads\\\/2017\\\/01\\\/DSC_1662-focus.jpg\",\"width\":3840,\"height\":2022},{\"@type\":\"BreadcrumbList\",\"@id\":\"https:\\\/\\\/www.imperiumsuite.it\\\/es\\\/strutture\\\/personal\\\/#breadcrumb\",\"itemListElement\":[{\"@type\":\"ListItem\",\"position\":1,\"name\":\"Home\",\"item\":\"https:\\\/\\\/www.imperiumsuite.it\\\/es\\\/\"},{\"@type\":\"ListItem\",\"position\":2,\"name\":\"Nuestros Alojamientos\",\"item\":\"https:\\\/\\\/www.imperiumsuite.it\\\/es\\\/strutture\\\/\"},{\"@type\":\"ListItem\",\"position\":3,\"name\":\"Personal\"}]},{\"@type\":\"WebSite\",\"@id\":\"https:\\\/\\\/www.imperiumsuite.it\\\/#website\",\"url\":\"https:\\\/\\\/www.imperiumsuite.it\\\/\",\"name\":\"Imperium Suite Navona\",\"description\":\"Elegant townhouse in the Rome centre\",\"potentialAction\":[{\"@type\":\"SearchAction\",\"target\":{\"@type\":\"EntryPoint\",\"urlTemplate\":\"https:\\\/\\\/www.imperiumsuite.it\\\/?s={search_term_string}\"},\"query-input\":{\"@type\":\"PropertyValueSpecification\",\"valueRequired\":true,\"valueName\":\"search_term_string\"}}],\"inLanguage\":\"es-ES\"}]}<\/script>\n<!-- \/ Yoast SEO plugin. -->","yoast_head_json":{"title":"Personal - Imperium Suite Navona","robots":{"index":"index","follow":"follow","max-snippet":"max-snippet:-1","max-image-preview":"max-image-preview:large","max-video-preview":"max-video-preview:-1"},"canonical":"https:\/\/www.imperiumsuite.it\/es\/strutture\/personal\/","og_locale":"es_ES","og_type":"article","og_title":"Personal - Imperium Suite Navona","og_description":"Un equipo de cuidado y animado est\u00e1 listo para acoger y mimar a los hu\u00e9spedes Imperium Suite Navona durante su estancia inolvidable en el centro de Roma.","og_url":"https:\/\/www.imperiumsuite.it\/es\/strutture\/personal\/","og_site_name":"Imperium Suite Navona","article_modified_time":"2017-02-09T20:34:55+00:00","og_image":[{"width":3840,"height":2022,"url":"https:\/\/www.imperiumsuite.it\/wp-content\/uploads\/2017\/01\/DSC_1662-focus.jpg","type":"image\/jpeg"}],"twitter_card":"summary_large_image","twitter_misc":{"Est. reading time":"2 minutes"},"schema":{"@context":"https:\/\/schema.org","@graph":[{"@type":"WebPage","@id":"https:\/\/www.imperiumsuite.it\/es\/strutture\/personal\/","url":"https:\/\/www.imperiumsuite.it\/es\/strutture\/personal\/","name":"Personal - Imperium Suite Navona","isPartOf":{"@id":"https:\/\/www.imperiumsuite.it\/#website"},"primaryImageOfPage":{"@id":"https:\/\/www.imperiumsuite.it\/es\/strutture\/personal\/#primaryimage"},"image":{"@id":"https:\/\/www.imperiumsuite.it\/es\/strutture\/personal\/#primaryimage"},"thumbnailUrl":"https:\/\/www.imperiumsuite.it\/wp-content\/uploads\/2017\/01\/DSC_1662-focus.jpg","datePublished":"2017-01-24T08:36:06+00:00","dateModified":"2017-02-09T20:34:55+00:00","breadcrumb":{"@id":"https:\/\/www.imperiumsuite.it\/es\/strutture\/personal\/#breadcrumb"},"inLanguage":"es-ES","potentialAction":[{"@type":"ReadAction","target":["https:\/\/www.imperiumsuite.it\/es\/strutture\/personal\/"]}]},{"@type":"ImageObject","inLanguage":"es-ES","@id":"https:\/\/www.imperiumsuite.it\/es\/strutture\/personal\/#primaryimage","url":"https:\/\/www.imperiumsuite.it\/wp-content\/uploads\/2017\/01\/DSC_1662-focus.jpg","contentUrl":"https:\/\/www.imperiumsuite.it\/wp-content\/uploads\/2017\/01\/DSC_1662-focus.jpg","width":3840,"height":2022},{"@type":"BreadcrumbList","@id":"https:\/\/www.imperiumsuite.it\/es\/strutture\/personal\/#breadcrumb","itemListElement":[{"@type":"ListItem","position":1,"name":"Home","item":"https:\/\/www.imperiumsuite.it\/es\/"},{"@type":"ListItem","position":2,"name":"Nuestros Alojamientos","item":"https:\/\/www.imperiumsuite.it\/es\/strutture\/"},{"@type":"ListItem","position":3,"name":"Personal"}]},{"@type":"WebSite","@id":"https:\/\/www.imperiumsuite.it\/#website","url":"https:\/\/www.imperiumsuite.it\/","name":"Imperium Suite Navona","description":"Elegant townhouse in the Rome centre","potentialAction":[{"@type":"SearchAction","target":{"@type":"EntryPoint","urlTemplate":"https:\/\/www.imperiumsuite.it\/?s={search_term_string}"},"query-input":{"@type":"PropertyValueSpecification","valueRequired":true,"valueName":"search_term_string"}}],"inLanguage":"es-ES"}]}},"_links":{"self":[{"href":"https:\/\/www.imperiumsuite.it\/es\/wp-json\/wp\/v2\/pages\/160","targetHints":{"allow":["GET"]}}],"collection":[{"href":"https:\/\/www.imperiumsuite.it\/es\/wp-json\/wp\/v2\/pages"}],"about":[{"href":"https:\/\/www.imperiumsuite.it\/es\/wp-json\/wp\/v2\/types\/page"}],"author":[{"embeddable":true,"href":"https:\/\/www.imperiumsuite.it\/es\/wp-json\/wp\/v2\/users\/3"}],"replies":[{"embeddable":true,"href":"https:\/\/www.imperiumsuite.it\/es\/wp-json\/wp\/v2\/comments?post=160"}],"version-history":[{"count":0,"href":"https:\/\/www.imperiumsuite.it\/es\/wp-json\/wp\/v2\/pages\/160\/revisions"}],"up":[{"embeddable":true,"href":"https:\/\/www.imperiumsuite.it\/es\/wp-json\/wp\/v2\/pages\/136"}],"wp:featuredmedia":[{"embeddable":true,"href":"https:\/\/www.imperiumsuite.it\/es\/wp-json\/wp\/v2\/media\/298"}],"wp:attachment":[{"href":"https:\/\/www.imperiumsuite.it\/es\/wp-json\/wp\/v2\/media?parent=160"}],"curies":[{"name":"wp","href":"https:\/\/api.w.org\/{rel}","templated":true}]}}