{"id":166,"date":"2017-01-24T10:05:34","date_gmt":"2017-01-24T09:05:34","guid":{"rendered":"http:\/\/www.imperiumsuite.it\/?page_id=166\/"},"modified":"2017-01-24T10:10:19","modified_gmt":"2017-01-24T09:10:19","slug":"historia","status":"publish","type":"page","link":"https:\/\/www.imperiumsuite.it\/es\/strutture\/historia\/","title":{"rendered":"Historia"},"content":{"rendered":"<p>Imperium Suite Navona es, desde 2008, un hito del turismo entrante en el centro hist\u00f3rico de Roma. Estructura de la excelencia, siempre ha sido popular entre aquellos que quieren disfrutar al m\u00e1ximo de la ciudad, descubra las maravillas de Roma, visitar sus monumentos y los principales puntos de inter\u00e9s, largos paseos por las calles de su acr\u00f3polis y pasar una estancia agradable y relajante.<\/p>\n<p>El nombre hace referencia a su valiosa funci\u00f3n de residencia y tambi\u00e9n la proximidad de la Piazza Navona, que est\u00e1 a s\u00f3lo unos pasos: el tiempo justo para cruzar Piazza Sant&#8217;Apollinare, con su bas\u00edlica, y aqu\u00ed se abre a la famosa vista de la Fuente Neptuno. Y, en efecto, como siempre, los que se quedan el Imperium Suite Navona, puede disfrutar de una manera privilegiada de la plaza de la que toma su nombre, su ambiente, su arquitectura y sus monumentos, artistas callejeros que animan y el cruce de pueblos, culturas y lenguas que habitan all\u00ed todos los d\u00edas.<\/p>\n","protected":false},"excerpt":{"rendered":"<p>Imperium Suite Navona es, desde 2008, un hito del turismo entrante en el centro hist\u00f3rico de Roma.<\/p>\n","protected":false},"author":3,"featured_media":123,"parent":136,"menu_order":0,"comment_status":"closed","ping_status":"closed","template":"","meta":{"footnotes":""},"class_list":["post-166","page","type-page","status-publish","has-post-thumbnail","hentry"],"yoast_head":"<!-- This site is optimized with the Yoast SEO plugin v27.4 - https:\/\/yoast.com\/product\/yoast-seo-wordpress\/ -->\n<title>Historia - Imperium Suite Navona<\/title>\n<meta name=\"robots\" content=\"index, follow, max-snippet:-1, max-image-preview:large, max-video-preview:-1\" \/>\n<link rel=\"canonical\" href=\"https:\/\/www.imperiumsuite.it\/es\/strutture\/historia\/\" \/>\n<meta property=\"og:locale\" content=\"es_ES\" \/>\n<meta property=\"og:type\" content=\"article\" \/>\n<meta property=\"og:title\" content=\"Historia - Imperium Suite Navona\" \/>\n<meta property=\"og:description\" content=\"Imperium Suite Navona es, desde 2008, un hito del turismo entrante en el centro hist\u00f3rico de Roma.\" \/>\n<meta property=\"og:url\" content=\"https:\/\/www.imperiumsuite.it\/es\/strutture\/historia\/\" \/>\n<meta property=\"og:site_name\" content=\"Imperium Suite Navona\" \/>\n<meta property=\"article:modified_time\" content=\"2017-01-24T09:10:19+00:00\" \/>\n<meta property=\"og:image\" content=\"https:\/\/www.imperiumsuite.it\/wp-content\/uploads\/2017\/01\/IMG_0299_light.jpg\" \/>\n\t<meta property=\"og:image:width\" content=\"1920\" \/>\n\t<meta property=\"og:image:height\" content=\"1280\" \/>\n\t<meta property=\"og:image:type\" content=\"image\/jpeg\" \/>\n<meta name=\"twitter:card\" content=\"summary_large_image\" \/>\n<meta name=\"twitter:label1\" content=\"Est. reading time\" \/>\n\t<meta name=\"twitter:data1\" content=\"1 minute\" \/>\n<script type=\"application\/ld+json\" class=\"yoast-schema-graph\">{\"@context\":\"https:\\\/\\\/schema.org\",\"@graph\":[{\"@type\":\"WebPage\",\"@id\":\"https:\\\/\\\/www.imperiumsuite.it\\\/es\\\/strutture\\\/historia\\\/\",\"url\":\"https:\\\/\\\/www.imperiumsuite.it\\\/es\\\/strutture\\\/historia\\\/\",\"name\":\"Historia - Imperium Suite Navona\",\"isPartOf\":{\"@id\":\"https:\\\/\\\/www.imperiumsuite.it\\\/#website\"},\"primaryImageOfPage\":{\"@id\":\"https:\\\/\\\/www.imperiumsuite.it\\\/es\\\/strutture\\\/historia\\\/#primaryimage\"},\"image\":{\"@id\":\"https:\\\/\\\/www.imperiumsuite.it\\\/es\\\/strutture\\\/historia\\\/#primaryimage\"},\"thumbnailUrl\":\"https:\\\/\\\/www.imperiumsuite.it\\\/wp-content\\\/uploads\\\/2017\\\/01\\\/IMG_0299_light.jpg\",\"datePublished\":\"2017-01-24T09:05:34+00:00\",\"dateModified\":\"2017-01-24T09:10:19+00:00\",\"breadcrumb\":{\"@id\":\"https:\\\/\\\/www.imperiumsuite.it\\\/es\\\/strutture\\\/historia\\\/#breadcrumb\"},\"inLanguage\":\"es-ES\",\"potentialAction\":[{\"@type\":\"ReadAction\",\"target\":[\"https:\\\/\\\/www.imperiumsuite.it\\\/es\\\/strutture\\\/historia\\\/\"]}]},{\"@type\":\"ImageObject\",\"inLanguage\":\"es-ES\",\"@id\":\"https:\\\/\\\/www.imperiumsuite.it\\\/es\\\/strutture\\\/historia\\\/#primaryimage\",\"url\":\"https:\\\/\\\/www.imperiumsuite.it\\\/wp-content\\\/uploads\\\/2017\\\/01\\\/IMG_0299_light.jpg\",\"contentUrl\":\"https:\\\/\\\/www.imperiumsuite.it\\\/wp-content\\\/uploads\\\/2017\\\/01\\\/IMG_0299_light.jpg\",\"width\":1920,\"height\":1280},{\"@type\":\"BreadcrumbList\",\"@id\":\"https:\\\/\\\/www.imperiumsuite.it\\\/es\\\/strutture\\\/historia\\\/#breadcrumb\",\"itemListElement\":[{\"@type\":\"ListItem\",\"position\":1,\"name\":\"Home\",\"item\":\"https:\\\/\\\/www.imperiumsuite.it\\\/es\\\/\"},{\"@type\":\"ListItem\",\"position\":2,\"name\":\"Nuestros Alojamientos\",\"item\":\"https:\\\/\\\/www.imperiumsuite.it\\\/es\\\/strutture\\\/\"},{\"@type\":\"ListItem\",\"position\":3,\"name\":\"Historia\"}]},{\"@type\":\"WebSite\",\"@id\":\"https:\\\/\\\/www.imperiumsuite.it\\\/#website\",\"url\":\"https:\\\/\\\/www.imperiumsuite.it\\\/\",\"name\":\"Imperium Suite Navona\",\"description\":\"Elegant townhouse in the Rome centre\",\"potentialAction\":[{\"@type\":\"SearchAction\",\"target\":{\"@type\":\"EntryPoint\",\"urlTemplate\":\"https:\\\/\\\/www.imperiumsuite.it\\\/?s={search_term_string}\"},\"query-input\":{\"@type\":\"PropertyValueSpecification\",\"valueRequired\":true,\"valueName\":\"search_term_string\"}}],\"inLanguage\":\"es-ES\"}]}<\/script>\n<!-- \/ Yoast SEO plugin. -->","yoast_head_json":{"title":"Historia - Imperium Suite Navona","robots":{"index":"index","follow":"follow","max-snippet":"max-snippet:-1","max-image-preview":"max-image-preview:large","max-video-preview":"max-video-preview:-1"},"canonical":"https:\/\/www.imperiumsuite.it\/es\/strutture\/historia\/","og_locale":"es_ES","og_type":"article","og_title":"Historia - Imperium Suite Navona","og_description":"Imperium Suite Navona es, desde 2008, un hito del turismo entrante en el centro hist\u00f3rico de Roma.","og_url":"https:\/\/www.imperiumsuite.it\/es\/strutture\/historia\/","og_site_name":"Imperium Suite Navona","article_modified_time":"2017-01-24T09:10:19+00:00","og_image":[{"width":1920,"height":1280,"url":"https:\/\/www.imperiumsuite.it\/wp-content\/uploads\/2017\/01\/IMG_0299_light.jpg","type":"image\/jpeg"}],"twitter_card":"summary_large_image","twitter_misc":{"Est. reading time":"1 minute"},"schema":{"@context":"https:\/\/schema.org","@graph":[{"@type":"WebPage","@id":"https:\/\/www.imperiumsuite.it\/es\/strutture\/historia\/","url":"https:\/\/www.imperiumsuite.it\/es\/strutture\/historia\/","name":"Historia - Imperium Suite Navona","isPartOf":{"@id":"https:\/\/www.imperiumsuite.it\/#website"},"primaryImageOfPage":{"@id":"https:\/\/www.imperiumsuite.it\/es\/strutture\/historia\/#primaryimage"},"image":{"@id":"https:\/\/www.imperiumsuite.it\/es\/strutture\/historia\/#primaryimage"},"thumbnailUrl":"https:\/\/www.imperiumsuite.it\/wp-content\/uploads\/2017\/01\/IMG_0299_light.jpg","datePublished":"2017-01-24T09:05:34+00:00","dateModified":"2017-01-24T09:10:19+00:00","breadcrumb":{"@id":"https:\/\/www.imperiumsuite.it\/es\/strutture\/historia\/#breadcrumb"},"inLanguage":"es-ES","potentialAction":[{"@type":"ReadAction","target":["https:\/\/www.imperiumsuite.it\/es\/strutture\/historia\/"]}]},{"@type":"ImageObject","inLanguage":"es-ES","@id":"https:\/\/www.imperiumsuite.it\/es\/strutture\/historia\/#primaryimage","url":"https:\/\/www.imperiumsuite.it\/wp-content\/uploads\/2017\/01\/IMG_0299_light.jpg","contentUrl":"https:\/\/www.imperiumsuite.it\/wp-content\/uploads\/2017\/01\/IMG_0299_light.jpg","width":1920,"height":1280},{"@type":"BreadcrumbList","@id":"https:\/\/www.imperiumsuite.it\/es\/strutture\/historia\/#breadcrumb","itemListElement":[{"@type":"ListItem","position":1,"name":"Home","item":"https:\/\/www.imperiumsuite.it\/es\/"},{"@type":"ListItem","position":2,"name":"Nuestros Alojamientos","item":"https:\/\/www.imperiumsuite.it\/es\/strutture\/"},{"@type":"ListItem","position":3,"name":"Historia"}]},{"@type":"WebSite","@id":"https:\/\/www.imperiumsuite.it\/#website","url":"https:\/\/www.imperiumsuite.it\/","name":"Imperium Suite Navona","description":"Elegant townhouse in the Rome centre","potentialAction":[{"@type":"SearchAction","target":{"@type":"EntryPoint","urlTemplate":"https:\/\/www.imperiumsuite.it\/?s={search_term_string}"},"query-input":{"@type":"PropertyValueSpecification","valueRequired":true,"valueName":"search_term_string"}}],"inLanguage":"es-ES"}]}},"_links":{"self":[{"href":"https:\/\/www.imperiumsuite.it\/es\/wp-json\/wp\/v2\/pages\/166","targetHints":{"allow":["GET"]}}],"collection":[{"href":"https:\/\/www.imperiumsuite.it\/es\/wp-json\/wp\/v2\/pages"}],"about":[{"href":"https:\/\/www.imperiumsuite.it\/es\/wp-json\/wp\/v2\/types\/page"}],"author":[{"embeddable":true,"href":"https:\/\/www.imperiumsuite.it\/es\/wp-json\/wp\/v2\/users\/3"}],"replies":[{"embeddable":true,"href":"https:\/\/www.imperiumsuite.it\/es\/wp-json\/wp\/v2\/comments?post=166"}],"version-history":[{"count":0,"href":"https:\/\/www.imperiumsuite.it\/es\/wp-json\/wp\/v2\/pages\/166\/revisions"}],"up":[{"embeddable":true,"href":"https:\/\/www.imperiumsuite.it\/es\/wp-json\/wp\/v2\/pages\/136"}],"wp:featuredmedia":[{"embeddable":true,"href":"https:\/\/www.imperiumsuite.it\/es\/wp-json\/wp\/v2\/media\/123"}],"wp:attachment":[{"href":"https:\/\/www.imperiumsuite.it\/es\/wp-json\/wp\/v2\/media?parent=166"}],"curies":[{"name":"wp","href":"https:\/\/api.w.org\/{rel}","templated":true}]}}