{"id":1828,"date":"2018-10-30T09:15:01","date_gmt":"2018-10-30T08:15:01","guid":{"rendered":"https:\/\/www.imperiumsuite.it\/info-utili\/"},"modified":"2026-04-08T08:40:04","modified_gmt":"2026-04-08T06:40:04","slug":"info-utili","status":"publish","type":"page","link":"https:\/\/www.imperiumsuite.it\/es\/info-utili\/","title":{"rendered":"Informaci\u00f2n \u00f9til"},"content":{"rendered":"<p>Informaci\u00f3n \u00fatil para Imperium Suite<\/p>\n<p>La recepci\u00f3n est\u00e1 abierta todos los d\u00edas de 08:00 a 15:00.<\/p>\n<p>El check-in comienza a las 14:00, y el check-out es hasta las 10:00. Si necesitas un check-out m\u00e1s tarde, solo tienes que pedirlo y veremos qu\u00e9 podemos hacer.<\/p>\n<p>Si no encuentras a nadie en recepci\u00f3n, puedes llamarnos al +39 345.1726218.<\/p>\n<p>\u00bfQuieres saber c\u00f3mo llegar? Haz clic aqu\u00ed.<\/p>\n<p>\u00a1Los animales son bienvenidos, as\u00ed que no dudes en traer a tu compa\u00f1ero peludo!<\/p>\n<p>La tasa tur\u00edstica es de 6\u20ac por persona y por noche para mayores de 10 a\u00f1os.<\/p>\n","protected":false},"excerpt":{"rendered":"<p>Informaci\u00f3n \u00fatil para Imperium Suite La recepci\u00f3n est\u00e1 abierta todos los d\u00edas de 08:00 a 15:00. El check-in comienza a las 14:00, y el check-out es hasta las 10:00. Si necesitas un check-out m\u00e1s tarde, solo tienes que pedirlo y veremos qu\u00e9 podemos hacer. Si no encuentras a nadie en recepci\u00f3n, puedes llamarnos al +39 [&hellip;]<\/p>\n","protected":false},"author":1,"featured_media":901,"parent":0,"menu_order":0,"comment_status":"closed","ping_status":"closed","template":"","meta":{"footnotes":""},"class_list":["post-1828","page","type-page","status-publish","has-post-thumbnail","hentry"],"yoast_head":"<!-- This site is optimized with the Yoast SEO plugin v27.2 - https:\/\/yoast.com\/product\/yoast-seo-wordpress\/ -->\n<title>Informaci\u00f2n \u00f9til - Imperium Suite Navona<\/title>\n<meta name=\"robots\" content=\"index, follow, max-snippet:-1, max-image-preview:large, max-video-preview:-1\" \/>\n<link rel=\"canonical\" href=\"https:\/\/www.imperiumsuite.it\/es\/info-utili\/\" \/>\n<meta property=\"og:locale\" content=\"es_ES\" \/>\n<meta property=\"og:type\" content=\"article\" \/>\n<meta property=\"og:title\" content=\"Informaci\u00f2n \u00f9til - Imperium Suite Navona\" \/>\n<meta property=\"og:description\" content=\"Informaci\u00f3n \u00fatil para Imperium Suite La recepci\u00f3n est\u00e1 abierta todos los d\u00edas de 08:00 a 15:00. El check-in comienza a las 14:00, y el check-out es hasta las 10:00. Si necesitas un check-out m\u00e1s tarde, solo tienes que pedirlo y veremos qu\u00e9 podemos hacer. Si no encuentras a nadie en recepci\u00f3n, puedes llamarnos al +39 [&hellip;]\" \/>\n<meta property=\"og:url\" content=\"https:\/\/www.imperiumsuite.it\/es\/info-utili\/\" \/>\n<meta property=\"og:site_name\" content=\"Imperium Suite Navona\" \/>\n<meta property=\"article:modified_time\" content=\"2026-04-08T06:40:04+00:00\" \/>\n<meta property=\"og:image\" content=\"https:\/\/www.imperiumsuite.it\/wp-content\/uploads\/2025\/06\/11\/foto-header-2.jpg\" \/>\n\t<meta property=\"og:image:width\" content=\"1920\" \/>\n\t<meta property=\"og:image:height\" content=\"1020\" \/>\n\t<meta property=\"og:image:type\" content=\"image\/jpeg\" \/>\n<meta name=\"twitter:card\" content=\"summary_large_image\" \/>\n<meta name=\"twitter:label1\" content=\"Est. reading time\" \/>\n\t<meta name=\"twitter:data1\" content=\"1 minute\" \/>\n<script type=\"application\/ld+json\" class=\"yoast-schema-graph\">{\"@context\":\"https:\/\/schema.org\",\"@graph\":[{\"@type\":\"WebPage\",\"@id\":\"https:\/\/www.imperiumsuite.it\/es\/info-utili\/\",\"url\":\"https:\/\/www.imperiumsuite.it\/es\/info-utili\/\",\"name\":\"Informaci\u00f2n \u00f9til - Imperium Suite Navona\",\"isPartOf\":{\"@id\":\"https:\/\/www.imperiumsuite.it\/#website\"},\"primaryImageOfPage\":{\"@id\":\"https:\/\/www.imperiumsuite.it\/es\/info-utili\/#primaryimage\"},\"image\":{\"@id\":\"https:\/\/www.imperiumsuite.it\/es\/info-utili\/#primaryimage\"},\"thumbnailUrl\":\"https:\/\/www.imperiumsuite.it\/wp-content\/uploads\/2025\/06\/11\/foto-header-2.jpg\",\"datePublished\":\"2018-10-30T08:15:01+00:00\",\"dateModified\":\"2026-04-08T06:40:04+00:00\",\"breadcrumb\":{\"@id\":\"https:\/\/www.imperiumsuite.it\/es\/info-utili\/#breadcrumb\"},\"inLanguage\":\"es-ES\",\"potentialAction\":[{\"@type\":\"ReadAction\",\"target\":[\"https:\/\/www.imperiumsuite.it\/es\/info-utili\/\"]}]},{\"@type\":\"ImageObject\",\"inLanguage\":\"es-ES\",\"@id\":\"https:\/\/www.imperiumsuite.it\/es\/info-utili\/#primaryimage\",\"url\":\"https:\/\/www.imperiumsuite.it\/wp-content\/uploads\/2025\/06\/11\/foto-header-2.jpg\",\"contentUrl\":\"https:\/\/www.imperiumsuite.it\/wp-content\/uploads\/2025\/06\/11\/foto-header-2.jpg\",\"width\":1920,\"height\":1020},{\"@type\":\"BreadcrumbList\",\"@id\":\"https:\/\/www.imperiumsuite.it\/es\/info-utili\/#breadcrumb\",\"itemListElement\":[{\"@type\":\"ListItem\",\"position\":1,\"name\":\"Home\",\"item\":\"https:\/\/www.imperiumsuite.it\/es\/\"},{\"@type\":\"ListItem\",\"position\":2,\"name\":\"Informaci\u00f2n \u00f9til\"}]},{\"@type\":\"WebSite\",\"@id\":\"https:\/\/www.imperiumsuite.it\/#website\",\"url\":\"https:\/\/www.imperiumsuite.it\/\",\"name\":\"Imperium Suite Navona\",\"description\":\"Elegant townhouse in the Rome centre\",\"potentialAction\":[{\"@type\":\"SearchAction\",\"target\":{\"@type\":\"EntryPoint\",\"urlTemplate\":\"https:\/\/www.imperiumsuite.it\/?s={search_term_string}\"},\"query-input\":{\"@type\":\"PropertyValueSpecification\",\"valueRequired\":true,\"valueName\":\"search_term_string\"}}],\"inLanguage\":\"es-ES\"}]}<\/script>\n<!-- \/ Yoast SEO plugin. -->","yoast_head_json":{"title":"Informaci\u00f2n \u00f9til - Imperium Suite Navona","robots":{"index":"index","follow":"follow","max-snippet":"max-snippet:-1","max-image-preview":"max-image-preview:large","max-video-preview":"max-video-preview:-1"},"canonical":"https:\/\/www.imperiumsuite.it\/es\/info-utili\/","og_locale":"es_ES","og_type":"article","og_title":"Informaci\u00f2n \u00f9til - Imperium Suite Navona","og_description":"Informaci\u00f3n \u00fatil para Imperium Suite La recepci\u00f3n est\u00e1 abierta todos los d\u00edas de 08:00 a 15:00. El check-in comienza a las 14:00, y el check-out es hasta las 10:00. Si necesitas un check-out m\u00e1s tarde, solo tienes que pedirlo y veremos qu\u00e9 podemos hacer. Si no encuentras a nadie en recepci\u00f3n, puedes llamarnos al +39 [&hellip;]","og_url":"https:\/\/www.imperiumsuite.it\/es\/info-utili\/","og_site_name":"Imperium Suite Navona","article_modified_time":"2026-04-08T06:40:04+00:00","og_image":[{"width":1920,"height":1020,"url":"https:\/\/www.imperiumsuite.it\/wp-content\/uploads\/2025\/06\/11\/foto-header-2.jpg","type":"image\/jpeg"}],"twitter_card":"summary_large_image","twitter_misc":{"Est. reading time":"1 minute"},"schema":{"@context":"https:\/\/schema.org","@graph":[{"@type":"WebPage","@id":"https:\/\/www.imperiumsuite.it\/es\/info-utili\/","url":"https:\/\/www.imperiumsuite.it\/es\/info-utili\/","name":"Informaci\u00f2n \u00f9til - Imperium Suite Navona","isPartOf":{"@id":"https:\/\/www.imperiumsuite.it\/#website"},"primaryImageOfPage":{"@id":"https:\/\/www.imperiumsuite.it\/es\/info-utili\/#primaryimage"},"image":{"@id":"https:\/\/www.imperiumsuite.it\/es\/info-utili\/#primaryimage"},"thumbnailUrl":"https:\/\/www.imperiumsuite.it\/wp-content\/uploads\/2025\/06\/11\/foto-header-2.jpg","datePublished":"2018-10-30T08:15:01+00:00","dateModified":"2026-04-08T06:40:04+00:00","breadcrumb":{"@id":"https:\/\/www.imperiumsuite.it\/es\/info-utili\/#breadcrumb"},"inLanguage":"es-ES","potentialAction":[{"@type":"ReadAction","target":["https:\/\/www.imperiumsuite.it\/es\/info-utili\/"]}]},{"@type":"ImageObject","inLanguage":"es-ES","@id":"https:\/\/www.imperiumsuite.it\/es\/info-utili\/#primaryimage","url":"https:\/\/www.imperiumsuite.it\/wp-content\/uploads\/2025\/06\/11\/foto-header-2.jpg","contentUrl":"https:\/\/www.imperiumsuite.it\/wp-content\/uploads\/2025\/06\/11\/foto-header-2.jpg","width":1920,"height":1020},{"@type":"BreadcrumbList","@id":"https:\/\/www.imperiumsuite.it\/es\/info-utili\/#breadcrumb","itemListElement":[{"@type":"ListItem","position":1,"name":"Home","item":"https:\/\/www.imperiumsuite.it\/es\/"},{"@type":"ListItem","position":2,"name":"Informaci\u00f2n \u00f9til"}]},{"@type":"WebSite","@id":"https:\/\/www.imperiumsuite.it\/#website","url":"https:\/\/www.imperiumsuite.it\/","name":"Imperium Suite Navona","description":"Elegant townhouse in the Rome centre","potentialAction":[{"@type":"SearchAction","target":{"@type":"EntryPoint","urlTemplate":"https:\/\/www.imperiumsuite.it\/?s={search_term_string}"},"query-input":{"@type":"PropertyValueSpecification","valueRequired":true,"valueName":"search_term_string"}}],"inLanguage":"es-ES"}]}},"_links":{"self":[{"href":"https:\/\/www.imperiumsuite.it\/es\/wp-json\/wp\/v2\/pages\/1828","targetHints":{"allow":["GET"]}}],"collection":[{"href":"https:\/\/www.imperiumsuite.it\/es\/wp-json\/wp\/v2\/pages"}],"about":[{"href":"https:\/\/www.imperiumsuite.it\/es\/wp-json\/wp\/v2\/types\/page"}],"author":[{"embeddable":true,"href":"https:\/\/www.imperiumsuite.it\/es\/wp-json\/wp\/v2\/users\/1"}],"replies":[{"embeddable":true,"href":"https:\/\/www.imperiumsuite.it\/es\/wp-json\/wp\/v2\/comments?post=1828"}],"version-history":[{"count":0,"href":"https:\/\/www.imperiumsuite.it\/es\/wp-json\/wp\/v2\/pages\/1828\/revisions"}],"wp:featuredmedia":[{"embeddable":true,"href":"https:\/\/www.imperiumsuite.it\/es\/wp-json\/wp\/v2\/media\/901"}],"wp:attachment":[{"href":"https:\/\/www.imperiumsuite.it\/es\/wp-json\/wp\/v2\/media?parent=1828"}],"curies":[{"name":"wp","href":"https:\/\/api.w.org\/{rel}","templated":true}]}}