{"id":185,"date":"2017-01-24T12:06:01","date_gmt":"2017-01-24T11:06:01","guid":{"rendered":"http:\/\/www.imperiumsuite.it\/?page_id=185\/"},"modified":"2017-01-24T12:13:07","modified_gmt":"2017-01-24T11:13:07","slug":"185-2","status":"publish","type":"page","link":"https:\/\/www.imperiumsuite.it\/es\/185-2\/","title":{"rendered":"Servicios"},"content":{"rendered":"<p>Imperium Suite Navona ofrece a sus clientes numerosos servicios, para que se sientan m\u00e1s mimado y para satisfacerlos en el mejor. La instalaci\u00f3n est\u00e1 totalmente equipada con aire acondicionado, tarjetas de cr\u00e9dito, el personal es multiling\u00fce, o si lo desea, puede utilizar la consigna.<br \/>\n Imperium Suite Navona ofrece a sus clientes un punto de Internet, fax y acceso a Internet est\u00e1 disponible en Wi-Fi en todo el hotel. Se admiten mascotas y se pueden alojar gratis. A su llegada, cada hu\u00e9sped se le da un mapa de Roma a trav\u00e9s del cual se pueden programar las etapas de su estancia para explorar la Ciudad Eterna.<br \/>\n Para m\u00e1s informaci\u00f3n y requisito, tambi\u00e9n se puede pedir al conserje del Imperium Suite Navona.<\/p>\n","protected":false},"excerpt":{"rendered":"<p>Aria acondicionado,Se aceptan tarjetas de credito,Personal pol\u00edglota,Reservaciones para Tours,Excursiones y Museos,Servicio deposito equipaje,Mapa de la ciudad gratis,Servicio Fax, Conexi\u00f3n Internet Wi-Fi,<br \/>\nPunto Internet, Mascotas permitidas con previa solicitud, sin cargo extra.<\/p>\n","protected":false},"author":3,"featured_media":58,"parent":0,"menu_order":0,"comment_status":"closed","ping_status":"closed","template":"templates\/tpl-services.php","meta":{"footnotes":""},"class_list":["post-185","page","type-page","status-publish","has-post-thumbnail","hentry"],"yoast_head":"<!-- This site is optimized with the Yoast SEO plugin v27.2 - https:\/\/yoast.com\/product\/yoast-seo-wordpress\/ -->\n<title>Servicios - Imperium Suite Navona<\/title>\n<meta name=\"robots\" content=\"index, follow, max-snippet:-1, max-image-preview:large, max-video-preview:-1\" \/>\n<link rel=\"canonical\" href=\"https:\/\/www.imperiumsuite.it\/servizi\/\" \/>\n<meta property=\"og:locale\" content=\"es_ES\" \/>\n<meta property=\"og:type\" content=\"article\" \/>\n<meta property=\"og:title\" content=\"Servicios - Imperium Suite Navona\" \/>\n<meta property=\"og:description\" content=\"Aria acondicionado,Se aceptan tarjetas de credito,Personal pol\u00edglota,Reservaciones para Tours,Excursiones y Museos,Servicio deposito equipaje,Mapa de la ciudad gratis,Servicio Fax, Conexi\u00f3n Internet Wi-Fi, Punto Internet, Mascotas permitidas con previa solicitud, sin cargo extra.\" \/>\n<meta property=\"og:url\" content=\"https:\/\/www.imperiumsuite.it\/servizi\/\" \/>\n<meta property=\"og:site_name\" content=\"Imperium Suite Navona\" \/>\n<meta property=\"article:modified_time\" content=\"2017-01-24T11:13:07+00:00\" \/>\n<meta property=\"og:image\" content=\"https:\/\/www.imperiumsuite.it\/wp-content\/uploads\/2016\/12\/fiori.png\" \/>\n\t<meta property=\"og:image:width\" content=\"874\" \/>\n\t<meta property=\"og:image:height\" content=\"589\" \/>\n\t<meta property=\"og:image:type\" content=\"image\/png\" \/>\n<meta name=\"twitter:card\" content=\"summary_large_image\" \/>\n<meta name=\"twitter:label1\" content=\"Est. reading time\" \/>\n\t<meta name=\"twitter:data1\" content=\"1 minute\" \/>\n<script type=\"application\/ld+json\" class=\"yoast-schema-graph\">{\"@context\":\"https:\/\/schema.org\",\"@graph\":[{\"@type\":\"WebPage\",\"@id\":\"https:\/\/www.imperiumsuite.it\/servizi\/\",\"url\":\"https:\/\/www.imperiumsuite.it\/servizi\/\",\"name\":\"Servicios - Imperium Suite Navona\",\"isPartOf\":{\"@id\":\"https:\/\/www.imperiumsuite.it\/#website\"},\"primaryImageOfPage\":{\"@id\":\"https:\/\/www.imperiumsuite.it\/servizi\/#primaryimage\"},\"image\":{\"@id\":\"https:\/\/www.imperiumsuite.it\/servizi\/#primaryimage\"},\"thumbnailUrl\":\"https:\/\/www.imperiumsuite.it\/wp-content\/uploads\/2016\/12\/fiori.png\",\"datePublished\":\"2017-01-24T11:06:01+00:00\",\"dateModified\":\"2017-01-24T11:13:07+00:00\",\"breadcrumb\":{\"@id\":\"https:\/\/www.imperiumsuite.it\/servizi\/#breadcrumb\"},\"inLanguage\":\"es-ES\",\"potentialAction\":[{\"@type\":\"ReadAction\",\"target\":[\"https:\/\/www.imperiumsuite.it\/servizi\/\"]}]},{\"@type\":\"ImageObject\",\"inLanguage\":\"es-ES\",\"@id\":\"https:\/\/www.imperiumsuite.it\/servizi\/#primaryimage\",\"url\":\"https:\/\/www.imperiumsuite.it\/wp-content\/uploads\/2016\/12\/fiori.png\",\"contentUrl\":\"https:\/\/www.imperiumsuite.it\/wp-content\/uploads\/2016\/12\/fiori.png\",\"width\":874,\"height\":589,\"caption\":\"Imperium Suite Navona - Servizi\"},{\"@type\":\"BreadcrumbList\",\"@id\":\"https:\/\/www.imperiumsuite.it\/servizi\/#breadcrumb\",\"itemListElement\":[{\"@type\":\"ListItem\",\"position\":1,\"name\":\"Home\",\"item\":\"https:\/\/www.imperiumsuite.it\/es\/\"},{\"@type\":\"ListItem\",\"position\":2,\"name\":\"Servicios\"}]},{\"@type\":\"WebSite\",\"@id\":\"https:\/\/www.imperiumsuite.it\/#website\",\"url\":\"https:\/\/www.imperiumsuite.it\/\",\"name\":\"Imperium Suite Navona\",\"description\":\"Elegant townhouse in the Rome centre\",\"potentialAction\":[{\"@type\":\"SearchAction\",\"target\":{\"@type\":\"EntryPoint\",\"urlTemplate\":\"https:\/\/www.imperiumsuite.it\/?s={search_term_string}\"},\"query-input\":{\"@type\":\"PropertyValueSpecification\",\"valueRequired\":true,\"valueName\":\"search_term_string\"}}],\"inLanguage\":\"es-ES\"}]}<\/script>\n<!-- \/ Yoast SEO plugin. -->","yoast_head_json":{"title":"Servicios - Imperium Suite Navona","robots":{"index":"index","follow":"follow","max-snippet":"max-snippet:-1","max-image-preview":"max-image-preview:large","max-video-preview":"max-video-preview:-1"},"canonical":"https:\/\/www.imperiumsuite.it\/servizi\/","og_locale":"es_ES","og_type":"article","og_title":"Servicios - Imperium Suite Navona","og_description":"Aria acondicionado,Se aceptan tarjetas de credito,Personal pol\u00edglota,Reservaciones para Tours,Excursiones y Museos,Servicio deposito equipaje,Mapa de la ciudad gratis,Servicio Fax, Conexi\u00f3n Internet Wi-Fi, Punto Internet, Mascotas permitidas con previa solicitud, sin cargo extra.","og_url":"https:\/\/www.imperiumsuite.it\/servizi\/","og_site_name":"Imperium Suite Navona","article_modified_time":"2017-01-24T11:13:07+00:00","og_image":[{"width":874,"height":589,"url":"https:\/\/www.imperiumsuite.it\/wp-content\/uploads\/2016\/12\/fiori.png","type":"image\/png"}],"twitter_card":"summary_large_image","twitter_misc":{"Est. reading time":"1 minute"},"schema":{"@context":"https:\/\/schema.org","@graph":[{"@type":"WebPage","@id":"https:\/\/www.imperiumsuite.it\/servizi\/","url":"https:\/\/www.imperiumsuite.it\/servizi\/","name":"Servicios - Imperium Suite Navona","isPartOf":{"@id":"https:\/\/www.imperiumsuite.it\/#website"},"primaryImageOfPage":{"@id":"https:\/\/www.imperiumsuite.it\/servizi\/#primaryimage"},"image":{"@id":"https:\/\/www.imperiumsuite.it\/servizi\/#primaryimage"},"thumbnailUrl":"https:\/\/www.imperiumsuite.it\/wp-content\/uploads\/2016\/12\/fiori.png","datePublished":"2017-01-24T11:06:01+00:00","dateModified":"2017-01-24T11:13:07+00:00","breadcrumb":{"@id":"https:\/\/www.imperiumsuite.it\/servizi\/#breadcrumb"},"inLanguage":"es-ES","potentialAction":[{"@type":"ReadAction","target":["https:\/\/www.imperiumsuite.it\/servizi\/"]}]},{"@type":"ImageObject","inLanguage":"es-ES","@id":"https:\/\/www.imperiumsuite.it\/servizi\/#primaryimage","url":"https:\/\/www.imperiumsuite.it\/wp-content\/uploads\/2016\/12\/fiori.png","contentUrl":"https:\/\/www.imperiumsuite.it\/wp-content\/uploads\/2016\/12\/fiori.png","width":874,"height":589,"caption":"Imperium Suite Navona - Servizi"},{"@type":"BreadcrumbList","@id":"https:\/\/www.imperiumsuite.it\/servizi\/#breadcrumb","itemListElement":[{"@type":"ListItem","position":1,"name":"Home","item":"https:\/\/www.imperiumsuite.it\/es\/"},{"@type":"ListItem","position":2,"name":"Servicios"}]},{"@type":"WebSite","@id":"https:\/\/www.imperiumsuite.it\/#website","url":"https:\/\/www.imperiumsuite.it\/","name":"Imperium Suite Navona","description":"Elegant townhouse in the Rome centre","potentialAction":[{"@type":"SearchAction","target":{"@type":"EntryPoint","urlTemplate":"https:\/\/www.imperiumsuite.it\/?s={search_term_string}"},"query-input":{"@type":"PropertyValueSpecification","valueRequired":true,"valueName":"search_term_string"}}],"inLanguage":"es-ES"}]}},"_links":{"self":[{"href":"https:\/\/www.imperiumsuite.it\/es\/wp-json\/wp\/v2\/pages\/185","targetHints":{"allow":["GET"]}}],"collection":[{"href":"https:\/\/www.imperiumsuite.it\/es\/wp-json\/wp\/v2\/pages"}],"about":[{"href":"https:\/\/www.imperiumsuite.it\/es\/wp-json\/wp\/v2\/types\/page"}],"author":[{"embeddable":true,"href":"https:\/\/www.imperiumsuite.it\/es\/wp-json\/wp\/v2\/users\/3"}],"replies":[{"embeddable":true,"href":"https:\/\/www.imperiumsuite.it\/es\/wp-json\/wp\/v2\/comments?post=185"}],"version-history":[{"count":0,"href":"https:\/\/www.imperiumsuite.it\/es\/wp-json\/wp\/v2\/pages\/185\/revisions"}],"wp:featuredmedia":[{"embeddable":true,"href":"https:\/\/www.imperiumsuite.it\/es\/wp-json\/wp\/v2\/media\/58"}],"wp:attachment":[{"href":"https:\/\/www.imperiumsuite.it\/es\/wp-json\/wp\/v2\/media?parent=185"}],"curies":[{"name":"wp","href":"https:\/\/api.w.org\/{rel}","templated":true}]}}