{"id":198,"date":"2017-01-24T12:46:58","date_gmt":"2017-01-24T11:46:58","guid":{"rendered":"http:\/\/www.imperiumsuite.it\/?page_id=198\/"},"modified":"2017-01-24T12:46:58","modified_gmt":"2017-01-24T11:46:58","slug":"cookie-policy","status":"publish","type":"page","link":"https:\/\/www.imperiumsuite.it\/es\/cookie-policy\/","title":{"rendered":"Cookie policy"},"content":{"rendered":"<h2>Cookies<\/h2>\n<p>Para que este sitio funcione adecuadamente, a veces instalamos en los dispositivos de los usuarios peque\u00f1os ficheros de datos, conocidos como cookies. La mayor\u00eda de los grandes sitios web tambi\u00e9n lo hacen.<\/p>\n<h3>\u00bfQu\u00e9 son las cookies?<\/h3>\n<p>Una cookie es un peque\u00f1o fichero de texto que los sitios web instalan en el ordenador o el dispositivo m\u00f3vil de los usuarios que los visitan. Las cookies hacen posible que el sitio web recuerde las acciones y preferencias del usuario (identificador de inicio de sesi\u00f3n, idioma, tama\u00f1o de letra y otras preferencias de visualizaci\u00f3n), para que este no tenga que volver a configurarlos cuando regrese al sitio o navegue por sus p\u00e1ginas.<\/p>\n<h3>\u00bfC\u00f3mo utilizamos las cookies?<\/h3>\n<div class=\"alert\">\n<p><em>Adjust this part of the page according to your needs.\u00a0Explain which cookies you usein plain, jargon-free language. In particular:<\/em><\/p>\n<ul>\n<li><em>their purpose and the reason why they are being used, (e.g. to remember users&#8217; actions, to identify the user, for online behavioural advertising)<\/em><\/li>\n<li><em>if they are essential for the website or a given functionality to work or if they aim to enhance the performance of the website<\/em><\/li>\n<li><em>the types of cookies used (e.g. session or permanent, first or third-party)<\/em><\/li>\n<li><em>who controls\/accesses the cookie-related information (website or third party)<\/em><\/li>\n<li><em>that the cookie will not be used for any purpose other than the one stated<\/em><\/li>\n<li><em>how consent can be withdrawn.<\/em><\/li>\n<\/ul>\n<h3>\u00a0<\/h3>\n<\/div>\n<p>Usted puede controlar o borrar las cookies siempre que lo desee: para m\u00e1s informaci\u00f3n, consulte <a href=\"http:\/\/www.aboutcookies.org\/\" rel=\"nofollow\">aboutcookies.org<\/a>. Adem\u00e1s de poder eliminar todas las cookies que ya se encuentran en su ordenador, tambi\u00e9n puede configurar la mayor\u00eda de los navegadores para que dejen de aceptarlas. Pero tenga presente que, si rechaza las cookies, es posible que tenga que volver a configurar manualmente sus preferencias cada vez que visite un sitio y que dejen de funcionar determinados servicios y funcionalidades.<\/p>\n","protected":false},"excerpt":{"rendered":"<p>Cookies Para que este sitio funcione adecuadamente, a veces instalamos en los dispositivos de los usuarios peque\u00f1os ficheros de datos, conocidos como cookies. La mayor\u00eda de los grandes sitios web tambi\u00e9n lo hacen. \u00bfQu\u00e9 son las cookies? Una cookie es un peque\u00f1o fichero de texto que los sitios web instalan en el ordenador o el [&hellip;]<\/p>\n","protected":false},"author":3,"featured_media":0,"parent":0,"menu_order":0,"comment_status":"closed","ping_status":"closed","template":"","meta":{"footnotes":""},"class_list":["post-198","page","type-page","status-publish","hentry"],"yoast_head":"<!-- This site is optimized with the Yoast SEO plugin v27.2 - https:\/\/yoast.com\/product\/yoast-seo-wordpress\/ -->\n<title>Cookie policy - Imperium Suite Navona<\/title>\n<meta name=\"robots\" content=\"index, follow, max-snippet:-1, max-image-preview:large, max-video-preview:-1\" \/>\n<link rel=\"canonical\" href=\"https:\/\/www.imperiumsuite.it\/cookie-policy\/\" \/>\n<meta property=\"og:locale\" content=\"es_ES\" \/>\n<meta property=\"og:type\" content=\"article\" \/>\n<meta property=\"og:title\" content=\"Cookie policy - Imperium Suite Navona\" \/>\n<meta property=\"og:description\" content=\"Cookies Para que este sitio funcione adecuadamente, a veces instalamos en los dispositivos de los usuarios peque\u00f1os ficheros de datos, conocidos como cookies. La mayor\u00eda de los grandes sitios web tambi\u00e9n lo hacen. \u00bfQu\u00e9 son las cookies? Una cookie es un peque\u00f1o fichero de texto que los sitios web instalan en el ordenador o el [&hellip;]\" \/>\n<meta property=\"og:url\" content=\"https:\/\/www.imperiumsuite.it\/cookie-policy\/\" \/>\n<meta property=\"og:site_name\" content=\"Imperium Suite Navona\" \/>\n<meta name=\"twitter:card\" content=\"summary_large_image\" \/>\n<meta name=\"twitter:label1\" content=\"Est. reading time\" \/>\n\t<meta name=\"twitter:data1\" content=\"2 minutes\" \/>\n<script type=\"application\/ld+json\" class=\"yoast-schema-graph\">{\"@context\":\"https:\/\/schema.org\",\"@graph\":[{\"@type\":\"WebPage\",\"@id\":\"https:\/\/www.imperiumsuite.it\/cookie-policy\/\",\"url\":\"https:\/\/www.imperiumsuite.it\/cookie-policy\/\",\"name\":\"Cookie policy - Imperium Suite Navona\",\"isPartOf\":{\"@id\":\"https:\/\/www.imperiumsuite.it\/#website\"},\"datePublished\":\"2017-01-24T11:46:58+00:00\",\"breadcrumb\":{\"@id\":\"https:\/\/www.imperiumsuite.it\/cookie-policy\/#breadcrumb\"},\"inLanguage\":\"es-ES\",\"potentialAction\":[{\"@type\":\"ReadAction\",\"target\":[\"https:\/\/www.imperiumsuite.it\/cookie-policy\/\"]}]},{\"@type\":\"BreadcrumbList\",\"@id\":\"https:\/\/www.imperiumsuite.it\/cookie-policy\/#breadcrumb\",\"itemListElement\":[{\"@type\":\"ListItem\",\"position\":1,\"name\":\"Home\",\"item\":\"https:\/\/www.imperiumsuite.it\/es\/\"},{\"@type\":\"ListItem\",\"position\":2,\"name\":\"Cookie policy\"}]},{\"@type\":\"WebSite\",\"@id\":\"https:\/\/www.imperiumsuite.it\/#website\",\"url\":\"https:\/\/www.imperiumsuite.it\/\",\"name\":\"Imperium Suite Navona\",\"description\":\"Elegant townhouse in the Rome centre\",\"potentialAction\":[{\"@type\":\"SearchAction\",\"target\":{\"@type\":\"EntryPoint\",\"urlTemplate\":\"https:\/\/www.imperiumsuite.it\/?s={search_term_string}\"},\"query-input\":{\"@type\":\"PropertyValueSpecification\",\"valueRequired\":true,\"valueName\":\"search_term_string\"}}],\"inLanguage\":\"es-ES\"}]}<\/script>\n<!-- \/ Yoast SEO plugin. -->","yoast_head_json":{"title":"Cookie policy - Imperium Suite Navona","robots":{"index":"index","follow":"follow","max-snippet":"max-snippet:-1","max-image-preview":"max-image-preview:large","max-video-preview":"max-video-preview:-1"},"canonical":"https:\/\/www.imperiumsuite.it\/cookie-policy\/","og_locale":"es_ES","og_type":"article","og_title":"Cookie policy - Imperium Suite Navona","og_description":"Cookies Para que este sitio funcione adecuadamente, a veces instalamos en los dispositivos de los usuarios peque\u00f1os ficheros de datos, conocidos como cookies. La mayor\u00eda de los grandes sitios web tambi\u00e9n lo hacen. \u00bfQu\u00e9 son las cookies? Una cookie es un peque\u00f1o fichero de texto que los sitios web instalan en el ordenador o el [&hellip;]","og_url":"https:\/\/www.imperiumsuite.it\/cookie-policy\/","og_site_name":"Imperium Suite Navona","twitter_card":"summary_large_image","twitter_misc":{"Est. reading time":"2 minutes"},"schema":{"@context":"https:\/\/schema.org","@graph":[{"@type":"WebPage","@id":"https:\/\/www.imperiumsuite.it\/cookie-policy\/","url":"https:\/\/www.imperiumsuite.it\/cookie-policy\/","name":"Cookie policy - Imperium Suite Navona","isPartOf":{"@id":"https:\/\/www.imperiumsuite.it\/#website"},"datePublished":"2017-01-24T11:46:58+00:00","breadcrumb":{"@id":"https:\/\/www.imperiumsuite.it\/cookie-policy\/#breadcrumb"},"inLanguage":"es-ES","potentialAction":[{"@type":"ReadAction","target":["https:\/\/www.imperiumsuite.it\/cookie-policy\/"]}]},{"@type":"BreadcrumbList","@id":"https:\/\/www.imperiumsuite.it\/cookie-policy\/#breadcrumb","itemListElement":[{"@type":"ListItem","position":1,"name":"Home","item":"https:\/\/www.imperiumsuite.it\/es\/"},{"@type":"ListItem","position":2,"name":"Cookie policy"}]},{"@type":"WebSite","@id":"https:\/\/www.imperiumsuite.it\/#website","url":"https:\/\/www.imperiumsuite.it\/","name":"Imperium Suite Navona","description":"Elegant townhouse in the Rome centre","potentialAction":[{"@type":"SearchAction","target":{"@type":"EntryPoint","urlTemplate":"https:\/\/www.imperiumsuite.it\/?s={search_term_string}"},"query-input":{"@type":"PropertyValueSpecification","valueRequired":true,"valueName":"search_term_string"}}],"inLanguage":"es-ES"}]}},"_links":{"self":[{"href":"https:\/\/www.imperiumsuite.it\/es\/wp-json\/wp\/v2\/pages\/198","targetHints":{"allow":["GET"]}}],"collection":[{"href":"https:\/\/www.imperiumsuite.it\/es\/wp-json\/wp\/v2\/pages"}],"about":[{"href":"https:\/\/www.imperiumsuite.it\/es\/wp-json\/wp\/v2\/types\/page"}],"author":[{"embeddable":true,"href":"https:\/\/www.imperiumsuite.it\/es\/wp-json\/wp\/v2\/users\/3"}],"replies":[{"embeddable":true,"href":"https:\/\/www.imperiumsuite.it\/es\/wp-json\/wp\/v2\/comments?post=198"}],"version-history":[{"count":0,"href":"https:\/\/www.imperiumsuite.it\/es\/wp-json\/wp\/v2\/pages\/198\/revisions"}],"wp:attachment":[{"href":"https:\/\/www.imperiumsuite.it\/es\/wp-json\/wp\/v2\/media?parent=198"}],"curies":[{"name":"wp","href":"https:\/\/api.w.org\/{rel}","templated":true}]}}