{"id":206,"date":"2017-01-25T11:26:17","date_gmt":"2017-01-25T10:26:17","guid":{"rendered":"http:\/\/www.imperiumsuite.it\/?page_id=206\/"},"modified":"2018-08-30T09:55:44","modified_gmt":"2018-08-30T07:55:44","slug":"oferta-especiales","status":"publish","type":"page","link":"https:\/\/www.imperiumsuite.it\/es\/oferta-especiales\/","title":{"rendered":"Oferta especiales"},"content":{"rendered":"<div>elegir la mejor oferta para su estancia en<strong> Imperium Suite Navona!<\/strong><\/div>\n<div>\u00a0<\/div>\n<div><strong>LIBRO DE NUESTRA P\u00e0GINA WEB<\/strong><\/div>\n<div>libro de nuestra p\u00e1gina web y obtener un descuento del 15% durante todo el a\u00f1o.<\/div>\n<div>\u00a0<\/div>\n<div>\u00a0<\/div>\n<div><strong>ADVANCED BOOKING<\/strong><\/div>\n<div>Reserva dentro de 15 d\u00edas antes de la fecha de llegada y tienen un 35% bajar en el importe total! Pago cuando usted reserva, no reembolsable.<\/div>\n<div><strong>MINIMUM STAY 3 NIGHTS<\/strong><\/div>\n<div>Qu\u00e9date con nosotros por 3 o m\u00e1s noches y tener un 25% bajar en la cantidad total! Usted puede pagar en el check out y puede cancelar dentro de nuestros t\u00e9rminos de pol\u00edtica de cancelaci\u00f3n.<\/div>\n<div>\u00a0<\/div>\n<div><strong>MINIMUM STAY 4 NIGHTS<\/strong><\/div>\n<div>Qu\u00e9date con nosotros por 3 o m\u00e1s noches y tener un 30% bajar en la cantidad total! Usted puede pagar en el check out y puede cancelar dentro de nuestros t\u00e9rminos de pol\u00edtica de cancelaci\u00f3n.ROME IN LOVE<\/div>\n<div>\n<div id=\"gt-src-c\" class=\"g-unit\">\n<div id=\"gt-src-p\">\n<div id=\"gt-src-wrap\" class=\"\">\n<div><strong><span id=\"result_box\" class=\"\" lang=\"es\">ROME IN LOVE<\/span><\/strong><\/div>\n<div>Una escapada rom\u00e1ntica en una de las ciudades m\u00e1s rom\u00e1nticas del mundo. Nuestro paquete de estancia rom\u00e1ntica permite a las parejas de enamorados se den cuenta de este sue\u00f1o. El paquete incluye: dos noches en una habitaci\u00f3n doble est\u00e1ndar con posibilidad de actualizaci\u00f3n gratuita a Deluxe o Superior, botella de champagne en la habitaci\u00f3n a la llegada, desayuno en la cama y la cena con velas en el restaurante &#8220;Osteria dei Cappellari&#8221;, en el marco, \u00fanico y maravilloso, el Campo de &#8216;Fiori (el men\u00fa incluye aperitivo, primer plato, segundo plato y postre, bebidas no incluidas). El costo total es de 350 euros.<\/div>\n<div>\u00a0<\/div>\n<\/div>\n<\/div>\n<\/div>\n<\/div>\n<div><strong>GIFT BOX<\/strong><\/div>\n<div>\n<div id=\"gt-src-c\" class=\"g-unit\">\n<div id=\"gt-src-p\">\n<div id=\"gt-src-wrap\" class=\"\">\n<div><span id=\"result_box\" class=\"\" lang=\"es\">Roma es el regalo perfecto para la gente que amas! P\u00f3ngase en contacto con el hotel y vamos a crear el paquete adecuado <span class=\"\">para usted<\/span><\/span><\/div>\n<\/div>\n<\/div>\n<\/div>\n<div id=\"gt-res-c\" class=\"g-unit\">\u00a0<\/div>\n<\/div>\n","protected":false},"excerpt":{"rendered":"<p>Muchas ofertas para pasar una estancia inolvidable en el elegante Imperium Suite Navona en el centro de Roma<\/p>\n","protected":false},"author":3,"featured_media":886,"parent":0,"menu_order":0,"comment_status":"closed","ping_status":"closed","template":"templates\/tpl-offers.php","meta":{"footnotes":""},"class_list":["post-206","page","type-page","status-publish","has-post-thumbnail","hentry"],"yoast_head":"<!-- This site is optimized with the Yoast SEO plugin v27.2 - https:\/\/yoast.com\/product\/yoast-seo-wordpress\/ -->\n<title>Oferta especiales - Imperium Suite Navona<\/title>\n<meta name=\"robots\" content=\"index, follow, max-snippet:-1, max-image-preview:large, max-video-preview:-1\" \/>\n<link rel=\"canonical\" href=\"https:\/\/www.imperiumsuite.it\/?page_id=17\" \/>\n<meta property=\"og:locale\" content=\"es_ES\" \/>\n<meta property=\"og:type\" content=\"article\" \/>\n<meta property=\"og:title\" content=\"Oferta especiales - Imperium Suite Navona\" \/>\n<meta property=\"og:description\" content=\"Muchas ofertas para pasar una estancia inolvidable en el elegante Imperium Suite Navona en el centro de Roma\" \/>\n<meta property=\"og:url\" content=\"https:\/\/www.imperiumsuite.it\/?page_id=17\" \/>\n<meta property=\"og:site_name\" content=\"Imperium Suite Navona\" \/>\n<meta property=\"article:modified_time\" content=\"2018-08-30T07:55:44+00:00\" \/>\n<meta property=\"og:image\" content=\"https:\/\/www.imperiumsuite.it\/wp-content\/uploads\/2016\/12\/DSC_9281.jpg\" \/>\n\t<meta property=\"og:image:width\" content=\"3840\" \/>\n\t<meta property=\"og:image:height\" content=\"2550\" \/>\n\t<meta property=\"og:image:type\" content=\"image\/jpeg\" \/>\n<meta name=\"twitter:card\" content=\"summary_large_image\" \/>\n<meta name=\"twitter:label1\" content=\"Est. reading time\" \/>\n\t<meta name=\"twitter:data1\" content=\"1 minute\" \/>\n<script type=\"application\/ld+json\" class=\"yoast-schema-graph\">{\"@context\":\"https:\/\/schema.org\",\"@graph\":[{\"@type\":\"WebPage\",\"@id\":\"https:\/\/www.imperiumsuite.it\/?page_id=17\",\"url\":\"https:\/\/www.imperiumsuite.it\/?page_id=17\",\"name\":\"Oferta especiales - Imperium Suite Navona\",\"isPartOf\":{\"@id\":\"https:\/\/www.imperiumsuite.it\/#website\"},\"primaryImageOfPage\":{\"@id\":\"https:\/\/www.imperiumsuite.it\/?page_id=17#primaryimage\"},\"image\":{\"@id\":\"https:\/\/www.imperiumsuite.it\/?page_id=17#primaryimage\"},\"thumbnailUrl\":\"https:\/\/www.imperiumsuite.it\/wp-content\/uploads\/2016\/12\/DSC_9281.jpg\",\"datePublished\":\"2017-01-25T10:26:17+00:00\",\"dateModified\":\"2018-08-30T07:55:44+00:00\",\"breadcrumb\":{\"@id\":\"https:\/\/www.imperiumsuite.it\/?page_id=17#breadcrumb\"},\"inLanguage\":\"es-ES\",\"potentialAction\":[{\"@type\":\"ReadAction\",\"target\":[\"https:\/\/www.imperiumsuite.it\/?page_id=17\"]}]},{\"@type\":\"ImageObject\",\"inLanguage\":\"es-ES\",\"@id\":\"https:\/\/www.imperiumsuite.it\/?page_id=17#primaryimage\",\"url\":\"https:\/\/www.imperiumsuite.it\/wp-content\/uploads\/2016\/12\/DSC_9281.jpg\",\"contentUrl\":\"https:\/\/www.imperiumsuite.it\/wp-content\/uploads\/2016\/12\/DSC_9281.jpg\",\"width\":3840,\"height\":2550},{\"@type\":\"BreadcrumbList\",\"@id\":\"https:\/\/www.imperiumsuite.it\/?page_id=17#breadcrumb\",\"itemListElement\":[{\"@type\":\"ListItem\",\"position\":1,\"name\":\"Home\",\"item\":\"https:\/\/www.imperiumsuite.it\/es\/\"},{\"@type\":\"ListItem\",\"position\":2,\"name\":\"Oferta especiales\"}]},{\"@type\":\"WebSite\",\"@id\":\"https:\/\/www.imperiumsuite.it\/#website\",\"url\":\"https:\/\/www.imperiumsuite.it\/\",\"name\":\"Imperium Suite Navona\",\"description\":\"Elegant townhouse in the Rome centre\",\"potentialAction\":[{\"@type\":\"SearchAction\",\"target\":{\"@type\":\"EntryPoint\",\"urlTemplate\":\"https:\/\/www.imperiumsuite.it\/?s={search_term_string}\"},\"query-input\":{\"@type\":\"PropertyValueSpecification\",\"valueRequired\":true,\"valueName\":\"search_term_string\"}}],\"inLanguage\":\"es-ES\"}]}<\/script>\n<!-- \/ Yoast SEO plugin. -->","yoast_head_json":{"title":"Oferta especiales - Imperium Suite Navona","robots":{"index":"index","follow":"follow","max-snippet":"max-snippet:-1","max-image-preview":"max-image-preview:large","max-video-preview":"max-video-preview:-1"},"canonical":"https:\/\/www.imperiumsuite.it\/?page_id=17","og_locale":"es_ES","og_type":"article","og_title":"Oferta especiales - Imperium Suite Navona","og_description":"Muchas ofertas para pasar una estancia inolvidable en el elegante Imperium Suite Navona en el centro de Roma","og_url":"https:\/\/www.imperiumsuite.it\/?page_id=17","og_site_name":"Imperium Suite Navona","article_modified_time":"2018-08-30T07:55:44+00:00","og_image":[{"width":3840,"height":2550,"url":"https:\/\/www.imperiumsuite.it\/wp-content\/uploads\/2016\/12\/DSC_9281.jpg","type":"image\/jpeg"}],"twitter_card":"summary_large_image","twitter_misc":{"Est. reading time":"1 minute"},"schema":{"@context":"https:\/\/schema.org","@graph":[{"@type":"WebPage","@id":"https:\/\/www.imperiumsuite.it\/?page_id=17","url":"https:\/\/www.imperiumsuite.it\/?page_id=17","name":"Oferta especiales - Imperium Suite Navona","isPartOf":{"@id":"https:\/\/www.imperiumsuite.it\/#website"},"primaryImageOfPage":{"@id":"https:\/\/www.imperiumsuite.it\/?page_id=17#primaryimage"},"image":{"@id":"https:\/\/www.imperiumsuite.it\/?page_id=17#primaryimage"},"thumbnailUrl":"https:\/\/www.imperiumsuite.it\/wp-content\/uploads\/2016\/12\/DSC_9281.jpg","datePublished":"2017-01-25T10:26:17+00:00","dateModified":"2018-08-30T07:55:44+00:00","breadcrumb":{"@id":"https:\/\/www.imperiumsuite.it\/?page_id=17#breadcrumb"},"inLanguage":"es-ES","potentialAction":[{"@type":"ReadAction","target":["https:\/\/www.imperiumsuite.it\/?page_id=17"]}]},{"@type":"ImageObject","inLanguage":"es-ES","@id":"https:\/\/www.imperiumsuite.it\/?page_id=17#primaryimage","url":"https:\/\/www.imperiumsuite.it\/wp-content\/uploads\/2016\/12\/DSC_9281.jpg","contentUrl":"https:\/\/www.imperiumsuite.it\/wp-content\/uploads\/2016\/12\/DSC_9281.jpg","width":3840,"height":2550},{"@type":"BreadcrumbList","@id":"https:\/\/www.imperiumsuite.it\/?page_id=17#breadcrumb","itemListElement":[{"@type":"ListItem","position":1,"name":"Home","item":"https:\/\/www.imperiumsuite.it\/es\/"},{"@type":"ListItem","position":2,"name":"Oferta especiales"}]},{"@type":"WebSite","@id":"https:\/\/www.imperiumsuite.it\/#website","url":"https:\/\/www.imperiumsuite.it\/","name":"Imperium Suite Navona","description":"Elegant townhouse in the Rome centre","potentialAction":[{"@type":"SearchAction","target":{"@type":"EntryPoint","urlTemplate":"https:\/\/www.imperiumsuite.it\/?s={search_term_string}"},"query-input":{"@type":"PropertyValueSpecification","valueRequired":true,"valueName":"search_term_string"}}],"inLanguage":"es-ES"}]}},"_links":{"self":[{"href":"https:\/\/www.imperiumsuite.it\/es\/wp-json\/wp\/v2\/pages\/206","targetHints":{"allow":["GET"]}}],"collection":[{"href":"https:\/\/www.imperiumsuite.it\/es\/wp-json\/wp\/v2\/pages"}],"about":[{"href":"https:\/\/www.imperiumsuite.it\/es\/wp-json\/wp\/v2\/types\/page"}],"author":[{"embeddable":true,"href":"https:\/\/www.imperiumsuite.it\/es\/wp-json\/wp\/v2\/users\/3"}],"replies":[{"embeddable":true,"href":"https:\/\/www.imperiumsuite.it\/es\/wp-json\/wp\/v2\/comments?post=206"}],"version-history":[{"count":0,"href":"https:\/\/www.imperiumsuite.it\/es\/wp-json\/wp\/v2\/pages\/206\/revisions"}],"wp:featuredmedia":[{"embeddable":true,"href":"https:\/\/www.imperiumsuite.it\/es\/wp-json\/wp\/v2\/media\/886"}],"wp:attachment":[{"href":"https:\/\/www.imperiumsuite.it\/es\/wp-json\/wp\/v2\/media?parent=206"}],"curies":[{"name":"wp","href":"https:\/\/api.w.org\/{rel}","templated":true}]}}