{"id":233,"date":"2016-12-05T23:10:40","date_gmt":"2016-12-05T22:10:40","guid":{"rendered":"http:\/\/www.imperiumsuite.it\/nei-dintorni\/"},"modified":"2017-02-08T22:59:55","modified_gmt":"2017-02-08T21:59:55","slug":"nei-dintorni","status":"publish","type":"page","link":"https:\/\/www.imperiumsuite.it\/es\/nei-dintorni\/","title":{"rendered":"Alrededores"},"content":{"rendered":"<p>Roma es una de las ciudades m\u00e1s bellas del mundo. Tiene un centro art\u00edstico, cultural, hist\u00f3rico y monumental y su inmensa hist\u00f3rica tiene 25.000 puntos de inter\u00e9s arqueol\u00f3gico. Alrededor se reconoce el centro de Roma, desde 1980, Patrimonio de la Humanidad por la Unesco.<\/p>\n<p>&nbsp;<\/p>\n<p>Incluso aquellos que viven en Roma dice que es imposible saber todo: los romanos, de hecho, dicen que una vida no es suficiente para visitar toda la ciudad. Cada calle, cada esquina, cada parte de la zona comprendida entre las paredes es de hecho \u00fanico, precioso, con una historia que contar. Por lo tanto, Imperium Suite Navona es la mejor opci\u00f3n para aquellos que quieren saber lo m\u00e1s posible a Roma y al que quiere disfrutar de lo mejor de su ambiente: en el centro hist\u00f3rico est\u00e1 muy cerca de los principales monumentos y la caracter\u00edstica m\u00e1s importante y la mayor parte de la ciudad eterna.<\/p>\n","protected":false},"excerpt":{"rendered":"<p>Roma es una de las ciudades m\u00e1s bellas del mundo. Imperium est\u00e0 cerca de la Piazza Navona, Pantheon, Fontana di Trevi, Piazza di Spagna.<\/p>\n","protected":false},"author":2,"featured_media":0,"parent":0,"menu_order":0,"comment_status":"closed","ping_status":"closed","template":"templates\/tpl-around.php","meta":{"footnotes":""},"class_list":["post-233","page","type-page","status-publish","hentry"],"yoast_head":"<!-- This site is optimized with the Yoast SEO plugin v27.2 - https:\/\/yoast.com\/product\/yoast-seo-wordpress\/ -->\n<title>Alrededores - Imperium Suite Navona<\/title>\n<meta name=\"robots\" content=\"index, follow, max-snippet:-1, max-image-preview:large, max-video-preview:-1\" \/>\n<link rel=\"canonical\" href=\"https:\/\/www.imperiumsuite.it\/nei-dintorni\/\" \/>\n<meta property=\"og:locale\" content=\"es_ES\" \/>\n<meta property=\"og:type\" content=\"article\" \/>\n<meta property=\"og:title\" content=\"Alrededores - Imperium Suite Navona\" \/>\n<meta property=\"og:description\" content=\"Roma es una de las ciudades m\u00e1s bellas del mundo. Imperium est\u00e0 cerca de la Piazza Navona, Pantheon, Fontana di Trevi, Piazza di Spagna.\" \/>\n<meta property=\"og:url\" content=\"https:\/\/www.imperiumsuite.it\/nei-dintorni\/\" \/>\n<meta property=\"og:site_name\" content=\"Imperium Suite Navona\" \/>\n<meta property=\"article:modified_time\" content=\"2017-02-08T21:59:55+00:00\" \/>\n<meta name=\"twitter:card\" content=\"summary_large_image\" \/>\n<meta name=\"twitter:label1\" content=\"Est. reading time\" \/>\n\t<meta name=\"twitter:data1\" content=\"1 minute\" \/>\n<script type=\"application\/ld+json\" class=\"yoast-schema-graph\">{\"@context\":\"https:\/\/schema.org\",\"@graph\":[{\"@type\":\"WebPage\",\"@id\":\"https:\/\/www.imperiumsuite.it\/nei-dintorni\/\",\"url\":\"https:\/\/www.imperiumsuite.it\/nei-dintorni\/\",\"name\":\"Alrededores - Imperium Suite Navona\",\"isPartOf\":{\"@id\":\"https:\/\/www.imperiumsuite.it\/#website\"},\"datePublished\":\"2016-12-05T22:10:40+00:00\",\"dateModified\":\"2017-02-08T21:59:55+00:00\",\"breadcrumb\":{\"@id\":\"https:\/\/www.imperiumsuite.it\/nei-dintorni\/#breadcrumb\"},\"inLanguage\":\"es-ES\",\"potentialAction\":[{\"@type\":\"ReadAction\",\"target\":[\"https:\/\/www.imperiumsuite.it\/nei-dintorni\/\"]}]},{\"@type\":\"BreadcrumbList\",\"@id\":\"https:\/\/www.imperiumsuite.it\/nei-dintorni\/#breadcrumb\",\"itemListElement\":[{\"@type\":\"ListItem\",\"position\":1,\"name\":\"Home\",\"item\":\"https:\/\/www.imperiumsuite.it\/es\/\"},{\"@type\":\"ListItem\",\"position\":2,\"name\":\"Alrededores\"}]},{\"@type\":\"WebSite\",\"@id\":\"https:\/\/www.imperiumsuite.it\/#website\",\"url\":\"https:\/\/www.imperiumsuite.it\/\",\"name\":\"Imperium Suite Navona\",\"description\":\"Elegant townhouse in the Rome centre\",\"potentialAction\":[{\"@type\":\"SearchAction\",\"target\":{\"@type\":\"EntryPoint\",\"urlTemplate\":\"https:\/\/www.imperiumsuite.it\/?s={search_term_string}\"},\"query-input\":{\"@type\":\"PropertyValueSpecification\",\"valueRequired\":true,\"valueName\":\"search_term_string\"}}],\"inLanguage\":\"es-ES\"}]}<\/script>\n<!-- \/ Yoast SEO plugin. -->","yoast_head_json":{"title":"Alrededores - Imperium Suite Navona","robots":{"index":"index","follow":"follow","max-snippet":"max-snippet:-1","max-image-preview":"max-image-preview:large","max-video-preview":"max-video-preview:-1"},"canonical":"https:\/\/www.imperiumsuite.it\/nei-dintorni\/","og_locale":"es_ES","og_type":"article","og_title":"Alrededores - Imperium Suite Navona","og_description":"Roma es una de las ciudades m\u00e1s bellas del mundo. Imperium est\u00e0 cerca de la Piazza Navona, Pantheon, Fontana di Trevi, Piazza di Spagna.","og_url":"https:\/\/www.imperiumsuite.it\/nei-dintorni\/","og_site_name":"Imperium Suite Navona","article_modified_time":"2017-02-08T21:59:55+00:00","twitter_card":"summary_large_image","twitter_misc":{"Est. reading time":"1 minute"},"schema":{"@context":"https:\/\/schema.org","@graph":[{"@type":"WebPage","@id":"https:\/\/www.imperiumsuite.it\/nei-dintorni\/","url":"https:\/\/www.imperiumsuite.it\/nei-dintorni\/","name":"Alrededores - Imperium Suite Navona","isPartOf":{"@id":"https:\/\/www.imperiumsuite.it\/#website"},"datePublished":"2016-12-05T22:10:40+00:00","dateModified":"2017-02-08T21:59:55+00:00","breadcrumb":{"@id":"https:\/\/www.imperiumsuite.it\/nei-dintorni\/#breadcrumb"},"inLanguage":"es-ES","potentialAction":[{"@type":"ReadAction","target":["https:\/\/www.imperiumsuite.it\/nei-dintorni\/"]}]},{"@type":"BreadcrumbList","@id":"https:\/\/www.imperiumsuite.it\/nei-dintorni\/#breadcrumb","itemListElement":[{"@type":"ListItem","position":1,"name":"Home","item":"https:\/\/www.imperiumsuite.it\/es\/"},{"@type":"ListItem","position":2,"name":"Alrededores"}]},{"@type":"WebSite","@id":"https:\/\/www.imperiumsuite.it\/#website","url":"https:\/\/www.imperiumsuite.it\/","name":"Imperium Suite Navona","description":"Elegant townhouse in the Rome centre","potentialAction":[{"@type":"SearchAction","target":{"@type":"EntryPoint","urlTemplate":"https:\/\/www.imperiumsuite.it\/?s={search_term_string}"},"query-input":{"@type":"PropertyValueSpecification","valueRequired":true,"valueName":"search_term_string"}}],"inLanguage":"es-ES"}]}},"_links":{"self":[{"href":"https:\/\/www.imperiumsuite.it\/es\/wp-json\/wp\/v2\/pages\/233","targetHints":{"allow":["GET"]}}],"collection":[{"href":"https:\/\/www.imperiumsuite.it\/es\/wp-json\/wp\/v2\/pages"}],"about":[{"href":"https:\/\/www.imperiumsuite.it\/es\/wp-json\/wp\/v2\/types\/page"}],"author":[{"embeddable":true,"href":"https:\/\/www.imperiumsuite.it\/es\/wp-json\/wp\/v2\/users\/2"}],"replies":[{"embeddable":true,"href":"https:\/\/www.imperiumsuite.it\/es\/wp-json\/wp\/v2\/comments?post=233"}],"version-history":[{"count":0,"href":"https:\/\/www.imperiumsuite.it\/es\/wp-json\/wp\/v2\/pages\/233\/revisions"}],"wp:attachment":[{"href":"https:\/\/www.imperiumsuite.it\/es\/wp-json\/wp\/v2\/media?parent=233"}],"curies":[{"name":"wp","href":"https:\/\/api.w.org\/{rel}","templated":true}]}}