{"id":134,"date":"2017-01-17T18:25:37","date_gmt":"2017-01-17T17:25:37","guid":{"rendered":"http:\/\/www.imperiumsuite.it\/hotel\/"},"modified":"2025-08-24T11:06:44","modified_gmt":"2025-08-24T09:06:44","slug":"bed-and-breakfast","status":"publish","type":"page","link":"https:\/\/www.imperiumsuite.it\/fr\/bed-and-breakfast\/","title":{"rendered":"Nos H\u00e9bergements"},"content":{"rendered":"<p><span style=\"font-size: 24px;\"><strong>Imperium Suite : \u00c9l\u00e9gance et confort pour vos escapades romaines<\/strong><\/span><\/p>\n<p>Imperium Suite est un point de rep\u00e8re de l\u2019hospitalit\u00e9 dans le centre historique de Rome depuis 2008. C\u2019est l\u2019endroit id\u00e9al pour ceux qui veulent d\u00e9couvrir pleinement la ville, ses monuments, fl\u00e2ner dans ses rues historiques et profiter d\u2019un s\u00e9jour agr\u00e9able et relaxant.<\/p>\n<p>En pleine expansion, Imperium Suite met tout en \u0153uvre pour garantir le confort maximal de ses h\u00f4tes. Forts de notre exp\u00e9rience en h\u00f4tellerie, nous offrons un service attentif, professionnel et personnalis\u00e9. Chaque d\u00e9tail est soign\u00e9 pour assurer un s\u00e9jour de qualit\u00e9 dans un cadre \u00e9l\u00e9gant et accueillant.<\/p>\n","protected":false},"excerpt":{"rendered":"<p>Nove camere e un appartamento sono gli spazi che l&#8217;Imperium Suite Navona mette a disposizione degli ospiti per un soggiorno nel centro storico di Roma<\/p>\n","protected":false},"author":2,"featured_media":0,"parent":0,"menu_order":0,"comment_status":"closed","ping_status":"closed","template":"","meta":{"footnotes":""},"class_list":["post-134","page","type-page","status-publish","hentry"],"yoast_head":"<!-- This site is optimized with the Yoast SEO plugin v27.2 - https:\/\/yoast.com\/product\/yoast-seo-wordpress\/ -->\n<title>Nos H\u00e9bergements - Imperium Suite Navona<\/title>\n<meta name=\"robots\" content=\"index, follow, max-snippet:-1, max-image-preview:large, max-video-preview:-1\" \/>\n<link rel=\"canonical\" href=\"https:\/\/www.imperiumsuite.it\/fr\/bed-and-breakfast\/\" \/>\n<meta property=\"og:locale\" content=\"fr_FR\" \/>\n<meta property=\"og:type\" content=\"article\" \/>\n<meta property=\"og:title\" content=\"Nos H\u00e9bergements - Imperium Suite Navona\" \/>\n<meta property=\"og:description\" content=\"Nove camere e un appartamento sono gli spazi che l&#039;Imperium Suite Navona mette a disposizione degli ospiti per un soggiorno nel centro storico di Roma\" \/>\n<meta property=\"og:url\" content=\"https:\/\/www.imperiumsuite.it\/fr\/bed-and-breakfast\/\" \/>\n<meta property=\"og:site_name\" content=\"Imperium Suite Navona\" \/>\n<meta property=\"article:modified_time\" content=\"2025-08-24T09:06:44+00:00\" \/>\n<meta name=\"twitter:card\" content=\"summary_large_image\" \/>\n<meta name=\"twitter:label1\" content=\"Est. reading time\" \/>\n\t<meta name=\"twitter:data1\" content=\"1 minute\" \/>\n<script type=\"application\/ld+json\" class=\"yoast-schema-graph\">{\"@context\":\"https:\/\/schema.org\",\"@graph\":[{\"@type\":\"WebPage\",\"@id\":\"https:\/\/www.imperiumsuite.it\/fr\/bed-and-breakfast\/\",\"url\":\"https:\/\/www.imperiumsuite.it\/fr\/bed-and-breakfast\/\",\"name\":\"Nos H\u00e9bergements - Imperium Suite Navona\",\"isPartOf\":{\"@id\":\"https:\/\/www.imperiumsuite.it\/#website\"},\"datePublished\":\"2017-01-17T17:25:37+00:00\",\"dateModified\":\"2025-08-24T09:06:44+00:00\",\"breadcrumb\":{\"@id\":\"https:\/\/www.imperiumsuite.it\/fr\/bed-and-breakfast\/#breadcrumb\"},\"inLanguage\":\"fr-FR\",\"potentialAction\":[{\"@type\":\"ReadAction\",\"target\":[\"https:\/\/www.imperiumsuite.it\/fr\/bed-and-breakfast\/\"]}]},{\"@type\":\"BreadcrumbList\",\"@id\":\"https:\/\/www.imperiumsuite.it\/fr\/bed-and-breakfast\/#breadcrumb\",\"itemListElement\":[{\"@type\":\"ListItem\",\"position\":1,\"name\":\"Home\",\"item\":\"https:\/\/www.imperiumsuite.it\/fr\/\"},{\"@type\":\"ListItem\",\"position\":2,\"name\":\"Nos H\u00e9bergements\"}]},{\"@type\":\"WebSite\",\"@id\":\"https:\/\/www.imperiumsuite.it\/#website\",\"url\":\"https:\/\/www.imperiumsuite.it\/\",\"name\":\"Imperium Suite Navona\",\"description\":\"Elegant townhouse in the Rome centre\",\"potentialAction\":[{\"@type\":\"SearchAction\",\"target\":{\"@type\":\"EntryPoint\",\"urlTemplate\":\"https:\/\/www.imperiumsuite.it\/?s={search_term_string}\"},\"query-input\":{\"@type\":\"PropertyValueSpecification\",\"valueRequired\":true,\"valueName\":\"search_term_string\"}}],\"inLanguage\":\"fr-FR\"}]}<\/script>\n<!-- \/ Yoast SEO plugin. -->","yoast_head_json":{"title":"Nos H\u00e9bergements - Imperium Suite Navona","robots":{"index":"index","follow":"follow","max-snippet":"max-snippet:-1","max-image-preview":"max-image-preview:large","max-video-preview":"max-video-preview:-1"},"canonical":"https:\/\/www.imperiumsuite.it\/fr\/bed-and-breakfast\/","og_locale":"fr_FR","og_type":"article","og_title":"Nos H\u00e9bergements - Imperium Suite Navona","og_description":"Nove camere e un appartamento sono gli spazi che l'Imperium Suite Navona mette a disposizione degli ospiti per un soggiorno nel centro storico di Roma","og_url":"https:\/\/www.imperiumsuite.it\/fr\/bed-and-breakfast\/","og_site_name":"Imperium Suite Navona","article_modified_time":"2025-08-24T09:06:44+00:00","twitter_card":"summary_large_image","twitter_misc":{"Est. reading time":"1 minute"},"schema":{"@context":"https:\/\/schema.org","@graph":[{"@type":"WebPage","@id":"https:\/\/www.imperiumsuite.it\/fr\/bed-and-breakfast\/","url":"https:\/\/www.imperiumsuite.it\/fr\/bed-and-breakfast\/","name":"Nos H\u00e9bergements - Imperium Suite Navona","isPartOf":{"@id":"https:\/\/www.imperiumsuite.it\/#website"},"datePublished":"2017-01-17T17:25:37+00:00","dateModified":"2025-08-24T09:06:44+00:00","breadcrumb":{"@id":"https:\/\/www.imperiumsuite.it\/fr\/bed-and-breakfast\/#breadcrumb"},"inLanguage":"fr-FR","potentialAction":[{"@type":"ReadAction","target":["https:\/\/www.imperiumsuite.it\/fr\/bed-and-breakfast\/"]}]},{"@type":"BreadcrumbList","@id":"https:\/\/www.imperiumsuite.it\/fr\/bed-and-breakfast\/#breadcrumb","itemListElement":[{"@type":"ListItem","position":1,"name":"Home","item":"https:\/\/www.imperiumsuite.it\/fr\/"},{"@type":"ListItem","position":2,"name":"Nos H\u00e9bergements"}]},{"@type":"WebSite","@id":"https:\/\/www.imperiumsuite.it\/#website","url":"https:\/\/www.imperiumsuite.it\/","name":"Imperium Suite Navona","description":"Elegant townhouse in the Rome centre","potentialAction":[{"@type":"SearchAction","target":{"@type":"EntryPoint","urlTemplate":"https:\/\/www.imperiumsuite.it\/?s={search_term_string}"},"query-input":{"@type":"PropertyValueSpecification","valueRequired":true,"valueName":"search_term_string"}}],"inLanguage":"fr-FR"}]}},"_links":{"self":[{"href":"https:\/\/www.imperiumsuite.it\/fr\/wp-json\/wp\/v2\/pages\/134","targetHints":{"allow":["GET"]}}],"collection":[{"href":"https:\/\/www.imperiumsuite.it\/fr\/wp-json\/wp\/v2\/pages"}],"about":[{"href":"https:\/\/www.imperiumsuite.it\/fr\/wp-json\/wp\/v2\/types\/page"}],"author":[{"embeddable":true,"href":"https:\/\/www.imperiumsuite.it\/fr\/wp-json\/wp\/v2\/users\/2"}],"replies":[{"embeddable":true,"href":"https:\/\/www.imperiumsuite.it\/fr\/wp-json\/wp\/v2\/comments?post=134"}],"version-history":[{"count":0,"href":"https:\/\/www.imperiumsuite.it\/fr\/wp-json\/wp\/v2\/pages\/134\/revisions"}],"wp:attachment":[{"href":"https:\/\/www.imperiumsuite.it\/fr\/wp-json\/wp\/v2\/media?parent=134"}],"curies":[{"name":"wp","href":"https:\/\/api.w.org\/{rel}","templated":true}]}}