{"id":144,"date":"2017-01-23T12:04:51","date_gmt":"2017-01-23T11:04:51","guid":{"rendered":"http:\/\/www.imperiumsuite.it\/?page_id=144\/"},"modified":"2025-08-26T11:45:21","modified_gmt":"2025-08-26T09:45:21","slug":"144-2","status":"publish","type":"page","link":"https:\/\/www.imperiumsuite.it\/fr\/144-2\/","title":{"rendered":"Contacts"},"content":{"rendered":"<div style=\"text-align: center;\"><strong>\u00a0Imperium Suite Navona<\/strong><\/div>\n<div style=\"text-align: center;\">\u00a0<\/div>\n<div style=\"text-align: center;\">Vicolo della Palomba, 19<\/div>\n<div style=\"text-align: center;\">00186\u00a0&#8211; Roma<\/div>\n<div style=\"text-align: center;\">\u00a0<\/div>\n<div style=\"text-align: center;\"><strong>t\u00e9l\u00e9phon<\/strong>e:\u00a0<a href=\"tel:+39%2006%206821%200701\" target=\"_blank\" rel=\"noopener\">+39 06 6821 0701<\/a><\/div>\n<div style=\"text-align: center;\">\u00a0<\/div>\n<div style=\"text-align: center;\"><strong>Fax<\/strong>:\u00a0<a href=\"tel:+39%2006%206821%200701\" target=\"_blank\" rel=\"noopener\">+39 06 68210701<\/a><\/div>\n<div style=\"text-align: center;\">\u00a0<\/div>\n<div style=\"text-align: center;\"><a href=\"mailto:info@imperiumsuitenavona.com\" target=\"_blank\" rel=\"noopener\">info@imperiumsuitenavona.com<\/a><\/div>\n<div style=\"text-align: center;\">\u00a0<\/div>\n<div style=\"text-align: center;\"><strong>\u00a0<\/strong><\/div>\n<div style=\"text-align: center;\"><strong>les coordonn\u00e9es GPS<\/strong><\/div>\n<div style=\"text-align: center;\">\u00a0<\/div>\n<div style=\"text-align: center;\">Lat. 41.9014825<\/div>\n<div style=\"text-align: center;\">Long. 12.473591499999998<\/div>\n<div style=\"text-align: center;\">\u00a0<\/div>\n<div style=\"text-align: center;\">N 41\u00b054&#8217;5.337&#8243;<\/div>\n<div style=\"text-align: center;\">E 12\u00b028&#8217;24.929&#8243;<\/div>\n<div style=\"text-align: center;\">\u00a0<\/div>\n<div style=\"text-align: center;\">\u00a0<\/div>\n<div style=\"text-align: center;\"><strong>Comment arriver:<\/strong><\/div>\n<div style=\"text-align: center;\">\n<div style=\"text-align: center;\">\u00a0<\/div>\n<p>Depuis l&#8217;a\u00e9roport de Rome-Fiumicino, situ\u00e9 35 kilom\u00e8tres \u00e0 l&#8217;ouest de Rome, il est possible de rejoindre le Imperium Suites Navona de la mani\u00e8re suivante:<\/p>\n<ul>\n<li>avec le train sp\u00e9cial &#8220;Leonardo Express&#8221;<br \/>\nLe train &#8220;Leonardo Express&#8221; part de l&#8217;a\u00e9roport de Fiumicino toutes les 30 minutes et arrive \u00e0 la Gare Termini sans arr\u00eats interm\u00e9diaires.<\/li>\n<\/ul>\n<p>\nDepuis l&#8217;a\u00e9roport de Rome-Ciampino, situ\u00e9 \u00e0 25 kilom\u00e8tres du centre de Rome, il est possible de rejoindre le Imperium Suites Navonade la mani\u00e8re suivante:<\/p>\n<ul>\n<li>COTRAL Autobus + Train (Gare de Ciampino)<br \/>\nDevant la zone des arriv\u00e9es se trouve le parking des autobus COTRAL pour la Gare de Ciampino. \u00c0 la gare, il y a des trains toutes les 15 minutes pour la Gare de Rome-Termini.<\/li>\n<\/ul>\n<ul>\n<li>COTRAL Autobus + M\u00e9tro<br \/>\nDevant la zone des arriv\u00e9es se trouve le parking des autobus COTRAL qui conduisent \u00e0 la station de m\u00e9tro &#8220;Anagnina&#8221;. Une fois \u00e0 &#8220;Anagnina&#8221; (Ligne A) prenez la direction &#8220;Battistini&#8221; et descendez \u00e0 &#8220;Termini&#8221;.<\/li>\n<\/ul>\n<p>\nDepuis la Gare Termini, il est possible de rejoindre le Imperium Suites Navona de la mani\u00e8re suivante:<\/p>\n<ul>\n<li>en Bus (ATAC)<br \/>\nDevant la Gare Termini se trouve un grand parking de bus ATAC. Vous pouvez prendre le bus n. 64.<\/li>\n<\/ul>\n<p>\nLes stations de m\u00e9tro les plus proches sont &#8220;Colosseo&#8221; (Ligne B) \u00e0 environ 1,5 km de la Town House, et Barberini (ligne A), situ\u00e9e 2 km \u00e0 environ.<\/p>\n<\/div>\n<div style=\"text-align: center;\">\u00a0<\/div>\n","protected":false},"excerpt":{"rendered":"<p>\u00a0Imperium Suite Navona \u00a0 Vicolo della Palomba, 19 00186\u00a0&#8211; Roma \u00a0 t\u00e9l\u00e9phone:\u00a0+39 06 6821 0701 \u00a0 Fax:\u00a0+39 06 68210701 \u00a0 info@imperiumsuitenavona.com \u00a0 \u00a0 les coordonn\u00e9es GPS \u00a0 Lat. 41.9014825 Long. 12.473591499999998 \u00a0 N 41\u00b054&#8217;5.337&#8243; E 12\u00b028&#8217;24.929&#8243; \u00a0 \u00a0 Comment arriver: \u00a0 Depuis l&#8217;a\u00e9roport de Rome-Fiumicino, situ\u00e9 35 kilom\u00e8tres \u00e0 l&#8217;ouest de Rome, il est possible [&hellip;]<\/p>\n","protected":false},"author":3,"featured_media":52,"parent":0,"menu_order":0,"comment_status":"closed","ping_status":"closed","template":"templates\/tpl-contact-us.php","meta":{"footnotes":""},"class_list":["post-144","page","type-page","status-publish","has-post-thumbnail","hentry"],"yoast_head":"<!-- This site is optimized with the Yoast SEO plugin v27.2 - https:\/\/yoast.com\/product\/yoast-seo-wordpress\/ -->\n<title>Contacts - Imperium Suite Navona<\/title>\n<meta name=\"robots\" content=\"index, follow, max-snippet:-1, max-image-preview:large, max-video-preview:-1\" \/>\n<link rel=\"canonical\" href=\"https:\/\/www.imperiumsuite.it\/fr\/144-2\/\" \/>\n<meta property=\"og:locale\" content=\"fr_FR\" \/>\n<meta property=\"og:type\" content=\"article\" \/>\n<meta property=\"og:title\" content=\"Contacts - Imperium Suite Navona\" \/>\n<meta property=\"og:description\" content=\"\u00a0Imperium Suite Navona \u00a0 Vicolo della Palomba, 19 00186\u00a0&#8211; Roma \u00a0 t\u00e9l\u00e9phone:\u00a0+39 06 6821 0701 \u00a0 Fax:\u00a0+39 06 68210701 \u00a0 info@imperiumsuitenavona.com \u00a0 \u00a0 les coordonn\u00e9es GPS \u00a0 Lat. 41.9014825 Long. 12.473591499999998 \u00a0 N 41\u00b054&#8217;5.337&#8243; E 12\u00b028&#8217;24.929&#8243; \u00a0 \u00a0 Comment arriver: \u00a0 Depuis l&#8217;a\u00e9roport de Rome-Fiumicino, situ\u00e9 35 kilom\u00e8tres \u00e0 l&#8217;ouest de Rome, il est possible [&hellip;]\" \/>\n<meta property=\"og:url\" content=\"https:\/\/www.imperiumsuite.it\/fr\/144-2\/\" \/>\n<meta property=\"og:site_name\" content=\"Imperium Suite Navona\" \/>\n<meta property=\"article:modified_time\" content=\"2025-08-26T09:45:21+00:00\" \/>\n<meta property=\"og:image\" content=\"https:\/\/www.imperiumsuite.it\/wp-content\/uploads\/2016\/12\/IMG_0320.jpg\" \/>\n\t<meta property=\"og:image:width\" content=\"2500\" \/>\n\t<meta property=\"og:image:height\" content=\"1667\" \/>\n\t<meta property=\"og:image:type\" content=\"image\/jpeg\" \/>\n<meta name=\"twitter:card\" content=\"summary_large_image\" \/>\n<meta name=\"twitter:label1\" content=\"Est. reading time\" \/>\n\t<meta name=\"twitter:data1\" content=\"2 minutes\" \/>\n<script type=\"application\/ld+json\" class=\"yoast-schema-graph\">{\"@context\":\"https:\/\/schema.org\",\"@graph\":[{\"@type\":\"WebPage\",\"@id\":\"https:\/\/www.imperiumsuite.it\/fr\/144-2\/\",\"url\":\"https:\/\/www.imperiumsuite.it\/fr\/144-2\/\",\"name\":\"Contacts - Imperium Suite Navona\",\"isPartOf\":{\"@id\":\"https:\/\/www.imperiumsuite.it\/#website\"},\"primaryImageOfPage\":{\"@id\":\"https:\/\/www.imperiumsuite.it\/fr\/144-2\/#primaryimage\"},\"image\":{\"@id\":\"https:\/\/www.imperiumsuite.it\/fr\/144-2\/#primaryimage\"},\"thumbnailUrl\":\"https:\/\/www.imperiumsuite.it\/wp-content\/uploads\/2016\/12\/IMG_0320.jpg\",\"datePublished\":\"2017-01-23T11:04:51+00:00\",\"dateModified\":\"2025-08-26T09:45:21+00:00\",\"breadcrumb\":{\"@id\":\"https:\/\/www.imperiumsuite.it\/fr\/144-2\/#breadcrumb\"},\"inLanguage\":\"fr-FR\",\"potentialAction\":[{\"@type\":\"ReadAction\",\"target\":[\"https:\/\/www.imperiumsuite.it\/fr\/144-2\/\"]}]},{\"@type\":\"ImageObject\",\"inLanguage\":\"fr-FR\",\"@id\":\"https:\/\/www.imperiumsuite.it\/fr\/144-2\/#primaryimage\",\"url\":\"https:\/\/www.imperiumsuite.it\/wp-content\/uploads\/2016\/12\/IMG_0320.jpg\",\"contentUrl\":\"https:\/\/www.imperiumsuite.it\/wp-content\/uploads\/2016\/12\/IMG_0320.jpg\",\"width\":2500,\"height\":1667},{\"@type\":\"BreadcrumbList\",\"@id\":\"https:\/\/www.imperiumsuite.it\/fr\/144-2\/#breadcrumb\",\"itemListElement\":[{\"@type\":\"ListItem\",\"position\":1,\"name\":\"Home\",\"item\":\"https:\/\/www.imperiumsuite.it\/fr\/\"},{\"@type\":\"ListItem\",\"position\":2,\"name\":\"Contacts\"}]},{\"@type\":\"WebSite\",\"@id\":\"https:\/\/www.imperiumsuite.it\/#website\",\"url\":\"https:\/\/www.imperiumsuite.it\/\",\"name\":\"Imperium Suite Navona\",\"description\":\"Elegant townhouse in the Rome centre\",\"potentialAction\":[{\"@type\":\"SearchAction\",\"target\":{\"@type\":\"EntryPoint\",\"urlTemplate\":\"https:\/\/www.imperiumsuite.it\/?s={search_term_string}\"},\"query-input\":{\"@type\":\"PropertyValueSpecification\",\"valueRequired\":true,\"valueName\":\"search_term_string\"}}],\"inLanguage\":\"fr-FR\"}]}<\/script>\n<!-- \/ Yoast SEO plugin. -->","yoast_head_json":{"title":"Contacts - Imperium Suite Navona","robots":{"index":"index","follow":"follow","max-snippet":"max-snippet:-1","max-image-preview":"max-image-preview:large","max-video-preview":"max-video-preview:-1"},"canonical":"https:\/\/www.imperiumsuite.it\/fr\/144-2\/","og_locale":"fr_FR","og_type":"article","og_title":"Contacts - Imperium Suite Navona","og_description":"\u00a0Imperium Suite Navona \u00a0 Vicolo della Palomba, 19 00186\u00a0&#8211; Roma \u00a0 t\u00e9l\u00e9phone:\u00a0+39 06 6821 0701 \u00a0 Fax:\u00a0+39 06 68210701 \u00a0 info@imperiumsuitenavona.com \u00a0 \u00a0 les coordonn\u00e9es GPS \u00a0 Lat. 41.9014825 Long. 12.473591499999998 \u00a0 N 41\u00b054&#8217;5.337&#8243; E 12\u00b028&#8217;24.929&#8243; \u00a0 \u00a0 Comment arriver: \u00a0 Depuis l&#8217;a\u00e9roport de Rome-Fiumicino, situ\u00e9 35 kilom\u00e8tres \u00e0 l&#8217;ouest de Rome, il est possible [&hellip;]","og_url":"https:\/\/www.imperiumsuite.it\/fr\/144-2\/","og_site_name":"Imperium Suite Navona","article_modified_time":"2025-08-26T09:45:21+00:00","og_image":[{"width":2500,"height":1667,"url":"https:\/\/www.imperiumsuite.it\/wp-content\/uploads\/2016\/12\/IMG_0320.jpg","type":"image\/jpeg"}],"twitter_card":"summary_large_image","twitter_misc":{"Est. reading time":"2 minutes"},"schema":{"@context":"https:\/\/schema.org","@graph":[{"@type":"WebPage","@id":"https:\/\/www.imperiumsuite.it\/fr\/144-2\/","url":"https:\/\/www.imperiumsuite.it\/fr\/144-2\/","name":"Contacts - Imperium Suite Navona","isPartOf":{"@id":"https:\/\/www.imperiumsuite.it\/#website"},"primaryImageOfPage":{"@id":"https:\/\/www.imperiumsuite.it\/fr\/144-2\/#primaryimage"},"image":{"@id":"https:\/\/www.imperiumsuite.it\/fr\/144-2\/#primaryimage"},"thumbnailUrl":"https:\/\/www.imperiumsuite.it\/wp-content\/uploads\/2016\/12\/IMG_0320.jpg","datePublished":"2017-01-23T11:04:51+00:00","dateModified":"2025-08-26T09:45:21+00:00","breadcrumb":{"@id":"https:\/\/www.imperiumsuite.it\/fr\/144-2\/#breadcrumb"},"inLanguage":"fr-FR","potentialAction":[{"@type":"ReadAction","target":["https:\/\/www.imperiumsuite.it\/fr\/144-2\/"]}]},{"@type":"ImageObject","inLanguage":"fr-FR","@id":"https:\/\/www.imperiumsuite.it\/fr\/144-2\/#primaryimage","url":"https:\/\/www.imperiumsuite.it\/wp-content\/uploads\/2016\/12\/IMG_0320.jpg","contentUrl":"https:\/\/www.imperiumsuite.it\/wp-content\/uploads\/2016\/12\/IMG_0320.jpg","width":2500,"height":1667},{"@type":"BreadcrumbList","@id":"https:\/\/www.imperiumsuite.it\/fr\/144-2\/#breadcrumb","itemListElement":[{"@type":"ListItem","position":1,"name":"Home","item":"https:\/\/www.imperiumsuite.it\/fr\/"},{"@type":"ListItem","position":2,"name":"Contacts"}]},{"@type":"WebSite","@id":"https:\/\/www.imperiumsuite.it\/#website","url":"https:\/\/www.imperiumsuite.it\/","name":"Imperium Suite Navona","description":"Elegant townhouse in the Rome centre","potentialAction":[{"@type":"SearchAction","target":{"@type":"EntryPoint","urlTemplate":"https:\/\/www.imperiumsuite.it\/?s={search_term_string}"},"query-input":{"@type":"PropertyValueSpecification","valueRequired":true,"valueName":"search_term_string"}}],"inLanguage":"fr-FR"}]}},"_links":{"self":[{"href":"https:\/\/www.imperiumsuite.it\/fr\/wp-json\/wp\/v2\/pages\/144","targetHints":{"allow":["GET"]}}],"collection":[{"href":"https:\/\/www.imperiumsuite.it\/fr\/wp-json\/wp\/v2\/pages"}],"about":[{"href":"https:\/\/www.imperiumsuite.it\/fr\/wp-json\/wp\/v2\/types\/page"}],"author":[{"embeddable":true,"href":"https:\/\/www.imperiumsuite.it\/fr\/wp-json\/wp\/v2\/users\/3"}],"replies":[{"embeddable":true,"href":"https:\/\/www.imperiumsuite.it\/fr\/wp-json\/wp\/v2\/comments?post=144"}],"version-history":[{"count":0,"href":"https:\/\/www.imperiumsuite.it\/fr\/wp-json\/wp\/v2\/pages\/144\/revisions"}],"wp:featuredmedia":[{"embeddable":true,"href":"https:\/\/www.imperiumsuite.it\/fr\/wp-json\/wp\/v2\/media\/52"}],"wp:attachment":[{"href":"https:\/\/www.imperiumsuite.it\/fr\/wp-json\/wp\/v2\/media?parent=144"}],"curies":[{"name":"wp","href":"https:\/\/api.w.org\/{rel}","templated":true}]}}