{"id":151,"date":"2017-01-23T12:25:57","date_gmt":"2017-01-23T11:25:57","guid":{"rendered":"http:\/\/www.imperiumsuite.it\/?page_id=151\/"},"modified":"2017-01-23T12:26:34","modified_gmt":"2017-01-23T11:26:34","slug":"emplacement","status":"publish","type":"page","link":"https:\/\/www.imperiumsuite.it\/fr\/emplacement\/","title":{"rendered":"Emplacement"},"content":{"rendered":"<p>Comment arriver:<\/p>\n<p>Depuis l&#8217;a\u00e9roport de Rome-Fiumicino, situ\u00e9 35 kilom\u00e8tres \u00e0 l&#8217;ouest de Rome, il est possible de rejoindre le Imperium Suites Navona de la mani\u00e8re suivante:<\/p>\n<ul>\n<li>avec le train sp\u00e9cial &#8220;Leonardo Express&#8221;<br \/>\n Le train &#8220;Leonardo Express&#8221; part de l&#8217;a\u00e9roport de Fiumicino toutes les 30 minutes et arrive \u00e0 la Gare Termini sans arr\u00eats interm\u00e9diaires.<\/li>\n<\/ul>\n<p>\n Depuis l&#8217;a\u00e9roport de Rome-Ciampino, situ\u00e9 \u00e0 25 kilom\u00e8tres du centre de Rome, il est possible de rejoindre le Imperium Suites Navonade la mani\u00e8re suivante:<\/p>\n<ul>\n<li>COTRAL Autobus + Train (Gare de Ciampino)<br \/>\n Devant la zone des arriv\u00e9es se trouve le parking des autobus COTRAL pour la Gare de Ciampino. \u00c0 la gare, il y a des trains toutes les 15 minutes pour la Gare de Rome-Termini.<\/li>\n<\/ul>\n<ul>\n<li>COTRAL Autobus + M\u00e9tro<br \/>\n Devant la zone des arriv\u00e9es se trouve le parking des autobus COTRAL qui conduisent \u00e0 la station de m\u00e9tro &#8220;Anagnina&#8221;. Une fois \u00e0 &#8220;Anagnina&#8221; (Ligne A) prenez la direction &#8220;Battistini&#8221; et descendez \u00e0 &#8220;Termini&#8221;.<\/li>\n<\/ul>\n<p>\n Depuis la Gare Termini, il est possible de rejoindre le Imperium Suites Navona de la mani\u00e8re suivante:<\/p>\n<ul>\n<li>en Bus (ATAC)<br \/>\n Devant la Gare Termini se trouve un grand parking de bus ATAC. Vous pouvez prendre le bus n. 64.<\/li>\n<\/ul>\n<p>\n Les stations de m\u00e9tro les plus proches sont &#8220;Colosseo&#8221; (Ligne B) \u00e0 environ 1,5 km de la Town House, et Barberini (ligne A), situ\u00e9e 2 km \u00e0 environ.<\/p>\n","protected":false},"excerpt":{"rendered":"<p>Nous sommes dans le centre de Rome, \u00e0 un jet de pierre de la Piazza Navona (la ruelle Palomba, 19). Les stations de m\u00e9tro les plus proches sont Colis\u00e9e et Barberini<\/p>\n","protected":false},"author":3,"featured_media":0,"parent":0,"menu_order":0,"comment_status":"closed","ping_status":"closed","template":"","meta":{"footnotes":""},"class_list":["post-151","page","type-page","status-publish","hentry"],"yoast_head":"<!-- This site is optimized with the Yoast SEO plugin v27.2 - https:\/\/yoast.com\/product\/yoast-seo-wordpress\/ -->\n<title>Emplacement - Imperium Suite Navona<\/title>\n<meta name=\"robots\" content=\"index, follow, max-snippet:-1, max-image-preview:large, max-video-preview:-1\" \/>\n<link rel=\"canonical\" href=\"https:\/\/www.imperiumsuite.it\/dove-siamo\/\" \/>\n<meta property=\"og:locale\" content=\"fr_FR\" \/>\n<meta property=\"og:type\" content=\"article\" \/>\n<meta property=\"og:title\" content=\"Emplacement - Imperium Suite Navona\" \/>\n<meta property=\"og:description\" content=\"Nous sommes dans le centre de Rome, \u00e0 un jet de pierre de la Piazza Navona (la ruelle Palomba, 19). Les stations de m\u00e9tro les plus proches sont Colis\u00e9e et Barberini\" \/>\n<meta property=\"og:url\" content=\"https:\/\/www.imperiumsuite.it\/dove-siamo\/\" \/>\n<meta property=\"og:site_name\" content=\"Imperium Suite Navona\" \/>\n<meta property=\"article:modified_time\" content=\"2017-01-23T11:26:34+00:00\" \/>\n<meta name=\"twitter:card\" content=\"summary_large_image\" \/>\n<meta name=\"twitter:label1\" content=\"Est. reading time\" \/>\n\t<meta name=\"twitter:data1\" content=\"1 minute\" \/>\n<script type=\"application\/ld+json\" class=\"yoast-schema-graph\">{\"@context\":\"https:\/\/schema.org\",\"@graph\":[{\"@type\":\"WebPage\",\"@id\":\"https:\/\/www.imperiumsuite.it\/dove-siamo\/\",\"url\":\"https:\/\/www.imperiumsuite.it\/dove-siamo\/\",\"name\":\"Emplacement - Imperium Suite Navona\",\"isPartOf\":{\"@id\":\"https:\/\/www.imperiumsuite.it\/#website\"},\"datePublished\":\"2017-01-23T11:25:57+00:00\",\"dateModified\":\"2017-01-23T11:26:34+00:00\",\"breadcrumb\":{\"@id\":\"https:\/\/www.imperiumsuite.it\/dove-siamo\/#breadcrumb\"},\"inLanguage\":\"fr-FR\",\"potentialAction\":[{\"@type\":\"ReadAction\",\"target\":[\"https:\/\/www.imperiumsuite.it\/dove-siamo\/\"]}]},{\"@type\":\"BreadcrumbList\",\"@id\":\"https:\/\/www.imperiumsuite.it\/dove-siamo\/#breadcrumb\",\"itemListElement\":[{\"@type\":\"ListItem\",\"position\":1,\"name\":\"Home\",\"item\":\"https:\/\/www.imperiumsuite.it\/fr\/\"},{\"@type\":\"ListItem\",\"position\":2,\"name\":\"Emplacement\"}]},{\"@type\":\"WebSite\",\"@id\":\"https:\/\/www.imperiumsuite.it\/#website\",\"url\":\"https:\/\/www.imperiumsuite.it\/\",\"name\":\"Imperium Suite Navona\",\"description\":\"Elegant townhouse in the Rome centre\",\"potentialAction\":[{\"@type\":\"SearchAction\",\"target\":{\"@type\":\"EntryPoint\",\"urlTemplate\":\"https:\/\/www.imperiumsuite.it\/?s={search_term_string}\"},\"query-input\":{\"@type\":\"PropertyValueSpecification\",\"valueRequired\":true,\"valueName\":\"search_term_string\"}}],\"inLanguage\":\"fr-FR\"}]}<\/script>\n<!-- \/ Yoast SEO plugin. -->","yoast_head_json":{"title":"Emplacement - Imperium Suite Navona","robots":{"index":"index","follow":"follow","max-snippet":"max-snippet:-1","max-image-preview":"max-image-preview:large","max-video-preview":"max-video-preview:-1"},"canonical":"https:\/\/www.imperiumsuite.it\/dove-siamo\/","og_locale":"fr_FR","og_type":"article","og_title":"Emplacement - Imperium Suite Navona","og_description":"Nous sommes dans le centre de Rome, \u00e0 un jet de pierre de la Piazza Navona (la ruelle Palomba, 19). Les stations de m\u00e9tro les plus proches sont Colis\u00e9e et Barberini","og_url":"https:\/\/www.imperiumsuite.it\/dove-siamo\/","og_site_name":"Imperium Suite Navona","article_modified_time":"2017-01-23T11:26:34+00:00","twitter_card":"summary_large_image","twitter_misc":{"Est. reading time":"1 minute"},"schema":{"@context":"https:\/\/schema.org","@graph":[{"@type":"WebPage","@id":"https:\/\/www.imperiumsuite.it\/dove-siamo\/","url":"https:\/\/www.imperiumsuite.it\/dove-siamo\/","name":"Emplacement - Imperium Suite Navona","isPartOf":{"@id":"https:\/\/www.imperiumsuite.it\/#website"},"datePublished":"2017-01-23T11:25:57+00:00","dateModified":"2017-01-23T11:26:34+00:00","breadcrumb":{"@id":"https:\/\/www.imperiumsuite.it\/dove-siamo\/#breadcrumb"},"inLanguage":"fr-FR","potentialAction":[{"@type":"ReadAction","target":["https:\/\/www.imperiumsuite.it\/dove-siamo\/"]}]},{"@type":"BreadcrumbList","@id":"https:\/\/www.imperiumsuite.it\/dove-siamo\/#breadcrumb","itemListElement":[{"@type":"ListItem","position":1,"name":"Home","item":"https:\/\/www.imperiumsuite.it\/fr\/"},{"@type":"ListItem","position":2,"name":"Emplacement"}]},{"@type":"WebSite","@id":"https:\/\/www.imperiumsuite.it\/#website","url":"https:\/\/www.imperiumsuite.it\/","name":"Imperium Suite Navona","description":"Elegant townhouse in the Rome centre","potentialAction":[{"@type":"SearchAction","target":{"@type":"EntryPoint","urlTemplate":"https:\/\/www.imperiumsuite.it\/?s={search_term_string}"},"query-input":{"@type":"PropertyValueSpecification","valueRequired":true,"valueName":"search_term_string"}}],"inLanguage":"fr-FR"}]}},"_links":{"self":[{"href":"https:\/\/www.imperiumsuite.it\/fr\/wp-json\/wp\/v2\/pages\/151","targetHints":{"allow":["GET"]}}],"collection":[{"href":"https:\/\/www.imperiumsuite.it\/fr\/wp-json\/wp\/v2\/pages"}],"about":[{"href":"https:\/\/www.imperiumsuite.it\/fr\/wp-json\/wp\/v2\/types\/page"}],"author":[{"embeddable":true,"href":"https:\/\/www.imperiumsuite.it\/fr\/wp-json\/wp\/v2\/users\/3"}],"replies":[{"embeddable":true,"href":"https:\/\/www.imperiumsuite.it\/fr\/wp-json\/wp\/v2\/comments?post=151"}],"version-history":[{"count":0,"href":"https:\/\/www.imperiumsuite.it\/fr\/wp-json\/wp\/v2\/pages\/151\/revisions"}],"wp:attachment":[{"href":"https:\/\/www.imperiumsuite.it\/fr\/wp-json\/wp\/v2\/media?parent=151"}],"curies":[{"name":"wp","href":"https:\/\/api.w.org\/{rel}","templated":true}]}}