{"id":155,"date":"2017-01-23T12:37:49","date_gmt":"2017-01-23T11:37:49","guid":{"rendered":"http:\/\/www.imperiumsuite.it\/?page_id=155\/"},"modified":"2017-01-23T12:43:02","modified_gmt":"2017-01-23T11:43:02","slug":"155-2","status":"publish","type":"page","link":"https:\/\/www.imperiumsuite.it\/fr\/bed-and-breakfast\/155-2\/","title":{"rendered":"Emplacement"},"content":{"rendered":"<p>Imperium Suite Navona, \u00e9l\u00e9gante maison de ville dans le centre historique de Rome, allie confort, typique de la b &amp; b, l&#8217;atmosph\u00e8re d&#8217;un lieu prestigieux, mais en m\u00eame temps confortable et agr\u00e9able. Le b\u00e2timent, qui date de la fin du XIXe si\u00e8cle, donnant sur une petite ruelle pi\u00e9tonne, et b\u00e9n\u00e9ficie d&#8217;un emplacement tr\u00e8s calme, tout en \u00e9tant au coeur de Rome, puis entour\u00e9 par les principaux monuments et points d&#8217;int\u00e9r\u00eat de la ville.<\/p>\n<p>Imperium Suite Navona, en particulier, est tr\u00e8s proche de la c\u00e9l\u00e8bre rue Ours, mais est \u00e9galement \u00e0 seulement quelques minutes \u00e0 pied de Campo de &#8216;Fiori, le Vatican, Castel Sant&#8217;Angelo et Piazza di Spagna. Il sera \u00e0 200 m\u00e8tres de l&#8217;un des lieux les plus importants et les plus caract\u00e9ristiques de la capitale, la Piazza Navona, qui tire son nom: la maison de ville est un choix id\u00e9al pour ceux qui veulent passer quelques jours \u00e0 Rome et \u00e0 d\u00e9couvrir les merveilles de la Ville Eternelle, plong\u00e9e dans son atmosph\u00e8re unique, faire du shopping, visiter les principaux mus\u00e9es et faire une halte dans les plus c\u00e9l\u00e8bres restaurants de la ville.<\/p>\n<p>La grande hospitalit\u00e9, typique de la tradition italienne, il dispose \u00e9galement de l&#8217;Imperium Suite Navona qui est vraiment l&#8217;endroit id\u00e9al pour profiter d&#8217;un s\u00e9jour parfait et inoubliable \u00e0 Rome.<\/p>\n","protected":false},"excerpt":{"rendered":"<p>Imperium Suite Navona, \u00e9l\u00e9gante maison de ville dans le centre historique de Rome, allie le confort typique de la b &#038; b, l&#8217;atmosph\u00e8re d&#8217;un lieu prestigieux<\/p>\n","protected":false},"author":3,"featured_media":119,"parent":134,"menu_order":0,"comment_status":"closed","ping_status":"closed","template":"","meta":{"footnotes":""},"class_list":["post-155","page","type-page","status-publish","has-post-thumbnail","hentry"],"yoast_head":"<!-- This site is optimized with the Yoast SEO plugin v27.4 - https:\/\/yoast.com\/product\/yoast-seo-wordpress\/ -->\n<title>Emplacement - Imperium Suite Navona<\/title>\n<meta name=\"robots\" content=\"index, follow, max-snippet:-1, max-image-preview:large, max-video-preview:-1\" \/>\n<link rel=\"canonical\" href=\"https:\/\/www.imperiumsuite.it\/fr\/bed-and-breakfast\/155-2\/\" \/>\n<meta property=\"og:locale\" content=\"fr_FR\" \/>\n<meta property=\"og:type\" content=\"article\" \/>\n<meta property=\"og:title\" content=\"Emplacement - Imperium Suite Navona\" \/>\n<meta property=\"og:description\" content=\"Imperium Suite Navona, \u00e9l\u00e9gante maison de ville dans le centre historique de Rome, allie le confort typique de la b &amp; b, l&#039;atmosph\u00e8re d&#039;un lieu prestigieux\" \/>\n<meta property=\"og:url\" content=\"https:\/\/www.imperiumsuite.it\/fr\/bed-and-breakfast\/155-2\/\" \/>\n<meta property=\"og:site_name\" content=\"Imperium Suite Navona\" \/>\n<meta property=\"article:modified_time\" content=\"2017-01-23T11:43:02+00:00\" \/>\n<meta property=\"og:image\" content=\"https:\/\/www.imperiumsuite.it\/wp-content\/uploads\/2016\/12\/IMG_0371_light.jpg\" \/>\n\t<meta property=\"og:image:width\" content=\"1920\" \/>\n\t<meta property=\"og:image:height\" content=\"1280\" \/>\n\t<meta property=\"og:image:type\" content=\"image\/jpeg\" \/>\n<meta name=\"twitter:card\" content=\"summary_large_image\" \/>\n<meta name=\"twitter:label1\" content=\"Est. reading time\" \/>\n\t<meta name=\"twitter:data1\" content=\"1 minute\" \/>\n<script type=\"application\/ld+json\" class=\"yoast-schema-graph\">{\"@context\":\"https:\\\/\\\/schema.org\",\"@graph\":[{\"@type\":\"WebPage\",\"@id\":\"https:\\\/\\\/www.imperiumsuite.it\\\/fr\\\/bed-and-breakfast\\\/155-2\\\/\",\"url\":\"https:\\\/\\\/www.imperiumsuite.it\\\/fr\\\/bed-and-breakfast\\\/155-2\\\/\",\"name\":\"Emplacement - Imperium Suite Navona\",\"isPartOf\":{\"@id\":\"https:\\\/\\\/www.imperiumsuite.it\\\/#website\"},\"primaryImageOfPage\":{\"@id\":\"https:\\\/\\\/www.imperiumsuite.it\\\/fr\\\/bed-and-breakfast\\\/155-2\\\/#primaryimage\"},\"image\":{\"@id\":\"https:\\\/\\\/www.imperiumsuite.it\\\/fr\\\/bed-and-breakfast\\\/155-2\\\/#primaryimage\"},\"thumbnailUrl\":\"https:\\\/\\\/www.imperiumsuite.it\\\/wp-content\\\/uploads\\\/2016\\\/12\\\/IMG_0371_light.jpg\",\"datePublished\":\"2017-01-23T11:37:49+00:00\",\"dateModified\":\"2017-01-23T11:43:02+00:00\",\"breadcrumb\":{\"@id\":\"https:\\\/\\\/www.imperiumsuite.it\\\/fr\\\/bed-and-breakfast\\\/155-2\\\/#breadcrumb\"},\"inLanguage\":\"fr-FR\",\"potentialAction\":[{\"@type\":\"ReadAction\",\"target\":[\"https:\\\/\\\/www.imperiumsuite.it\\\/fr\\\/bed-and-breakfast\\\/155-2\\\/\"]}]},{\"@type\":\"ImageObject\",\"inLanguage\":\"fr-FR\",\"@id\":\"https:\\\/\\\/www.imperiumsuite.it\\\/fr\\\/bed-and-breakfast\\\/155-2\\\/#primaryimage\",\"url\":\"https:\\\/\\\/www.imperiumsuite.it\\\/wp-content\\\/uploads\\\/2016\\\/12\\\/IMG_0371_light.jpg\",\"contentUrl\":\"https:\\\/\\\/www.imperiumsuite.it\\\/wp-content\\\/uploads\\\/2016\\\/12\\\/IMG_0371_light.jpg\",\"width\":1920,\"height\":1280},{\"@type\":\"BreadcrumbList\",\"@id\":\"https:\\\/\\\/www.imperiumsuite.it\\\/fr\\\/bed-and-breakfast\\\/155-2\\\/#breadcrumb\",\"itemListElement\":[{\"@type\":\"ListItem\",\"position\":1,\"name\":\"Home\",\"item\":\"https:\\\/\\\/www.imperiumsuite.it\\\/fr\\\/\"},{\"@type\":\"ListItem\",\"position\":2,\"name\":\"Nos H\u00e9bergements\",\"item\":\"https:\\\/\\\/www.imperiumsuite.it\\\/fr\\\/bed-and-breakfast\\\/\"},{\"@type\":\"ListItem\",\"position\":3,\"name\":\"Emplacement\"}]},{\"@type\":\"WebSite\",\"@id\":\"https:\\\/\\\/www.imperiumsuite.it\\\/#website\",\"url\":\"https:\\\/\\\/www.imperiumsuite.it\\\/\",\"name\":\"Imperium Suite Navona\",\"description\":\"Elegant townhouse in the Rome centre\",\"potentialAction\":[{\"@type\":\"SearchAction\",\"target\":{\"@type\":\"EntryPoint\",\"urlTemplate\":\"https:\\\/\\\/www.imperiumsuite.it\\\/?s={search_term_string}\"},\"query-input\":{\"@type\":\"PropertyValueSpecification\",\"valueRequired\":true,\"valueName\":\"search_term_string\"}}],\"inLanguage\":\"fr-FR\"}]}<\/script>\n<!-- \/ Yoast SEO plugin. -->","yoast_head_json":{"title":"Emplacement - Imperium Suite Navona","robots":{"index":"index","follow":"follow","max-snippet":"max-snippet:-1","max-image-preview":"max-image-preview:large","max-video-preview":"max-video-preview:-1"},"canonical":"https:\/\/www.imperiumsuite.it\/fr\/bed-and-breakfast\/155-2\/","og_locale":"fr_FR","og_type":"article","og_title":"Emplacement - Imperium Suite Navona","og_description":"Imperium Suite Navona, \u00e9l\u00e9gante maison de ville dans le centre historique de Rome, allie le confort typique de la b & b, l'atmosph\u00e8re d'un lieu prestigieux","og_url":"https:\/\/www.imperiumsuite.it\/fr\/bed-and-breakfast\/155-2\/","og_site_name":"Imperium Suite Navona","article_modified_time":"2017-01-23T11:43:02+00:00","og_image":[{"width":1920,"height":1280,"url":"https:\/\/www.imperiumsuite.it\/wp-content\/uploads\/2016\/12\/IMG_0371_light.jpg","type":"image\/jpeg"}],"twitter_card":"summary_large_image","twitter_misc":{"Est. reading time":"1 minute"},"schema":{"@context":"https:\/\/schema.org","@graph":[{"@type":"WebPage","@id":"https:\/\/www.imperiumsuite.it\/fr\/bed-and-breakfast\/155-2\/","url":"https:\/\/www.imperiumsuite.it\/fr\/bed-and-breakfast\/155-2\/","name":"Emplacement - Imperium Suite Navona","isPartOf":{"@id":"https:\/\/www.imperiumsuite.it\/#website"},"primaryImageOfPage":{"@id":"https:\/\/www.imperiumsuite.it\/fr\/bed-and-breakfast\/155-2\/#primaryimage"},"image":{"@id":"https:\/\/www.imperiumsuite.it\/fr\/bed-and-breakfast\/155-2\/#primaryimage"},"thumbnailUrl":"https:\/\/www.imperiumsuite.it\/wp-content\/uploads\/2016\/12\/IMG_0371_light.jpg","datePublished":"2017-01-23T11:37:49+00:00","dateModified":"2017-01-23T11:43:02+00:00","breadcrumb":{"@id":"https:\/\/www.imperiumsuite.it\/fr\/bed-and-breakfast\/155-2\/#breadcrumb"},"inLanguage":"fr-FR","potentialAction":[{"@type":"ReadAction","target":["https:\/\/www.imperiumsuite.it\/fr\/bed-and-breakfast\/155-2\/"]}]},{"@type":"ImageObject","inLanguage":"fr-FR","@id":"https:\/\/www.imperiumsuite.it\/fr\/bed-and-breakfast\/155-2\/#primaryimage","url":"https:\/\/www.imperiumsuite.it\/wp-content\/uploads\/2016\/12\/IMG_0371_light.jpg","contentUrl":"https:\/\/www.imperiumsuite.it\/wp-content\/uploads\/2016\/12\/IMG_0371_light.jpg","width":1920,"height":1280},{"@type":"BreadcrumbList","@id":"https:\/\/www.imperiumsuite.it\/fr\/bed-and-breakfast\/155-2\/#breadcrumb","itemListElement":[{"@type":"ListItem","position":1,"name":"Home","item":"https:\/\/www.imperiumsuite.it\/fr\/"},{"@type":"ListItem","position":2,"name":"Nos H\u00e9bergements","item":"https:\/\/www.imperiumsuite.it\/fr\/bed-and-breakfast\/"},{"@type":"ListItem","position":3,"name":"Emplacement"}]},{"@type":"WebSite","@id":"https:\/\/www.imperiumsuite.it\/#website","url":"https:\/\/www.imperiumsuite.it\/","name":"Imperium Suite Navona","description":"Elegant townhouse in the Rome centre","potentialAction":[{"@type":"SearchAction","target":{"@type":"EntryPoint","urlTemplate":"https:\/\/www.imperiumsuite.it\/?s={search_term_string}"},"query-input":{"@type":"PropertyValueSpecification","valueRequired":true,"valueName":"search_term_string"}}],"inLanguage":"fr-FR"}]}},"_links":{"self":[{"href":"https:\/\/www.imperiumsuite.it\/fr\/wp-json\/wp\/v2\/pages\/155","targetHints":{"allow":["GET"]}}],"collection":[{"href":"https:\/\/www.imperiumsuite.it\/fr\/wp-json\/wp\/v2\/pages"}],"about":[{"href":"https:\/\/www.imperiumsuite.it\/fr\/wp-json\/wp\/v2\/types\/page"}],"author":[{"embeddable":true,"href":"https:\/\/www.imperiumsuite.it\/fr\/wp-json\/wp\/v2\/users\/3"}],"replies":[{"embeddable":true,"href":"https:\/\/www.imperiumsuite.it\/fr\/wp-json\/wp\/v2\/comments?post=155"}],"version-history":[{"count":0,"href":"https:\/\/www.imperiumsuite.it\/fr\/wp-json\/wp\/v2\/pages\/155\/revisions"}],"up":[{"embeddable":true,"href":"https:\/\/www.imperiumsuite.it\/fr\/wp-json\/wp\/v2\/pages\/134"}],"wp:featuredmedia":[{"embeddable":true,"href":"https:\/\/www.imperiumsuite.it\/fr\/wp-json\/wp\/v2\/media\/119"}],"wp:attachment":[{"href":"https:\/\/www.imperiumsuite.it\/fr\/wp-json\/wp\/v2\/media?parent=155"}],"curies":[{"name":"wp","href":"https:\/\/api.w.org\/{rel}","templated":true}]}}