{"id":161,"date":"2017-01-24T09:36:47","date_gmt":"2017-01-24T08:36:47","guid":{"rendered":"http:\/\/www.imperiumsuite.it\/?page_id=161\/"},"modified":"2017-02-09T21:33:06","modified_gmt":"2017-02-09T20:33:06","slug":"personnel","status":"publish","type":"page","link":"https:\/\/www.imperiumsuite.it\/fr\/bed-and-breakfast\/personnel\/","title":{"rendered":"Personnel"},"content":{"rendered":"<p>Une \u00e9quipe attentive et dynamique est pr\u00eate \u00e0 accueillir et prendre soin de clients Imperium Suite Navona pendant leur s\u00e9jour inoubliable dans le centre de Rome.<\/p>\n<p><strong><img loading=\"lazy\" decoding=\"async\" class=\"alignnone size-medium wp-image-299\" src=\"http:\/\/www.imperiumsuite.it\/wp-content\/uploads\/2017\/01\/DSC_1649-300x225.jpg\" alt=\"\" width=\"300\" height=\"225\" srcset=\"https:\/\/www.imperiumsuite.it\/wp-content\/uploads\/2017\/01\/DSC_1649-300x225.jpg 300w, https:\/\/www.imperiumsuite.it\/wp-content\/uploads\/2017\/01\/DSC_1649-768x576.jpg 768w, https:\/\/www.imperiumsuite.it\/wp-content\/uploads\/2017\/01\/DSC_1649-1024x768.jpg 1024w, https:\/\/www.imperiumsuite.it\/wp-content\/uploads\/2017\/01\/DSC_1649-150x113.jpg 150w\" sizes=\"auto, (max-width: 300px) 100vw, 300px\" \/>Luthfur, le concierge<\/strong><br \/>\n Je vis en Italie depuis dix ans et l&#8217;Imperium Suite Navona est un peu comme il \u00e9tait chez moi. Je tente de combiner la saveur des traditions de mon pays, le Bangladesh, avec la n\u00e9cessit\u00e9 de tout faire &#8220;d\u00e8s que possible&#8221;, typique du monde occidental. Ils sont toujours \u00e0 la disposition des clients pour les r\u00e9servations, le transport de l&#8217;information, des conseils de tourn\u00e9e et plus &#8230;<br \/>\n \u00a0<br \/>\n <img loading=\"lazy\" decoding=\"async\" class=\"alignnone size-medium wp-image-375\" src=\"http:\/\/www.imperiumsuite.it\/wp-content\/uploads\/2017\/01\/DSC_1549-light-300x198.jpg\" alt=\"\" width=\"300\" height=\"198\" srcset=\"https:\/\/www.imperiumsuite.it\/wp-content\/uploads\/2017\/01\/DSC_1549-light-300x198.jpg 300w, https:\/\/www.imperiumsuite.it\/wp-content\/uploads\/2017\/01\/DSC_1549-light-768x506.jpg 768w, https:\/\/www.imperiumsuite.it\/wp-content\/uploads\/2017\/01\/DSC_1549-light-1024x675.jpg 1024w, https:\/\/www.imperiumsuite.it\/wp-content\/uploads\/2017\/01\/DSC_1549-light-150x99.jpg 150w\" sizes=\"auto, (max-width: 300px) 100vw, 300px\" \/><strong>Lucie, la directrice<\/strong><br \/>\n J&#8217;ai \u00e9galement \u00e9t\u00e9 adopt\u00e9 par Rome depuis quelques ann\u00e9es maintenant et je fais ce travail avec la m\u00eame passion que je devais le premier jour. Ils sont toujours disponibles pour les clients, je tente de r\u00e9pondre<br \/>\n chaque demande et je fais en sorte que tout est toujours parfait pour assurer l&#8217;hospitalit\u00e9 sans faille. J&#8217;ai deux grandes passions: stand au milieu de la nature avec mes chiens bien-aim\u00e9s et de manger. Ils sont donc la personne id\u00e9ale pour donner des conseils \u00e0 ceux qui veulent d\u00e9couvrir un Roma moins touristique et plus charmant, une Rome ne vous attendez pas, avec ses magnifiques parcs et espaces naturels dans le milieu de la ville. Il est \u00e9galement un plaisir pour moi d&#8217;offrir des conseils et des suggestions sur les bons restaurants pour ceux qui veulent tomber en amour avec les saveurs de la cuisine traditionnelle romaine et l&#8217;hospitalit\u00e9 italienne \u00e0 la table.<br \/>\n \u00a0<br \/>\n <img loading=\"lazy\" decoding=\"async\" class=\"alignnone size-medium wp-image-301\" src=\"http:\/\/www.imperiumsuite.it\/wp-content\/uploads\/2017\/01\/DSC_1653-300x225.jpg\" alt=\"\" width=\"300\" height=\"225\" srcset=\"https:\/\/www.imperiumsuite.it\/wp-content\/uploads\/2017\/01\/DSC_1653-300x225.jpg 300w, https:\/\/www.imperiumsuite.it\/wp-content\/uploads\/2017\/01\/DSC_1653-768x576.jpg 768w, https:\/\/www.imperiumsuite.it\/wp-content\/uploads\/2017\/01\/DSC_1653-1024x768.jpg 1024w, https:\/\/www.imperiumsuite.it\/wp-content\/uploads\/2017\/01\/DSC_1653-150x113.jpg 150w\" sizes=\"auto, (max-width: 300px) 100vw, 300px\" \/><strong>Harrol, le factotum<\/strong><br \/>\n Je suis la nouvelle entr\u00e9e de cette petite famille et tous les matins je tente de faire vos chambres aussi accueillant que possible. En outre sont la bonne personne \u00e0 se tourner vers si vous avez besoin d&#8217;aide pour r\u00e9soudre certains probl\u00e8mes et lorsque deux bras forts pour valises et sacs sont n\u00e9cessaires.<br \/>\n \u00a0<br \/>\n <strong>Claudio, &#8220;le patron&#8221;<\/strong><br \/>\n Je suis n\u00e9 et a grandi dans une famille qui a toujours engag\u00e9 dans le secteur de l&#8217;h\u00e9bergement et j&#8217;esp\u00e8re que ceux qui choisissent l&#8217;Imperium Suite Navona peut reconna\u00eetre et appr\u00e9cier ma passion pour accueillir les visiteurs de partout dans le monde. Un accueil attentif dans un environnement familial, il est ma philosophie de vie et de travail.<\/p>\n","protected":false},"excerpt":{"rendered":"<p>Une \u00e9quipe attentive et dynamique est pr\u00eate \u00e0 accueillir et prendre soin de clients Imperium Suite Navona pendant leur s\u00e9jour inoubliable dans le centre de Rome.<\/p>\n","protected":false},"author":3,"featured_media":298,"parent":134,"menu_order":0,"comment_status":"closed","ping_status":"closed","template":"","meta":{"footnotes":""},"class_list":["post-161","page","type-page","status-publish","has-post-thumbnail","hentry"],"yoast_head":"<!-- This site is optimized with the Yoast SEO plugin v27.4 - https:\/\/yoast.com\/product\/yoast-seo-wordpress\/ -->\n<title>Personnel - Imperium Suite Navona<\/title>\n<meta name=\"robots\" content=\"index, follow, max-snippet:-1, max-image-preview:large, max-video-preview:-1\" \/>\n<link rel=\"canonical\" href=\"https:\/\/www.imperiumsuite.it\/fr\/bed-and-breakfast\/personnel\/\" \/>\n<meta property=\"og:locale\" content=\"fr_FR\" \/>\n<meta property=\"og:type\" content=\"article\" \/>\n<meta property=\"og:title\" content=\"Personnel - Imperium Suite Navona\" \/>\n<meta property=\"og:description\" content=\"Une \u00e9quipe attentive et dynamique est pr\u00eate \u00e0 accueillir et prendre soin de clients Imperium Suite Navona pendant leur s\u00e9jour inoubliable dans le centre de Rome.\" \/>\n<meta property=\"og:url\" content=\"https:\/\/www.imperiumsuite.it\/fr\/bed-and-breakfast\/personnel\/\" \/>\n<meta property=\"og:site_name\" content=\"Imperium Suite Navona\" \/>\n<meta property=\"article:modified_time\" content=\"2017-02-09T20:33:06+00:00\" \/>\n<meta property=\"og:image\" content=\"https:\/\/www.imperiumsuite.it\/wp-content\/uploads\/2017\/01\/DSC_1662-focus.jpg\" \/>\n\t<meta property=\"og:image:width\" content=\"3840\" \/>\n\t<meta property=\"og:image:height\" content=\"2022\" \/>\n\t<meta property=\"og:image:type\" content=\"image\/jpeg\" \/>\n<meta name=\"twitter:card\" content=\"summary_large_image\" \/>\n<meta name=\"twitter:label1\" content=\"Est. reading time\" \/>\n\t<meta name=\"twitter:data1\" content=\"2 minutes\" \/>\n<script type=\"application\/ld+json\" class=\"yoast-schema-graph\">{\"@context\":\"https:\\\/\\\/schema.org\",\"@graph\":[{\"@type\":\"WebPage\",\"@id\":\"https:\\\/\\\/www.imperiumsuite.it\\\/fr\\\/bed-and-breakfast\\\/personnel\\\/\",\"url\":\"https:\\\/\\\/www.imperiumsuite.it\\\/fr\\\/bed-and-breakfast\\\/personnel\\\/\",\"name\":\"Personnel - Imperium Suite Navona\",\"isPartOf\":{\"@id\":\"https:\\\/\\\/www.imperiumsuite.it\\\/#website\"},\"primaryImageOfPage\":{\"@id\":\"https:\\\/\\\/www.imperiumsuite.it\\\/fr\\\/bed-and-breakfast\\\/personnel\\\/#primaryimage\"},\"image\":{\"@id\":\"https:\\\/\\\/www.imperiumsuite.it\\\/fr\\\/bed-and-breakfast\\\/personnel\\\/#primaryimage\"},\"thumbnailUrl\":\"https:\\\/\\\/www.imperiumsuite.it\\\/wp-content\\\/uploads\\\/2017\\\/01\\\/DSC_1662-focus.jpg\",\"datePublished\":\"2017-01-24T08:36:47+00:00\",\"dateModified\":\"2017-02-09T20:33:06+00:00\",\"breadcrumb\":{\"@id\":\"https:\\\/\\\/www.imperiumsuite.it\\\/fr\\\/bed-and-breakfast\\\/personnel\\\/#breadcrumb\"},\"inLanguage\":\"fr-FR\",\"potentialAction\":[{\"@type\":\"ReadAction\",\"target\":[\"https:\\\/\\\/www.imperiumsuite.it\\\/fr\\\/bed-and-breakfast\\\/personnel\\\/\"]}]},{\"@type\":\"ImageObject\",\"inLanguage\":\"fr-FR\",\"@id\":\"https:\\\/\\\/www.imperiumsuite.it\\\/fr\\\/bed-and-breakfast\\\/personnel\\\/#primaryimage\",\"url\":\"https:\\\/\\\/www.imperiumsuite.it\\\/wp-content\\\/uploads\\\/2017\\\/01\\\/DSC_1662-focus.jpg\",\"contentUrl\":\"https:\\\/\\\/www.imperiumsuite.it\\\/wp-content\\\/uploads\\\/2017\\\/01\\\/DSC_1662-focus.jpg\",\"width\":3840,\"height\":2022},{\"@type\":\"BreadcrumbList\",\"@id\":\"https:\\\/\\\/www.imperiumsuite.it\\\/fr\\\/bed-and-breakfast\\\/personnel\\\/#breadcrumb\",\"itemListElement\":[{\"@type\":\"ListItem\",\"position\":1,\"name\":\"Home\",\"item\":\"https:\\\/\\\/www.imperiumsuite.it\\\/fr\\\/\"},{\"@type\":\"ListItem\",\"position\":2,\"name\":\"Nos H\u00e9bergements\",\"item\":\"https:\\\/\\\/www.imperiumsuite.it\\\/fr\\\/bed-and-breakfast\\\/\"},{\"@type\":\"ListItem\",\"position\":3,\"name\":\"Personnel\"}]},{\"@type\":\"WebSite\",\"@id\":\"https:\\\/\\\/www.imperiumsuite.it\\\/#website\",\"url\":\"https:\\\/\\\/www.imperiumsuite.it\\\/\",\"name\":\"Imperium Suite Navona\",\"description\":\"Elegant townhouse in the Rome centre\",\"potentialAction\":[{\"@type\":\"SearchAction\",\"target\":{\"@type\":\"EntryPoint\",\"urlTemplate\":\"https:\\\/\\\/www.imperiumsuite.it\\\/?s={search_term_string}\"},\"query-input\":{\"@type\":\"PropertyValueSpecification\",\"valueRequired\":true,\"valueName\":\"search_term_string\"}}],\"inLanguage\":\"fr-FR\"}]}<\/script>\n<!-- \/ Yoast SEO plugin. -->","yoast_head_json":{"title":"Personnel - Imperium Suite Navona","robots":{"index":"index","follow":"follow","max-snippet":"max-snippet:-1","max-image-preview":"max-image-preview:large","max-video-preview":"max-video-preview:-1"},"canonical":"https:\/\/www.imperiumsuite.it\/fr\/bed-and-breakfast\/personnel\/","og_locale":"fr_FR","og_type":"article","og_title":"Personnel - Imperium Suite Navona","og_description":"Une \u00e9quipe attentive et dynamique est pr\u00eate \u00e0 accueillir et prendre soin de clients Imperium Suite Navona pendant leur s\u00e9jour inoubliable dans le centre de Rome.","og_url":"https:\/\/www.imperiumsuite.it\/fr\/bed-and-breakfast\/personnel\/","og_site_name":"Imperium Suite Navona","article_modified_time":"2017-02-09T20:33:06+00:00","og_image":[{"width":3840,"height":2022,"url":"https:\/\/www.imperiumsuite.it\/wp-content\/uploads\/2017\/01\/DSC_1662-focus.jpg","type":"image\/jpeg"}],"twitter_card":"summary_large_image","twitter_misc":{"Est. reading time":"2 minutes"},"schema":{"@context":"https:\/\/schema.org","@graph":[{"@type":"WebPage","@id":"https:\/\/www.imperiumsuite.it\/fr\/bed-and-breakfast\/personnel\/","url":"https:\/\/www.imperiumsuite.it\/fr\/bed-and-breakfast\/personnel\/","name":"Personnel - Imperium Suite Navona","isPartOf":{"@id":"https:\/\/www.imperiumsuite.it\/#website"},"primaryImageOfPage":{"@id":"https:\/\/www.imperiumsuite.it\/fr\/bed-and-breakfast\/personnel\/#primaryimage"},"image":{"@id":"https:\/\/www.imperiumsuite.it\/fr\/bed-and-breakfast\/personnel\/#primaryimage"},"thumbnailUrl":"https:\/\/www.imperiumsuite.it\/wp-content\/uploads\/2017\/01\/DSC_1662-focus.jpg","datePublished":"2017-01-24T08:36:47+00:00","dateModified":"2017-02-09T20:33:06+00:00","breadcrumb":{"@id":"https:\/\/www.imperiumsuite.it\/fr\/bed-and-breakfast\/personnel\/#breadcrumb"},"inLanguage":"fr-FR","potentialAction":[{"@type":"ReadAction","target":["https:\/\/www.imperiumsuite.it\/fr\/bed-and-breakfast\/personnel\/"]}]},{"@type":"ImageObject","inLanguage":"fr-FR","@id":"https:\/\/www.imperiumsuite.it\/fr\/bed-and-breakfast\/personnel\/#primaryimage","url":"https:\/\/www.imperiumsuite.it\/wp-content\/uploads\/2017\/01\/DSC_1662-focus.jpg","contentUrl":"https:\/\/www.imperiumsuite.it\/wp-content\/uploads\/2017\/01\/DSC_1662-focus.jpg","width":3840,"height":2022},{"@type":"BreadcrumbList","@id":"https:\/\/www.imperiumsuite.it\/fr\/bed-and-breakfast\/personnel\/#breadcrumb","itemListElement":[{"@type":"ListItem","position":1,"name":"Home","item":"https:\/\/www.imperiumsuite.it\/fr\/"},{"@type":"ListItem","position":2,"name":"Nos H\u00e9bergements","item":"https:\/\/www.imperiumsuite.it\/fr\/bed-and-breakfast\/"},{"@type":"ListItem","position":3,"name":"Personnel"}]},{"@type":"WebSite","@id":"https:\/\/www.imperiumsuite.it\/#website","url":"https:\/\/www.imperiumsuite.it\/","name":"Imperium Suite Navona","description":"Elegant townhouse in the Rome centre","potentialAction":[{"@type":"SearchAction","target":{"@type":"EntryPoint","urlTemplate":"https:\/\/www.imperiumsuite.it\/?s={search_term_string}"},"query-input":{"@type":"PropertyValueSpecification","valueRequired":true,"valueName":"search_term_string"}}],"inLanguage":"fr-FR"}]}},"_links":{"self":[{"href":"https:\/\/www.imperiumsuite.it\/fr\/wp-json\/wp\/v2\/pages\/161","targetHints":{"allow":["GET"]}}],"collection":[{"href":"https:\/\/www.imperiumsuite.it\/fr\/wp-json\/wp\/v2\/pages"}],"about":[{"href":"https:\/\/www.imperiumsuite.it\/fr\/wp-json\/wp\/v2\/types\/page"}],"author":[{"embeddable":true,"href":"https:\/\/www.imperiumsuite.it\/fr\/wp-json\/wp\/v2\/users\/3"}],"replies":[{"embeddable":true,"href":"https:\/\/www.imperiumsuite.it\/fr\/wp-json\/wp\/v2\/comments?post=161"}],"version-history":[{"count":0,"href":"https:\/\/www.imperiumsuite.it\/fr\/wp-json\/wp\/v2\/pages\/161\/revisions"}],"up":[{"embeddable":true,"href":"https:\/\/www.imperiumsuite.it\/fr\/wp-json\/wp\/v2\/pages\/134"}],"wp:featuredmedia":[{"embeddable":true,"href":"https:\/\/www.imperiumsuite.it\/fr\/wp-json\/wp\/v2\/media\/298"}],"wp:attachment":[{"href":"https:\/\/www.imperiumsuite.it\/fr\/wp-json\/wp\/v2\/media?parent=161"}],"curies":[{"name":"wp","href":"https:\/\/api.w.org\/{rel}","templated":true}]}}