{"id":168,"date":"2017-01-24T10:11:55","date_gmt":"2017-01-24T09:11:55","guid":{"rendered":"http:\/\/www.imperiumsuite.it\/?page_id=168\/"},"modified":"2017-01-24T10:11:55","modified_gmt":"2017-01-24T09:11:55","slug":"histoire","status":"publish","type":"page","link":"https:\/\/www.imperiumsuite.it\/fr\/bed-and-breakfast\/histoire\/","title":{"rendered":"Histoire"},"content":{"rendered":"<p>Imperium Suite Navona est, depuis 2008, un jalon de tourisme entrant dans le centre historique de Rome. Structure d&#8217;excellence, a toujours \u00e9t\u00e9 populaire aupr\u00e8s de ceux qui veulent profiter pleinement de la ville, d\u00e9couvrir les merveilles de Rome, visiter ses monuments et les principaux points d&#8217;int\u00e9r\u00eat, de longues promenades \u00e0 travers les rues de son acropole et de passer un s\u00e9jour agr\u00e9able et relaxant.<\/p>\n<p>Le nom se r\u00e9f\u00e8re \u00e0 sa caract\u00e9ristique pr\u00e9cieuse de r\u00e9sidence et aussi la proximit\u00e9 de la Piazza Navona, qui est \u00e0 seulement quelques pas: juste assez de temps pour traverser la Piazza Sant&#8217;Apollinare, avec sa basilique, et ouvre ici \u00e0 la vue c\u00e9l\u00e8bre de la Fontaine Neptune. Et en effet, comme toujours, ceux qui restent l&#8217;Imperium Suite Navona, peut profiter d&#8217;une mani\u00e8re privil\u00e9gi\u00e9e de la place d&#8217;o\u00f9 il tire son nom, son atmosph\u00e8re, son architecture et ses monuments, des artistes de rue qui animent et le passage des peuples, des cultures et des langues qui y vivent chaque jour.<\/p>\n","protected":false},"excerpt":{"rendered":"<p>Imperium Suite Navona est, depuis 2008, un jalon de tourisme entrant dans le centre historique de Rome. <\/p>\n","protected":false},"author":3,"featured_media":123,"parent":134,"menu_order":0,"comment_status":"closed","ping_status":"closed","template":"","meta":{"footnotes":""},"class_list":["post-168","page","type-page","status-publish","has-post-thumbnail","hentry"],"yoast_head":"<!-- This site is optimized with the Yoast SEO plugin v27.4 - https:\/\/yoast.com\/product\/yoast-seo-wordpress\/ -->\n<title>Histoire - Imperium Suite Navona<\/title>\n<meta name=\"robots\" content=\"index, follow, max-snippet:-1, max-image-preview:large, max-video-preview:-1\" \/>\n<link rel=\"canonical\" href=\"https:\/\/www.imperiumsuite.it\/fr\/bed-and-breakfast\/histoire\/\" \/>\n<meta property=\"og:locale\" content=\"fr_FR\" \/>\n<meta property=\"og:type\" content=\"article\" \/>\n<meta property=\"og:title\" content=\"Histoire - Imperium Suite Navona\" \/>\n<meta property=\"og:description\" content=\"Imperium Suite Navona est, depuis 2008, un jalon de tourisme entrant dans le centre historique de Rome.\" \/>\n<meta property=\"og:url\" content=\"https:\/\/www.imperiumsuite.it\/fr\/bed-and-breakfast\/histoire\/\" \/>\n<meta property=\"og:site_name\" content=\"Imperium Suite Navona\" \/>\n<meta property=\"og:image\" content=\"https:\/\/www.imperiumsuite.it\/wp-content\/uploads\/2017\/01\/IMG_0299_light.jpg\" \/>\n\t<meta property=\"og:image:width\" content=\"1920\" \/>\n\t<meta property=\"og:image:height\" content=\"1280\" \/>\n\t<meta property=\"og:image:type\" content=\"image\/jpeg\" \/>\n<meta name=\"twitter:card\" content=\"summary_large_image\" \/>\n<meta name=\"twitter:label1\" content=\"Est. reading time\" \/>\n\t<meta name=\"twitter:data1\" content=\"1 minute\" \/>\n<script type=\"application\/ld+json\" class=\"yoast-schema-graph\">{\"@context\":\"https:\\\/\\\/schema.org\",\"@graph\":[{\"@type\":\"WebPage\",\"@id\":\"https:\\\/\\\/www.imperiumsuite.it\\\/fr\\\/bed-and-breakfast\\\/histoire\\\/\",\"url\":\"https:\\\/\\\/www.imperiumsuite.it\\\/fr\\\/bed-and-breakfast\\\/histoire\\\/\",\"name\":\"Histoire - Imperium Suite Navona\",\"isPartOf\":{\"@id\":\"https:\\\/\\\/www.imperiumsuite.it\\\/#website\"},\"primaryImageOfPage\":{\"@id\":\"https:\\\/\\\/www.imperiumsuite.it\\\/fr\\\/bed-and-breakfast\\\/histoire\\\/#primaryimage\"},\"image\":{\"@id\":\"https:\\\/\\\/www.imperiumsuite.it\\\/fr\\\/bed-and-breakfast\\\/histoire\\\/#primaryimage\"},\"thumbnailUrl\":\"https:\\\/\\\/www.imperiumsuite.it\\\/wp-content\\\/uploads\\\/2017\\\/01\\\/IMG_0299_light.jpg\",\"datePublished\":\"2017-01-24T09:11:55+00:00\",\"breadcrumb\":{\"@id\":\"https:\\\/\\\/www.imperiumsuite.it\\\/fr\\\/bed-and-breakfast\\\/histoire\\\/#breadcrumb\"},\"inLanguage\":\"fr-FR\",\"potentialAction\":[{\"@type\":\"ReadAction\",\"target\":[\"https:\\\/\\\/www.imperiumsuite.it\\\/fr\\\/bed-and-breakfast\\\/histoire\\\/\"]}]},{\"@type\":\"ImageObject\",\"inLanguage\":\"fr-FR\",\"@id\":\"https:\\\/\\\/www.imperiumsuite.it\\\/fr\\\/bed-and-breakfast\\\/histoire\\\/#primaryimage\",\"url\":\"https:\\\/\\\/www.imperiumsuite.it\\\/wp-content\\\/uploads\\\/2017\\\/01\\\/IMG_0299_light.jpg\",\"contentUrl\":\"https:\\\/\\\/www.imperiumsuite.it\\\/wp-content\\\/uploads\\\/2017\\\/01\\\/IMG_0299_light.jpg\",\"width\":1920,\"height\":1280},{\"@type\":\"BreadcrumbList\",\"@id\":\"https:\\\/\\\/www.imperiumsuite.it\\\/fr\\\/bed-and-breakfast\\\/histoire\\\/#breadcrumb\",\"itemListElement\":[{\"@type\":\"ListItem\",\"position\":1,\"name\":\"Home\",\"item\":\"https:\\\/\\\/www.imperiumsuite.it\\\/fr\\\/\"},{\"@type\":\"ListItem\",\"position\":2,\"name\":\"Nos H\u00e9bergements\",\"item\":\"https:\\\/\\\/www.imperiumsuite.it\\\/fr\\\/bed-and-breakfast\\\/\"},{\"@type\":\"ListItem\",\"position\":3,\"name\":\"Histoire\"}]},{\"@type\":\"WebSite\",\"@id\":\"https:\\\/\\\/www.imperiumsuite.it\\\/#website\",\"url\":\"https:\\\/\\\/www.imperiumsuite.it\\\/\",\"name\":\"Imperium Suite Navona\",\"description\":\"Elegant townhouse in the Rome centre\",\"potentialAction\":[{\"@type\":\"SearchAction\",\"target\":{\"@type\":\"EntryPoint\",\"urlTemplate\":\"https:\\\/\\\/www.imperiumsuite.it\\\/?s={search_term_string}\"},\"query-input\":{\"@type\":\"PropertyValueSpecification\",\"valueRequired\":true,\"valueName\":\"search_term_string\"}}],\"inLanguage\":\"fr-FR\"}]}<\/script>\n<!-- \/ Yoast SEO plugin. -->","yoast_head_json":{"title":"Histoire - Imperium Suite Navona","robots":{"index":"index","follow":"follow","max-snippet":"max-snippet:-1","max-image-preview":"max-image-preview:large","max-video-preview":"max-video-preview:-1"},"canonical":"https:\/\/www.imperiumsuite.it\/fr\/bed-and-breakfast\/histoire\/","og_locale":"fr_FR","og_type":"article","og_title":"Histoire - Imperium Suite Navona","og_description":"Imperium Suite Navona est, depuis 2008, un jalon de tourisme entrant dans le centre historique de Rome.","og_url":"https:\/\/www.imperiumsuite.it\/fr\/bed-and-breakfast\/histoire\/","og_site_name":"Imperium Suite Navona","og_image":[{"width":1920,"height":1280,"url":"https:\/\/www.imperiumsuite.it\/wp-content\/uploads\/2017\/01\/IMG_0299_light.jpg","type":"image\/jpeg"}],"twitter_card":"summary_large_image","twitter_misc":{"Est. reading time":"1 minute"},"schema":{"@context":"https:\/\/schema.org","@graph":[{"@type":"WebPage","@id":"https:\/\/www.imperiumsuite.it\/fr\/bed-and-breakfast\/histoire\/","url":"https:\/\/www.imperiumsuite.it\/fr\/bed-and-breakfast\/histoire\/","name":"Histoire - Imperium Suite Navona","isPartOf":{"@id":"https:\/\/www.imperiumsuite.it\/#website"},"primaryImageOfPage":{"@id":"https:\/\/www.imperiumsuite.it\/fr\/bed-and-breakfast\/histoire\/#primaryimage"},"image":{"@id":"https:\/\/www.imperiumsuite.it\/fr\/bed-and-breakfast\/histoire\/#primaryimage"},"thumbnailUrl":"https:\/\/www.imperiumsuite.it\/wp-content\/uploads\/2017\/01\/IMG_0299_light.jpg","datePublished":"2017-01-24T09:11:55+00:00","breadcrumb":{"@id":"https:\/\/www.imperiumsuite.it\/fr\/bed-and-breakfast\/histoire\/#breadcrumb"},"inLanguage":"fr-FR","potentialAction":[{"@type":"ReadAction","target":["https:\/\/www.imperiumsuite.it\/fr\/bed-and-breakfast\/histoire\/"]}]},{"@type":"ImageObject","inLanguage":"fr-FR","@id":"https:\/\/www.imperiumsuite.it\/fr\/bed-and-breakfast\/histoire\/#primaryimage","url":"https:\/\/www.imperiumsuite.it\/wp-content\/uploads\/2017\/01\/IMG_0299_light.jpg","contentUrl":"https:\/\/www.imperiumsuite.it\/wp-content\/uploads\/2017\/01\/IMG_0299_light.jpg","width":1920,"height":1280},{"@type":"BreadcrumbList","@id":"https:\/\/www.imperiumsuite.it\/fr\/bed-and-breakfast\/histoire\/#breadcrumb","itemListElement":[{"@type":"ListItem","position":1,"name":"Home","item":"https:\/\/www.imperiumsuite.it\/fr\/"},{"@type":"ListItem","position":2,"name":"Nos H\u00e9bergements","item":"https:\/\/www.imperiumsuite.it\/fr\/bed-and-breakfast\/"},{"@type":"ListItem","position":3,"name":"Histoire"}]},{"@type":"WebSite","@id":"https:\/\/www.imperiumsuite.it\/#website","url":"https:\/\/www.imperiumsuite.it\/","name":"Imperium Suite Navona","description":"Elegant townhouse in the Rome centre","potentialAction":[{"@type":"SearchAction","target":{"@type":"EntryPoint","urlTemplate":"https:\/\/www.imperiumsuite.it\/?s={search_term_string}"},"query-input":{"@type":"PropertyValueSpecification","valueRequired":true,"valueName":"search_term_string"}}],"inLanguage":"fr-FR"}]}},"_links":{"self":[{"href":"https:\/\/www.imperiumsuite.it\/fr\/wp-json\/wp\/v2\/pages\/168","targetHints":{"allow":["GET"]}}],"collection":[{"href":"https:\/\/www.imperiumsuite.it\/fr\/wp-json\/wp\/v2\/pages"}],"about":[{"href":"https:\/\/www.imperiumsuite.it\/fr\/wp-json\/wp\/v2\/types\/page"}],"author":[{"embeddable":true,"href":"https:\/\/www.imperiumsuite.it\/fr\/wp-json\/wp\/v2\/users\/3"}],"replies":[{"embeddable":true,"href":"https:\/\/www.imperiumsuite.it\/fr\/wp-json\/wp\/v2\/comments?post=168"}],"version-history":[{"count":0,"href":"https:\/\/www.imperiumsuite.it\/fr\/wp-json\/wp\/v2\/pages\/168\/revisions"}],"up":[{"embeddable":true,"href":"https:\/\/www.imperiumsuite.it\/fr\/wp-json\/wp\/v2\/pages\/134"}],"wp:featuredmedia":[{"embeddable":true,"href":"https:\/\/www.imperiumsuite.it\/fr\/wp-json\/wp\/v2\/media\/123"}],"wp:attachment":[{"href":"https:\/\/www.imperiumsuite.it\/fr\/wp-json\/wp\/v2\/media?parent=168"}],"curies":[{"name":"wp","href":"https:\/\/api.w.org\/{rel}","templated":true}]}}