{"id":179,"date":"2017-01-24T11:38:29","date_gmt":"2017-01-24T10:38:29","guid":{"rendered":"http:\/\/www.imperiumsuite.it\/?page_id=179\/"},"modified":"2018-10-26T08:45:28","modified_gmt":"2018-10-26T06:45:28","slug":"photogallery-imperium-suite-navona","status":"publish","type":"page","link":"https:\/\/www.imperiumsuite.it\/fr\/galeries-photos\/photogallery-imperium-suite-navona\/","title":{"rendered":"Photogallery: Imperium Suite Navona"},"content":{"rendered":"<p>D\u00e9couvrez la structure \u00e9l\u00e9gante et raffin\u00e9e de l&#8217;Imperium Suite Navona.<br \/>\n Parcourir la galerie photo pour une visite virtuelle pour les chambres d&#8217;h\u00f4tel et les neuf chambres : 300 m\u00e8tres carr\u00e9s au total, dans le centre historique de Rome.<\/p>\n","protected":false},"excerpt":{"rendered":"<p>D\u00e9couvrez la structure \u00e9l\u00e9gante et raffin\u00e9e de l&#8217;Imperium Suite Navona.<\/p>\n","protected":false},"author":3,"featured_media":905,"parent":405,"menu_order":0,"comment_status":"closed","ping_status":"closed","template":"","meta":{"footnotes":""},"class_list":["post-179","page","type-page","status-publish","has-post-thumbnail","hentry"],"yoast_head":"<!-- This site is optimized with the Yoast SEO plugin v27.4 - https:\/\/yoast.com\/product\/yoast-seo-wordpress\/ -->\n<title>Photogallery: Imperium Suite Navona - Imperium Suite Navona<\/title>\n<meta name=\"robots\" content=\"index, follow, max-snippet:-1, max-image-preview:large, max-video-preview:-1\" \/>\n<link rel=\"canonical\" href=\"https:\/\/www.imperiumsuite.it\/gallerie-fotografiche\/galleria-fotografica-imperium-suite-navona\/\" \/>\n<meta property=\"og:locale\" content=\"fr_FR\" \/>\n<meta property=\"og:type\" content=\"article\" \/>\n<meta property=\"og:title\" content=\"Photogallery: Imperium Suite Navona - Imperium Suite Navona\" \/>\n<meta property=\"og:description\" content=\"D\u00e9couvrez la structure \u00e9l\u00e9gante et raffin\u00e9e de l&#039;Imperium Suite Navona.\" \/>\n<meta property=\"og:url\" content=\"https:\/\/www.imperiumsuite.it\/gallerie-fotografiche\/galleria-fotografica-imperium-suite-navona\/\" \/>\n<meta property=\"og:site_name\" content=\"Imperium Suite Navona\" \/>\n<meta property=\"article:modified_time\" content=\"2018-10-26T06:45:28+00:00\" \/>\n<meta property=\"og:image\" content=\"https:\/\/www.imperiumsuite.it\/wp-content\/uploads\/2016\/12\/imperium-suite-navona.jpg\" \/>\n\t<meta property=\"og:image:width\" content=\"1500\" \/>\n\t<meta property=\"og:image:height\" content=\"1015\" \/>\n\t<meta property=\"og:image:type\" content=\"image\/jpeg\" \/>\n<meta name=\"twitter:card\" content=\"summary_large_image\" \/>\n<script type=\"application\/ld+json\" class=\"yoast-schema-graph\">{\"@context\":\"https:\\\/\\\/schema.org\",\"@graph\":[{\"@type\":\"WebPage\",\"@id\":\"https:\\\/\\\/www.imperiumsuite.it\\\/gallerie-fotografiche\\\/galleria-fotografica-imperium-suite-navona\\\/\",\"url\":\"https:\\\/\\\/www.imperiumsuite.it\\\/gallerie-fotografiche\\\/galleria-fotografica-imperium-suite-navona\\\/\",\"name\":\"Photogallery: Imperium Suite Navona - Imperium Suite Navona\",\"isPartOf\":{\"@id\":\"https:\\\/\\\/www.imperiumsuite.it\\\/#website\"},\"primaryImageOfPage\":{\"@id\":\"https:\\\/\\\/www.imperiumsuite.it\\\/gallerie-fotografiche\\\/galleria-fotografica-imperium-suite-navona\\\/#primaryimage\"},\"image\":{\"@id\":\"https:\\\/\\\/www.imperiumsuite.it\\\/gallerie-fotografiche\\\/galleria-fotografica-imperium-suite-navona\\\/#primaryimage\"},\"thumbnailUrl\":\"https:\\\/\\\/www.imperiumsuite.it\\\/wp-content\\\/uploads\\\/2016\\\/12\\\/imperium-suite-navona.jpg\",\"datePublished\":\"2017-01-24T10:38:29+00:00\",\"dateModified\":\"2018-10-26T06:45:28+00:00\",\"breadcrumb\":{\"@id\":\"https:\\\/\\\/www.imperiumsuite.it\\\/gallerie-fotografiche\\\/galleria-fotografica-imperium-suite-navona\\\/#breadcrumb\"},\"inLanguage\":\"fr-FR\",\"potentialAction\":[{\"@type\":\"ReadAction\",\"target\":[\"https:\\\/\\\/www.imperiumsuite.it\\\/gallerie-fotografiche\\\/galleria-fotografica-imperium-suite-navona\\\/\"]}]},{\"@type\":\"ImageObject\",\"inLanguage\":\"fr-FR\",\"@id\":\"https:\\\/\\\/www.imperiumsuite.it\\\/gallerie-fotografiche\\\/galleria-fotografica-imperium-suite-navona\\\/#primaryimage\",\"url\":\"https:\\\/\\\/www.imperiumsuite.it\\\/wp-content\\\/uploads\\\/2016\\\/12\\\/imperium-suite-navona.jpg\",\"contentUrl\":\"https:\\\/\\\/www.imperiumsuite.it\\\/wp-content\\\/uploads\\\/2016\\\/12\\\/imperium-suite-navona.jpg\",\"width\":1500,\"height\":1015,\"caption\":\"imperium-suite-navona\"},{\"@type\":\"BreadcrumbList\",\"@id\":\"https:\\\/\\\/www.imperiumsuite.it\\\/gallerie-fotografiche\\\/galleria-fotografica-imperium-suite-navona\\\/#breadcrumb\",\"itemListElement\":[{\"@type\":\"ListItem\",\"position\":1,\"name\":\"Home\",\"item\":\"https:\\\/\\\/www.imperiumsuite.it\\\/fr\\\/\"},{\"@type\":\"ListItem\",\"position\":2,\"name\":\"Galeries photos\",\"item\":\"https:\\\/\\\/www.imperiumsuite.it\\\/gallerie-fotografiche\\\/\"},{\"@type\":\"ListItem\",\"position\":3,\"name\":\"Photogallery: Imperium Suite Navona\"}]},{\"@type\":\"WebSite\",\"@id\":\"https:\\\/\\\/www.imperiumsuite.it\\\/#website\",\"url\":\"https:\\\/\\\/www.imperiumsuite.it\\\/\",\"name\":\"Imperium Suite Navona\",\"description\":\"Elegant townhouse in the Rome centre\",\"potentialAction\":[{\"@type\":\"SearchAction\",\"target\":{\"@type\":\"EntryPoint\",\"urlTemplate\":\"https:\\\/\\\/www.imperiumsuite.it\\\/?s={search_term_string}\"},\"query-input\":{\"@type\":\"PropertyValueSpecification\",\"valueRequired\":true,\"valueName\":\"search_term_string\"}}],\"inLanguage\":\"fr-FR\"}]}<\/script>\n<!-- \/ Yoast SEO plugin. -->","yoast_head_json":{"title":"Photogallery: Imperium Suite Navona - Imperium Suite Navona","robots":{"index":"index","follow":"follow","max-snippet":"max-snippet:-1","max-image-preview":"max-image-preview:large","max-video-preview":"max-video-preview:-1"},"canonical":"https:\/\/www.imperiumsuite.it\/gallerie-fotografiche\/galleria-fotografica-imperium-suite-navona\/","og_locale":"fr_FR","og_type":"article","og_title":"Photogallery: Imperium Suite Navona - Imperium Suite Navona","og_description":"D\u00e9couvrez la structure \u00e9l\u00e9gante et raffin\u00e9e de l'Imperium Suite Navona.","og_url":"https:\/\/www.imperiumsuite.it\/gallerie-fotografiche\/galleria-fotografica-imperium-suite-navona\/","og_site_name":"Imperium Suite Navona","article_modified_time":"2018-10-26T06:45:28+00:00","og_image":[{"width":1500,"height":1015,"url":"https:\/\/www.imperiumsuite.it\/wp-content\/uploads\/2016\/12\/imperium-suite-navona.jpg","type":"image\/jpeg"}],"twitter_card":"summary_large_image","schema":{"@context":"https:\/\/schema.org","@graph":[{"@type":"WebPage","@id":"https:\/\/www.imperiumsuite.it\/gallerie-fotografiche\/galleria-fotografica-imperium-suite-navona\/","url":"https:\/\/www.imperiumsuite.it\/gallerie-fotografiche\/galleria-fotografica-imperium-suite-navona\/","name":"Photogallery: Imperium Suite Navona - Imperium Suite Navona","isPartOf":{"@id":"https:\/\/www.imperiumsuite.it\/#website"},"primaryImageOfPage":{"@id":"https:\/\/www.imperiumsuite.it\/gallerie-fotografiche\/galleria-fotografica-imperium-suite-navona\/#primaryimage"},"image":{"@id":"https:\/\/www.imperiumsuite.it\/gallerie-fotografiche\/galleria-fotografica-imperium-suite-navona\/#primaryimage"},"thumbnailUrl":"https:\/\/www.imperiumsuite.it\/wp-content\/uploads\/2016\/12\/imperium-suite-navona.jpg","datePublished":"2017-01-24T10:38:29+00:00","dateModified":"2018-10-26T06:45:28+00:00","breadcrumb":{"@id":"https:\/\/www.imperiumsuite.it\/gallerie-fotografiche\/galleria-fotografica-imperium-suite-navona\/#breadcrumb"},"inLanguage":"fr-FR","potentialAction":[{"@type":"ReadAction","target":["https:\/\/www.imperiumsuite.it\/gallerie-fotografiche\/galleria-fotografica-imperium-suite-navona\/"]}]},{"@type":"ImageObject","inLanguage":"fr-FR","@id":"https:\/\/www.imperiumsuite.it\/gallerie-fotografiche\/galleria-fotografica-imperium-suite-navona\/#primaryimage","url":"https:\/\/www.imperiumsuite.it\/wp-content\/uploads\/2016\/12\/imperium-suite-navona.jpg","contentUrl":"https:\/\/www.imperiumsuite.it\/wp-content\/uploads\/2016\/12\/imperium-suite-navona.jpg","width":1500,"height":1015,"caption":"imperium-suite-navona"},{"@type":"BreadcrumbList","@id":"https:\/\/www.imperiumsuite.it\/gallerie-fotografiche\/galleria-fotografica-imperium-suite-navona\/#breadcrumb","itemListElement":[{"@type":"ListItem","position":1,"name":"Home","item":"https:\/\/www.imperiumsuite.it\/fr\/"},{"@type":"ListItem","position":2,"name":"Galeries photos","item":"https:\/\/www.imperiumsuite.it\/gallerie-fotografiche\/"},{"@type":"ListItem","position":3,"name":"Photogallery: Imperium Suite Navona"}]},{"@type":"WebSite","@id":"https:\/\/www.imperiumsuite.it\/#website","url":"https:\/\/www.imperiumsuite.it\/","name":"Imperium Suite Navona","description":"Elegant townhouse in the Rome centre","potentialAction":[{"@type":"SearchAction","target":{"@type":"EntryPoint","urlTemplate":"https:\/\/www.imperiumsuite.it\/?s={search_term_string}"},"query-input":{"@type":"PropertyValueSpecification","valueRequired":true,"valueName":"search_term_string"}}],"inLanguage":"fr-FR"}]}},"_links":{"self":[{"href":"https:\/\/www.imperiumsuite.it\/fr\/wp-json\/wp\/v2\/pages\/179","targetHints":{"allow":["GET"]}}],"collection":[{"href":"https:\/\/www.imperiumsuite.it\/fr\/wp-json\/wp\/v2\/pages"}],"about":[{"href":"https:\/\/www.imperiumsuite.it\/fr\/wp-json\/wp\/v2\/types\/page"}],"author":[{"embeddable":true,"href":"https:\/\/www.imperiumsuite.it\/fr\/wp-json\/wp\/v2\/users\/3"}],"replies":[{"embeddable":true,"href":"https:\/\/www.imperiumsuite.it\/fr\/wp-json\/wp\/v2\/comments?post=179"}],"version-history":[{"count":0,"href":"https:\/\/www.imperiumsuite.it\/fr\/wp-json\/wp\/v2\/pages\/179\/revisions"}],"up":[{"embeddable":true,"href":"https:\/\/www.imperiumsuite.it\/fr\/wp-json\/wp\/v2\/pages\/405"}],"wp:featuredmedia":[{"embeddable":true,"href":"https:\/\/www.imperiumsuite.it\/fr\/wp-json\/wp\/v2\/media\/905"}],"wp:attachment":[{"href":"https:\/\/www.imperiumsuite.it\/fr\/wp-json\/wp\/v2\/media?parent=179"}],"curies":[{"name":"wp","href":"https:\/\/api.w.org\/{rel}","templated":true}]}}