{"id":186,"date":"2017-01-24T12:07:37","date_gmt":"2017-01-24T11:07:37","guid":{"rendered":"http:\/\/www.imperiumsuite.it\/?page_id=186\/"},"modified":"2017-01-24T12:11:18","modified_gmt":"2017-01-24T11:11:18","slug":"186-2","status":"publish","type":"page","link":"https:\/\/www.imperiumsuite.it\/fr\/186-2\/","title":{"rendered":"Services"},"content":{"rendered":"<p>l&#8217;Imperium Suite Navona propose \u00e0 ses clients de nombreux services, pour qu&#8217;ils se sentent plus choy\u00e9 et de les satisfaire au mieux. L&#8217;installation est enti\u00e8rement \u00e9quip\u00e9e avec la climatisation, cartes de cr\u00e9dit, le personnel est multilingue, ou si vous voulez vous pouvez utiliser la consigne.<br \/>\n Imperium Suite Navona propose \u00e0 ses clients une borne Internet et un acc\u00e8s fax et internet est disponible en Wi-Fi dans tout l&#8217;h\u00f4tel. Les animaux sont accept\u00e9s et rester libre. \u00c0 l&#8217;arriv\u00e9e, chaque client re\u00e7oit une carte de Rome \u00e0 travers lequel vous pouvez programmer les \u00e9tapes de leur s\u00e9jour pour explorer la Ville Eternelle.<br \/>\n Pour de plus amples informations et exigence, vous pouvez \u00e9galement demander au concierge de l&#8217;Imperium Suite Navona.<\/p>\n","protected":false},"excerpt":{"rendered":"<p>tructure d\u2019accueil enti\u00e8rement climatis\u00e9e,Cartes de cr\u00e9dit accept\u00e9es,Personnel poliglotte,R\u00e9servations excursions\/mus\u00e9es,Service d\u00e9p\u00e0\u00b4t bagages, Plan gratuit de Rome,Borne Internet,Connexion Internet sans fils, Les animaux domestiques sont admis sur demande. Ils s\u00e9journent gratuitement.<\/p>\n","protected":false},"author":3,"featured_media":725,"parent":0,"menu_order":0,"comment_status":"closed","ping_status":"closed","template":"templates\/tpl-services.php","meta":{"footnotes":""},"class_list":["post-186","page","type-page","status-publish","has-post-thumbnail","hentry"],"yoast_head":"<!-- This site is optimized with the Yoast SEO plugin v27.2 - https:\/\/yoast.com\/product\/yoast-seo-wordpress\/ -->\n<title>Services - Imperium Suite Navona<\/title>\n<meta name=\"robots\" content=\"index, follow, max-snippet:-1, max-image-preview:large, max-video-preview:-1\" \/>\n<link rel=\"canonical\" href=\"https:\/\/www.imperiumsuite.it\/servizi\/\" \/>\n<meta property=\"og:locale\" content=\"fr_FR\" \/>\n<meta property=\"og:type\" content=\"article\" \/>\n<meta property=\"og:title\" content=\"Services - Imperium Suite Navona\" \/>\n<meta property=\"og:description\" content=\"tructure d\u2019accueil enti\u00e8rement climatis\u00e9e,Cartes de cr\u00e9dit accept\u00e9es,Personnel poliglotte,R\u00e9servations excursions\/mus\u00e9es,Service d\u00e9p\u00e0\u00b4t bagages, Plan gratuit de Rome,Borne Internet,Connexion Internet sans fils, Les animaux domestiques sont admis sur demande. Ils s\u00e9journent gratuitement.\" \/>\n<meta property=\"og:url\" content=\"https:\/\/www.imperiumsuite.it\/servizi\/\" \/>\n<meta property=\"og:site_name\" content=\"Imperium Suite Navona\" \/>\n<meta property=\"article:modified_time\" content=\"2017-01-24T11:11:18+00:00\" \/>\n<meta property=\"og:image\" content=\"https:\/\/www.imperiumsuite.it\/wp-content\/uploads\/2016\/12\/foto_colazione_home.png\" \/>\n\t<meta property=\"og:image:width\" content=\"694\" \/>\n\t<meta property=\"og:image:height\" content=\"589\" \/>\n\t<meta property=\"og:image:type\" content=\"image\/png\" \/>\n<meta name=\"twitter:card\" content=\"summary_large_image\" \/>\n<meta name=\"twitter:label1\" content=\"Est. reading time\" \/>\n\t<meta name=\"twitter:data1\" content=\"1 minute\" \/>\n<script type=\"application\/ld+json\" class=\"yoast-schema-graph\">{\"@context\":\"https:\/\/schema.org\",\"@graph\":[{\"@type\":\"WebPage\",\"@id\":\"https:\/\/www.imperiumsuite.it\/servizi\/\",\"url\":\"https:\/\/www.imperiumsuite.it\/servizi\/\",\"name\":\"Services - Imperium Suite Navona\",\"isPartOf\":{\"@id\":\"https:\/\/www.imperiumsuite.it\/#website\"},\"primaryImageOfPage\":{\"@id\":\"https:\/\/www.imperiumsuite.it\/servizi\/#primaryimage\"},\"image\":{\"@id\":\"https:\/\/www.imperiumsuite.it\/servizi\/#primaryimage\"},\"thumbnailUrl\":\"https:\/\/www.imperiumsuite.it\/wp-content\/uploads\/2016\/12\/DSC_3270.jpg\",\"datePublished\":\"2017-01-24T11:07:37+00:00\",\"dateModified\":\"2017-01-24T11:11:18+00:00\",\"breadcrumb\":{\"@id\":\"https:\/\/www.imperiumsuite.it\/servizi\/#breadcrumb\"},\"inLanguage\":\"fr-FR\",\"potentialAction\":[{\"@type\":\"ReadAction\",\"target\":[\"https:\/\/www.imperiumsuite.it\/servizi\/\"]}]},{\"@type\":\"ImageObject\",\"inLanguage\":\"fr-FR\",\"@id\":\"https:\/\/www.imperiumsuite.it\/servizi\/#primaryimage\",\"url\":\"https:\/\/www.imperiumsuite.it\/wp-content\/uploads\/2016\/12\/DSC_3270.jpg\",\"contentUrl\":\"https:\/\/www.imperiumsuite.it\/wp-content\/uploads\/2016\/12\/DSC_3270.jpg\",\"width\":1920,\"height\":1282},{\"@type\":\"BreadcrumbList\",\"@id\":\"https:\/\/www.imperiumsuite.it\/servizi\/#breadcrumb\",\"itemListElement\":[{\"@type\":\"ListItem\",\"position\":1,\"name\":\"Home\",\"item\":\"https:\/\/www.imperiumsuite.it\/fr\/\"},{\"@type\":\"ListItem\",\"position\":2,\"name\":\"Services\"}]},{\"@type\":\"WebSite\",\"@id\":\"https:\/\/www.imperiumsuite.it\/#website\",\"url\":\"https:\/\/www.imperiumsuite.it\/\",\"name\":\"Imperium Suite Navona\",\"description\":\"Elegant townhouse in the Rome centre\",\"potentialAction\":[{\"@type\":\"SearchAction\",\"target\":{\"@type\":\"EntryPoint\",\"urlTemplate\":\"https:\/\/www.imperiumsuite.it\/?s={search_term_string}\"},\"query-input\":{\"@type\":\"PropertyValueSpecification\",\"valueRequired\":true,\"valueName\":\"search_term_string\"}}],\"inLanguage\":\"fr-FR\"}]}<\/script>\n<!-- \/ Yoast SEO plugin. -->","yoast_head_json":{"title":"Services - Imperium Suite Navona","robots":{"index":"index","follow":"follow","max-snippet":"max-snippet:-1","max-image-preview":"max-image-preview:large","max-video-preview":"max-video-preview:-1"},"canonical":"https:\/\/www.imperiumsuite.it\/servizi\/","og_locale":"fr_FR","og_type":"article","og_title":"Services - Imperium Suite Navona","og_description":"tructure d\u2019accueil enti\u00e8rement climatis\u00e9e,Cartes de cr\u00e9dit accept\u00e9es,Personnel poliglotte,R\u00e9servations excursions\/mus\u00e9es,Service d\u00e9p\u00e0\u00b4t bagages, Plan gratuit de Rome,Borne Internet,Connexion Internet sans fils, Les animaux domestiques sont admis sur demande. Ils s\u00e9journent gratuitement.","og_url":"https:\/\/www.imperiumsuite.it\/servizi\/","og_site_name":"Imperium Suite Navona","article_modified_time":"2017-01-24T11:11:18+00:00","og_image":[{"width":694,"height":589,"url":"https:\/\/www.imperiumsuite.it\/wp-content\/uploads\/2016\/12\/foto_colazione_home.png","type":"image\/png"}],"twitter_card":"summary_large_image","twitter_misc":{"Est. reading time":"1 minute"},"schema":{"@context":"https:\/\/schema.org","@graph":[{"@type":"WebPage","@id":"https:\/\/www.imperiumsuite.it\/servizi\/","url":"https:\/\/www.imperiumsuite.it\/servizi\/","name":"Services - Imperium Suite Navona","isPartOf":{"@id":"https:\/\/www.imperiumsuite.it\/#website"},"primaryImageOfPage":{"@id":"https:\/\/www.imperiumsuite.it\/servizi\/#primaryimage"},"image":{"@id":"https:\/\/www.imperiumsuite.it\/servizi\/#primaryimage"},"thumbnailUrl":"https:\/\/www.imperiumsuite.it\/wp-content\/uploads\/2016\/12\/DSC_3270.jpg","datePublished":"2017-01-24T11:07:37+00:00","dateModified":"2017-01-24T11:11:18+00:00","breadcrumb":{"@id":"https:\/\/www.imperiumsuite.it\/servizi\/#breadcrumb"},"inLanguage":"fr-FR","potentialAction":[{"@type":"ReadAction","target":["https:\/\/www.imperiumsuite.it\/servizi\/"]}]},{"@type":"ImageObject","inLanguage":"fr-FR","@id":"https:\/\/www.imperiumsuite.it\/servizi\/#primaryimage","url":"https:\/\/www.imperiumsuite.it\/wp-content\/uploads\/2016\/12\/DSC_3270.jpg","contentUrl":"https:\/\/www.imperiumsuite.it\/wp-content\/uploads\/2016\/12\/DSC_3270.jpg","width":1920,"height":1282},{"@type":"BreadcrumbList","@id":"https:\/\/www.imperiumsuite.it\/servizi\/#breadcrumb","itemListElement":[{"@type":"ListItem","position":1,"name":"Home","item":"https:\/\/www.imperiumsuite.it\/fr\/"},{"@type":"ListItem","position":2,"name":"Services"}]},{"@type":"WebSite","@id":"https:\/\/www.imperiumsuite.it\/#website","url":"https:\/\/www.imperiumsuite.it\/","name":"Imperium Suite Navona","description":"Elegant townhouse in the Rome centre","potentialAction":[{"@type":"SearchAction","target":{"@type":"EntryPoint","urlTemplate":"https:\/\/www.imperiumsuite.it\/?s={search_term_string}"},"query-input":{"@type":"PropertyValueSpecification","valueRequired":true,"valueName":"search_term_string"}}],"inLanguage":"fr-FR"}]}},"_links":{"self":[{"href":"https:\/\/www.imperiumsuite.it\/fr\/wp-json\/wp\/v2\/pages\/186","targetHints":{"allow":["GET"]}}],"collection":[{"href":"https:\/\/www.imperiumsuite.it\/fr\/wp-json\/wp\/v2\/pages"}],"about":[{"href":"https:\/\/www.imperiumsuite.it\/fr\/wp-json\/wp\/v2\/types\/page"}],"author":[{"embeddable":true,"href":"https:\/\/www.imperiumsuite.it\/fr\/wp-json\/wp\/v2\/users\/3"}],"replies":[{"embeddable":true,"href":"https:\/\/www.imperiumsuite.it\/fr\/wp-json\/wp\/v2\/comments?post=186"}],"version-history":[{"count":0,"href":"https:\/\/www.imperiumsuite.it\/fr\/wp-json\/wp\/v2\/pages\/186\/revisions"}],"wp:featuredmedia":[{"embeddable":true,"href":"https:\/\/www.imperiumsuite.it\/fr\/wp-json\/wp\/v2\/media\/725"}],"wp:attachment":[{"href":"https:\/\/www.imperiumsuite.it\/fr\/wp-json\/wp\/v2\/media?parent=186"}],"curies":[{"name":"wp","href":"https:\/\/api.w.org\/{rel}","templated":true}]}}