{"id":187,"date":"2017-01-24T12:19:28","date_gmt":"2017-01-24T11:19:28","guid":{"rendered":"http:\/\/www.imperiumsuite.it\/?page_id=187\/"},"modified":"2017-01-24T12:27:35","modified_gmt":"2017-01-24T11:27:35","slug":"concierge","status":"publish","type":"page","link":"https:\/\/www.imperiumsuite.it\/fr\/186-2\/concierge\/","title":{"rendered":"Concierge"},"content":{"rendered":"<p>Le personnel de l&#8217;h\u00f4tel est disponible \u00e0 tout moment, de donner des informations et de satisfaire aux exigences et aux besoins de ses clients, de faire parfait et indimenticabileil rester dans le centre historique de Rome.<br \/>\n Parmi les services offerts, il y a le transfert depuis et vers l&#8217;a\u00e9roport en voiture priv\u00e9e et chauffeur personnel: vous pouvez \u00e9galement r\u00e9server via le formulaire en ligne sur cette page sp\u00e9ciale.<br \/>\n Le personnel peut r\u00e9server des visites guid\u00e9es et des visites guid\u00e9es aux mus\u00e9es et monuments chercher \u00e0 l&#8217;h\u00f4tel, visites au Vatican et de la participation \u00e0 l&#8217;audience papale. Vous pouvez acc\u00e9der \u00e0 un service de blanchisserie express dans la journ\u00e9e. Mais surtout, nos clients peuvent profiter de la passion personnelle de l&#8217;Imperium Suite Navona \u00e0 Rome, la ville \u00e9ternelle, et d&#8217;avoir les meilleures informations pour d\u00e9couvrir et d\u00e9couvrir la ville en entier. Conseils sur les endroits les plus beaux et int\u00e9ressants \u00e0 visiter, comment profiter de la grande shopping, les restaurants et le droit \u00e0 la pleine jouissance des saveurs locales de la capitale et de sa mondanit\u00e9. Les clients pourront \u00e9galement profiter de toutes les informations logistiques et organisationnelles sur le moment et la fa\u00e7on de se d\u00e9placer \u00e0 Rome et se chargera des r\u00e9servations pour la navette pour leurs voyages.<\/p>\n","protected":false},"excerpt":{"rendered":"<p>Le personnel peut planifier les d\u00e9placements des visiteurs et des visites aux monuments et mus\u00e9es, et donne des conseils sur le shopping, restaurants et divertissements.<\/p>\n","protected":false},"author":3,"featured_media":122,"parent":186,"menu_order":0,"comment_status":"closed","ping_status":"closed","template":"","meta":{"footnotes":""},"class_list":["post-187","page","type-page","status-publish","has-post-thumbnail","hentry"],"yoast_head":"<!-- This site is optimized with the Yoast SEO plugin v27.4 - https:\/\/yoast.com\/product\/yoast-seo-wordpress\/ -->\n<title>Concierge - Imperium Suite Navona<\/title>\n<meta name=\"robots\" content=\"index, follow, max-snippet:-1, max-image-preview:large, max-video-preview:-1\" \/>\n<link rel=\"canonical\" href=\"https:\/\/www.imperiumsuite.it\/?page_id=95\" \/>\n<meta property=\"og:locale\" content=\"fr_FR\" \/>\n<meta property=\"og:type\" content=\"article\" \/>\n<meta property=\"og:title\" content=\"Concierge - Imperium Suite Navona\" \/>\n<meta property=\"og:description\" content=\"Le personnel peut planifier les d\u00e9placements des visiteurs et des visites aux monuments et mus\u00e9es, et donne des conseils sur le shopping, restaurants et divertissements.\" \/>\n<meta property=\"og:url\" content=\"https:\/\/www.imperiumsuite.it\/?page_id=95\" \/>\n<meta property=\"og:site_name\" content=\"Imperium Suite Navona\" \/>\n<meta property=\"article:modified_time\" content=\"2017-01-24T11:27:35+00:00\" \/>\n<meta property=\"og:image\" content=\"https:\/\/www.imperiumsuite.it\/wp-content\/uploads\/2016\/12\/IMG_0327_light.jpg\" \/>\n\t<meta property=\"og:image:width\" content=\"1920\" \/>\n\t<meta property=\"og:image:height\" content=\"1280\" \/>\n\t<meta property=\"og:image:type\" content=\"image\/jpeg\" \/>\n<meta name=\"twitter:card\" content=\"summary_large_image\" \/>\n<meta name=\"twitter:label1\" content=\"Est. reading time\" \/>\n\t<meta name=\"twitter:data1\" content=\"1 minute\" \/>\n<script type=\"application\/ld+json\" class=\"yoast-schema-graph\">{\"@context\":\"https:\\\/\\\/schema.org\",\"@graph\":[{\"@type\":\"WebPage\",\"@id\":\"https:\\\/\\\/www.imperiumsuite.it\\\/?page_id=95\",\"url\":\"https:\\\/\\\/www.imperiumsuite.it\\\/?page_id=95\",\"name\":\"Concierge - Imperium Suite Navona\",\"isPartOf\":{\"@id\":\"https:\\\/\\\/www.imperiumsuite.it\\\/#website\"},\"primaryImageOfPage\":{\"@id\":\"https:\\\/\\\/www.imperiumsuite.it\\\/?page_id=95#primaryimage\"},\"image\":{\"@id\":\"https:\\\/\\\/www.imperiumsuite.it\\\/?page_id=95#primaryimage\"},\"thumbnailUrl\":\"https:\\\/\\\/www.imperiumsuite.it\\\/wp-content\\\/uploads\\\/2016\\\/12\\\/IMG_0327_light.jpg\",\"datePublished\":\"2017-01-24T11:19:28+00:00\",\"dateModified\":\"2017-01-24T11:27:35+00:00\",\"breadcrumb\":{\"@id\":\"https:\\\/\\\/www.imperiumsuite.it\\\/?page_id=95#breadcrumb\"},\"inLanguage\":\"fr-FR\",\"potentialAction\":[{\"@type\":\"ReadAction\",\"target\":[\"https:\\\/\\\/www.imperiumsuite.it\\\/?page_id=95\"]}]},{\"@type\":\"ImageObject\",\"inLanguage\":\"fr-FR\",\"@id\":\"https:\\\/\\\/www.imperiumsuite.it\\\/?page_id=95#primaryimage\",\"url\":\"https:\\\/\\\/www.imperiumsuite.it\\\/wp-content\\\/uploads\\\/2016\\\/12\\\/IMG_0327_light.jpg\",\"contentUrl\":\"https:\\\/\\\/www.imperiumsuite.it\\\/wp-content\\\/uploads\\\/2016\\\/12\\\/IMG_0327_light.jpg\",\"width\":1920,\"height\":1280},{\"@type\":\"BreadcrumbList\",\"@id\":\"https:\\\/\\\/www.imperiumsuite.it\\\/?page_id=95#breadcrumb\",\"itemListElement\":[{\"@type\":\"ListItem\",\"position\":1,\"name\":\"Home\",\"item\":\"https:\\\/\\\/www.imperiumsuite.it\\\/fr\\\/\"},{\"@type\":\"ListItem\",\"position\":2,\"name\":\"Services\",\"item\":\"https:\\\/\\\/www.imperiumsuite.it\\\/servizi\\\/\"},{\"@type\":\"ListItem\",\"position\":3,\"name\":\"Concierge\"}]},{\"@type\":\"WebSite\",\"@id\":\"https:\\\/\\\/www.imperiumsuite.it\\\/#website\",\"url\":\"https:\\\/\\\/www.imperiumsuite.it\\\/\",\"name\":\"Imperium Suite Navona\",\"description\":\"Elegant townhouse in the Rome centre\",\"potentialAction\":[{\"@type\":\"SearchAction\",\"target\":{\"@type\":\"EntryPoint\",\"urlTemplate\":\"https:\\\/\\\/www.imperiumsuite.it\\\/?s={search_term_string}\"},\"query-input\":{\"@type\":\"PropertyValueSpecification\",\"valueRequired\":true,\"valueName\":\"search_term_string\"}}],\"inLanguage\":\"fr-FR\"}]}<\/script>\n<!-- \/ Yoast SEO plugin. -->","yoast_head_json":{"title":"Concierge - Imperium Suite Navona","robots":{"index":"index","follow":"follow","max-snippet":"max-snippet:-1","max-image-preview":"max-image-preview:large","max-video-preview":"max-video-preview:-1"},"canonical":"https:\/\/www.imperiumsuite.it\/?page_id=95","og_locale":"fr_FR","og_type":"article","og_title":"Concierge - Imperium Suite Navona","og_description":"Le personnel peut planifier les d\u00e9placements des visiteurs et des visites aux monuments et mus\u00e9es, et donne des conseils sur le shopping, restaurants et divertissements.","og_url":"https:\/\/www.imperiumsuite.it\/?page_id=95","og_site_name":"Imperium Suite Navona","article_modified_time":"2017-01-24T11:27:35+00:00","og_image":[{"width":1920,"height":1280,"url":"https:\/\/www.imperiumsuite.it\/wp-content\/uploads\/2016\/12\/IMG_0327_light.jpg","type":"image\/jpeg"}],"twitter_card":"summary_large_image","twitter_misc":{"Est. reading time":"1 minute"},"schema":{"@context":"https:\/\/schema.org","@graph":[{"@type":"WebPage","@id":"https:\/\/www.imperiumsuite.it\/?page_id=95","url":"https:\/\/www.imperiumsuite.it\/?page_id=95","name":"Concierge - Imperium Suite Navona","isPartOf":{"@id":"https:\/\/www.imperiumsuite.it\/#website"},"primaryImageOfPage":{"@id":"https:\/\/www.imperiumsuite.it\/?page_id=95#primaryimage"},"image":{"@id":"https:\/\/www.imperiumsuite.it\/?page_id=95#primaryimage"},"thumbnailUrl":"https:\/\/www.imperiumsuite.it\/wp-content\/uploads\/2016\/12\/IMG_0327_light.jpg","datePublished":"2017-01-24T11:19:28+00:00","dateModified":"2017-01-24T11:27:35+00:00","breadcrumb":{"@id":"https:\/\/www.imperiumsuite.it\/?page_id=95#breadcrumb"},"inLanguage":"fr-FR","potentialAction":[{"@type":"ReadAction","target":["https:\/\/www.imperiumsuite.it\/?page_id=95"]}]},{"@type":"ImageObject","inLanguage":"fr-FR","@id":"https:\/\/www.imperiumsuite.it\/?page_id=95#primaryimage","url":"https:\/\/www.imperiumsuite.it\/wp-content\/uploads\/2016\/12\/IMG_0327_light.jpg","contentUrl":"https:\/\/www.imperiumsuite.it\/wp-content\/uploads\/2016\/12\/IMG_0327_light.jpg","width":1920,"height":1280},{"@type":"BreadcrumbList","@id":"https:\/\/www.imperiumsuite.it\/?page_id=95#breadcrumb","itemListElement":[{"@type":"ListItem","position":1,"name":"Home","item":"https:\/\/www.imperiumsuite.it\/fr\/"},{"@type":"ListItem","position":2,"name":"Services","item":"https:\/\/www.imperiumsuite.it\/servizi\/"},{"@type":"ListItem","position":3,"name":"Concierge"}]},{"@type":"WebSite","@id":"https:\/\/www.imperiumsuite.it\/#website","url":"https:\/\/www.imperiumsuite.it\/","name":"Imperium Suite Navona","description":"Elegant townhouse in the Rome centre","potentialAction":[{"@type":"SearchAction","target":{"@type":"EntryPoint","urlTemplate":"https:\/\/www.imperiumsuite.it\/?s={search_term_string}"},"query-input":{"@type":"PropertyValueSpecification","valueRequired":true,"valueName":"search_term_string"}}],"inLanguage":"fr-FR"}]}},"_links":{"self":[{"href":"https:\/\/www.imperiumsuite.it\/fr\/wp-json\/wp\/v2\/pages\/187","targetHints":{"allow":["GET"]}}],"collection":[{"href":"https:\/\/www.imperiumsuite.it\/fr\/wp-json\/wp\/v2\/pages"}],"about":[{"href":"https:\/\/www.imperiumsuite.it\/fr\/wp-json\/wp\/v2\/types\/page"}],"author":[{"embeddable":true,"href":"https:\/\/www.imperiumsuite.it\/fr\/wp-json\/wp\/v2\/users\/3"}],"replies":[{"embeddable":true,"href":"https:\/\/www.imperiumsuite.it\/fr\/wp-json\/wp\/v2\/comments?post=187"}],"version-history":[{"count":0,"href":"https:\/\/www.imperiumsuite.it\/fr\/wp-json\/wp\/v2\/pages\/187\/revisions"}],"up":[{"embeddable":true,"href":"https:\/\/www.imperiumsuite.it\/fr\/wp-json\/wp\/v2\/pages\/186"}],"wp:featuredmedia":[{"embeddable":true,"href":"https:\/\/www.imperiumsuite.it\/fr\/wp-json\/wp\/v2\/media\/122"}],"wp:attachment":[{"href":"https:\/\/www.imperiumsuite.it\/fr\/wp-json\/wp\/v2\/media?parent=187"}],"curies":[{"name":"wp","href":"https:\/\/api.w.org\/{rel}","templated":true}]}}