{"id":199,"date":"2017-01-24T12:47:53","date_gmt":"2017-01-24T11:47:53","guid":{"rendered":"http:\/\/www.imperiumsuite.it\/?page_id=199\/"},"modified":"2017-01-24T12:47:53","modified_gmt":"2017-01-24T11:47:53","slug":"cookie-policy","status":"publish","type":"page","link":"https:\/\/www.imperiumsuite.it\/fr\/cookie-policy\/","title":{"rendered":"Cookie policy"},"content":{"rendered":"<h2>Cookies<\/h2>\n<p>Pour assurer le bon fonctionnement de ce site, nous devons parfois enregistrer de petits fichiers de donn\u00e9es sur l&#8217;\u00e9quipement de nos utilisateurs. La plupart des grands sites web font de m\u00eame.<\/p>\n<h3>Qu&#8217;est-ce qu&#8217;un cookie?<\/h3>\n<p>Un cookie est un petit fichier texte que les sites web sauvegardent sur votre ordinateur ou appareil mobile lorsque vous les consultez. Il permet \u00e0 ces sites de m\u00e9moriser vos actions et pr\u00e9f\u00e9rences (nom d&#8217;utilisateur, langue, taille des caract\u00e8res et autres param\u00e8tres d&#8217;affichage) pendant un temps donn\u00e9, pour que vous n&#8217;ayez pas \u00e0 r\u00e9indiquer ces informations \u00e0 chaque fois vous consultez ces sites ou naviguez d&#8217;une page \u00e0 une autre.<\/p>\n<h3>Comment utilisons-nous les cookies?<\/h3>\n<div class=\"alert\">\n<p><em>Adjust this part of the page according to your needs.\u00a0Explain which cookies you usein plain, jargon-free language. In particular:<\/em><\/p>\n<ul>\n<li><em>their purpose and the reason why they are being used, (e.g. to remember users&#8217; actions, to identify the user, for online behavioural advertising)<\/em><\/li>\n<li><em>if they are essential for the website or a given functionality to work or if they aim to enhance the performance of the website<\/em><\/li>\n<li><em>the types of cookies used (e.g. session or permanent, first or third-party)<\/em><\/li>\n<li><em>who controls\/accesses the cookie-related information (website or third party)<\/em><\/li>\n<li><em>that the cookie will not be used for any purpose other than the one stated<\/em><\/li>\n<li><em>how consent can be withdrawn.<\/em><\/li>\n<\/ul>\n<\/div>\n<div class=\"alert alert-info\">\u00a0<\/div>\n<h3>Comment contr\u00f4ler les cookies<\/h3>\n<p>Vous pouvez contr\u00f4ler et\/ou supprimer des cookies comme vous le souhaitez. Pour en savoir plus, consultez <a href=\"http:\/\/www.aboutcookies.org\/\" rel=\"nofollow\">aboutcookies.org<\/a>. Vous avez la possibilit\u00e9 de supprimer tous les cookies d\u00e9j\u00e0 stock\u00e9s sur votre ordinateur et de configurer la plupart des navigateurs pour qu&#8217;ils les bloquent. Toutefois, dans ce cas, vous devrez peut-\u00eatre indiquer vous-m\u00eames certaines pr\u00e9f\u00e9rences chaque fois que vous vous rendrez sur un site, et certains services et fonctionnalit\u00e9s risquent de ne pas \u00eatre accessibles.<\/p>\n","protected":false},"excerpt":{"rendered":"<p>Cookies Pour assurer le bon fonctionnement de ce site, nous devons parfois enregistrer de petits fichiers de donn\u00e9es sur l&#8217;\u00e9quipement de nos utilisateurs. La plupart des grands sites web font de m\u00eame. Qu&#8217;est-ce qu&#8217;un cookie? Un cookie est un petit fichier texte que les sites web sauvegardent sur votre ordinateur ou appareil mobile lorsque vous [&hellip;]<\/p>\n","protected":false},"author":3,"featured_media":0,"parent":0,"menu_order":0,"comment_status":"closed","ping_status":"closed","template":"","meta":{"footnotes":""},"class_list":["post-199","page","type-page","status-publish","hentry"],"yoast_head":"<!-- This site is optimized with the Yoast SEO plugin v27.2 - https:\/\/yoast.com\/product\/yoast-seo-wordpress\/ -->\n<title>Cookie policy - Imperium Suite Navona<\/title>\n<meta name=\"robots\" content=\"index, follow, max-snippet:-1, max-image-preview:large, max-video-preview:-1\" \/>\n<link rel=\"canonical\" href=\"https:\/\/www.imperiumsuite.it\/cookie-policy\/\" \/>\n<meta property=\"og:locale\" content=\"fr_FR\" \/>\n<meta property=\"og:type\" content=\"article\" \/>\n<meta property=\"og:title\" content=\"Cookie policy - Imperium Suite Navona\" \/>\n<meta property=\"og:description\" content=\"Cookies Pour assurer le bon fonctionnement de ce site, nous devons parfois enregistrer de petits fichiers de donn\u00e9es sur l&#8217;\u00e9quipement de nos utilisateurs. La plupart des grands sites web font de m\u00eame. Qu&#8217;est-ce qu&#8217;un cookie? Un cookie est un petit fichier texte que les sites web sauvegardent sur votre ordinateur ou appareil mobile lorsque vous [&hellip;]\" \/>\n<meta property=\"og:url\" content=\"https:\/\/www.imperiumsuite.it\/cookie-policy\/\" \/>\n<meta property=\"og:site_name\" content=\"Imperium Suite Navona\" \/>\n<meta name=\"twitter:card\" content=\"summary_large_image\" \/>\n<meta name=\"twitter:label1\" content=\"Est. reading time\" \/>\n\t<meta name=\"twitter:data1\" content=\"2 minutes\" \/>\n<script type=\"application\/ld+json\" class=\"yoast-schema-graph\">{\"@context\":\"https:\/\/schema.org\",\"@graph\":[{\"@type\":\"WebPage\",\"@id\":\"https:\/\/www.imperiumsuite.it\/cookie-policy\/\",\"url\":\"https:\/\/www.imperiumsuite.it\/cookie-policy\/\",\"name\":\"Cookie policy - Imperium Suite Navona\",\"isPartOf\":{\"@id\":\"https:\/\/www.imperiumsuite.it\/#website\"},\"datePublished\":\"2017-01-24T11:47:53+00:00\",\"breadcrumb\":{\"@id\":\"https:\/\/www.imperiumsuite.it\/cookie-policy\/#breadcrumb\"},\"inLanguage\":\"fr-FR\",\"potentialAction\":[{\"@type\":\"ReadAction\",\"target\":[\"https:\/\/www.imperiumsuite.it\/cookie-policy\/\"]}]},{\"@type\":\"BreadcrumbList\",\"@id\":\"https:\/\/www.imperiumsuite.it\/cookie-policy\/#breadcrumb\",\"itemListElement\":[{\"@type\":\"ListItem\",\"position\":1,\"name\":\"Home\",\"item\":\"https:\/\/www.imperiumsuite.it\/fr\/\"},{\"@type\":\"ListItem\",\"position\":2,\"name\":\"Cookie policy\"}]},{\"@type\":\"WebSite\",\"@id\":\"https:\/\/www.imperiumsuite.it\/#website\",\"url\":\"https:\/\/www.imperiumsuite.it\/\",\"name\":\"Imperium Suite Navona\",\"description\":\"Elegant townhouse in the Rome centre\",\"potentialAction\":[{\"@type\":\"SearchAction\",\"target\":{\"@type\":\"EntryPoint\",\"urlTemplate\":\"https:\/\/www.imperiumsuite.it\/?s={search_term_string}\"},\"query-input\":{\"@type\":\"PropertyValueSpecification\",\"valueRequired\":true,\"valueName\":\"search_term_string\"}}],\"inLanguage\":\"fr-FR\"}]}<\/script>\n<!-- \/ Yoast SEO plugin. -->","yoast_head_json":{"title":"Cookie policy - Imperium Suite Navona","robots":{"index":"index","follow":"follow","max-snippet":"max-snippet:-1","max-image-preview":"max-image-preview:large","max-video-preview":"max-video-preview:-1"},"canonical":"https:\/\/www.imperiumsuite.it\/cookie-policy\/","og_locale":"fr_FR","og_type":"article","og_title":"Cookie policy - Imperium Suite Navona","og_description":"Cookies Pour assurer le bon fonctionnement de ce site, nous devons parfois enregistrer de petits fichiers de donn\u00e9es sur l&#8217;\u00e9quipement de nos utilisateurs. La plupart des grands sites web font de m\u00eame. Qu&#8217;est-ce qu&#8217;un cookie? Un cookie est un petit fichier texte que les sites web sauvegardent sur votre ordinateur ou appareil mobile lorsque vous [&hellip;]","og_url":"https:\/\/www.imperiumsuite.it\/cookie-policy\/","og_site_name":"Imperium Suite Navona","twitter_card":"summary_large_image","twitter_misc":{"Est. reading time":"2 minutes"},"schema":{"@context":"https:\/\/schema.org","@graph":[{"@type":"WebPage","@id":"https:\/\/www.imperiumsuite.it\/cookie-policy\/","url":"https:\/\/www.imperiumsuite.it\/cookie-policy\/","name":"Cookie policy - Imperium Suite Navona","isPartOf":{"@id":"https:\/\/www.imperiumsuite.it\/#website"},"datePublished":"2017-01-24T11:47:53+00:00","breadcrumb":{"@id":"https:\/\/www.imperiumsuite.it\/cookie-policy\/#breadcrumb"},"inLanguage":"fr-FR","potentialAction":[{"@type":"ReadAction","target":["https:\/\/www.imperiumsuite.it\/cookie-policy\/"]}]},{"@type":"BreadcrumbList","@id":"https:\/\/www.imperiumsuite.it\/cookie-policy\/#breadcrumb","itemListElement":[{"@type":"ListItem","position":1,"name":"Home","item":"https:\/\/www.imperiumsuite.it\/fr\/"},{"@type":"ListItem","position":2,"name":"Cookie policy"}]},{"@type":"WebSite","@id":"https:\/\/www.imperiumsuite.it\/#website","url":"https:\/\/www.imperiumsuite.it\/","name":"Imperium Suite Navona","description":"Elegant townhouse in the Rome centre","potentialAction":[{"@type":"SearchAction","target":{"@type":"EntryPoint","urlTemplate":"https:\/\/www.imperiumsuite.it\/?s={search_term_string}"},"query-input":{"@type":"PropertyValueSpecification","valueRequired":true,"valueName":"search_term_string"}}],"inLanguage":"fr-FR"}]}},"_links":{"self":[{"href":"https:\/\/www.imperiumsuite.it\/fr\/wp-json\/wp\/v2\/pages\/199","targetHints":{"allow":["GET"]}}],"collection":[{"href":"https:\/\/www.imperiumsuite.it\/fr\/wp-json\/wp\/v2\/pages"}],"about":[{"href":"https:\/\/www.imperiumsuite.it\/fr\/wp-json\/wp\/v2\/types\/page"}],"author":[{"embeddable":true,"href":"https:\/\/www.imperiumsuite.it\/fr\/wp-json\/wp\/v2\/users\/3"}],"replies":[{"embeddable":true,"href":"https:\/\/www.imperiumsuite.it\/fr\/wp-json\/wp\/v2\/comments?post=199"}],"version-history":[{"count":0,"href":"https:\/\/www.imperiumsuite.it\/fr\/wp-json\/wp\/v2\/pages\/199\/revisions"}],"wp:attachment":[{"href":"https:\/\/www.imperiumsuite.it\/fr\/wp-json\/wp\/v2\/media?parent=199"}],"curies":[{"name":"wp","href":"https:\/\/api.w.org\/{rel}","templated":true}]}}