{"id":207,"date":"2017-01-25T11:37:19","date_gmt":"2017-01-25T10:37:19","guid":{"rendered":"http:\/\/www.imperiumsuite.it\/?page_id=207\/"},"modified":"2017-02-21T10:11:43","modified_gmt":"2017-02-21T09:11:43","slug":"offres-speciales","status":"publish","type":"page","link":"https:\/\/www.imperiumsuite.it\/fr\/offres-speciales\/","title":{"rendered":"Offres speciales"},"content":{"rendered":"<div>Choisir la meilleure offre pour votre s\u00e9jour \u00e0 l&#8217;h\u00f4tel <strong>Imperium Suite Navona!<\/strong><\/div>\n<div>\u00a0<\/div>\n<div><strong>LIVRE DE NOTRE SITE<\/strong><\/div>\n<div>livre de notre site web et obtenir une r\u00e9duction de 10% tout au long de l&#8217;ann\u00e9e.<\/div>\n<div>\u00a0<\/div>\n<div><strong>ADVANCED BOOKING<\/strong><\/div>\n<div>R\u00e9servez dans les 15 jours avant votre date d&#8217;arriv\u00e9e et b\u00e9n\u00e9ficiez d&#8217;une r\u00e9duction de 35% sur le montant total! Paiement lorsque vous r\u00e9servez, non remboursable.<\/div>\n<div>\u00a0<\/div>\n<div><strong>MINIMUM STAY 3 NIGHTS<\/strong><\/div>\n<div>Restez avec nous pour 3 nuits ou plus et b\u00e9n\u00e9ficiez d&#8217;une r\u00e9duction de 25% sur le montant total! Vous pouvez payer \u00e0 la sortie et vous pouvez annuler dans nos conditions de politique d&#8217;annulation.<\/div>\n<div>\u00a0<\/div>\n<div><strong>MINIMUM STAY 4 NIGHTS<\/strong><\/div>\n<div>Restez avec nous pour 4\u00a0nuits ou plus et b\u00e9n\u00e9ficiez d&#8217;une r\u00e9duction de 30% sur le montant total! Vous pouvez payer \u00e0 la sortie et vous pouvez annuler dans nos conditions de politique d&#8217;annulation.<\/div>\n<div>\u00a0<\/div>\n<div><strong>ROME IN LOVE<\/strong><\/div>\n<div>Une escapade romantique dans l&#8217;une des villes les plus romantiques du monde. Notre forfait s\u00e9jour romantique permet aux couples amoureux de r\u00e9aliser ce r\u00eave. Le forfait comprend: deux nuits en chambre double standard avec possibilit\u00e9 de surclassement gratuit Deluxe ou Superior, une bouteille de champagne dans la chambre \u00e0 l&#8217;arriv\u00e9e, petit d\u00e9jeuner au lit et le d\u00eener aux chandelles dans le restaurant &#8220;Osteria dei Cappellari&#8221;, dans le cadre, unique et merveilleux, du le Campo de &#8216;Fiori (le menu comprend ap\u00e9ritif, entr\u00e9e, plat principal et dessert, boissons non comprises). Le co\u00fbt total est de 350 euros.\u00a0<\/div>\n<div>\u00a0<\/div>\n<div><strong>GIFT BOX<\/strong><\/div>\n<div>Rome est le cadeau parfait pour les gens que vous aimez! Contactez l&#8217;h\u00f4tel et nous allons cr\u00e9er le bon paquet pour vous<\/div>\n","protected":false},"excerpt":{"rendered":"<p>De nombreuses offres pour passer un s\u00e9jour inoubliable dans l&#8217;\u00e9l\u00e9gant Imperium Suite Navona, dans le centre de Rome<\/p>\n","protected":false},"author":3,"featured_media":887,"parent":0,"menu_order":0,"comment_status":"closed","ping_status":"closed","template":"templates\/tpl-offers.php","meta":{"footnotes":""},"class_list":["post-207","page","type-page","status-publish","has-post-thumbnail","hentry"],"yoast_head":"<!-- This site is optimized with the Yoast SEO plugin v27.2 - https:\/\/yoast.com\/product\/yoast-seo-wordpress\/ -->\n<title>Offres speciales - Imperium Suite Navona<\/title>\n<meta name=\"robots\" content=\"index, follow, max-snippet:-1, max-image-preview:large, max-video-preview:-1\" \/>\n<link rel=\"canonical\" href=\"https:\/\/www.imperiumsuite.it\/?page_id=17\" \/>\n<meta property=\"og:locale\" content=\"fr_FR\" \/>\n<meta property=\"og:type\" content=\"article\" \/>\n<meta property=\"og:title\" content=\"Offres speciales - Imperium Suite Navona\" \/>\n<meta property=\"og:description\" content=\"De nombreuses offres pour passer un s\u00e9jour inoubliable dans l&#039;\u00e9l\u00e9gant Imperium Suite Navona, dans le centre de Rome\" \/>\n<meta property=\"og:url\" content=\"https:\/\/www.imperiumsuite.it\/?page_id=17\" \/>\n<meta property=\"og:site_name\" content=\"Imperium Suite Navona\" \/>\n<meta property=\"article:modified_time\" content=\"2017-02-21T09:11:43+00:00\" \/>\n<meta property=\"og:image\" content=\"https:\/\/www.imperiumsuite.it\/wp-content\/uploads\/2016\/12\/DSC_9281.jpg\" \/>\n\t<meta property=\"og:image:width\" content=\"3840\" \/>\n\t<meta property=\"og:image:height\" content=\"2550\" \/>\n\t<meta property=\"og:image:type\" content=\"image\/jpeg\" \/>\n<meta name=\"twitter:card\" content=\"summary_large_image\" \/>\n<meta name=\"twitter:label1\" content=\"Est. reading time\" \/>\n\t<meta name=\"twitter:data1\" content=\"1 minute\" \/>\n<script type=\"application\/ld+json\" class=\"yoast-schema-graph\">{\"@context\":\"https:\/\/schema.org\",\"@graph\":[{\"@type\":\"WebPage\",\"@id\":\"https:\/\/www.imperiumsuite.it\/?page_id=17\",\"url\":\"https:\/\/www.imperiumsuite.it\/?page_id=17\",\"name\":\"Offres speciales - Imperium Suite Navona\",\"isPartOf\":{\"@id\":\"https:\/\/www.imperiumsuite.it\/#website\"},\"primaryImageOfPage\":{\"@id\":\"https:\/\/www.imperiumsuite.it\/?page_id=17#primaryimage\"},\"image\":{\"@id\":\"https:\/\/www.imperiumsuite.it\/?page_id=17#primaryimage\"},\"thumbnailUrl\":\"https:\/\/www.imperiumsuite.it\/wp-content\/uploads\/2016\/12\/DSC_9281.jpg\",\"datePublished\":\"2017-01-25T10:37:19+00:00\",\"dateModified\":\"2017-02-21T09:11:43+00:00\",\"breadcrumb\":{\"@id\":\"https:\/\/www.imperiumsuite.it\/?page_id=17#breadcrumb\"},\"inLanguage\":\"fr-FR\",\"potentialAction\":[{\"@type\":\"ReadAction\",\"target\":[\"https:\/\/www.imperiumsuite.it\/?page_id=17\"]}]},{\"@type\":\"ImageObject\",\"inLanguage\":\"fr-FR\",\"@id\":\"https:\/\/www.imperiumsuite.it\/?page_id=17#primaryimage\",\"url\":\"https:\/\/www.imperiumsuite.it\/wp-content\/uploads\/2016\/12\/DSC_9281.jpg\",\"contentUrl\":\"https:\/\/www.imperiumsuite.it\/wp-content\/uploads\/2016\/12\/DSC_9281.jpg\",\"width\":3840,\"height\":2550},{\"@type\":\"BreadcrumbList\",\"@id\":\"https:\/\/www.imperiumsuite.it\/?page_id=17#breadcrumb\",\"itemListElement\":[{\"@type\":\"ListItem\",\"position\":1,\"name\":\"Home\",\"item\":\"https:\/\/www.imperiumsuite.it\/fr\/\"},{\"@type\":\"ListItem\",\"position\":2,\"name\":\"Offres speciales\"}]},{\"@type\":\"WebSite\",\"@id\":\"https:\/\/www.imperiumsuite.it\/#website\",\"url\":\"https:\/\/www.imperiumsuite.it\/\",\"name\":\"Imperium Suite Navona\",\"description\":\"Elegant townhouse in the Rome centre\",\"potentialAction\":[{\"@type\":\"SearchAction\",\"target\":{\"@type\":\"EntryPoint\",\"urlTemplate\":\"https:\/\/www.imperiumsuite.it\/?s={search_term_string}\"},\"query-input\":{\"@type\":\"PropertyValueSpecification\",\"valueRequired\":true,\"valueName\":\"search_term_string\"}}],\"inLanguage\":\"fr-FR\"}]}<\/script>\n<!-- \/ Yoast SEO plugin. -->","yoast_head_json":{"title":"Offres speciales - Imperium Suite Navona","robots":{"index":"index","follow":"follow","max-snippet":"max-snippet:-1","max-image-preview":"max-image-preview:large","max-video-preview":"max-video-preview:-1"},"canonical":"https:\/\/www.imperiumsuite.it\/?page_id=17","og_locale":"fr_FR","og_type":"article","og_title":"Offres speciales - Imperium Suite Navona","og_description":"De nombreuses offres pour passer un s\u00e9jour inoubliable dans l'\u00e9l\u00e9gant Imperium Suite Navona, dans le centre de Rome","og_url":"https:\/\/www.imperiumsuite.it\/?page_id=17","og_site_name":"Imperium Suite Navona","article_modified_time":"2017-02-21T09:11:43+00:00","og_image":[{"width":3840,"height":2550,"url":"https:\/\/www.imperiumsuite.it\/wp-content\/uploads\/2016\/12\/DSC_9281.jpg","type":"image\/jpeg"}],"twitter_card":"summary_large_image","twitter_misc":{"Est. reading time":"1 minute"},"schema":{"@context":"https:\/\/schema.org","@graph":[{"@type":"WebPage","@id":"https:\/\/www.imperiumsuite.it\/?page_id=17","url":"https:\/\/www.imperiumsuite.it\/?page_id=17","name":"Offres speciales - Imperium Suite Navona","isPartOf":{"@id":"https:\/\/www.imperiumsuite.it\/#website"},"primaryImageOfPage":{"@id":"https:\/\/www.imperiumsuite.it\/?page_id=17#primaryimage"},"image":{"@id":"https:\/\/www.imperiumsuite.it\/?page_id=17#primaryimage"},"thumbnailUrl":"https:\/\/www.imperiumsuite.it\/wp-content\/uploads\/2016\/12\/DSC_9281.jpg","datePublished":"2017-01-25T10:37:19+00:00","dateModified":"2017-02-21T09:11:43+00:00","breadcrumb":{"@id":"https:\/\/www.imperiumsuite.it\/?page_id=17#breadcrumb"},"inLanguage":"fr-FR","potentialAction":[{"@type":"ReadAction","target":["https:\/\/www.imperiumsuite.it\/?page_id=17"]}]},{"@type":"ImageObject","inLanguage":"fr-FR","@id":"https:\/\/www.imperiumsuite.it\/?page_id=17#primaryimage","url":"https:\/\/www.imperiumsuite.it\/wp-content\/uploads\/2016\/12\/DSC_9281.jpg","contentUrl":"https:\/\/www.imperiumsuite.it\/wp-content\/uploads\/2016\/12\/DSC_9281.jpg","width":3840,"height":2550},{"@type":"BreadcrumbList","@id":"https:\/\/www.imperiumsuite.it\/?page_id=17#breadcrumb","itemListElement":[{"@type":"ListItem","position":1,"name":"Home","item":"https:\/\/www.imperiumsuite.it\/fr\/"},{"@type":"ListItem","position":2,"name":"Offres speciales"}]},{"@type":"WebSite","@id":"https:\/\/www.imperiumsuite.it\/#website","url":"https:\/\/www.imperiumsuite.it\/","name":"Imperium Suite Navona","description":"Elegant townhouse in the Rome centre","potentialAction":[{"@type":"SearchAction","target":{"@type":"EntryPoint","urlTemplate":"https:\/\/www.imperiumsuite.it\/?s={search_term_string}"},"query-input":{"@type":"PropertyValueSpecification","valueRequired":true,"valueName":"search_term_string"}}],"inLanguage":"fr-FR"}]}},"_links":{"self":[{"href":"https:\/\/www.imperiumsuite.it\/fr\/wp-json\/wp\/v2\/pages\/207","targetHints":{"allow":["GET"]}}],"collection":[{"href":"https:\/\/www.imperiumsuite.it\/fr\/wp-json\/wp\/v2\/pages"}],"about":[{"href":"https:\/\/www.imperiumsuite.it\/fr\/wp-json\/wp\/v2\/types\/page"}],"author":[{"embeddable":true,"href":"https:\/\/www.imperiumsuite.it\/fr\/wp-json\/wp\/v2\/users\/3"}],"replies":[{"embeddable":true,"href":"https:\/\/www.imperiumsuite.it\/fr\/wp-json\/wp\/v2\/comments?post=207"}],"version-history":[{"count":0,"href":"https:\/\/www.imperiumsuite.it\/fr\/wp-json\/wp\/v2\/pages\/207\/revisions"}],"wp:featuredmedia":[{"embeddable":true,"href":"https:\/\/www.imperiumsuite.it\/fr\/wp-json\/wp\/v2\/media\/887"}],"wp:attachment":[{"href":"https:\/\/www.imperiumsuite.it\/fr\/wp-json\/wp\/v2\/media?parent=207"}],"curies":[{"name":"wp","href":"https:\/\/api.w.org\/{rel}","templated":true}]}}