{"id":231,"date":"2016-12-05T23:10:40","date_gmt":"2016-12-05T22:10:40","guid":{"rendered":"http:\/\/www.imperiumsuite.it\/nei-dintorni\/"},"modified":"2017-02-08T22:58:55","modified_gmt":"2017-02-08T21:58:55","slug":"nei-dintorni","status":"publish","type":"page","link":"https:\/\/www.imperiumsuite.it\/fr\/nei-dintorni\/","title":{"rendered":"Environs"},"content":{"rendered":"<p>Rome est l&#8217;une des plus belles villes du monde. A un centre artistique, culturel, historique et monumental et son historique immense a 25.000 points d&#8217;int\u00e9r\u00eat arch\u00e9ologique. Autour du centre de Rome est reconnu, depuis 1980, un site du patrimoine mondial par l&#8217;Unesco.<\/p>\n<p>&nbsp;<\/p>\n<p>M\u00eame ceux qui vivent \u00e0 Rome dit qu&#8217;il est impossible de tout savoir: les Romains en fait dire qu&#8217;une vie ne suffit pas de visiter toute la ville. Chaque rue, chaque coin, chaque partie de la zone situ\u00e9e entre les murs est en effet unique, pr\u00e9cieux, avec une histoire \u00e0 raconter. Imperium Suite Navona est donc le meilleur choix pour ceux qui veulent en savoir autant que possible \u00e0 Rome et dont il va profiter au mieux de son atmosph\u00e8re: dans le centre historique est tr\u00e8s proche des principaux monuments et la caract\u00e9ristique la plus importante et la plus de la Ville Eternelle.<\/p>\n","protected":false},"excerpt":{"rendered":"<p>Rome est l&#8217;une des plus belles villes du monde. Imperium Suite Navona est proche Piazza Navona, Campo de&#8217; Fiori, PIazza di Spagna, Fontana di Trevi.<\/p>\n","protected":false},"author":2,"featured_media":0,"parent":0,"menu_order":0,"comment_status":"closed","ping_status":"closed","template":"templates\/tpl-around.php","meta":{"footnotes":""},"class_list":["post-231","page","type-page","status-publish","hentry"],"yoast_head":"<!-- This site is optimized with the Yoast SEO plugin v27.2 - https:\/\/yoast.com\/product\/yoast-seo-wordpress\/ -->\n<title>Environs - Imperium Suite Navona<\/title>\n<meta name=\"robots\" content=\"index, follow, max-snippet:-1, max-image-preview:large, max-video-preview:-1\" \/>\n<link rel=\"canonical\" href=\"https:\/\/www.imperiumsuite.it\/nei-dintorni\/\" \/>\n<meta property=\"og:locale\" content=\"fr_FR\" \/>\n<meta property=\"og:type\" content=\"article\" \/>\n<meta property=\"og:title\" content=\"Environs - Imperium Suite Navona\" \/>\n<meta property=\"og:description\" content=\"Rome est l&#039;une des plus belles villes du monde. Imperium Suite Navona est proche Piazza Navona, Campo de&#039; Fiori, PIazza di Spagna, Fontana di Trevi.\" \/>\n<meta property=\"og:url\" content=\"https:\/\/www.imperiumsuite.it\/nei-dintorni\/\" \/>\n<meta property=\"og:site_name\" content=\"Imperium Suite Navona\" \/>\n<meta property=\"article:modified_time\" content=\"2017-02-08T21:58:55+00:00\" \/>\n<meta name=\"twitter:card\" content=\"summary_large_image\" \/>\n<meta name=\"twitter:label1\" content=\"Est. reading time\" \/>\n\t<meta name=\"twitter:data1\" content=\"1 minute\" \/>\n<script type=\"application\/ld+json\" class=\"yoast-schema-graph\">{\"@context\":\"https:\/\/schema.org\",\"@graph\":[{\"@type\":\"WebPage\",\"@id\":\"https:\/\/www.imperiumsuite.it\/nei-dintorni\/\",\"url\":\"https:\/\/www.imperiumsuite.it\/nei-dintorni\/\",\"name\":\"Environs - Imperium Suite Navona\",\"isPartOf\":{\"@id\":\"https:\/\/www.imperiumsuite.it\/#website\"},\"datePublished\":\"2016-12-05T22:10:40+00:00\",\"dateModified\":\"2017-02-08T21:58:55+00:00\",\"breadcrumb\":{\"@id\":\"https:\/\/www.imperiumsuite.it\/nei-dintorni\/#breadcrumb\"},\"inLanguage\":\"fr-FR\",\"potentialAction\":[{\"@type\":\"ReadAction\",\"target\":[\"https:\/\/www.imperiumsuite.it\/nei-dintorni\/\"]}]},{\"@type\":\"BreadcrumbList\",\"@id\":\"https:\/\/www.imperiumsuite.it\/nei-dintorni\/#breadcrumb\",\"itemListElement\":[{\"@type\":\"ListItem\",\"position\":1,\"name\":\"Home\",\"item\":\"https:\/\/www.imperiumsuite.it\/fr\/\"},{\"@type\":\"ListItem\",\"position\":2,\"name\":\"Environs\"}]},{\"@type\":\"WebSite\",\"@id\":\"https:\/\/www.imperiumsuite.it\/#website\",\"url\":\"https:\/\/www.imperiumsuite.it\/\",\"name\":\"Imperium Suite Navona\",\"description\":\"Elegant townhouse in the Rome centre\",\"potentialAction\":[{\"@type\":\"SearchAction\",\"target\":{\"@type\":\"EntryPoint\",\"urlTemplate\":\"https:\/\/www.imperiumsuite.it\/?s={search_term_string}\"},\"query-input\":{\"@type\":\"PropertyValueSpecification\",\"valueRequired\":true,\"valueName\":\"search_term_string\"}}],\"inLanguage\":\"fr-FR\"}]}<\/script>\n<!-- \/ Yoast SEO plugin. -->","yoast_head_json":{"title":"Environs - Imperium Suite Navona","robots":{"index":"index","follow":"follow","max-snippet":"max-snippet:-1","max-image-preview":"max-image-preview:large","max-video-preview":"max-video-preview:-1"},"canonical":"https:\/\/www.imperiumsuite.it\/nei-dintorni\/","og_locale":"fr_FR","og_type":"article","og_title":"Environs - Imperium Suite Navona","og_description":"Rome est l'une des plus belles villes du monde. Imperium Suite Navona est proche Piazza Navona, Campo de' Fiori, PIazza di Spagna, Fontana di Trevi.","og_url":"https:\/\/www.imperiumsuite.it\/nei-dintorni\/","og_site_name":"Imperium Suite Navona","article_modified_time":"2017-02-08T21:58:55+00:00","twitter_card":"summary_large_image","twitter_misc":{"Est. reading time":"1 minute"},"schema":{"@context":"https:\/\/schema.org","@graph":[{"@type":"WebPage","@id":"https:\/\/www.imperiumsuite.it\/nei-dintorni\/","url":"https:\/\/www.imperiumsuite.it\/nei-dintorni\/","name":"Environs - Imperium Suite Navona","isPartOf":{"@id":"https:\/\/www.imperiumsuite.it\/#website"},"datePublished":"2016-12-05T22:10:40+00:00","dateModified":"2017-02-08T21:58:55+00:00","breadcrumb":{"@id":"https:\/\/www.imperiumsuite.it\/nei-dintorni\/#breadcrumb"},"inLanguage":"fr-FR","potentialAction":[{"@type":"ReadAction","target":["https:\/\/www.imperiumsuite.it\/nei-dintorni\/"]}]},{"@type":"BreadcrumbList","@id":"https:\/\/www.imperiumsuite.it\/nei-dintorni\/#breadcrumb","itemListElement":[{"@type":"ListItem","position":1,"name":"Home","item":"https:\/\/www.imperiumsuite.it\/fr\/"},{"@type":"ListItem","position":2,"name":"Environs"}]},{"@type":"WebSite","@id":"https:\/\/www.imperiumsuite.it\/#website","url":"https:\/\/www.imperiumsuite.it\/","name":"Imperium Suite Navona","description":"Elegant townhouse in the Rome centre","potentialAction":[{"@type":"SearchAction","target":{"@type":"EntryPoint","urlTemplate":"https:\/\/www.imperiumsuite.it\/?s={search_term_string}"},"query-input":{"@type":"PropertyValueSpecification","valueRequired":true,"valueName":"search_term_string"}}],"inLanguage":"fr-FR"}]}},"_links":{"self":[{"href":"https:\/\/www.imperiumsuite.it\/fr\/wp-json\/wp\/v2\/pages\/231","targetHints":{"allow":["GET"]}}],"collection":[{"href":"https:\/\/www.imperiumsuite.it\/fr\/wp-json\/wp\/v2\/pages"}],"about":[{"href":"https:\/\/www.imperiumsuite.it\/fr\/wp-json\/wp\/v2\/types\/page"}],"author":[{"embeddable":true,"href":"https:\/\/www.imperiumsuite.it\/fr\/wp-json\/wp\/v2\/users\/2"}],"replies":[{"embeddable":true,"href":"https:\/\/www.imperiumsuite.it\/fr\/wp-json\/wp\/v2\/comments?post=231"}],"version-history":[{"count":0,"href":"https:\/\/www.imperiumsuite.it\/fr\/wp-json\/wp\/v2\/pages\/231\/revisions"}],"wp:attachment":[{"href":"https:\/\/www.imperiumsuite.it\/fr\/wp-json\/wp\/v2\/media?parent=231"}],"curies":[{"name":"wp","href":"https:\/\/api.w.org\/{rel}","templated":true}]}}