{"id":273,"date":"2017-02-02T12:27:50","date_gmt":"2017-02-02T11:27:50","guid":{"rendered":"http:\/\/www.imperiumsuite.it\/?page_id=273\/"},"modified":"2022-05-03T14:16:19","modified_gmt":"2022-05-03T12:16:19","slug":"transfer","status":"publish","type":"page","link":"https:\/\/www.imperiumsuite.it\/fr\/186-2\/transfer\/","title":{"rendered":"Transfer"},"content":{"rendered":"<p>Nous pouvons organiser le service de voiture priv\u00e9 de l&#8217;a\u00e9roport \u00e0 l&#8217;h\u00f4tel avec un dirver personnel qui vous attendra au terminal avec un signe avec votre nom pour \u20ac 55,00 pour 2 personnes (\u20ac 5,00 par personne suppl\u00e9mentaire).<\/p>\n<p>Contactez-nous ou utilisez le format pour r\u00e9server votre ramassage!<\/p>\n","protected":false},"excerpt":{"rendered":"<p>Service de voiture priv\u00e9 \u00e0 et de l&#8217;a\u00e9roport! R\u00e9servez directement avec nous!<\/p>\n","protected":false},"author":3,"featured_media":122,"parent":186,"menu_order":0,"comment_status":"closed","ping_status":"closed","template":"templates\/tpl-airport-transfer-service.php","meta":{"footnotes":""},"class_list":["post-273","page","type-page","status-publish","has-post-thumbnail","hentry"],"yoast_head":"<!-- This site is optimized with the Yoast SEO plugin v27.4 - https:\/\/yoast.com\/product\/yoast-seo-wordpress\/ -->\n<title>Transfer - Imperium Suite Navona<\/title>\n<meta name=\"robots\" content=\"index, follow, max-snippet:-1, max-image-preview:large, max-video-preview:-1\" \/>\n<link rel=\"canonical\" href=\"https:\/\/www.imperiumsuite.it\/?page_id=218\" \/>\n<meta property=\"og:locale\" content=\"fr_FR\" \/>\n<meta property=\"og:type\" content=\"article\" \/>\n<meta property=\"og:title\" content=\"Transfer - Imperium Suite Navona\" \/>\n<meta property=\"og:description\" content=\"Service de voiture priv\u00e9 \u00e0 et de l&#039;a\u00e9roport! R\u00e9servez directement avec nous!\" \/>\n<meta property=\"og:url\" content=\"https:\/\/www.imperiumsuite.it\/?page_id=218\" \/>\n<meta property=\"og:site_name\" content=\"Imperium Suite Navona\" \/>\n<meta property=\"article:modified_time\" content=\"2022-05-03T12:16:19+00:00\" \/>\n<meta property=\"og:image\" content=\"https:\/\/www.imperiumsuite.it\/wp-content\/uploads\/2016\/12\/IMG_0327_light.jpg\" \/>\n\t<meta property=\"og:image:width\" content=\"1920\" \/>\n\t<meta property=\"og:image:height\" content=\"1280\" \/>\n\t<meta property=\"og:image:type\" content=\"image\/jpeg\" \/>\n<meta name=\"twitter:card\" content=\"summary_large_image\" \/>\n<script type=\"application\/ld+json\" class=\"yoast-schema-graph\">{\"@context\":\"https:\\\/\\\/schema.org\",\"@graph\":[{\"@type\":\"WebPage\",\"@id\":\"https:\\\/\\\/www.imperiumsuite.it\\\/?page_id=218\",\"url\":\"https:\\\/\\\/www.imperiumsuite.it\\\/?page_id=218\",\"name\":\"Transfer - Imperium Suite Navona\",\"isPartOf\":{\"@id\":\"https:\\\/\\\/www.imperiumsuite.it\\\/#website\"},\"primaryImageOfPage\":{\"@id\":\"https:\\\/\\\/www.imperiumsuite.it\\\/?page_id=218#primaryimage\"},\"image\":{\"@id\":\"https:\\\/\\\/www.imperiumsuite.it\\\/?page_id=218#primaryimage\"},\"thumbnailUrl\":\"https:\\\/\\\/www.imperiumsuite.it\\\/wp-content\\\/uploads\\\/2016\\\/12\\\/IMG_0327_light.jpg\",\"datePublished\":\"2017-02-02T11:27:50+00:00\",\"dateModified\":\"2022-05-03T12:16:19+00:00\",\"breadcrumb\":{\"@id\":\"https:\\\/\\\/www.imperiumsuite.it\\\/?page_id=218#breadcrumb\"},\"inLanguage\":\"fr-FR\",\"potentialAction\":[{\"@type\":\"ReadAction\",\"target\":[\"https:\\\/\\\/www.imperiumsuite.it\\\/?page_id=218\"]}]},{\"@type\":\"ImageObject\",\"inLanguage\":\"fr-FR\",\"@id\":\"https:\\\/\\\/www.imperiumsuite.it\\\/?page_id=218#primaryimage\",\"url\":\"https:\\\/\\\/www.imperiumsuite.it\\\/wp-content\\\/uploads\\\/2016\\\/12\\\/IMG_0327_light.jpg\",\"contentUrl\":\"https:\\\/\\\/www.imperiumsuite.it\\\/wp-content\\\/uploads\\\/2016\\\/12\\\/IMG_0327_light.jpg\",\"width\":1920,\"height\":1280},{\"@type\":\"BreadcrumbList\",\"@id\":\"https:\\\/\\\/www.imperiumsuite.it\\\/?page_id=218#breadcrumb\",\"itemListElement\":[{\"@type\":\"ListItem\",\"position\":1,\"name\":\"Home\",\"item\":\"https:\\\/\\\/www.imperiumsuite.it\\\/fr\\\/\"},{\"@type\":\"ListItem\",\"position\":2,\"name\":\"Services\",\"item\":\"https:\\\/\\\/www.imperiumsuite.it\\\/servizi\\\/\"},{\"@type\":\"ListItem\",\"position\":3,\"name\":\"Transfer\"}]},{\"@type\":\"WebSite\",\"@id\":\"https:\\\/\\\/www.imperiumsuite.it\\\/#website\",\"url\":\"https:\\\/\\\/www.imperiumsuite.it\\\/\",\"name\":\"Imperium Suite Navona\",\"description\":\"Elegant townhouse in the Rome centre\",\"potentialAction\":[{\"@type\":\"SearchAction\",\"target\":{\"@type\":\"EntryPoint\",\"urlTemplate\":\"https:\\\/\\\/www.imperiumsuite.it\\\/?s={search_term_string}\"},\"query-input\":{\"@type\":\"PropertyValueSpecification\",\"valueRequired\":true,\"valueName\":\"search_term_string\"}}],\"inLanguage\":\"fr-FR\"}]}<\/script>\n<!-- \/ Yoast SEO plugin. -->","yoast_head_json":{"title":"Transfer - Imperium Suite Navona","robots":{"index":"index","follow":"follow","max-snippet":"max-snippet:-1","max-image-preview":"max-image-preview:large","max-video-preview":"max-video-preview:-1"},"canonical":"https:\/\/www.imperiumsuite.it\/?page_id=218","og_locale":"fr_FR","og_type":"article","og_title":"Transfer - Imperium Suite Navona","og_description":"Service de voiture priv\u00e9 \u00e0 et de l'a\u00e9roport! R\u00e9servez directement avec nous!","og_url":"https:\/\/www.imperiumsuite.it\/?page_id=218","og_site_name":"Imperium Suite Navona","article_modified_time":"2022-05-03T12:16:19+00:00","og_image":[{"width":1920,"height":1280,"url":"https:\/\/www.imperiumsuite.it\/wp-content\/uploads\/2016\/12\/IMG_0327_light.jpg","type":"image\/jpeg"}],"twitter_card":"summary_large_image","schema":{"@context":"https:\/\/schema.org","@graph":[{"@type":"WebPage","@id":"https:\/\/www.imperiumsuite.it\/?page_id=218","url":"https:\/\/www.imperiumsuite.it\/?page_id=218","name":"Transfer - Imperium Suite Navona","isPartOf":{"@id":"https:\/\/www.imperiumsuite.it\/#website"},"primaryImageOfPage":{"@id":"https:\/\/www.imperiumsuite.it\/?page_id=218#primaryimage"},"image":{"@id":"https:\/\/www.imperiumsuite.it\/?page_id=218#primaryimage"},"thumbnailUrl":"https:\/\/www.imperiumsuite.it\/wp-content\/uploads\/2016\/12\/IMG_0327_light.jpg","datePublished":"2017-02-02T11:27:50+00:00","dateModified":"2022-05-03T12:16:19+00:00","breadcrumb":{"@id":"https:\/\/www.imperiumsuite.it\/?page_id=218#breadcrumb"},"inLanguage":"fr-FR","potentialAction":[{"@type":"ReadAction","target":["https:\/\/www.imperiumsuite.it\/?page_id=218"]}]},{"@type":"ImageObject","inLanguage":"fr-FR","@id":"https:\/\/www.imperiumsuite.it\/?page_id=218#primaryimage","url":"https:\/\/www.imperiumsuite.it\/wp-content\/uploads\/2016\/12\/IMG_0327_light.jpg","contentUrl":"https:\/\/www.imperiumsuite.it\/wp-content\/uploads\/2016\/12\/IMG_0327_light.jpg","width":1920,"height":1280},{"@type":"BreadcrumbList","@id":"https:\/\/www.imperiumsuite.it\/?page_id=218#breadcrumb","itemListElement":[{"@type":"ListItem","position":1,"name":"Home","item":"https:\/\/www.imperiumsuite.it\/fr\/"},{"@type":"ListItem","position":2,"name":"Services","item":"https:\/\/www.imperiumsuite.it\/servizi\/"},{"@type":"ListItem","position":3,"name":"Transfer"}]},{"@type":"WebSite","@id":"https:\/\/www.imperiumsuite.it\/#website","url":"https:\/\/www.imperiumsuite.it\/","name":"Imperium Suite Navona","description":"Elegant townhouse in the Rome centre","potentialAction":[{"@type":"SearchAction","target":{"@type":"EntryPoint","urlTemplate":"https:\/\/www.imperiumsuite.it\/?s={search_term_string}"},"query-input":{"@type":"PropertyValueSpecification","valueRequired":true,"valueName":"search_term_string"}}],"inLanguage":"fr-FR"}]}},"_links":{"self":[{"href":"https:\/\/www.imperiumsuite.it\/fr\/wp-json\/wp\/v2\/pages\/273","targetHints":{"allow":["GET"]}}],"collection":[{"href":"https:\/\/www.imperiumsuite.it\/fr\/wp-json\/wp\/v2\/pages"}],"about":[{"href":"https:\/\/www.imperiumsuite.it\/fr\/wp-json\/wp\/v2\/types\/page"}],"author":[{"embeddable":true,"href":"https:\/\/www.imperiumsuite.it\/fr\/wp-json\/wp\/v2\/users\/3"}],"replies":[{"embeddable":true,"href":"https:\/\/www.imperiumsuite.it\/fr\/wp-json\/wp\/v2\/comments?post=273"}],"version-history":[{"count":0,"href":"https:\/\/www.imperiumsuite.it\/fr\/wp-json\/wp\/v2\/pages\/273\/revisions"}],"up":[{"embeddable":true,"href":"https:\/\/www.imperiumsuite.it\/fr\/wp-json\/wp\/v2\/pages\/186"}],"wp:featuredmedia":[{"embeddable":true,"href":"https:\/\/www.imperiumsuite.it\/fr\/wp-json\/wp\/v2\/media\/122"}],"wp:attachment":[{"href":"https:\/\/www.imperiumsuite.it\/fr\/wp-json\/wp\/v2\/media?parent=273"}],"curies":[{"name":"wp","href":"https:\/\/api.w.org\/{rel}","templated":true}]}}